{"id":983,"date":"2024-08-18T12:44:03","date_gmt":"2024-08-18T09:44:03","guid":{"rendered":"https:\/\/deliciousraw.ro\/?post_type=product&#038;p=983"},"modified":"2025-08-16T15:11:42","modified_gmt":"2025-08-16T12:11:42","slug":"trufe-cu-capsuni","status":"publish","type":"product","link":"https:\/\/deliciousraw.ro\/en\/product\/trufe-cu-capsuni\/","title":{"rendered":"TRUFE DE CIOCOLATA CU CAPSUNI 200 gr"},"content":{"rendered":"<div><strong>INGREDIENTE:<\/strong> c\u0103p\u0219uni, lapte de cocos, unt de cacao, ulei de cocos, agave, unt de caju, l\u0103m\u00e2ie, zmeur\u0103 liofilizat\u0103<\/div>\n<div><\/div>\n<div><em><strong>ALERGENI: CAJU<\/strong><\/em><\/div>","protected":false},"excerpt":{"rendered":"<p>Trufele cu c\u0103p\u0219uni sunt un desert raw vegan delicios, care \u00eembin\u0103 dulcea\u021ba natural\u0103 a c\u0103p\u0219unilor cu cremozitatea untului de caju \u0219i cocos. Aceste trufe au o textur\u0103 fin\u0103 \u0219i sunt perfect echilibrate de aromele proaspete \u0219i fructate, fiind un r\u0103sf\u0103\u021b s\u0103n\u0103tos \u0219i plin de savoare.<\/p>\n<p>TERMEN DE LIVRARE: 48 ore LUCRATOARE de la plasarea comenzii.<\/p>","protected":false},"featured_media":1262,"comment_status":"open","ping_status":"closed","template":"","meta":[],"product_cat":[223],"product_tag":[],"woo-feed-brand":[],"yoast_head":"<!-- This site is optimized with the Yoast SEO plugin v22.5 - https:\/\/yoast.com\/wordpress\/plugins\/seo\/ -->\n<title>TRUFE DE CIOCOLATA CU CAPSUNI 200 gr - DeliciousRaw<\/title>\n<meta name=\"robots\" content=\"index, follow, max-snippet:-1, max-image-preview:large, max-video-preview:-1\" \/>\n<link rel=\"canonical\" href=\"https:\/\/deliciousraw.ro\/en\/product\/trufe-cu-capsuni\/\" \/>\n<meta property=\"og:locale\" content=\"en_US\" \/>\n<meta property=\"og:type\" content=\"article\" \/>\n<meta property=\"og:title\" content=\"TRUFE DE CIOCOLATA CU CAPSUNI 200 gr - DeliciousRaw\" \/>\n<meta property=\"og:description\" content=\"Trufele cu c\u0103p\u0219uni sunt un desert raw vegan delicios, care \u00eembin\u0103 dulcea\u021ba natural\u0103 a c\u0103p\u0219unilor cu cremozitatea untului de caju \u0219i cocos. Aceste trufe au o textur\u0103 fin\u0103 \u0219i sunt perfect echilibrate de aromele proaspete \u0219i fructate, fiind un r\u0103sf\u0103\u021b s\u0103n\u0103tos \u0219i plin de savoare.  TERMEN DE LIVRARE: 48 ore LUCRATOARE de la plasarea comenzii.\" \/>\n<meta property=\"og:url\" content=\"https:\/\/deliciousraw.ro\/en\/product\/trufe-cu-capsuni\/\" \/>\n<meta property=\"og:site_name\" content=\"DeliciousRaw\" \/>\n<meta property=\"article:modified_time\" content=\"2025-08-16T12:11:42+00:00\" \/>\n<meta property=\"og:image\" content=\"https:\/\/deliciousraw.ro\/wp-content\/uploads\/2024\/08\/CUTIE-TRUFE-CAPSUNI-2-1.jpeg\" \/>\n\t<meta property=\"og:image:width\" content=\"1334\" \/>\n\t<meta property=\"og:image:height\" content=\"1600\" \/>\n\t<meta property=\"og:image:type\" content=\"image\/jpeg\" \/>\n<meta name=\"twitter:card\" content=\"summary_large_image\" \/>\n<meta name=\"twitter:label1\" content=\"Est. reading time\" \/>\n\t<meta name=\"twitter:data1\" content=\"1 minute\" \/>\n<script type=\"application\/ld+json\" class=\"yoast-schema-graph\">{\"@context\":\"https:\/\/schema.org\",\"@graph\":[{\"@type\":\"WebPage\",\"@id\":\"https:\/\/deliciousraw.ro\/product\/trufe-cu-capsuni\/\",\"url\":\"https:\/\/deliciousraw.ro\/product\/trufe-cu-capsuni\/\",\"name\":\"TRUFE DE CIOCOLATA CU CAPSUNI 200 gr - DeliciousRaw\",\"isPartOf\":{\"@id\":\"https:\/\/deliciousraw.ro\/#website\"},\"primaryImageOfPage\":{\"@id\":\"https:\/\/deliciousraw.ro\/product\/trufe-cu-capsuni\/#primaryimage\"},\"image\":{\"@id\":\"https:\/\/deliciousraw.ro\/product\/trufe-cu-capsuni\/#primaryimage\"},\"thumbnailUrl\":\"https:\/\/deliciousraw.ro\/wp-content\/uploads\/2024\/08\/CUTIE-TRUFE-CAPSUNI-2-1.jpeg\",\"datePublished\":\"2024-08-18T09:44:03+00:00\",\"dateModified\":\"2025-08-16T12:11:42+00:00\",\"breadcrumb\":{\"@id\":\"https:\/\/deliciousraw.ro\/product\/trufe-cu-capsuni\/#breadcrumb\"},\"inLanguage\":\"en-US\",\"potentialAction\":[{\"@type\":\"ReadAction\",\"target\":[\"https:\/\/deliciousraw.ro\/product\/trufe-cu-capsuni\/\"]}]},{\"@type\":\"ImageObject\",\"inLanguage\":\"en-US\",\"@id\":\"https:\/\/deliciousraw.ro\/product\/trufe-cu-capsuni\/#primaryimage\",\"url\":\"https:\/\/deliciousraw.ro\/wp-content\/uploads\/2024\/08\/CUTIE-TRUFE-CAPSUNI-2-1.jpeg\",\"contentUrl\":\"https:\/\/deliciousraw.ro\/wp-content\/uploads\/2024\/08\/CUTIE-TRUFE-CAPSUNI-2-1.jpeg\",\"width\":1334,\"height\":1600},{\"@type\":\"BreadcrumbList\",\"@id\":\"https:\/\/deliciousraw.ro\/product\/trufe-cu-capsuni\/#breadcrumb\",\"itemListElement\":[{\"@type\":\"ListItem\",\"position\":1,\"name\":\"Prima pagin\u0103\",\"item\":\"https:\/\/deliciousraw.ro\/\"},{\"@type\":\"ListItem\",\"position\":2,\"name\":\"Shop\",\"item\":\"https:\/\/deliciousraw.ro\/shop\/\"},{\"@type\":\"ListItem\",\"position\":3,\"name\":\"TRUFE DE CIOCOLATA CU CAPSUNI 200 gr\"}]},{\"@type\":\"WebSite\",\"@id\":\"https:\/\/deliciousraw.ro\/#website\",\"url\":\"https:\/\/deliciousraw.ro\/\",\"name\":\"DeliciousRaw\",\"description\":\"Dulciuri bune raw de tot!\",\"potentialAction\":[{\"@type\":\"SearchAction\",\"target\":{\"@type\":\"EntryPoint\",\"urlTemplate\":\"https:\/\/deliciousraw.ro\/?s={search_term_string}\"},\"query-input\":\"required name=search_term_string\"}],\"inLanguage\":\"en-US\"}]}<\/script>\n<!-- \/ Yoast SEO plugin. -->","yoast_head_json":{"title":"TRUFE DE CIOCOLATA CU CAPSUNI 200 gr - DeliciousRaw","robots":{"index":"index","follow":"follow","max-snippet":"max-snippet:-1","max-image-preview":"max-image-preview:large","max-video-preview":"max-video-preview:-1"},"canonical":"https:\/\/deliciousraw.ro\/en\/product\/trufe-cu-capsuni\/","og_locale":"en_US","og_type":"article","og_title":"TRUFE DE CIOCOLATA CU CAPSUNI 200 gr - DeliciousRaw","og_description":"Trufele cu c\u0103p\u0219uni sunt un desert raw vegan delicios, care \u00eembin\u0103 dulcea\u021ba natural\u0103 a c\u0103p\u0219unilor cu cremozitatea untului de caju \u0219i cocos. Aceste trufe au o textur\u0103 fin\u0103 \u0219i sunt perfect echilibrate de aromele proaspete \u0219i fructate, fiind un r\u0103sf\u0103\u021b s\u0103n\u0103tos \u0219i plin de savoare.  TERMEN DE LIVRARE: 48 ore LUCRATOARE de la plasarea comenzii.","og_url":"https:\/\/deliciousraw.ro\/en\/product\/trufe-cu-capsuni\/","og_site_name":"DeliciousRaw","article_modified_time":"2025-08-16T12:11:42+00:00","og_image":[{"width":1334,"height":1600,"url":"https:\/\/deliciousraw.ro\/wp-content\/uploads\/2024\/08\/CUTIE-TRUFE-CAPSUNI-2-1.jpeg","type":"image\/jpeg"}],"twitter_card":"summary_large_image","twitter_misc":{"Est. reading time":"1 minute"},"schema":{"@context":"https:\/\/schema.org","@graph":[{"@type":"WebPage","@id":"https:\/\/deliciousraw.ro\/product\/trufe-cu-capsuni\/","url":"https:\/\/deliciousraw.ro\/product\/trufe-cu-capsuni\/","name":"TRUFE DE CIOCOLATA CU CAPSUNI 200 gr - DeliciousRaw","isPartOf":{"@id":"https:\/\/deliciousraw.ro\/#website"},"primaryImageOfPage":{"@id":"https:\/\/deliciousraw.ro\/product\/trufe-cu-capsuni\/#primaryimage"},"image":{"@id":"https:\/\/deliciousraw.ro\/product\/trufe-cu-capsuni\/#primaryimage"},"thumbnailUrl":"https:\/\/deliciousraw.ro\/wp-content\/uploads\/2024\/08\/CUTIE-TRUFE-CAPSUNI-2-1.jpeg","datePublished":"2024-08-18T09:44:03+00:00","dateModified":"2025-08-16T12:11:42+00:00","breadcrumb":{"@id":"https:\/\/deliciousraw.ro\/product\/trufe-cu-capsuni\/#breadcrumb"},"inLanguage":"en-US","potentialAction":[{"@type":"ReadAction","target":["https:\/\/deliciousraw.ro\/product\/trufe-cu-capsuni\/"]}]},{"@type":"ImageObject","inLanguage":"en-US","@id":"https:\/\/deliciousraw.ro\/product\/trufe-cu-capsuni\/#primaryimage","url":"https:\/\/deliciousraw.ro\/wp-content\/uploads\/2024\/08\/CUTIE-TRUFE-CAPSUNI-2-1.jpeg","contentUrl":"https:\/\/deliciousraw.ro\/wp-content\/uploads\/2024\/08\/CUTIE-TRUFE-CAPSUNI-2-1.jpeg","width":1334,"height":1600},{"@type":"BreadcrumbList","@id":"https:\/\/deliciousraw.ro\/product\/trufe-cu-capsuni\/#breadcrumb","itemListElement":[{"@type":"ListItem","position":1,"name":"Prima pagin\u0103","item":"https:\/\/deliciousraw.ro\/"},{"@type":"ListItem","position":2,"name":"Shop","item":"https:\/\/deliciousraw.ro\/shop\/"},{"@type":"ListItem","position":3,"name":"TRUFE DE CIOCOLATA CU CAPSUNI 200 gr"}]},{"@type":"WebSite","@id":"https:\/\/deliciousraw.ro\/#website","url":"https:\/\/deliciousraw.ro\/","name":"DeliciousRaw","description":"Dulciuri bune raw de tot!","potentialAction":[{"@type":"SearchAction","target":{"@type":"EntryPoint","urlTemplate":"https:\/\/deliciousraw.ro\/?s={search_term_string}"},"query-input":"required name=search_term_string"}],"inLanguage":"en-US"}]}},"_links":{"self":[{"href":"https:\/\/deliciousraw.ro\/en\/wp-json\/wp\/v2\/product\/983"}],"collection":[{"href":"https:\/\/deliciousraw.ro\/en\/wp-json\/wp\/v2\/product"}],"about":[{"href":"https:\/\/deliciousraw.ro\/en\/wp-json\/wp\/v2\/types\/product"}],"replies":[{"embeddable":true,"href":"https:\/\/deliciousraw.ro\/en\/wp-json\/wp\/v2\/comments?post=983"}],"wp:featuredmedia":[{"embeddable":true,"href":"https:\/\/deliciousraw.ro\/en\/wp-json\/wp\/v2\/media\/1262"}],"wp:attachment":[{"href":"https:\/\/deliciousraw.ro\/en\/wp-json\/wp\/v2\/media?parent=983"}],"wp:term":[{"taxonomy":"product_cat","embeddable":true,"href":"https:\/\/deliciousraw.ro\/en\/wp-json\/wp\/v2\/product_cat?post=983"},{"taxonomy":"product_tag","embeddable":true,"href":"https:\/\/deliciousraw.ro\/en\/wp-json\/wp\/v2\/product_tag?post=983"},{"taxonomy":"woo-feed-brand","embeddable":true,"href":"https:\/\/deliciousraw.ro\/en\/wp-json\/wp\/v2\/woo-feed-brand?post=983"}],"curies":[{"name":"wp","href":"https:\/\/api.w.org\/{rel}","templated":true}]}}