{"id":707,"date":"2022-07-14T12:17:31","date_gmt":"2022-07-14T09:17:31","guid":{"rendered":"https:\/\/deliciousraw.ro\/?post_type=product&#038;p=707"},"modified":"2025-08-16T15:14:28","modified_gmt":"2025-08-16T12:14:28","slug":"trufe-de-ciocolata-cu-coniac-rom-100gr","status":"publish","type":"product","link":"https:\/\/deliciousraw.ro\/en\/product\/trufe-de-ciocolata-cu-coniac-rom-100gr\/","title":{"rendered":"TRUFE DE CIOCOLATA CU CONIAC &#038; ROM &#8211; 200gr"},"content":{"rendered":"<div><strong>INGREDIENTE:<\/strong> mas\u0103 de cacao, unt de cacao, agave, unt de migdale, coniac, rom, sarea Baciului<\/div>\n<div><\/div>\n<div><em><strong>ALERGENI: MIGDALE<\/strong><\/em><\/div>\n<div><\/div>\n<div><strong>Valori nutri\u021bionale\/por\u021bie (100g):<\/strong><\/div>\n<div>Valoare energetic\u0103: 2623.31 Kj \/ 626.99 KCal<\/div>\n<div>Gr\u0103simi: 53.78 g<\/div>\n<div>Acizi gra\u0219i satura\u021bi: 28.86 g<\/div>\n<div>Glucide: 25.91 g; Zaharuri: 0.62 g<\/div>\n<div>Proteine: 8.63 g<\/div>\n<div>Sare: 0.72 g<\/div>","protected":false},"excerpt":{"rendered":"<p>Un desert raw vegan sofisticat, ce \u00eembin\u0103 perfect ciocolata intens\u0103 cu aromele fine de coniac \u0219i rom. Cu o textur\u0103 catifelat\u0103 \u0219i un gust complex, aceste trufe ofer\u0103 un r\u0103sf\u0103\u021b unic, ideal pentru cei care apreciaz\u0103 delicatesele rafinate.<\/p>\n<p>TERMEN DE LIVRARE: 48 ore LUCRATOARE de la plasarea comenzii.<\/p>","protected":false},"featured_media":1414,"comment_status":"open","ping_status":"closed","template":"","meta":[],"product_cat":[223],"product_tag":[],"woo-feed-brand":[],"yoast_head":"<!-- This site is optimized with the Yoast SEO plugin v22.5 - https:\/\/yoast.com\/wordpress\/plugins\/seo\/ -->\n<title>TRUFE DE CIOCOLATA CU CONIAC &amp; ROM - 200gr - DeliciousRaw<\/title>\n<meta name=\"robots\" content=\"index, follow, max-snippet:-1, max-image-preview:large, max-video-preview:-1\" \/>\n<link rel=\"canonical\" href=\"https:\/\/deliciousraw.ro\/en\/product\/trufe-de-ciocolata-cu-coniac-rom-100gr\/\" \/>\n<meta property=\"og:locale\" content=\"en_US\" \/>\n<meta property=\"og:type\" content=\"article\" \/>\n<meta property=\"og:title\" content=\"TRUFE DE CIOCOLATA CU CONIAC &amp; ROM - 200gr - DeliciousRaw\" \/>\n<meta property=\"og:description\" content=\"Un desert raw vegan sofisticat, ce \u00eembin\u0103 perfect ciocolata intens\u0103 cu aromele fine de coniac \u0219i rom. Cu o textur\u0103 catifelat\u0103 \u0219i un gust complex, aceste trufe ofer\u0103 un r\u0103sf\u0103\u021b unic, ideal pentru cei care apreciaz\u0103 delicatesele rafinate.  TERMEN DE LIVRARE: 48 ore LUCRATOARE de la plasarea comenzii.\" \/>\n<meta property=\"og:url\" content=\"https:\/\/deliciousraw.ro\/en\/product\/trufe-de-ciocolata-cu-coniac-rom-100gr\/\" \/>\n<meta property=\"og:site_name\" content=\"DeliciousRaw\" \/>\n<meta property=\"article:modified_time\" content=\"2025-08-16T12:14:28+00:00\" \/>\n<meta property=\"og:image\" content=\"https:\/\/deliciousraw.ro\/wp-content\/uploads\/2022\/07\/WhatsApp-Image-2025-01-23-at-09.24.21-4.jpeg\" \/>\n\t<meta property=\"og:image:width\" content=\"1500\" \/>\n\t<meta property=\"og:image:height\" content=\"2000\" \/>\n\t<meta property=\"og:image:type\" content=\"image\/jpeg\" \/>\n<meta name=\"twitter:card\" content=\"summary_large_image\" \/>\n<meta name=\"twitter:label1\" content=\"Est. reading time\" \/>\n\t<meta name=\"twitter:data1\" content=\"1 minute\" \/>\n<script type=\"application\/ld+json\" class=\"yoast-schema-graph\">{\"@context\":\"https:\/\/schema.org\",\"@graph\":[{\"@type\":\"WebPage\",\"@id\":\"https:\/\/deliciousraw.ro\/product\/trufe-de-ciocolata-cu-coniac-rom-100gr\/\",\"url\":\"https:\/\/deliciousraw.ro\/product\/trufe-de-ciocolata-cu-coniac-rom-100gr\/\",\"name\":\"TRUFE DE CIOCOLATA CU CONIAC & ROM - 200gr - DeliciousRaw\",\"isPartOf\":{\"@id\":\"https:\/\/deliciousraw.ro\/#website\"},\"primaryImageOfPage\":{\"@id\":\"https:\/\/deliciousraw.ro\/product\/trufe-de-ciocolata-cu-coniac-rom-100gr\/#primaryimage\"},\"image\":{\"@id\":\"https:\/\/deliciousraw.ro\/product\/trufe-de-ciocolata-cu-coniac-rom-100gr\/#primaryimage\"},\"thumbnailUrl\":\"https:\/\/deliciousraw.ro\/wp-content\/uploads\/2022\/07\/WhatsApp-Image-2025-01-23-at-09.24.21-4.jpeg\",\"datePublished\":\"2022-07-14T09:17:31+00:00\",\"dateModified\":\"2025-08-16T12:14:28+00:00\",\"breadcrumb\":{\"@id\":\"https:\/\/deliciousraw.ro\/product\/trufe-de-ciocolata-cu-coniac-rom-100gr\/#breadcrumb\"},\"inLanguage\":\"en-US\",\"potentialAction\":[{\"@type\":\"ReadAction\",\"target\":[\"https:\/\/deliciousraw.ro\/product\/trufe-de-ciocolata-cu-coniac-rom-100gr\/\"]}]},{\"@type\":\"ImageObject\",\"inLanguage\":\"en-US\",\"@id\":\"https:\/\/deliciousraw.ro\/product\/trufe-de-ciocolata-cu-coniac-rom-100gr\/#primaryimage\",\"url\":\"https:\/\/deliciousraw.ro\/wp-content\/uploads\/2022\/07\/WhatsApp-Image-2025-01-23-at-09.24.21-4.jpeg\",\"contentUrl\":\"https:\/\/deliciousraw.ro\/wp-content\/uploads\/2022\/07\/WhatsApp-Image-2025-01-23-at-09.24.21-4.jpeg\",\"width\":1500,\"height\":2000},{\"@type\":\"BreadcrumbList\",\"@id\":\"https:\/\/deliciousraw.ro\/product\/trufe-de-ciocolata-cu-coniac-rom-100gr\/#breadcrumb\",\"itemListElement\":[{\"@type\":\"ListItem\",\"position\":1,\"name\":\"Prima pagin\u0103\",\"item\":\"https:\/\/deliciousraw.ro\/\"},{\"@type\":\"ListItem\",\"position\":2,\"name\":\"Shop\",\"item\":\"https:\/\/deliciousraw.ro\/shop\/\"},{\"@type\":\"ListItem\",\"position\":3,\"name\":\"TRUFE DE CIOCOLATA CU CONIAC &#038; ROM &#8211; 200gr\"}]},{\"@type\":\"WebSite\",\"@id\":\"https:\/\/deliciousraw.ro\/#website\",\"url\":\"https:\/\/deliciousraw.ro\/\",\"name\":\"DeliciousRaw\",\"description\":\"Dulciuri bune raw de tot!\",\"potentialAction\":[{\"@type\":\"SearchAction\",\"target\":{\"@type\":\"EntryPoint\",\"urlTemplate\":\"https:\/\/deliciousraw.ro\/?s={search_term_string}\"},\"query-input\":\"required name=search_term_string\"}],\"inLanguage\":\"en-US\"}]}<\/script>\n<!-- \/ Yoast SEO plugin. -->","yoast_head_json":{"title":"TRUFE DE CIOCOLATA CU CONIAC & ROM - 200gr - DeliciousRaw","robots":{"index":"index","follow":"follow","max-snippet":"max-snippet:-1","max-image-preview":"max-image-preview:large","max-video-preview":"max-video-preview:-1"},"canonical":"https:\/\/deliciousraw.ro\/en\/product\/trufe-de-ciocolata-cu-coniac-rom-100gr\/","og_locale":"en_US","og_type":"article","og_title":"TRUFE DE CIOCOLATA CU CONIAC & ROM - 200gr - DeliciousRaw","og_description":"Un desert raw vegan sofisticat, ce \u00eembin\u0103 perfect ciocolata intens\u0103 cu aromele fine de coniac \u0219i rom. Cu o textur\u0103 catifelat\u0103 \u0219i un gust complex, aceste trufe ofer\u0103 un r\u0103sf\u0103\u021b unic, ideal pentru cei care apreciaz\u0103 delicatesele rafinate.  TERMEN DE LIVRARE: 48 ore LUCRATOARE de la plasarea comenzii.","og_url":"https:\/\/deliciousraw.ro\/en\/product\/trufe-de-ciocolata-cu-coniac-rom-100gr\/","og_site_name":"DeliciousRaw","article_modified_time":"2025-08-16T12:14:28+00:00","og_image":[{"width":1500,"height":2000,"url":"https:\/\/deliciousraw.ro\/wp-content\/uploads\/2022\/07\/WhatsApp-Image-2025-01-23-at-09.24.21-4.jpeg","type":"image\/jpeg"}],"twitter_card":"summary_large_image","twitter_misc":{"Est. reading time":"1 minute"},"schema":{"@context":"https:\/\/schema.org","@graph":[{"@type":"WebPage","@id":"https:\/\/deliciousraw.ro\/product\/trufe-de-ciocolata-cu-coniac-rom-100gr\/","url":"https:\/\/deliciousraw.ro\/product\/trufe-de-ciocolata-cu-coniac-rom-100gr\/","name":"TRUFE DE CIOCOLATA CU CONIAC & ROM - 200gr - DeliciousRaw","isPartOf":{"@id":"https:\/\/deliciousraw.ro\/#website"},"primaryImageOfPage":{"@id":"https:\/\/deliciousraw.ro\/product\/trufe-de-ciocolata-cu-coniac-rom-100gr\/#primaryimage"},"image":{"@id":"https:\/\/deliciousraw.ro\/product\/trufe-de-ciocolata-cu-coniac-rom-100gr\/#primaryimage"},"thumbnailUrl":"https:\/\/deliciousraw.ro\/wp-content\/uploads\/2022\/07\/WhatsApp-Image-2025-01-23-at-09.24.21-4.jpeg","datePublished":"2022-07-14T09:17:31+00:00","dateModified":"2025-08-16T12:14:28+00:00","breadcrumb":{"@id":"https:\/\/deliciousraw.ro\/product\/trufe-de-ciocolata-cu-coniac-rom-100gr\/#breadcrumb"},"inLanguage":"en-US","potentialAction":[{"@type":"ReadAction","target":["https:\/\/deliciousraw.ro\/product\/trufe-de-ciocolata-cu-coniac-rom-100gr\/"]}]},{"@type":"ImageObject","inLanguage":"en-US","@id":"https:\/\/deliciousraw.ro\/product\/trufe-de-ciocolata-cu-coniac-rom-100gr\/#primaryimage","url":"https:\/\/deliciousraw.ro\/wp-content\/uploads\/2022\/07\/WhatsApp-Image-2025-01-23-at-09.24.21-4.jpeg","contentUrl":"https:\/\/deliciousraw.ro\/wp-content\/uploads\/2022\/07\/WhatsApp-Image-2025-01-23-at-09.24.21-4.jpeg","width":1500,"height":2000},{"@type":"BreadcrumbList","@id":"https:\/\/deliciousraw.ro\/product\/trufe-de-ciocolata-cu-coniac-rom-100gr\/#breadcrumb","itemListElement":[{"@type":"ListItem","position":1,"name":"Prima pagin\u0103","item":"https:\/\/deliciousraw.ro\/"},{"@type":"ListItem","position":2,"name":"Shop","item":"https:\/\/deliciousraw.ro\/shop\/"},{"@type":"ListItem","position":3,"name":"TRUFE DE CIOCOLATA CU CONIAC &#038; ROM &#8211; 200gr"}]},{"@type":"WebSite","@id":"https:\/\/deliciousraw.ro\/#website","url":"https:\/\/deliciousraw.ro\/","name":"DeliciousRaw","description":"Dulciuri bune raw de tot!","potentialAction":[{"@type":"SearchAction","target":{"@type":"EntryPoint","urlTemplate":"https:\/\/deliciousraw.ro\/?s={search_term_string}"},"query-input":"required name=search_term_string"}],"inLanguage":"en-US"}]}},"_links":{"self":[{"href":"https:\/\/deliciousraw.ro\/en\/wp-json\/wp\/v2\/product\/707"}],"collection":[{"href":"https:\/\/deliciousraw.ro\/en\/wp-json\/wp\/v2\/product"}],"about":[{"href":"https:\/\/deliciousraw.ro\/en\/wp-json\/wp\/v2\/types\/product"}],"replies":[{"embeddable":true,"href":"https:\/\/deliciousraw.ro\/en\/wp-json\/wp\/v2\/comments?post=707"}],"wp:featuredmedia":[{"embeddable":true,"href":"https:\/\/deliciousraw.ro\/en\/wp-json\/wp\/v2\/media\/1414"}],"wp:attachment":[{"href":"https:\/\/deliciousraw.ro\/en\/wp-json\/wp\/v2\/media?parent=707"}],"wp:term":[{"taxonomy":"product_cat","embeddable":true,"href":"https:\/\/deliciousraw.ro\/en\/wp-json\/wp\/v2\/product_cat?post=707"},{"taxonomy":"product_tag","embeddable":true,"href":"https:\/\/deliciousraw.ro\/en\/wp-json\/wp\/v2\/product_tag?post=707"},{"taxonomy":"woo-feed-brand","embeddable":true,"href":"https:\/\/deliciousraw.ro\/en\/wp-json\/wp\/v2\/woo-feed-brand?post=707"}],"curies":[{"name":"wp","href":"https:\/\/api.w.org\/{rel}","templated":true}]}}