{"id":705,"date":"2022-07-14T12:15:23","date_gmt":"2022-07-14T09:15:23","guid":{"rendered":"https:\/\/deliciousraw.ro\/?post_type=product&#038;p=705"},"modified":"2025-08-16T15:16:20","modified_gmt":"2025-08-16T12:16:20","slug":"trufe-de-ciocolata-cu-visine-ardei-iute-100gr","status":"publish","type":"product","link":"https:\/\/deliciousraw.ro\/en\/product\/trufe-de-ciocolata-cu-visine-ardei-iute-100gr\/","title":{"rendered":"TRUFE DE CIOCOLATA CU VISINE &#038; ARDEI IUTE &#8211; 200gr"},"content":{"rendered":"<div><strong>INGREDIENTE:<\/strong> mas\u0103 de cacao, unt de cacao, vi\u0219ine, agave, unt de migdale, scor\u021bi\u0219oar\u0103, fulgi de ardei iute<\/div>\n<div><\/div>\n<div><em><strong>ALERGENI: MIGDALE, ARDEI IUTE<\/strong><\/em><\/div>\n<div><\/div>\n<div>Valori nutritionale \/ portie (100g)<br \/>\nValoare energetic\u0103: 2473.68 Kj\/591.22 Kcal, Gr\u0103simi: 48.82g, Gr\u0103simi saturate: 26.91g, Glucide: 27.87g,<br \/>\nZaharuri: 1.21g, Proteine: 8.2g, Sare: 0.53g<\/div>","protected":false},"excerpt":{"rendered":"<p>Un contrast surprinz\u0103tor \u0219i captivant \u00eentre dulcea\u021ba intens\u0103 a ciocolatei, aromele acri\u0219oare de vi\u0219ine \u0219i un strop de ardei iute. Acest desert raw vegan este perfect pentru cei care ador\u0103 combina\u021biile \u00eendr\u0103zne\u021be, aduc\u00e2nd o explozie de arome \u00eentr-o textur\u0103 fin\u0103 \u0219i cremoas\u0103.<\/p>\n<p>TERMEN DE LIVRARE: 48 ore LUCRATOARE de la plasarea comenzii.<\/p>","protected":false},"featured_media":1417,"comment_status":"open","ping_status":"closed","template":"","meta":[],"product_cat":[223],"product_tag":[],"woo-feed-brand":[],"yoast_head":"<!-- This site is optimized with the Yoast SEO plugin v22.5 - https:\/\/yoast.com\/wordpress\/plugins\/seo\/ -->\n<title>TRUFE DE CIOCOLATA CU VISINE &amp; ARDEI IUTE - 200gr - DeliciousRaw<\/title>\n<meta name=\"robots\" content=\"index, follow, max-snippet:-1, max-image-preview:large, max-video-preview:-1\" \/>\n<link rel=\"canonical\" href=\"https:\/\/deliciousraw.ro\/en\/product\/trufe-de-ciocolata-cu-visine-ardei-iute-100gr\/\" \/>\n<meta property=\"og:locale\" content=\"en_US\" \/>\n<meta property=\"og:type\" content=\"article\" \/>\n<meta property=\"og:title\" content=\"TRUFE DE CIOCOLATA CU VISINE &amp; ARDEI IUTE - 200gr - DeliciousRaw\" \/>\n<meta property=\"og:description\" content=\"Un contrast surprinz\u0103tor \u0219i captivant \u00eentre dulcea\u021ba intens\u0103 a ciocolatei, aromele acri\u0219oare de vi\u0219ine \u0219i un strop de ardei iute. Acest desert raw vegan este perfect pentru cei care ador\u0103 combina\u021biile \u00eendr\u0103zne\u021be, aduc\u00e2nd o explozie de arome \u00eentr-o textur\u0103 fin\u0103 \u0219i cremoas\u0103.  TERMEN DE LIVRARE: 48 ore LUCRATOARE de la plasarea comenzii.\" \/>\n<meta property=\"og:url\" content=\"https:\/\/deliciousraw.ro\/en\/product\/trufe-de-ciocolata-cu-visine-ardei-iute-100gr\/\" \/>\n<meta property=\"og:site_name\" content=\"DeliciousRaw\" \/>\n<meta property=\"article:modified_time\" content=\"2025-08-16T12:16:20+00:00\" \/>\n<meta property=\"og:image\" content=\"https:\/\/deliciousraw.ro\/wp-content\/uploads\/2022\/07\/WhatsApp-Image-2025-01-23-at-09.24.21-6.jpeg\" \/>\n\t<meta property=\"og:image:width\" content=\"1500\" \/>\n\t<meta property=\"og:image:height\" content=\"2000\" \/>\n\t<meta property=\"og:image:type\" content=\"image\/jpeg\" \/>\n<meta name=\"twitter:card\" content=\"summary_large_image\" \/>\n<meta name=\"twitter:label1\" content=\"Est. reading time\" \/>\n\t<meta name=\"twitter:data1\" content=\"1 minute\" \/>\n<script type=\"application\/ld+json\" class=\"yoast-schema-graph\">{\"@context\":\"https:\/\/schema.org\",\"@graph\":[{\"@type\":\"WebPage\",\"@id\":\"https:\/\/deliciousraw.ro\/product\/trufe-de-ciocolata-cu-visine-ardei-iute-100gr\/\",\"url\":\"https:\/\/deliciousraw.ro\/product\/trufe-de-ciocolata-cu-visine-ardei-iute-100gr\/\",\"name\":\"TRUFE DE CIOCOLATA CU VISINE & ARDEI IUTE - 200gr - DeliciousRaw\",\"isPartOf\":{\"@id\":\"https:\/\/deliciousraw.ro\/#website\"},\"primaryImageOfPage\":{\"@id\":\"https:\/\/deliciousraw.ro\/product\/trufe-de-ciocolata-cu-visine-ardei-iute-100gr\/#primaryimage\"},\"image\":{\"@id\":\"https:\/\/deliciousraw.ro\/product\/trufe-de-ciocolata-cu-visine-ardei-iute-100gr\/#primaryimage\"},\"thumbnailUrl\":\"https:\/\/deliciousraw.ro\/wp-content\/uploads\/2022\/07\/WhatsApp-Image-2025-01-23-at-09.24.21-6.jpeg\",\"datePublished\":\"2022-07-14T09:15:23+00:00\",\"dateModified\":\"2025-08-16T12:16:20+00:00\",\"breadcrumb\":{\"@id\":\"https:\/\/deliciousraw.ro\/product\/trufe-de-ciocolata-cu-visine-ardei-iute-100gr\/#breadcrumb\"},\"inLanguage\":\"en-US\",\"potentialAction\":[{\"@type\":\"ReadAction\",\"target\":[\"https:\/\/deliciousraw.ro\/product\/trufe-de-ciocolata-cu-visine-ardei-iute-100gr\/\"]}]},{\"@type\":\"ImageObject\",\"inLanguage\":\"en-US\",\"@id\":\"https:\/\/deliciousraw.ro\/product\/trufe-de-ciocolata-cu-visine-ardei-iute-100gr\/#primaryimage\",\"url\":\"https:\/\/deliciousraw.ro\/wp-content\/uploads\/2022\/07\/WhatsApp-Image-2025-01-23-at-09.24.21-6.jpeg\",\"contentUrl\":\"https:\/\/deliciousraw.ro\/wp-content\/uploads\/2022\/07\/WhatsApp-Image-2025-01-23-at-09.24.21-6.jpeg\",\"width\":1500,\"height\":2000},{\"@type\":\"BreadcrumbList\",\"@id\":\"https:\/\/deliciousraw.ro\/product\/trufe-de-ciocolata-cu-visine-ardei-iute-100gr\/#breadcrumb\",\"itemListElement\":[{\"@type\":\"ListItem\",\"position\":1,\"name\":\"Prima pagin\u0103\",\"item\":\"https:\/\/deliciousraw.ro\/\"},{\"@type\":\"ListItem\",\"position\":2,\"name\":\"Shop\",\"item\":\"https:\/\/deliciousraw.ro\/shop\/\"},{\"@type\":\"ListItem\",\"position\":3,\"name\":\"TRUFE DE CIOCOLATA CU VISINE &#038; ARDEI IUTE &#8211; 200gr\"}]},{\"@type\":\"WebSite\",\"@id\":\"https:\/\/deliciousraw.ro\/#website\",\"url\":\"https:\/\/deliciousraw.ro\/\",\"name\":\"DeliciousRaw\",\"description\":\"Dulciuri bune raw de tot!\",\"potentialAction\":[{\"@type\":\"SearchAction\",\"target\":{\"@type\":\"EntryPoint\",\"urlTemplate\":\"https:\/\/deliciousraw.ro\/?s={search_term_string}\"},\"query-input\":\"required name=search_term_string\"}],\"inLanguage\":\"en-US\"}]}<\/script>\n<!-- \/ Yoast SEO plugin. -->","yoast_head_json":{"title":"TRUFE DE CIOCOLATA CU VISINE & ARDEI IUTE - 200gr - DeliciousRaw","robots":{"index":"index","follow":"follow","max-snippet":"max-snippet:-1","max-image-preview":"max-image-preview:large","max-video-preview":"max-video-preview:-1"},"canonical":"https:\/\/deliciousraw.ro\/en\/product\/trufe-de-ciocolata-cu-visine-ardei-iute-100gr\/","og_locale":"en_US","og_type":"article","og_title":"TRUFE DE CIOCOLATA CU VISINE & ARDEI IUTE - 200gr - DeliciousRaw","og_description":"Un contrast surprinz\u0103tor \u0219i captivant \u00eentre dulcea\u021ba intens\u0103 a ciocolatei, aromele acri\u0219oare de vi\u0219ine \u0219i un strop de ardei iute. Acest desert raw vegan este perfect pentru cei care ador\u0103 combina\u021biile \u00eendr\u0103zne\u021be, aduc\u00e2nd o explozie de arome \u00eentr-o textur\u0103 fin\u0103 \u0219i cremoas\u0103.  TERMEN DE LIVRARE: 48 ore LUCRATOARE de la plasarea comenzii.","og_url":"https:\/\/deliciousraw.ro\/en\/product\/trufe-de-ciocolata-cu-visine-ardei-iute-100gr\/","og_site_name":"DeliciousRaw","article_modified_time":"2025-08-16T12:16:20+00:00","og_image":[{"width":1500,"height":2000,"url":"https:\/\/deliciousraw.ro\/wp-content\/uploads\/2022\/07\/WhatsApp-Image-2025-01-23-at-09.24.21-6.jpeg","type":"image\/jpeg"}],"twitter_card":"summary_large_image","twitter_misc":{"Est. reading time":"1 minute"},"schema":{"@context":"https:\/\/schema.org","@graph":[{"@type":"WebPage","@id":"https:\/\/deliciousraw.ro\/product\/trufe-de-ciocolata-cu-visine-ardei-iute-100gr\/","url":"https:\/\/deliciousraw.ro\/product\/trufe-de-ciocolata-cu-visine-ardei-iute-100gr\/","name":"TRUFE DE CIOCOLATA CU VISINE & ARDEI IUTE - 200gr - DeliciousRaw","isPartOf":{"@id":"https:\/\/deliciousraw.ro\/#website"},"primaryImageOfPage":{"@id":"https:\/\/deliciousraw.ro\/product\/trufe-de-ciocolata-cu-visine-ardei-iute-100gr\/#primaryimage"},"image":{"@id":"https:\/\/deliciousraw.ro\/product\/trufe-de-ciocolata-cu-visine-ardei-iute-100gr\/#primaryimage"},"thumbnailUrl":"https:\/\/deliciousraw.ro\/wp-content\/uploads\/2022\/07\/WhatsApp-Image-2025-01-23-at-09.24.21-6.jpeg","datePublished":"2022-07-14T09:15:23+00:00","dateModified":"2025-08-16T12:16:20+00:00","breadcrumb":{"@id":"https:\/\/deliciousraw.ro\/product\/trufe-de-ciocolata-cu-visine-ardei-iute-100gr\/#breadcrumb"},"inLanguage":"en-US","potentialAction":[{"@type":"ReadAction","target":["https:\/\/deliciousraw.ro\/product\/trufe-de-ciocolata-cu-visine-ardei-iute-100gr\/"]}]},{"@type":"ImageObject","inLanguage":"en-US","@id":"https:\/\/deliciousraw.ro\/product\/trufe-de-ciocolata-cu-visine-ardei-iute-100gr\/#primaryimage","url":"https:\/\/deliciousraw.ro\/wp-content\/uploads\/2022\/07\/WhatsApp-Image-2025-01-23-at-09.24.21-6.jpeg","contentUrl":"https:\/\/deliciousraw.ro\/wp-content\/uploads\/2022\/07\/WhatsApp-Image-2025-01-23-at-09.24.21-6.jpeg","width":1500,"height":2000},{"@type":"BreadcrumbList","@id":"https:\/\/deliciousraw.ro\/product\/trufe-de-ciocolata-cu-visine-ardei-iute-100gr\/#breadcrumb","itemListElement":[{"@type":"ListItem","position":1,"name":"Prima pagin\u0103","item":"https:\/\/deliciousraw.ro\/"},{"@type":"ListItem","position":2,"name":"Shop","item":"https:\/\/deliciousraw.ro\/shop\/"},{"@type":"ListItem","position":3,"name":"TRUFE DE CIOCOLATA CU VISINE &#038; ARDEI IUTE &#8211; 200gr"}]},{"@type":"WebSite","@id":"https:\/\/deliciousraw.ro\/#website","url":"https:\/\/deliciousraw.ro\/","name":"DeliciousRaw","description":"Dulciuri bune raw de tot!","potentialAction":[{"@type":"SearchAction","target":{"@type":"EntryPoint","urlTemplate":"https:\/\/deliciousraw.ro\/?s={search_term_string}"},"query-input":"required name=search_term_string"}],"inLanguage":"en-US"}]}},"_links":{"self":[{"href":"https:\/\/deliciousraw.ro\/en\/wp-json\/wp\/v2\/product\/705"}],"collection":[{"href":"https:\/\/deliciousraw.ro\/en\/wp-json\/wp\/v2\/product"}],"about":[{"href":"https:\/\/deliciousraw.ro\/en\/wp-json\/wp\/v2\/types\/product"}],"replies":[{"embeddable":true,"href":"https:\/\/deliciousraw.ro\/en\/wp-json\/wp\/v2\/comments?post=705"}],"wp:featuredmedia":[{"embeddable":true,"href":"https:\/\/deliciousraw.ro\/en\/wp-json\/wp\/v2\/media\/1417"}],"wp:attachment":[{"href":"https:\/\/deliciousraw.ro\/en\/wp-json\/wp\/v2\/media?parent=705"}],"wp:term":[{"taxonomy":"product_cat","embeddable":true,"href":"https:\/\/deliciousraw.ro\/en\/wp-json\/wp\/v2\/product_cat?post=705"},{"taxonomy":"product_tag","embeddable":true,"href":"https:\/\/deliciousraw.ro\/en\/wp-json\/wp\/v2\/product_tag?post=705"},{"taxonomy":"woo-feed-brand","embeddable":true,"href":"https:\/\/deliciousraw.ro\/en\/wp-json\/wp\/v2\/woo-feed-brand?post=705"}],"curies":[{"name":"wp","href":"https:\/\/api.w.org\/{rel}","templated":true}]}}