{"id":695,"date":"2022-07-13T23:22:29","date_gmt":"2022-07-13T20:22:29","guid":{"rendered":"https:\/\/deliciousraw.ro\/?post_type=product&#038;p=695"},"modified":"2025-08-16T15:18:14","modified_gmt":"2025-08-16T12:18:14","slug":"ecler-cu-cafea-caramel-100gr-buc","status":"publish","type":"product","link":"https:\/\/deliciousraw.ro\/en\/product\/ecler-cu-cafea-caramel-100gr-buc\/","title":{"rendered":"ECLER CU CAFEA &#038; CARAMEL &#8211; 100gr"},"content":{"rendered":"<p><strong>INGREDIENTE:<\/strong> hri\u0219c\u0103, cocos, in, zah\u0103r de cocos, caju, cafea, cicoare, agar-agar, ulei de cocos, unt de cacao, arahide, cacao natural\u0103, agave<\/p>\n<p><strong><em> ALERGENI: caju, arahide<\/em> <\/strong><\/p>\n<p><strong>Valori nutri\u021bionale\/por\u021bie (100g):<\/strong><\/p>\n<p>Valoare energetic\u0103: 1675.46 Kj \/ 400.44 Kcal<\/p>\n<p>Gr\u0103simi: 32.77 g<\/p>\n<p>Acizi gra\u0219i satura\u021bi: 14.34 g<\/p>\n<p>Glucide: 19.76 g, Zaharuri: 2.33 g<\/p>\n<p>Proteine: 6.36 g<\/p>\n<p>Sare: 0.03 g<\/p>","protected":false},"excerpt":{"rendered":"<p data-sourcepos=\"5:1-5:162\">Savureaz\u0103 o combina\u021bie divin\u0103 de arome \u00eentr-un singur ecler! Acest deliciu te invit\u0103 \u00eentr-o c\u0103l\u0103torie senzorial\u0103 prin notele intense de cafea \u0219i caramelul dulce.<\/p>\n<p data-sourcepos=\"5:1-5:162\">TERMEN DE LIVRARE: 48 ore LUCRATOARE de la plasarea comenzii.<\/p>","protected":false},"featured_media":1008,"comment_status":"open","ping_status":"closed","template":"","meta":[],"product_cat":[222],"product_tag":[],"woo-feed-brand":[],"yoast_head":"<!-- This site is optimized with the Yoast SEO plugin v22.5 - https:\/\/yoast.com\/wordpress\/plugins\/seo\/ -->\n<title>ECLER CU CAFEA &amp; CARAMEL - 100gr - DeliciousRaw<\/title>\n<meta name=\"robots\" content=\"index, follow, max-snippet:-1, max-image-preview:large, max-video-preview:-1\" \/>\n<link rel=\"canonical\" href=\"https:\/\/deliciousraw.ro\/en\/product\/ecler-cu-cafea-caramel-100gr-buc\/\" \/>\n<meta property=\"og:locale\" content=\"en_US\" \/>\n<meta property=\"og:type\" content=\"article\" \/>\n<meta property=\"og:title\" content=\"ECLER CU CAFEA &amp; CARAMEL - 100gr - DeliciousRaw\" \/>\n<meta property=\"og:description\" content=\"Savureaz\u0103 o combina\u021bie divin\u0103 de arome \u00eentr-un singur ecler! Acest deliciu te invit\u0103 \u00eentr-o c\u0103l\u0103torie senzorial\u0103 prin notele intense de cafea \u0219i caramelul dulce. TERMEN DE LIVRARE: 48 ore LUCRATOARE de la plasarea comenzii.\" \/>\n<meta property=\"og:url\" content=\"https:\/\/deliciousraw.ro\/en\/product\/ecler-cu-cafea-caramel-100gr-buc\/\" \/>\n<meta property=\"og:site_name\" content=\"DeliciousRaw\" \/>\n<meta property=\"article:modified_time\" content=\"2025-08-16T12:18:14+00:00\" \/>\n<meta property=\"og:image\" content=\"https:\/\/deliciousraw.ro\/wp-content\/uploads\/2022\/07\/ecler-cu-cafea-si-caramel.jpeg\" \/>\n\t<meta property=\"og:image:width\" content=\"786\" \/>\n\t<meta property=\"og:image:height\" content=\"474\" \/>\n\t<meta property=\"og:image:type\" content=\"image\/jpeg\" \/>\n<meta name=\"twitter:card\" content=\"summary_large_image\" \/>\n<meta name=\"twitter:label1\" content=\"Est. reading time\" \/>\n\t<meta name=\"twitter:data1\" content=\"1 minute\" \/>\n<script type=\"application\/ld+json\" class=\"yoast-schema-graph\">{\"@context\":\"https:\/\/schema.org\",\"@graph\":[{\"@type\":\"WebPage\",\"@id\":\"https:\/\/deliciousraw.ro\/product\/ecler-cu-cafea-caramel-100gr-buc\/\",\"url\":\"https:\/\/deliciousraw.ro\/product\/ecler-cu-cafea-caramel-100gr-buc\/\",\"name\":\"ECLER CU CAFEA & CARAMEL - 100gr - DeliciousRaw\",\"isPartOf\":{\"@id\":\"https:\/\/deliciousraw.ro\/#website\"},\"primaryImageOfPage\":{\"@id\":\"https:\/\/deliciousraw.ro\/product\/ecler-cu-cafea-caramel-100gr-buc\/#primaryimage\"},\"image\":{\"@id\":\"https:\/\/deliciousraw.ro\/product\/ecler-cu-cafea-caramel-100gr-buc\/#primaryimage\"},\"thumbnailUrl\":\"https:\/\/deliciousraw.ro\/wp-content\/uploads\/2022\/07\/ecler-cu-cafea-si-caramel.jpeg\",\"datePublished\":\"2022-07-13T20:22:29+00:00\",\"dateModified\":\"2025-08-16T12:18:14+00:00\",\"breadcrumb\":{\"@id\":\"https:\/\/deliciousraw.ro\/product\/ecler-cu-cafea-caramel-100gr-buc\/#breadcrumb\"},\"inLanguage\":\"en-US\",\"potentialAction\":[{\"@type\":\"ReadAction\",\"target\":[\"https:\/\/deliciousraw.ro\/product\/ecler-cu-cafea-caramel-100gr-buc\/\"]}]},{\"@type\":\"ImageObject\",\"inLanguage\":\"en-US\",\"@id\":\"https:\/\/deliciousraw.ro\/product\/ecler-cu-cafea-caramel-100gr-buc\/#primaryimage\",\"url\":\"https:\/\/deliciousraw.ro\/wp-content\/uploads\/2022\/07\/ecler-cu-cafea-si-caramel.jpeg\",\"contentUrl\":\"https:\/\/deliciousraw.ro\/wp-content\/uploads\/2022\/07\/ecler-cu-cafea-si-caramel.jpeg\",\"width\":786,\"height\":474},{\"@type\":\"BreadcrumbList\",\"@id\":\"https:\/\/deliciousraw.ro\/product\/ecler-cu-cafea-caramel-100gr-buc\/#breadcrumb\",\"itemListElement\":[{\"@type\":\"ListItem\",\"position\":1,\"name\":\"Prima pagin\u0103\",\"item\":\"https:\/\/deliciousraw.ro\/\"},{\"@type\":\"ListItem\",\"position\":2,\"name\":\"Shop\",\"item\":\"https:\/\/deliciousraw.ro\/shop\/\"},{\"@type\":\"ListItem\",\"position\":3,\"name\":\"ECLER CU CAFEA &#038; CARAMEL &#8211; 100gr\"}]},{\"@type\":\"WebSite\",\"@id\":\"https:\/\/deliciousraw.ro\/#website\",\"url\":\"https:\/\/deliciousraw.ro\/\",\"name\":\"DeliciousRaw\",\"description\":\"Dulciuri bune raw de tot!\",\"potentialAction\":[{\"@type\":\"SearchAction\",\"target\":{\"@type\":\"EntryPoint\",\"urlTemplate\":\"https:\/\/deliciousraw.ro\/?s={search_term_string}\"},\"query-input\":\"required name=search_term_string\"}],\"inLanguage\":\"en-US\"}]}<\/script>\n<!-- \/ Yoast SEO plugin. -->","yoast_head_json":{"title":"ECLER CU CAFEA & CARAMEL - 100gr - DeliciousRaw","robots":{"index":"index","follow":"follow","max-snippet":"max-snippet:-1","max-image-preview":"max-image-preview:large","max-video-preview":"max-video-preview:-1"},"canonical":"https:\/\/deliciousraw.ro\/en\/product\/ecler-cu-cafea-caramel-100gr-buc\/","og_locale":"en_US","og_type":"article","og_title":"ECLER CU CAFEA & CARAMEL - 100gr - DeliciousRaw","og_description":"Savureaz\u0103 o combina\u021bie divin\u0103 de arome \u00eentr-un singur ecler! Acest deliciu te invit\u0103 \u00eentr-o c\u0103l\u0103torie senzorial\u0103 prin notele intense de cafea \u0219i caramelul dulce. TERMEN DE LIVRARE: 48 ore LUCRATOARE de la plasarea comenzii.","og_url":"https:\/\/deliciousraw.ro\/en\/product\/ecler-cu-cafea-caramel-100gr-buc\/","og_site_name":"DeliciousRaw","article_modified_time":"2025-08-16T12:18:14+00:00","og_image":[{"width":786,"height":474,"url":"https:\/\/deliciousraw.ro\/wp-content\/uploads\/2022\/07\/ecler-cu-cafea-si-caramel.jpeg","type":"image\/jpeg"}],"twitter_card":"summary_large_image","twitter_misc":{"Est. reading time":"1 minute"},"schema":{"@context":"https:\/\/schema.org","@graph":[{"@type":"WebPage","@id":"https:\/\/deliciousraw.ro\/product\/ecler-cu-cafea-caramel-100gr-buc\/","url":"https:\/\/deliciousraw.ro\/product\/ecler-cu-cafea-caramel-100gr-buc\/","name":"ECLER CU CAFEA & CARAMEL - 100gr - DeliciousRaw","isPartOf":{"@id":"https:\/\/deliciousraw.ro\/#website"},"primaryImageOfPage":{"@id":"https:\/\/deliciousraw.ro\/product\/ecler-cu-cafea-caramel-100gr-buc\/#primaryimage"},"image":{"@id":"https:\/\/deliciousraw.ro\/product\/ecler-cu-cafea-caramel-100gr-buc\/#primaryimage"},"thumbnailUrl":"https:\/\/deliciousraw.ro\/wp-content\/uploads\/2022\/07\/ecler-cu-cafea-si-caramel.jpeg","datePublished":"2022-07-13T20:22:29+00:00","dateModified":"2025-08-16T12:18:14+00:00","breadcrumb":{"@id":"https:\/\/deliciousraw.ro\/product\/ecler-cu-cafea-caramel-100gr-buc\/#breadcrumb"},"inLanguage":"en-US","potentialAction":[{"@type":"ReadAction","target":["https:\/\/deliciousraw.ro\/product\/ecler-cu-cafea-caramel-100gr-buc\/"]}]},{"@type":"ImageObject","inLanguage":"en-US","@id":"https:\/\/deliciousraw.ro\/product\/ecler-cu-cafea-caramel-100gr-buc\/#primaryimage","url":"https:\/\/deliciousraw.ro\/wp-content\/uploads\/2022\/07\/ecler-cu-cafea-si-caramel.jpeg","contentUrl":"https:\/\/deliciousraw.ro\/wp-content\/uploads\/2022\/07\/ecler-cu-cafea-si-caramel.jpeg","width":786,"height":474},{"@type":"BreadcrumbList","@id":"https:\/\/deliciousraw.ro\/product\/ecler-cu-cafea-caramel-100gr-buc\/#breadcrumb","itemListElement":[{"@type":"ListItem","position":1,"name":"Prima pagin\u0103","item":"https:\/\/deliciousraw.ro\/"},{"@type":"ListItem","position":2,"name":"Shop","item":"https:\/\/deliciousraw.ro\/shop\/"},{"@type":"ListItem","position":3,"name":"ECLER CU CAFEA &#038; CARAMEL &#8211; 100gr"}]},{"@type":"WebSite","@id":"https:\/\/deliciousraw.ro\/#website","url":"https:\/\/deliciousraw.ro\/","name":"DeliciousRaw","description":"Dulciuri bune raw de tot!","potentialAction":[{"@type":"SearchAction","target":{"@type":"EntryPoint","urlTemplate":"https:\/\/deliciousraw.ro\/?s={search_term_string}"},"query-input":"required name=search_term_string"}],"inLanguage":"en-US"}]}},"_links":{"self":[{"href":"https:\/\/deliciousraw.ro\/en\/wp-json\/wp\/v2\/product\/695"}],"collection":[{"href":"https:\/\/deliciousraw.ro\/en\/wp-json\/wp\/v2\/product"}],"about":[{"href":"https:\/\/deliciousraw.ro\/en\/wp-json\/wp\/v2\/types\/product"}],"replies":[{"embeddable":true,"href":"https:\/\/deliciousraw.ro\/en\/wp-json\/wp\/v2\/comments?post=695"}],"wp:featuredmedia":[{"embeddable":true,"href":"https:\/\/deliciousraw.ro\/en\/wp-json\/wp\/v2\/media\/1008"}],"wp:attachment":[{"href":"https:\/\/deliciousraw.ro\/en\/wp-json\/wp\/v2\/media?parent=695"}],"wp:term":[{"taxonomy":"product_cat","embeddable":true,"href":"https:\/\/deliciousraw.ro\/en\/wp-json\/wp\/v2\/product_cat?post=695"},{"taxonomy":"product_tag","embeddable":true,"href":"https:\/\/deliciousraw.ro\/en\/wp-json\/wp\/v2\/product_tag?post=695"},{"taxonomy":"woo-feed-brand","embeddable":true,"href":"https:\/\/deliciousraw.ro\/en\/wp-json\/wp\/v2\/woo-feed-brand?post=695"}],"curies":[{"name":"wp","href":"https:\/\/api.w.org\/{rel}","templated":true}]}}