{"id":688,"date":"2022-07-13T23:10:34","date_gmt":"2022-07-13T20:10:34","guid":{"rendered":"https:\/\/deliciousraw.ro\/?post_type=product&#038;p=688"},"modified":"2025-08-16T15:21:21","modified_gmt":"2025-08-16T12:21:21","slug":"orange-brownies-100gr","status":"publish","type":"product","link":"https:\/\/deliciousraw.ro\/en\/product\/orange-brownies-100gr\/","title":{"rendered":"ORANGE BROWNIES &#8211; 100gr"},"content":{"rendered":"<div><strong>INGREDIENTE:<\/strong> semin\u021be de floarea-soarelui, portocal\u0103, curmale, unt de cacao, cacao natural\u0103, agave, mas\u0103 de cacao, cocos<\/div>\n<div><\/div>\n<div><em><strong>ALERGENI: NU CON\u021aINE<\/strong><\/em><\/div>\n<div><\/div>\n<div><strong>Valori nutri\u021bionale\/por\u021bie (100g):<\/strong><\/div>\n<div>Valoare energetic\u0103: 1814.37 Kj \/ 433.64 KCal<\/div>\n<div>Gr\u0103simi: 29.16 g<\/div>\n<div>Acizi gra\u0219i satura\u021bi: 12.79 g<\/div>\n<div>Glucide: 30.9 g; Zaharuri: 17.31 g<\/div>\n<div>Proteine: 8.52 g<\/div>\n<div>Sare: 2.68 g<\/div>","protected":false},"excerpt":{"rendered":"<p>Un desert raw vegan decadent, care \u00eembin\u0103 intensitatea ciocolatei cu aroma proasp\u0103t\u0103 \u0219i vibrant\u0103 a portocalelor. Cu o textur\u0103 dens\u0103 \u0219i cremoas\u0103, aceste brownies sunt \u00eendulcite natural \u0219i au un gust perfect echilibrat, oferind un r\u0103sf\u0103\u021b s\u0103n\u0103tos \u0219i plin de savoare citric\u0103 \u0219i ciocolat\u0103.<\/p>\n<p>TERMEN DE LIVRARE: 48 ore de la plasarea comenzii<\/p>","protected":false},"featured_media":1145,"comment_status":"open","ping_status":"closed","template":"","meta":[],"product_cat":[222],"product_tag":[],"woo-feed-brand":[],"yoast_head":"<!-- This site is optimized with the Yoast SEO plugin v22.5 - https:\/\/yoast.com\/wordpress\/plugins\/seo\/ -->\n<title>ORANGE BROWNIES - 100gr - DeliciousRaw<\/title>\n<meta name=\"robots\" content=\"index, follow, max-snippet:-1, max-image-preview:large, max-video-preview:-1\" \/>\n<link rel=\"canonical\" href=\"https:\/\/deliciousraw.ro\/en\/product\/orange-brownies-100gr\/\" \/>\n<meta property=\"og:locale\" content=\"en_US\" \/>\n<meta property=\"og:type\" content=\"article\" \/>\n<meta property=\"og:title\" content=\"ORANGE BROWNIES - 100gr - DeliciousRaw\" \/>\n<meta property=\"og:description\" content=\"Un desert raw vegan decadent, care \u00eembin\u0103 intensitatea ciocolatei cu aroma proasp\u0103t\u0103 \u0219i vibrant\u0103 a portocalelor. Cu o textur\u0103 dens\u0103 \u0219i cremoas\u0103, aceste brownies sunt \u00eendulcite natural \u0219i au un gust perfect echilibrat, oferind un r\u0103sf\u0103\u021b s\u0103n\u0103tos \u0219i plin de savoare citric\u0103 \u0219i ciocolat\u0103.  TERMEN DE LIVRARE: 48 ore de la plasarea comenzii\" \/>\n<meta property=\"og:url\" content=\"https:\/\/deliciousraw.ro\/en\/product\/orange-brownies-100gr\/\" \/>\n<meta property=\"og:site_name\" content=\"DeliciousRaw\" \/>\n<meta property=\"article:modified_time\" content=\"2025-08-16T12:21:21+00:00\" \/>\n<meta property=\"og:image\" content=\"https:\/\/deliciousraw.ro\/wp-content\/uploads\/2022\/07\/orange-brownie.png\" \/>\n\t<meta property=\"og:image:width\" content=\"627\" \/>\n\t<meta property=\"og:image:height\" content=\"400\" \/>\n\t<meta property=\"og:image:type\" content=\"image\/png\" \/>\n<meta name=\"twitter:card\" content=\"summary_large_image\" \/>\n<meta name=\"twitter:label1\" content=\"Est. reading time\" \/>\n\t<meta name=\"twitter:data1\" content=\"1 minute\" \/>\n<script type=\"application\/ld+json\" class=\"yoast-schema-graph\">{\"@context\":\"https:\/\/schema.org\",\"@graph\":[{\"@type\":\"WebPage\",\"@id\":\"https:\/\/deliciousraw.ro\/product\/orange-brownies-100gr\/\",\"url\":\"https:\/\/deliciousraw.ro\/product\/orange-brownies-100gr\/\",\"name\":\"ORANGE BROWNIES - 100gr - DeliciousRaw\",\"isPartOf\":{\"@id\":\"https:\/\/deliciousraw.ro\/#website\"},\"primaryImageOfPage\":{\"@id\":\"https:\/\/deliciousraw.ro\/product\/orange-brownies-100gr\/#primaryimage\"},\"image\":{\"@id\":\"https:\/\/deliciousraw.ro\/product\/orange-brownies-100gr\/#primaryimage\"},\"thumbnailUrl\":\"https:\/\/deliciousraw.ro\/wp-content\/uploads\/2022\/07\/orange-brownie.png\",\"datePublished\":\"2022-07-13T20:10:34+00:00\",\"dateModified\":\"2025-08-16T12:21:21+00:00\",\"breadcrumb\":{\"@id\":\"https:\/\/deliciousraw.ro\/product\/orange-brownies-100gr\/#breadcrumb\"},\"inLanguage\":\"en-US\",\"potentialAction\":[{\"@type\":\"ReadAction\",\"target\":[\"https:\/\/deliciousraw.ro\/product\/orange-brownies-100gr\/\"]}]},{\"@type\":\"ImageObject\",\"inLanguage\":\"en-US\",\"@id\":\"https:\/\/deliciousraw.ro\/product\/orange-brownies-100gr\/#primaryimage\",\"url\":\"https:\/\/deliciousraw.ro\/wp-content\/uploads\/2022\/07\/orange-brownie.png\",\"contentUrl\":\"https:\/\/deliciousraw.ro\/wp-content\/uploads\/2022\/07\/orange-brownie.png\",\"width\":627,\"height\":400},{\"@type\":\"BreadcrumbList\",\"@id\":\"https:\/\/deliciousraw.ro\/product\/orange-brownies-100gr\/#breadcrumb\",\"itemListElement\":[{\"@type\":\"ListItem\",\"position\":1,\"name\":\"Prima pagin\u0103\",\"item\":\"https:\/\/deliciousraw.ro\/\"},{\"@type\":\"ListItem\",\"position\":2,\"name\":\"Shop\",\"item\":\"https:\/\/deliciousraw.ro\/shop\/\"},{\"@type\":\"ListItem\",\"position\":3,\"name\":\"ORANGE BROWNIES &#8211; 100gr\"}]},{\"@type\":\"WebSite\",\"@id\":\"https:\/\/deliciousraw.ro\/#website\",\"url\":\"https:\/\/deliciousraw.ro\/\",\"name\":\"DeliciousRaw\",\"description\":\"Dulciuri bune raw de tot!\",\"potentialAction\":[{\"@type\":\"SearchAction\",\"target\":{\"@type\":\"EntryPoint\",\"urlTemplate\":\"https:\/\/deliciousraw.ro\/?s={search_term_string}\"},\"query-input\":\"required name=search_term_string\"}],\"inLanguage\":\"en-US\"}]}<\/script>\n<!-- \/ Yoast SEO plugin. -->","yoast_head_json":{"title":"ORANGE BROWNIES - 100gr - DeliciousRaw","robots":{"index":"index","follow":"follow","max-snippet":"max-snippet:-1","max-image-preview":"max-image-preview:large","max-video-preview":"max-video-preview:-1"},"canonical":"https:\/\/deliciousraw.ro\/en\/product\/orange-brownies-100gr\/","og_locale":"en_US","og_type":"article","og_title":"ORANGE BROWNIES - 100gr - DeliciousRaw","og_description":"Un desert raw vegan decadent, care \u00eembin\u0103 intensitatea ciocolatei cu aroma proasp\u0103t\u0103 \u0219i vibrant\u0103 a portocalelor. Cu o textur\u0103 dens\u0103 \u0219i cremoas\u0103, aceste brownies sunt \u00eendulcite natural \u0219i au un gust perfect echilibrat, oferind un r\u0103sf\u0103\u021b s\u0103n\u0103tos \u0219i plin de savoare citric\u0103 \u0219i ciocolat\u0103.  TERMEN DE LIVRARE: 48 ore de la plasarea comenzii","og_url":"https:\/\/deliciousraw.ro\/en\/product\/orange-brownies-100gr\/","og_site_name":"DeliciousRaw","article_modified_time":"2025-08-16T12:21:21+00:00","og_image":[{"width":627,"height":400,"url":"https:\/\/deliciousraw.ro\/wp-content\/uploads\/2022\/07\/orange-brownie.png","type":"image\/png"}],"twitter_card":"summary_large_image","twitter_misc":{"Est. reading time":"1 minute"},"schema":{"@context":"https:\/\/schema.org","@graph":[{"@type":"WebPage","@id":"https:\/\/deliciousraw.ro\/product\/orange-brownies-100gr\/","url":"https:\/\/deliciousraw.ro\/product\/orange-brownies-100gr\/","name":"ORANGE BROWNIES - 100gr - DeliciousRaw","isPartOf":{"@id":"https:\/\/deliciousraw.ro\/#website"},"primaryImageOfPage":{"@id":"https:\/\/deliciousraw.ro\/product\/orange-brownies-100gr\/#primaryimage"},"image":{"@id":"https:\/\/deliciousraw.ro\/product\/orange-brownies-100gr\/#primaryimage"},"thumbnailUrl":"https:\/\/deliciousraw.ro\/wp-content\/uploads\/2022\/07\/orange-brownie.png","datePublished":"2022-07-13T20:10:34+00:00","dateModified":"2025-08-16T12:21:21+00:00","breadcrumb":{"@id":"https:\/\/deliciousraw.ro\/product\/orange-brownies-100gr\/#breadcrumb"},"inLanguage":"en-US","potentialAction":[{"@type":"ReadAction","target":["https:\/\/deliciousraw.ro\/product\/orange-brownies-100gr\/"]}]},{"@type":"ImageObject","inLanguage":"en-US","@id":"https:\/\/deliciousraw.ro\/product\/orange-brownies-100gr\/#primaryimage","url":"https:\/\/deliciousraw.ro\/wp-content\/uploads\/2022\/07\/orange-brownie.png","contentUrl":"https:\/\/deliciousraw.ro\/wp-content\/uploads\/2022\/07\/orange-brownie.png","width":627,"height":400},{"@type":"BreadcrumbList","@id":"https:\/\/deliciousraw.ro\/product\/orange-brownies-100gr\/#breadcrumb","itemListElement":[{"@type":"ListItem","position":1,"name":"Prima pagin\u0103","item":"https:\/\/deliciousraw.ro\/"},{"@type":"ListItem","position":2,"name":"Shop","item":"https:\/\/deliciousraw.ro\/shop\/"},{"@type":"ListItem","position":3,"name":"ORANGE BROWNIES &#8211; 100gr"}]},{"@type":"WebSite","@id":"https:\/\/deliciousraw.ro\/#website","url":"https:\/\/deliciousraw.ro\/","name":"DeliciousRaw","description":"Dulciuri bune raw de tot!","potentialAction":[{"@type":"SearchAction","target":{"@type":"EntryPoint","urlTemplate":"https:\/\/deliciousraw.ro\/?s={search_term_string}"},"query-input":"required name=search_term_string"}],"inLanguage":"en-US"}]}},"_links":{"self":[{"href":"https:\/\/deliciousraw.ro\/en\/wp-json\/wp\/v2\/product\/688"}],"collection":[{"href":"https:\/\/deliciousraw.ro\/en\/wp-json\/wp\/v2\/product"}],"about":[{"href":"https:\/\/deliciousraw.ro\/en\/wp-json\/wp\/v2\/types\/product"}],"replies":[{"embeddable":true,"href":"https:\/\/deliciousraw.ro\/en\/wp-json\/wp\/v2\/comments?post=688"}],"wp:featuredmedia":[{"embeddable":true,"href":"https:\/\/deliciousraw.ro\/en\/wp-json\/wp\/v2\/media\/1145"}],"wp:attachment":[{"href":"https:\/\/deliciousraw.ro\/en\/wp-json\/wp\/v2\/media?parent=688"}],"wp:term":[{"taxonomy":"product_cat","embeddable":true,"href":"https:\/\/deliciousraw.ro\/en\/wp-json\/wp\/v2\/product_cat?post=688"},{"taxonomy":"product_tag","embeddable":true,"href":"https:\/\/deliciousraw.ro\/en\/wp-json\/wp\/v2\/product_tag?post=688"},{"taxonomy":"woo-feed-brand","embeddable":true,"href":"https:\/\/deliciousraw.ro\/en\/wp-json\/wp\/v2\/woo-feed-brand?post=688"}],"curies":[{"name":"wp","href":"https:\/\/api.w.org\/{rel}","templated":true}]}}