{"id":682,"date":"2022-07-13T23:02:17","date_gmt":"2022-07-13T20:02:17","guid":{"rendered":"https:\/\/deliciousraw.ro\/?post_type=product&#038;p=682"},"modified":"2025-08-16T15:22:42","modified_gmt":"2025-08-16T12:22:42","slug":"prajitura-cu-lamaie-100gr","status":"publish","type":"product","link":"https:\/\/deliciousraw.ro\/en\/product\/prajitura-cu-lamaie-100gr\/","title":{"rendered":"PRAJITURA CU LAMAIE &#8211; 100gr"},"content":{"rendered":"<div><strong>INGREDIENTE:<\/strong> migdale, caise, mango, l\u0103m\u00e2ie, caju, \u0219tevie, turmeric, ulei de cocos<\/div>\n<div><\/div>\n<div><em><strong>ALERGENI: CAJU, MIGDALE<\/strong><\/em><\/div>\n<div><\/div>\n<div><strong>Valori nutri\u021bionale\/por\u021bie (100g):<\/strong><\/div>\n<div>Valoare energetic\u0103: 1302.09 Kj \/ 311.21 KCal<\/div>\n<div>Gr\u0103simi: 20.17 g<\/div>\n<div>Acizi gra\u0219i satura\u021bi: 9.34 g<\/div>\n<div>Glucide: 29.24 g; Zaharuri: 4.29 g<\/div>\n<div>Proteine: 5.74 g<\/div>\n<div>Sare: 0 g<\/div>","protected":false},"excerpt":{"rendered":"<p>Pr\u0103jitura cu l\u0103m\u00e2ie este un desert raw vegan r\u0103coritor \u0219i delicat, care combin\u0103 prospe\u021bimea l\u0103m\u00e2ii cu dulcea\u021ba natural\u0103 a caiselor \u0219i mango-ului. Cu o textur\u0103 fin\u0103 \u0219i aromat\u0103, \u00eembog\u0103\u021bit\u0103 cu migdale \u0219i caju, aceast\u0103 pr\u0103jitur\u0103 ofer\u0103 un echilibru perfect \u00eentre gustul dulce \u0219i citric, ideal pentru un r\u0103sf\u0103\u021b s\u0103n\u0103tos \u0219i plin de savoare.<\/p>\n<p>TERMEN DE LIVRARE: 48 ore LUCRATOARE de la plasarea comenzii.<\/p>","protected":false},"featured_media":1033,"comment_status":"open","ping_status":"closed","template":"","meta":[],"product_cat":[222],"product_tag":[],"woo-feed-brand":[],"yoast_head":"<!-- This site is optimized with the Yoast SEO plugin v22.5 - https:\/\/yoast.com\/wordpress\/plugins\/seo\/ -->\n<title>PRAJITURA CU LAMAIE - 100gr - DeliciousRaw<\/title>\n<meta name=\"robots\" content=\"index, follow, max-snippet:-1, max-image-preview:large, max-video-preview:-1\" \/>\n<link rel=\"canonical\" href=\"https:\/\/deliciousraw.ro\/en\/product\/prajitura-cu-lamaie-100gr\/\" \/>\n<meta property=\"og:locale\" content=\"en_US\" \/>\n<meta property=\"og:type\" content=\"article\" \/>\n<meta property=\"og:title\" content=\"PRAJITURA CU LAMAIE - 100gr - DeliciousRaw\" \/>\n<meta property=\"og:description\" content=\"Pr\u0103jitura cu l\u0103m\u00e2ie este un desert raw vegan r\u0103coritor \u0219i delicat, care combin\u0103 prospe\u021bimea l\u0103m\u00e2ii cu dulcea\u021ba natural\u0103 a caiselor \u0219i mango-ului. Cu o textur\u0103 fin\u0103 \u0219i aromat\u0103, \u00eembog\u0103\u021bit\u0103 cu migdale \u0219i caju, aceast\u0103 pr\u0103jitur\u0103 ofer\u0103 un echilibru perfect \u00eentre gustul dulce \u0219i citric, ideal pentru un r\u0103sf\u0103\u021b s\u0103n\u0103tos \u0219i plin de savoare.  TERMEN DE LIVRARE: 48 ore LUCRATOARE de la plasarea comenzii.\" \/>\n<meta property=\"og:url\" content=\"https:\/\/deliciousraw.ro\/en\/product\/prajitura-cu-lamaie-100gr\/\" \/>\n<meta property=\"og:site_name\" content=\"DeliciousRaw\" \/>\n<meta property=\"article:modified_time\" content=\"2025-08-16T12:22:42+00:00\" \/>\n<meta property=\"og:image\" content=\"https:\/\/deliciousraw.ro\/wp-content\/uploads\/2022\/07\/WhatsApp-Image-2022-12-07-at-16.42.46.jpeg\" \/>\n\t<meta property=\"og:image:width\" content=\"800\" \/>\n\t<meta property=\"og:image:height\" content=\"800\" \/>\n\t<meta property=\"og:image:type\" content=\"image\/jpeg\" \/>\n<meta name=\"twitter:card\" content=\"summary_large_image\" \/>\n<meta name=\"twitter:label1\" content=\"Est. reading time\" \/>\n\t<meta name=\"twitter:data1\" content=\"1 minute\" \/>\n<script type=\"application\/ld+json\" class=\"yoast-schema-graph\">{\"@context\":\"https:\/\/schema.org\",\"@graph\":[{\"@type\":\"WebPage\",\"@id\":\"https:\/\/deliciousraw.ro\/product\/prajitura-cu-lamaie-100gr\/\",\"url\":\"https:\/\/deliciousraw.ro\/product\/prajitura-cu-lamaie-100gr\/\",\"name\":\"PRAJITURA CU LAMAIE - 100gr - DeliciousRaw\",\"isPartOf\":{\"@id\":\"https:\/\/deliciousraw.ro\/#website\"},\"primaryImageOfPage\":{\"@id\":\"https:\/\/deliciousraw.ro\/product\/prajitura-cu-lamaie-100gr\/#primaryimage\"},\"image\":{\"@id\":\"https:\/\/deliciousraw.ro\/product\/prajitura-cu-lamaie-100gr\/#primaryimage\"},\"thumbnailUrl\":\"https:\/\/deliciousraw.ro\/wp-content\/uploads\/2022\/07\/WhatsApp-Image-2022-12-07-at-16.42.46.jpeg\",\"datePublished\":\"2022-07-13T20:02:17+00:00\",\"dateModified\":\"2025-08-16T12:22:42+00:00\",\"breadcrumb\":{\"@id\":\"https:\/\/deliciousraw.ro\/product\/prajitura-cu-lamaie-100gr\/#breadcrumb\"},\"inLanguage\":\"en-US\",\"potentialAction\":[{\"@type\":\"ReadAction\",\"target\":[\"https:\/\/deliciousraw.ro\/product\/prajitura-cu-lamaie-100gr\/\"]}]},{\"@type\":\"ImageObject\",\"inLanguage\":\"en-US\",\"@id\":\"https:\/\/deliciousraw.ro\/product\/prajitura-cu-lamaie-100gr\/#primaryimage\",\"url\":\"https:\/\/deliciousraw.ro\/wp-content\/uploads\/2022\/07\/WhatsApp-Image-2022-12-07-at-16.42.46.jpeg\",\"contentUrl\":\"https:\/\/deliciousraw.ro\/wp-content\/uploads\/2022\/07\/WhatsApp-Image-2022-12-07-at-16.42.46.jpeg\",\"width\":800,\"height\":800},{\"@type\":\"BreadcrumbList\",\"@id\":\"https:\/\/deliciousraw.ro\/product\/prajitura-cu-lamaie-100gr\/#breadcrumb\",\"itemListElement\":[{\"@type\":\"ListItem\",\"position\":1,\"name\":\"Prima pagin\u0103\",\"item\":\"https:\/\/deliciousraw.ro\/\"},{\"@type\":\"ListItem\",\"position\":2,\"name\":\"Shop\",\"item\":\"https:\/\/deliciousraw.ro\/shop\/\"},{\"@type\":\"ListItem\",\"position\":3,\"name\":\"PRAJITURA CU LAMAIE &#8211; 100gr\"}]},{\"@type\":\"WebSite\",\"@id\":\"https:\/\/deliciousraw.ro\/#website\",\"url\":\"https:\/\/deliciousraw.ro\/\",\"name\":\"DeliciousRaw\",\"description\":\"Dulciuri bune raw de tot!\",\"potentialAction\":[{\"@type\":\"SearchAction\",\"target\":{\"@type\":\"EntryPoint\",\"urlTemplate\":\"https:\/\/deliciousraw.ro\/?s={search_term_string}\"},\"query-input\":\"required name=search_term_string\"}],\"inLanguage\":\"en-US\"}]}<\/script>\n<!-- \/ Yoast SEO plugin. -->","yoast_head_json":{"title":"PRAJITURA CU LAMAIE - 100gr - DeliciousRaw","robots":{"index":"index","follow":"follow","max-snippet":"max-snippet:-1","max-image-preview":"max-image-preview:large","max-video-preview":"max-video-preview:-1"},"canonical":"https:\/\/deliciousraw.ro\/en\/product\/prajitura-cu-lamaie-100gr\/","og_locale":"en_US","og_type":"article","og_title":"PRAJITURA CU LAMAIE - 100gr - DeliciousRaw","og_description":"Pr\u0103jitura cu l\u0103m\u00e2ie este un desert raw vegan r\u0103coritor \u0219i delicat, care combin\u0103 prospe\u021bimea l\u0103m\u00e2ii cu dulcea\u021ba natural\u0103 a caiselor \u0219i mango-ului. Cu o textur\u0103 fin\u0103 \u0219i aromat\u0103, \u00eembog\u0103\u021bit\u0103 cu migdale \u0219i caju, aceast\u0103 pr\u0103jitur\u0103 ofer\u0103 un echilibru perfect \u00eentre gustul dulce \u0219i citric, ideal pentru un r\u0103sf\u0103\u021b s\u0103n\u0103tos \u0219i plin de savoare.  TERMEN DE LIVRARE: 48 ore LUCRATOARE de la plasarea comenzii.","og_url":"https:\/\/deliciousraw.ro\/en\/product\/prajitura-cu-lamaie-100gr\/","og_site_name":"DeliciousRaw","article_modified_time":"2025-08-16T12:22:42+00:00","og_image":[{"width":800,"height":800,"url":"https:\/\/deliciousraw.ro\/wp-content\/uploads\/2022\/07\/WhatsApp-Image-2022-12-07-at-16.42.46.jpeg","type":"image\/jpeg"}],"twitter_card":"summary_large_image","twitter_misc":{"Est. reading time":"1 minute"},"schema":{"@context":"https:\/\/schema.org","@graph":[{"@type":"WebPage","@id":"https:\/\/deliciousraw.ro\/product\/prajitura-cu-lamaie-100gr\/","url":"https:\/\/deliciousraw.ro\/product\/prajitura-cu-lamaie-100gr\/","name":"PRAJITURA CU LAMAIE - 100gr - DeliciousRaw","isPartOf":{"@id":"https:\/\/deliciousraw.ro\/#website"},"primaryImageOfPage":{"@id":"https:\/\/deliciousraw.ro\/product\/prajitura-cu-lamaie-100gr\/#primaryimage"},"image":{"@id":"https:\/\/deliciousraw.ro\/product\/prajitura-cu-lamaie-100gr\/#primaryimage"},"thumbnailUrl":"https:\/\/deliciousraw.ro\/wp-content\/uploads\/2022\/07\/WhatsApp-Image-2022-12-07-at-16.42.46.jpeg","datePublished":"2022-07-13T20:02:17+00:00","dateModified":"2025-08-16T12:22:42+00:00","breadcrumb":{"@id":"https:\/\/deliciousraw.ro\/product\/prajitura-cu-lamaie-100gr\/#breadcrumb"},"inLanguage":"en-US","potentialAction":[{"@type":"ReadAction","target":["https:\/\/deliciousraw.ro\/product\/prajitura-cu-lamaie-100gr\/"]}]},{"@type":"ImageObject","inLanguage":"en-US","@id":"https:\/\/deliciousraw.ro\/product\/prajitura-cu-lamaie-100gr\/#primaryimage","url":"https:\/\/deliciousraw.ro\/wp-content\/uploads\/2022\/07\/WhatsApp-Image-2022-12-07-at-16.42.46.jpeg","contentUrl":"https:\/\/deliciousraw.ro\/wp-content\/uploads\/2022\/07\/WhatsApp-Image-2022-12-07-at-16.42.46.jpeg","width":800,"height":800},{"@type":"BreadcrumbList","@id":"https:\/\/deliciousraw.ro\/product\/prajitura-cu-lamaie-100gr\/#breadcrumb","itemListElement":[{"@type":"ListItem","position":1,"name":"Prima pagin\u0103","item":"https:\/\/deliciousraw.ro\/"},{"@type":"ListItem","position":2,"name":"Shop","item":"https:\/\/deliciousraw.ro\/shop\/"},{"@type":"ListItem","position":3,"name":"PRAJITURA CU LAMAIE &#8211; 100gr"}]},{"@type":"WebSite","@id":"https:\/\/deliciousraw.ro\/#website","url":"https:\/\/deliciousraw.ro\/","name":"DeliciousRaw","description":"Dulciuri bune raw de tot!","potentialAction":[{"@type":"SearchAction","target":{"@type":"EntryPoint","urlTemplate":"https:\/\/deliciousraw.ro\/?s={search_term_string}"},"query-input":"required name=search_term_string"}],"inLanguage":"en-US"}]}},"_links":{"self":[{"href":"https:\/\/deliciousraw.ro\/en\/wp-json\/wp\/v2\/product\/682"}],"collection":[{"href":"https:\/\/deliciousraw.ro\/en\/wp-json\/wp\/v2\/product"}],"about":[{"href":"https:\/\/deliciousraw.ro\/en\/wp-json\/wp\/v2\/types\/product"}],"replies":[{"embeddable":true,"href":"https:\/\/deliciousraw.ro\/en\/wp-json\/wp\/v2\/comments?post=682"}],"wp:featuredmedia":[{"embeddable":true,"href":"https:\/\/deliciousraw.ro\/en\/wp-json\/wp\/v2\/media\/1033"}],"wp:attachment":[{"href":"https:\/\/deliciousraw.ro\/en\/wp-json\/wp\/v2\/media?parent=682"}],"wp:term":[{"taxonomy":"product_cat","embeddable":true,"href":"https:\/\/deliciousraw.ro\/en\/wp-json\/wp\/v2\/product_cat?post=682"},{"taxonomy":"product_tag","embeddable":true,"href":"https:\/\/deliciousraw.ro\/en\/wp-json\/wp\/v2\/product_tag?post=682"},{"taxonomy":"woo-feed-brand","embeddable":true,"href":"https:\/\/deliciousraw.ro\/en\/wp-json\/wp\/v2\/woo-feed-brand?post=682"}],"curies":[{"name":"wp","href":"https:\/\/api.w.org\/{rel}","templated":true}]}}