{"id":680,"date":"2022-07-13T22:57:52","date_gmt":"2022-07-13T19:57:52","guid":{"rendered":"https:\/\/deliciousraw.ro\/?post_type=product&#038;p=680"},"modified":"2025-11-27T13:46:42","modified_gmt":"2025-11-27T11:46:42","slug":"rulada-stracciattela-100gr","status":"publish","type":"product","link":"https:\/\/deliciousraw.ro\/en\/product\/rulada-stracciattela-100gr\/","title":{"rendered":"RULADA STRACCIATTELA &#8211; 1000gr"},"content":{"rendered":"<div><strong>INGREDIENTE:<\/strong> migdale, f\u0103in\u0103 de in, agave, cacao alcalin\u0103, caju, ulei de cocos, cocos r\u0103zuit, mas\u0103 de cacao, unt de cacao<\/div>\n<div><\/div>\n<div><em><strong>ALERGENI: MIGDALE, CAJU<\/strong><\/em><\/div>\n<div><\/div>\n<div>Valori nutritionale \/ portie (100g)<br \/>\nValoare energetic\u0103: 2155.9 Kj\/515.27 Kcal, Gr\u0103simi: 40.41g, Gr\u0103simi saturate: 18.26g, Glucide: 30.01g,<br \/>\nZaharuri: 15.37g, Proteine: 8.87g, Sare: 0.41g<\/div>","protected":false},"excerpt":{"rendered":"<p>Rulada Stracciatella este un desert raw vegan fin \u0219i cremos, ce combin\u0103 migdalele \u0219i caju-ul cu buc\u0103\u021bele crocante de ciocolat\u0103. Aromele delicate de cacao \u0219i cocos se \u00eembin\u0103 perfect, oferind o textur\u0103 catifelat\u0103 \u0219i un gust echilibrat, ideal pentru un r\u0103sf\u0103\u021b s\u0103n\u0103tos \u0219i sofisticat, inspirat de clasica Stracciatella.<\/p>\n<p>TERMEN DE LIVRARE: 48 ore LUCRATOARE de la plasarea comenzii.<\/p>","protected":false},"featured_media":1035,"comment_status":"open","ping_status":"closed","template":"","meta":[],"product_cat":[222],"product_tag":[],"woo-feed-brand":[],"yoast_head":"<!-- This site is optimized with the Yoast SEO plugin v22.5 - https:\/\/yoast.com\/wordpress\/plugins\/seo\/ -->\n<title>RULADA STRACCIATTELA - 1000gr - DeliciousRaw<\/title>\n<meta name=\"robots\" content=\"index, follow, max-snippet:-1, max-image-preview:large, max-video-preview:-1\" \/>\n<link rel=\"canonical\" href=\"https:\/\/deliciousraw.ro\/en\/product\/rulada-stracciattela-100gr\/\" \/>\n<meta property=\"og:locale\" content=\"en_US\" \/>\n<meta property=\"og:type\" content=\"article\" \/>\n<meta property=\"og:title\" content=\"RULADA STRACCIATTELA - 1000gr - DeliciousRaw\" \/>\n<meta property=\"og:description\" content=\"Rulada Stracciatella este un desert raw vegan fin \u0219i cremos, ce combin\u0103 migdalele \u0219i caju-ul cu buc\u0103\u021bele crocante de ciocolat\u0103. Aromele delicate de cacao \u0219i cocos se \u00eembin\u0103 perfect, oferind o textur\u0103 catifelat\u0103 \u0219i un gust echilibrat, ideal pentru un r\u0103sf\u0103\u021b s\u0103n\u0103tos \u0219i sofisticat, inspirat de clasica Stracciatella.  TERMEN DE LIVRARE: 48 ore LUCRATOARE de la plasarea comenzii.\" \/>\n<meta property=\"og:url\" content=\"https:\/\/deliciousraw.ro\/en\/product\/rulada-stracciattela-100gr\/\" \/>\n<meta property=\"og:site_name\" content=\"DeliciousRaw\" \/>\n<meta property=\"article:modified_time\" content=\"2025-11-27T11:46:42+00:00\" \/>\n<meta property=\"og:image\" content=\"https:\/\/deliciousraw.ro\/wp-content\/uploads\/2022\/07\/straciatela-1200x800.png\" \/>\n\t<meta property=\"og:image:width\" content=\"1200\" \/>\n\t<meta property=\"og:image:height\" content=\"800\" \/>\n\t<meta property=\"og:image:type\" content=\"image\/png\" \/>\n<meta name=\"twitter:card\" content=\"summary_large_image\" \/>\n<meta name=\"twitter:label1\" content=\"Est. reading time\" \/>\n\t<meta name=\"twitter:data1\" content=\"1 minute\" \/>\n<script type=\"application\/ld+json\" class=\"yoast-schema-graph\">{\"@context\":\"https:\/\/schema.org\",\"@graph\":[{\"@type\":\"WebPage\",\"@id\":\"https:\/\/deliciousraw.ro\/product\/rulada-stracciattela-100gr\/\",\"url\":\"https:\/\/deliciousraw.ro\/product\/rulada-stracciattela-100gr\/\",\"name\":\"RULADA STRACCIATTELA - 1000gr - DeliciousRaw\",\"isPartOf\":{\"@id\":\"https:\/\/deliciousraw.ro\/#website\"},\"primaryImageOfPage\":{\"@id\":\"https:\/\/deliciousraw.ro\/product\/rulada-stracciattela-100gr\/#primaryimage\"},\"image\":{\"@id\":\"https:\/\/deliciousraw.ro\/product\/rulada-stracciattela-100gr\/#primaryimage\"},\"thumbnailUrl\":\"https:\/\/deliciousraw.ro\/wp-content\/uploads\/2022\/07\/straciatela.png\",\"datePublished\":\"2022-07-13T19:57:52+00:00\",\"dateModified\":\"2025-11-27T11:46:42+00:00\",\"breadcrumb\":{\"@id\":\"https:\/\/deliciousraw.ro\/product\/rulada-stracciattela-100gr\/#breadcrumb\"},\"inLanguage\":\"en-US\",\"potentialAction\":[{\"@type\":\"ReadAction\",\"target\":[\"https:\/\/deliciousraw.ro\/product\/rulada-stracciattela-100gr\/\"]}]},{\"@type\":\"ImageObject\",\"inLanguage\":\"en-US\",\"@id\":\"https:\/\/deliciousraw.ro\/product\/rulada-stracciattela-100gr\/#primaryimage\",\"url\":\"https:\/\/deliciousraw.ro\/wp-content\/uploads\/2022\/07\/straciatela.png\",\"contentUrl\":\"https:\/\/deliciousraw.ro\/wp-content\/uploads\/2022\/07\/straciatela.png\",\"width\":1944,\"height\":1296},{\"@type\":\"BreadcrumbList\",\"@id\":\"https:\/\/deliciousraw.ro\/product\/rulada-stracciattela-100gr\/#breadcrumb\",\"itemListElement\":[{\"@type\":\"ListItem\",\"position\":1,\"name\":\"Prima pagin\u0103\",\"item\":\"https:\/\/deliciousraw.ro\/\"},{\"@type\":\"ListItem\",\"position\":2,\"name\":\"Shop\",\"item\":\"https:\/\/deliciousraw.ro\/shop\/\"},{\"@type\":\"ListItem\",\"position\":3,\"name\":\"RULADA STRACCIATTELA &#8211; 1000gr\"}]},{\"@type\":\"WebSite\",\"@id\":\"https:\/\/deliciousraw.ro\/#website\",\"url\":\"https:\/\/deliciousraw.ro\/\",\"name\":\"DeliciousRaw\",\"description\":\"Dulciuri bune raw de tot!\",\"potentialAction\":[{\"@type\":\"SearchAction\",\"target\":{\"@type\":\"EntryPoint\",\"urlTemplate\":\"https:\/\/deliciousraw.ro\/?s={search_term_string}\"},\"query-input\":\"required name=search_term_string\"}],\"inLanguage\":\"en-US\"}]}<\/script>\n<!-- \/ Yoast SEO plugin. -->","yoast_head_json":{"title":"RULADA STRACCIATTELA - 1000gr - DeliciousRaw","robots":{"index":"index","follow":"follow","max-snippet":"max-snippet:-1","max-image-preview":"max-image-preview:large","max-video-preview":"max-video-preview:-1"},"canonical":"https:\/\/deliciousraw.ro\/en\/product\/rulada-stracciattela-100gr\/","og_locale":"en_US","og_type":"article","og_title":"RULADA STRACCIATTELA - 1000gr - DeliciousRaw","og_description":"Rulada Stracciatella este un desert raw vegan fin \u0219i cremos, ce combin\u0103 migdalele \u0219i caju-ul cu buc\u0103\u021bele crocante de ciocolat\u0103. Aromele delicate de cacao \u0219i cocos se \u00eembin\u0103 perfect, oferind o textur\u0103 catifelat\u0103 \u0219i un gust echilibrat, ideal pentru un r\u0103sf\u0103\u021b s\u0103n\u0103tos \u0219i sofisticat, inspirat de clasica Stracciatella.  TERMEN DE LIVRARE: 48 ore LUCRATOARE de la plasarea comenzii.","og_url":"https:\/\/deliciousraw.ro\/en\/product\/rulada-stracciattela-100gr\/","og_site_name":"DeliciousRaw","article_modified_time":"2025-11-27T11:46:42+00:00","og_image":[{"width":1200,"height":800,"url":"https:\/\/deliciousraw.ro\/wp-content\/uploads\/2022\/07\/straciatela-1200x800.png","type":"image\/png"}],"twitter_card":"summary_large_image","twitter_misc":{"Est. reading time":"1 minute"},"schema":{"@context":"https:\/\/schema.org","@graph":[{"@type":"WebPage","@id":"https:\/\/deliciousraw.ro\/product\/rulada-stracciattela-100gr\/","url":"https:\/\/deliciousraw.ro\/product\/rulada-stracciattela-100gr\/","name":"RULADA STRACCIATTELA - 1000gr - DeliciousRaw","isPartOf":{"@id":"https:\/\/deliciousraw.ro\/#website"},"primaryImageOfPage":{"@id":"https:\/\/deliciousraw.ro\/product\/rulada-stracciattela-100gr\/#primaryimage"},"image":{"@id":"https:\/\/deliciousraw.ro\/product\/rulada-stracciattela-100gr\/#primaryimage"},"thumbnailUrl":"https:\/\/deliciousraw.ro\/wp-content\/uploads\/2022\/07\/straciatela.png","datePublished":"2022-07-13T19:57:52+00:00","dateModified":"2025-11-27T11:46:42+00:00","breadcrumb":{"@id":"https:\/\/deliciousraw.ro\/product\/rulada-stracciattela-100gr\/#breadcrumb"},"inLanguage":"en-US","potentialAction":[{"@type":"ReadAction","target":["https:\/\/deliciousraw.ro\/product\/rulada-stracciattela-100gr\/"]}]},{"@type":"ImageObject","inLanguage":"en-US","@id":"https:\/\/deliciousraw.ro\/product\/rulada-stracciattela-100gr\/#primaryimage","url":"https:\/\/deliciousraw.ro\/wp-content\/uploads\/2022\/07\/straciatela.png","contentUrl":"https:\/\/deliciousraw.ro\/wp-content\/uploads\/2022\/07\/straciatela.png","width":1944,"height":1296},{"@type":"BreadcrumbList","@id":"https:\/\/deliciousraw.ro\/product\/rulada-stracciattela-100gr\/#breadcrumb","itemListElement":[{"@type":"ListItem","position":1,"name":"Prima pagin\u0103","item":"https:\/\/deliciousraw.ro\/"},{"@type":"ListItem","position":2,"name":"Shop","item":"https:\/\/deliciousraw.ro\/shop\/"},{"@type":"ListItem","position":3,"name":"RULADA STRACCIATTELA &#8211; 1000gr"}]},{"@type":"WebSite","@id":"https:\/\/deliciousraw.ro\/#website","url":"https:\/\/deliciousraw.ro\/","name":"DeliciousRaw","description":"Dulciuri bune raw de tot!","potentialAction":[{"@type":"SearchAction","target":{"@type":"EntryPoint","urlTemplate":"https:\/\/deliciousraw.ro\/?s={search_term_string}"},"query-input":"required name=search_term_string"}],"inLanguage":"en-US"}]}},"_links":{"self":[{"href":"https:\/\/deliciousraw.ro\/en\/wp-json\/wp\/v2\/product\/680"}],"collection":[{"href":"https:\/\/deliciousraw.ro\/en\/wp-json\/wp\/v2\/product"}],"about":[{"href":"https:\/\/deliciousraw.ro\/en\/wp-json\/wp\/v2\/types\/product"}],"replies":[{"embeddable":true,"href":"https:\/\/deliciousraw.ro\/en\/wp-json\/wp\/v2\/comments?post=680"}],"wp:featuredmedia":[{"embeddable":true,"href":"https:\/\/deliciousraw.ro\/en\/wp-json\/wp\/v2\/media\/1035"}],"wp:attachment":[{"href":"https:\/\/deliciousraw.ro\/en\/wp-json\/wp\/v2\/media?parent=680"}],"wp:term":[{"taxonomy":"product_cat","embeddable":true,"href":"https:\/\/deliciousraw.ro\/en\/wp-json\/wp\/v2\/product_cat?post=680"},{"taxonomy":"product_tag","embeddable":true,"href":"https:\/\/deliciousraw.ro\/en\/wp-json\/wp\/v2\/product_tag?post=680"},{"taxonomy":"woo-feed-brand","embeddable":true,"href":"https:\/\/deliciousraw.ro\/en\/wp-json\/wp\/v2\/woo-feed-brand?post=680"}],"curies":[{"name":"wp","href":"https:\/\/api.w.org\/{rel}","templated":true}]}}