{"id":679,"date":"2022-07-13T22:56:27","date_gmt":"2022-07-13T19:56:27","guid":{"rendered":"https:\/\/deliciousraw.ro\/?post_type=product&#038;p=679"},"modified":"2026-04-18T18:28:49","modified_gmt":"2026-04-18T15:28:49","slug":"cozonac-100gr","status":"publish","type":"product","link":"https:\/\/deliciousraw.ro\/en\/product\/cozonac-100gr\/","title":{"rendered":"COZONAC &#8211; 1000gr"},"content":{"rendered":"<div><strong>INGREDIENTE:<\/strong> caju, miere, ulei de cocos, curmale, nuc\u0103 rom\u00e2neasc\u0103, stafide, rom, vanilie, cacao natural\u0103, fistic<\/div>\n<div><\/div>\n<div><em><strong>ALERGENI: CAJU, FISTIC, NUC\u0102<\/strong><\/em><\/div>\n<div><\/div>\n<div><strong>Valori nutri\u021bionale\/por\u021bie (100g):<\/strong><\/div>\n<div>Valoare energetic\u0103: 2083.33 Kj \/ 497.93 KCal<\/div>\n<div>Gr\u0103simi: 33.75 g<\/div>\n<div>Acizi gra\u0219i satura\u021bi: 8.52 g<\/div>\n<div>Glucide: 43.1 g; Zaharuri: 5.19 g<\/div>\n<div>Proteine: 10.3 g<\/div>\n<div>Sare: 0.01 g<\/div>","protected":false},"excerpt":{"rendered":"<p>Cozonacul raw vegan este un desert tradi\u021bional reinterpretat, care combin\u0103 nuca rom\u00e2neasc\u0103 \u0219i caju-ul cremos cu dulcea\u021ba natural\u0103 a curmalelor \u0219i stafidelor. Aromatizat cu rom \u0219i vanilie \u0219i \u00eembog\u0103\u021bit cu note fine de cacao \u0219i fistic, acest cozonac ofer\u0103 o textur\u0103 pufoas\u0103 \u0219i un gust echilibrat, perfect pentru un r\u0103sf\u0103\u021b s\u0103n\u0103tos \u0219i plin de savoare autentic\u0103.<\/p>\n<p>TERMEN DE LIVRARE: 48 ore de la plasarea comenzii<\/p>","protected":false},"featured_media":1590,"comment_status":"open","ping_status":"closed","template":"","meta":[],"product_cat":[222],"product_tag":[],"woo-feed-brand":[],"yoast_head":"<!-- This site is optimized with the Yoast SEO plugin v22.5 - https:\/\/yoast.com\/wordpress\/plugins\/seo\/ -->\n<title>COZONAC - 1000gr - DeliciousRaw<\/title>\n<meta name=\"robots\" content=\"index, follow, max-snippet:-1, max-image-preview:large, max-video-preview:-1\" \/>\n<link rel=\"canonical\" href=\"https:\/\/deliciousraw.ro\/en\/product\/cozonac-100gr\/\" \/>\n<meta property=\"og:locale\" content=\"en_US\" \/>\n<meta property=\"og:type\" content=\"article\" \/>\n<meta property=\"og:title\" content=\"COZONAC - 1000gr - DeliciousRaw\" \/>\n<meta property=\"og:description\" content=\"Cozonacul raw vegan este un desert tradi\u021bional reinterpretat, care combin\u0103 nuca rom\u00e2neasc\u0103 \u0219i caju-ul cremos cu dulcea\u021ba natural\u0103 a curmalelor \u0219i stafidelor. Aromatizat cu rom \u0219i vanilie \u0219i \u00eembog\u0103\u021bit cu note fine de cacao \u0219i fistic, acest cozonac ofer\u0103 o textur\u0103 pufoas\u0103 \u0219i un gust echilibrat, perfect pentru un r\u0103sf\u0103\u021b s\u0103n\u0103tos \u0219i plin de savoare autentic\u0103.  TERMEN DE LIVRARE: 48 ore de la plasarea comenzii\" \/>\n<meta property=\"og:url\" content=\"https:\/\/deliciousraw.ro\/en\/product\/cozonac-100gr\/\" \/>\n<meta property=\"og:site_name\" content=\"DeliciousRaw\" \/>\n<meta property=\"article:modified_time\" content=\"2026-04-18T15:28:49+00:00\" \/>\n<meta property=\"og:image\" content=\"https:\/\/deliciousraw.ro\/wp-content\/uploads\/2022\/07\/WhatsApp-Image-2026-03-30-at-15.24.08-1.jpeg\" \/>\n\t<meta property=\"og:image:width\" content=\"896\" \/>\n\t<meta property=\"og:image:height\" content=\"1195\" \/>\n\t<meta property=\"og:image:type\" content=\"image\/jpeg\" \/>\n<meta name=\"twitter:card\" content=\"summary_large_image\" \/>\n<meta name=\"twitter:label1\" content=\"Est. reading time\" \/>\n\t<meta name=\"twitter:data1\" content=\"1 minute\" \/>\n<script type=\"application\/ld+json\" class=\"yoast-schema-graph\">{\"@context\":\"https:\/\/schema.org\",\"@graph\":[{\"@type\":\"WebPage\",\"@id\":\"https:\/\/deliciousraw.ro\/product\/cozonac-100gr\/\",\"url\":\"https:\/\/deliciousraw.ro\/product\/cozonac-100gr\/\",\"name\":\"COZONAC - 1000gr - DeliciousRaw\",\"isPartOf\":{\"@id\":\"https:\/\/deliciousraw.ro\/#website\"},\"primaryImageOfPage\":{\"@id\":\"https:\/\/deliciousraw.ro\/product\/cozonac-100gr\/#primaryimage\"},\"image\":{\"@id\":\"https:\/\/deliciousraw.ro\/product\/cozonac-100gr\/#primaryimage\"},\"thumbnailUrl\":\"https:\/\/deliciousraw.ro\/wp-content\/uploads\/2022\/07\/WhatsApp-Image-2026-03-30-at-15.24.08-1.jpeg\",\"datePublished\":\"2022-07-13T19:56:27+00:00\",\"dateModified\":\"2026-04-18T15:28:49+00:00\",\"breadcrumb\":{\"@id\":\"https:\/\/deliciousraw.ro\/product\/cozonac-100gr\/#breadcrumb\"},\"inLanguage\":\"en-US\",\"potentialAction\":[{\"@type\":\"ReadAction\",\"target\":[\"https:\/\/deliciousraw.ro\/product\/cozonac-100gr\/\"]}]},{\"@type\":\"ImageObject\",\"inLanguage\":\"en-US\",\"@id\":\"https:\/\/deliciousraw.ro\/product\/cozonac-100gr\/#primaryimage\",\"url\":\"https:\/\/deliciousraw.ro\/wp-content\/uploads\/2022\/07\/WhatsApp-Image-2026-03-30-at-15.24.08-1.jpeg\",\"contentUrl\":\"https:\/\/deliciousraw.ro\/wp-content\/uploads\/2022\/07\/WhatsApp-Image-2026-03-30-at-15.24.08-1.jpeg\",\"width\":896,\"height\":1195},{\"@type\":\"BreadcrumbList\",\"@id\":\"https:\/\/deliciousraw.ro\/product\/cozonac-100gr\/#breadcrumb\",\"itemListElement\":[{\"@type\":\"ListItem\",\"position\":1,\"name\":\"Prima pagin\u0103\",\"item\":\"https:\/\/deliciousraw.ro\/\"},{\"@type\":\"ListItem\",\"position\":2,\"name\":\"Shop\",\"item\":\"https:\/\/deliciousraw.ro\/shop\/\"},{\"@type\":\"ListItem\",\"position\":3,\"name\":\"COZONAC &#8211; 1000gr\"}]},{\"@type\":\"WebSite\",\"@id\":\"https:\/\/deliciousraw.ro\/#website\",\"url\":\"https:\/\/deliciousraw.ro\/\",\"name\":\"DeliciousRaw\",\"description\":\"Dulciuri bune raw de tot!\",\"potentialAction\":[{\"@type\":\"SearchAction\",\"target\":{\"@type\":\"EntryPoint\",\"urlTemplate\":\"https:\/\/deliciousraw.ro\/?s={search_term_string}\"},\"query-input\":\"required name=search_term_string\"}],\"inLanguage\":\"en-US\"}]}<\/script>\n<!-- \/ Yoast SEO plugin. -->","yoast_head_json":{"title":"COZONAC - 1000gr - DeliciousRaw","robots":{"index":"index","follow":"follow","max-snippet":"max-snippet:-1","max-image-preview":"max-image-preview:large","max-video-preview":"max-video-preview:-1"},"canonical":"https:\/\/deliciousraw.ro\/en\/product\/cozonac-100gr\/","og_locale":"en_US","og_type":"article","og_title":"COZONAC - 1000gr - DeliciousRaw","og_description":"Cozonacul raw vegan este un desert tradi\u021bional reinterpretat, care combin\u0103 nuca rom\u00e2neasc\u0103 \u0219i caju-ul cremos cu dulcea\u021ba natural\u0103 a curmalelor \u0219i stafidelor. Aromatizat cu rom \u0219i vanilie \u0219i \u00eembog\u0103\u021bit cu note fine de cacao \u0219i fistic, acest cozonac ofer\u0103 o textur\u0103 pufoas\u0103 \u0219i un gust echilibrat, perfect pentru un r\u0103sf\u0103\u021b s\u0103n\u0103tos \u0219i plin de savoare autentic\u0103.  TERMEN DE LIVRARE: 48 ore de la plasarea comenzii","og_url":"https:\/\/deliciousraw.ro\/en\/product\/cozonac-100gr\/","og_site_name":"DeliciousRaw","article_modified_time":"2026-04-18T15:28:49+00:00","og_image":[{"width":896,"height":1195,"url":"https:\/\/deliciousraw.ro\/wp-content\/uploads\/2022\/07\/WhatsApp-Image-2026-03-30-at-15.24.08-1.jpeg","type":"image\/jpeg"}],"twitter_card":"summary_large_image","twitter_misc":{"Est. reading time":"1 minute"},"schema":{"@context":"https:\/\/schema.org","@graph":[{"@type":"WebPage","@id":"https:\/\/deliciousraw.ro\/product\/cozonac-100gr\/","url":"https:\/\/deliciousraw.ro\/product\/cozonac-100gr\/","name":"COZONAC - 1000gr - DeliciousRaw","isPartOf":{"@id":"https:\/\/deliciousraw.ro\/#website"},"primaryImageOfPage":{"@id":"https:\/\/deliciousraw.ro\/product\/cozonac-100gr\/#primaryimage"},"image":{"@id":"https:\/\/deliciousraw.ro\/product\/cozonac-100gr\/#primaryimage"},"thumbnailUrl":"https:\/\/deliciousraw.ro\/wp-content\/uploads\/2022\/07\/WhatsApp-Image-2026-03-30-at-15.24.08-1.jpeg","datePublished":"2022-07-13T19:56:27+00:00","dateModified":"2026-04-18T15:28:49+00:00","breadcrumb":{"@id":"https:\/\/deliciousraw.ro\/product\/cozonac-100gr\/#breadcrumb"},"inLanguage":"en-US","potentialAction":[{"@type":"ReadAction","target":["https:\/\/deliciousraw.ro\/product\/cozonac-100gr\/"]}]},{"@type":"ImageObject","inLanguage":"en-US","@id":"https:\/\/deliciousraw.ro\/product\/cozonac-100gr\/#primaryimage","url":"https:\/\/deliciousraw.ro\/wp-content\/uploads\/2022\/07\/WhatsApp-Image-2026-03-30-at-15.24.08-1.jpeg","contentUrl":"https:\/\/deliciousraw.ro\/wp-content\/uploads\/2022\/07\/WhatsApp-Image-2026-03-30-at-15.24.08-1.jpeg","width":896,"height":1195},{"@type":"BreadcrumbList","@id":"https:\/\/deliciousraw.ro\/product\/cozonac-100gr\/#breadcrumb","itemListElement":[{"@type":"ListItem","position":1,"name":"Prima pagin\u0103","item":"https:\/\/deliciousraw.ro\/"},{"@type":"ListItem","position":2,"name":"Shop","item":"https:\/\/deliciousraw.ro\/shop\/"},{"@type":"ListItem","position":3,"name":"COZONAC &#8211; 1000gr"}]},{"@type":"WebSite","@id":"https:\/\/deliciousraw.ro\/#website","url":"https:\/\/deliciousraw.ro\/","name":"DeliciousRaw","description":"Dulciuri bune raw de tot!","potentialAction":[{"@type":"SearchAction","target":{"@type":"EntryPoint","urlTemplate":"https:\/\/deliciousraw.ro\/?s={search_term_string}"},"query-input":"required name=search_term_string"}],"inLanguage":"en-US"}]}},"_links":{"self":[{"href":"https:\/\/deliciousraw.ro\/en\/wp-json\/wp\/v2\/product\/679"}],"collection":[{"href":"https:\/\/deliciousraw.ro\/en\/wp-json\/wp\/v2\/product"}],"about":[{"href":"https:\/\/deliciousraw.ro\/en\/wp-json\/wp\/v2\/types\/product"}],"replies":[{"embeddable":true,"href":"https:\/\/deliciousraw.ro\/en\/wp-json\/wp\/v2\/comments?post=679"}],"wp:featuredmedia":[{"embeddable":true,"href":"https:\/\/deliciousraw.ro\/en\/wp-json\/wp\/v2\/media\/1590"}],"wp:attachment":[{"href":"https:\/\/deliciousraw.ro\/en\/wp-json\/wp\/v2\/media?parent=679"}],"wp:term":[{"taxonomy":"product_cat","embeddable":true,"href":"https:\/\/deliciousraw.ro\/en\/wp-json\/wp\/v2\/product_cat?post=679"},{"taxonomy":"product_tag","embeddable":true,"href":"https:\/\/deliciousraw.ro\/en\/wp-json\/wp\/v2\/product_tag?post=679"},{"taxonomy":"woo-feed-brand","embeddable":true,"href":"https:\/\/deliciousraw.ro\/en\/wp-json\/wp\/v2\/woo-feed-brand?post=679"}],"curies":[{"name":"wp","href":"https:\/\/api.w.org\/{rel}","templated":true}]}}