{"id":675,"date":"2022-07-13T22:49:24","date_gmt":"2022-07-13T19:49:24","guid":{"rendered":"https:\/\/deliciousraw.ro\/?post_type=product&#038;p=675"},"modified":"2025-08-16T15:37:34","modified_gmt":"2025-08-16T12:37:34","slug":"cheese-cake-cu-mango-si-catina-100gr","status":"publish","type":"product","link":"https:\/\/deliciousraw.ro\/en\/product\/cheese-cake-cu-mango-si-catina-100gr\/","title":{"rendered":"CHEESECAKE CU MANGO SI PORTOCALA &#8211; 1000gr"},"content":{"rendered":"<div><strong>INGREDIENTE:<\/strong> migdale, caise, caju, mango, c\u0103tin\u0103, \u0219tevie, l\u0103m\u00e2ie, portocal\u0103, ulei de cocos, unt de cacao<\/div>\n<div><\/div>\n<div><em><strong>ALERGENI: CAJU, MIGDALE<\/strong><\/em><\/div>\n<div><\/div>\n<div><strong>Valori nutri\u021bionale\/por\u021bie (100g):<\/strong><\/div>\n<div>Valoare energetic\u0103: 1396.63 Kj \/ 333.8 KCal<\/div>\n<div>Gr\u0103simi: 28.73 g<\/div>\n<div>Acizi gra\u0219i satura\u021bi: 12.87 g<\/div>\n<div>Glucide: 16.13 g; Zaharuri: 2.42 g<\/div>\n<div>Proteine: 6.25 g<\/div>\n<div>Sare: 0 g<\/div>","protected":false},"excerpt":{"rendered":"<p>Cheesecake-ul raw vegan cu mango \u0219i portocale este un desert exotic \u0219i revigorant, ce combin\u0103 cremozitatea caju-ului cu aromele dulci \u0219i fructate ale mango-ului \u0219i portocalelor. \u00cembog\u0103\u021bit cu migdale \u0219i c\u0103tin\u0103 pentru un plus de savoare, acest cheesecake ofer\u0103 o textur\u0103 fin\u0103 \u0219i un gust proasp\u0103t, ideal pentru un r\u0103sf\u0103\u021b s\u0103n\u0103tos \u0219i plin de energie.<\/p>\n<p>&nbsp;<\/p>\n<p>TERMEN DE LIVRARE: 48 ore LUCRATOARE de la plasarea comenzii.<\/p>","protected":false},"featured_media":1053,"comment_status":"open","ping_status":"closed","template":"","meta":[],"product_cat":[221],"product_tag":[],"woo-feed-brand":[],"yoast_head":"<!-- This site is optimized with the Yoast SEO plugin v22.5 - https:\/\/yoast.com\/wordpress\/plugins\/seo\/ -->\n<title>CHEESECAKE CU MANGO SI PORTOCALA - 1000gr - DeliciousRaw<\/title>\n<meta name=\"robots\" content=\"index, follow, max-snippet:-1, max-image-preview:large, max-video-preview:-1\" \/>\n<link rel=\"canonical\" href=\"https:\/\/deliciousraw.ro\/en\/product\/cheese-cake-cu-mango-si-catina-100gr\/\" \/>\n<meta property=\"og:locale\" content=\"en_US\" \/>\n<meta property=\"og:type\" content=\"article\" \/>\n<meta property=\"og:title\" content=\"CHEESECAKE CU MANGO SI PORTOCALA - 1000gr - DeliciousRaw\" \/>\n<meta property=\"og:description\" content=\"Cheesecake-ul raw vegan cu mango \u0219i portocale este un desert exotic \u0219i revigorant, ce combin\u0103 cremozitatea caju-ului cu aromele dulci \u0219i fructate ale mango-ului \u0219i portocalelor. \u00cembog\u0103\u021bit cu migdale \u0219i c\u0103tin\u0103 pentru un plus de savoare, acest cheesecake ofer\u0103 o textur\u0103 fin\u0103 \u0219i un gust proasp\u0103t, ideal pentru un r\u0103sf\u0103\u021b s\u0103n\u0103tos \u0219i plin de energie.  &nbsp;  TERMEN DE LIVRARE: 48 ore LUCRATOARE de la plasarea comenzii.\" \/>\n<meta property=\"og:url\" content=\"https:\/\/deliciousraw.ro\/en\/product\/cheese-cake-cu-mango-si-catina-100gr\/\" \/>\n<meta property=\"og:site_name\" content=\"DeliciousRaw\" \/>\n<meta property=\"article:modified_time\" content=\"2025-08-16T12:37:34+00:00\" \/>\n<meta property=\"og:image\" content=\"https:\/\/deliciousraw.ro\/wp-content\/uploads\/2022\/07\/cheese-cake-cu-mango-si-top-de-catina-cu-portocala-2.jpeg\" \/>\n\t<meta property=\"og:image:width\" content=\"1350\" \/>\n\t<meta property=\"og:image:height\" content=\"1066\" \/>\n\t<meta property=\"og:image:type\" content=\"image\/jpeg\" \/>\n<meta name=\"twitter:card\" content=\"summary_large_image\" \/>\n<meta name=\"twitter:label1\" content=\"Est. reading time\" \/>\n\t<meta name=\"twitter:data1\" content=\"1 minute\" \/>\n<script type=\"application\/ld+json\" class=\"yoast-schema-graph\">{\"@context\":\"https:\/\/schema.org\",\"@graph\":[{\"@type\":\"WebPage\",\"@id\":\"https:\/\/deliciousraw.ro\/product\/cheese-cake-cu-mango-si-catina-100gr\/\",\"url\":\"https:\/\/deliciousraw.ro\/product\/cheese-cake-cu-mango-si-catina-100gr\/\",\"name\":\"CHEESECAKE CU MANGO SI PORTOCALA - 1000gr - DeliciousRaw\",\"isPartOf\":{\"@id\":\"https:\/\/deliciousraw.ro\/#website\"},\"primaryImageOfPage\":{\"@id\":\"https:\/\/deliciousraw.ro\/product\/cheese-cake-cu-mango-si-catina-100gr\/#primaryimage\"},\"image\":{\"@id\":\"https:\/\/deliciousraw.ro\/product\/cheese-cake-cu-mango-si-catina-100gr\/#primaryimage\"},\"thumbnailUrl\":\"https:\/\/deliciousraw.ro\/wp-content\/uploads\/2022\/07\/cheese-cake-cu-mango-si-top-de-catina-cu-portocala-2.jpeg\",\"datePublished\":\"2022-07-13T19:49:24+00:00\",\"dateModified\":\"2025-08-16T12:37:34+00:00\",\"breadcrumb\":{\"@id\":\"https:\/\/deliciousraw.ro\/product\/cheese-cake-cu-mango-si-catina-100gr\/#breadcrumb\"},\"inLanguage\":\"en-US\",\"potentialAction\":[{\"@type\":\"ReadAction\",\"target\":[\"https:\/\/deliciousraw.ro\/product\/cheese-cake-cu-mango-si-catina-100gr\/\"]}]},{\"@type\":\"ImageObject\",\"inLanguage\":\"en-US\",\"@id\":\"https:\/\/deliciousraw.ro\/product\/cheese-cake-cu-mango-si-catina-100gr\/#primaryimage\",\"url\":\"https:\/\/deliciousraw.ro\/wp-content\/uploads\/2022\/07\/cheese-cake-cu-mango-si-top-de-catina-cu-portocala-2.jpeg\",\"contentUrl\":\"https:\/\/deliciousraw.ro\/wp-content\/uploads\/2022\/07\/cheese-cake-cu-mango-si-top-de-catina-cu-portocala-2.jpeg\",\"width\":1350,\"height\":1066},{\"@type\":\"BreadcrumbList\",\"@id\":\"https:\/\/deliciousraw.ro\/product\/cheese-cake-cu-mango-si-catina-100gr\/#breadcrumb\",\"itemListElement\":[{\"@type\":\"ListItem\",\"position\":1,\"name\":\"Prima pagin\u0103\",\"item\":\"https:\/\/deliciousraw.ro\/\"},{\"@type\":\"ListItem\",\"position\":2,\"name\":\"Shop\",\"item\":\"https:\/\/deliciousraw.ro\/shop\/\"},{\"@type\":\"ListItem\",\"position\":3,\"name\":\"CHEESECAKE CU MANGO SI PORTOCALA &#8211; 1000gr\"}]},{\"@type\":\"WebSite\",\"@id\":\"https:\/\/deliciousraw.ro\/#website\",\"url\":\"https:\/\/deliciousraw.ro\/\",\"name\":\"DeliciousRaw\",\"description\":\"Dulciuri bune raw de tot!\",\"potentialAction\":[{\"@type\":\"SearchAction\",\"target\":{\"@type\":\"EntryPoint\",\"urlTemplate\":\"https:\/\/deliciousraw.ro\/?s={search_term_string}\"},\"query-input\":\"required name=search_term_string\"}],\"inLanguage\":\"en-US\"}]}<\/script>\n<!-- \/ Yoast SEO plugin. -->","yoast_head_json":{"title":"CHEESECAKE CU MANGO SI PORTOCALA - 1000gr - DeliciousRaw","robots":{"index":"index","follow":"follow","max-snippet":"max-snippet:-1","max-image-preview":"max-image-preview:large","max-video-preview":"max-video-preview:-1"},"canonical":"https:\/\/deliciousraw.ro\/en\/product\/cheese-cake-cu-mango-si-catina-100gr\/","og_locale":"en_US","og_type":"article","og_title":"CHEESECAKE CU MANGO SI PORTOCALA - 1000gr - DeliciousRaw","og_description":"Cheesecake-ul raw vegan cu mango \u0219i portocale este un desert exotic \u0219i revigorant, ce combin\u0103 cremozitatea caju-ului cu aromele dulci \u0219i fructate ale mango-ului \u0219i portocalelor. \u00cembog\u0103\u021bit cu migdale \u0219i c\u0103tin\u0103 pentru un plus de savoare, acest cheesecake ofer\u0103 o textur\u0103 fin\u0103 \u0219i un gust proasp\u0103t, ideal pentru un r\u0103sf\u0103\u021b s\u0103n\u0103tos \u0219i plin de energie.  &nbsp;  TERMEN DE LIVRARE: 48 ore LUCRATOARE de la plasarea comenzii.","og_url":"https:\/\/deliciousraw.ro\/en\/product\/cheese-cake-cu-mango-si-catina-100gr\/","og_site_name":"DeliciousRaw","article_modified_time":"2025-08-16T12:37:34+00:00","og_image":[{"width":1350,"height":1066,"url":"https:\/\/deliciousraw.ro\/wp-content\/uploads\/2022\/07\/cheese-cake-cu-mango-si-top-de-catina-cu-portocala-2.jpeg","type":"image\/jpeg"}],"twitter_card":"summary_large_image","twitter_misc":{"Est. reading time":"1 minute"},"schema":{"@context":"https:\/\/schema.org","@graph":[{"@type":"WebPage","@id":"https:\/\/deliciousraw.ro\/product\/cheese-cake-cu-mango-si-catina-100gr\/","url":"https:\/\/deliciousraw.ro\/product\/cheese-cake-cu-mango-si-catina-100gr\/","name":"CHEESECAKE CU MANGO SI PORTOCALA - 1000gr - DeliciousRaw","isPartOf":{"@id":"https:\/\/deliciousraw.ro\/#website"},"primaryImageOfPage":{"@id":"https:\/\/deliciousraw.ro\/product\/cheese-cake-cu-mango-si-catina-100gr\/#primaryimage"},"image":{"@id":"https:\/\/deliciousraw.ro\/product\/cheese-cake-cu-mango-si-catina-100gr\/#primaryimage"},"thumbnailUrl":"https:\/\/deliciousraw.ro\/wp-content\/uploads\/2022\/07\/cheese-cake-cu-mango-si-top-de-catina-cu-portocala-2.jpeg","datePublished":"2022-07-13T19:49:24+00:00","dateModified":"2025-08-16T12:37:34+00:00","breadcrumb":{"@id":"https:\/\/deliciousraw.ro\/product\/cheese-cake-cu-mango-si-catina-100gr\/#breadcrumb"},"inLanguage":"en-US","potentialAction":[{"@type":"ReadAction","target":["https:\/\/deliciousraw.ro\/product\/cheese-cake-cu-mango-si-catina-100gr\/"]}]},{"@type":"ImageObject","inLanguage":"en-US","@id":"https:\/\/deliciousraw.ro\/product\/cheese-cake-cu-mango-si-catina-100gr\/#primaryimage","url":"https:\/\/deliciousraw.ro\/wp-content\/uploads\/2022\/07\/cheese-cake-cu-mango-si-top-de-catina-cu-portocala-2.jpeg","contentUrl":"https:\/\/deliciousraw.ro\/wp-content\/uploads\/2022\/07\/cheese-cake-cu-mango-si-top-de-catina-cu-portocala-2.jpeg","width":1350,"height":1066},{"@type":"BreadcrumbList","@id":"https:\/\/deliciousraw.ro\/product\/cheese-cake-cu-mango-si-catina-100gr\/#breadcrumb","itemListElement":[{"@type":"ListItem","position":1,"name":"Prima pagin\u0103","item":"https:\/\/deliciousraw.ro\/"},{"@type":"ListItem","position":2,"name":"Shop","item":"https:\/\/deliciousraw.ro\/shop\/"},{"@type":"ListItem","position":3,"name":"CHEESECAKE CU MANGO SI PORTOCALA &#8211; 1000gr"}]},{"@type":"WebSite","@id":"https:\/\/deliciousraw.ro\/#website","url":"https:\/\/deliciousraw.ro\/","name":"DeliciousRaw","description":"Dulciuri bune raw de tot!","potentialAction":[{"@type":"SearchAction","target":{"@type":"EntryPoint","urlTemplate":"https:\/\/deliciousraw.ro\/?s={search_term_string}"},"query-input":"required name=search_term_string"}],"inLanguage":"en-US"}]}},"_links":{"self":[{"href":"https:\/\/deliciousraw.ro\/en\/wp-json\/wp\/v2\/product\/675"}],"collection":[{"href":"https:\/\/deliciousraw.ro\/en\/wp-json\/wp\/v2\/product"}],"about":[{"href":"https:\/\/deliciousraw.ro\/en\/wp-json\/wp\/v2\/types\/product"}],"replies":[{"embeddable":true,"href":"https:\/\/deliciousraw.ro\/en\/wp-json\/wp\/v2\/comments?post=675"}],"wp:featuredmedia":[{"embeddable":true,"href":"https:\/\/deliciousraw.ro\/en\/wp-json\/wp\/v2\/media\/1053"}],"wp:attachment":[{"href":"https:\/\/deliciousraw.ro\/en\/wp-json\/wp\/v2\/media?parent=675"}],"wp:term":[{"taxonomy":"product_cat","embeddable":true,"href":"https:\/\/deliciousraw.ro\/en\/wp-json\/wp\/v2\/product_cat?post=675"},{"taxonomy":"product_tag","embeddable":true,"href":"https:\/\/deliciousraw.ro\/en\/wp-json\/wp\/v2\/product_tag?post=675"},{"taxonomy":"woo-feed-brand","embeddable":true,"href":"https:\/\/deliciousraw.ro\/en\/wp-json\/wp\/v2\/woo-feed-brand?post=675"}],"curies":[{"name":"wp","href":"https:\/\/api.w.org\/{rel}","templated":true}]}}