{"id":670,"date":"2022-07-13T22:42:38","date_gmt":"2022-07-13T19:42:38","guid":{"rendered":"https:\/\/deliciousraw.ro\/?post_type=product&#038;p=670"},"modified":"2025-08-16T15:40:42","modified_gmt":"2025-08-16T12:40:42","slug":"carrot-cake-100gr","status":"publish","type":"product","link":"https:\/\/deliciousraw.ro\/en\/product\/carrot-cake-100gr\/","title":{"rendered":"CARROT CAKE &#8211; 1000gr"},"content":{"rendered":"<div><strong>INGREDIENTE:<\/strong> cocos, ov\u0103z, in, morcov, caise, caju, agar-agar, unt de cacao, vanilie, l\u0103m\u00e2ie, cardamon, agave, mas\u0103 de cacao<\/div>\n<div><\/div>\n<div><em><strong>ALERGENI: CAJU, OV\u0102Z<\/strong><\/em><\/div>\n<div><\/div>\n<div><strong>Valori nutri\u021bionale\/por\u021bie (100g):<\/strong><\/div>\n<div>Valoare energetic\u0103: 1220.58 Kj \/ 291.73 KCal<\/div>\n<div>Gr\u0103simi: 19.79 g<\/div>\n<div>Acizi gra\u0219i satura\u021bi: 9.53 g<\/div>\n<div>Glucide: 24.04 g; Zaharuri: 3.2 g<\/div>\n<div>Proteine: 4.95 g<\/div>\n<div>Sare: 0.27 g<\/div>","protected":false},"excerpt":{"rendered":"<p>Un desert s\u0103n\u0103tos \u0219i aromat, ce \u00eembin\u0103 dulcea\u021ba natural\u0103 a morcovului \u0219i caiselor cu texturi delicate de cocos \u0219i caju. \u00cembog\u0103\u021bit cu note subtile de cardamon \u0219i vanilie, acest tort ofer\u0103 o experien\u021b\u0103 gustativ\u0103 fin\u0103 \u0219i echilibrat\u0103, perfect pentru cei care caut\u0103 un r\u0103sf\u0103\u021b dulce, dar plin de prospe\u021bime \u0219i arome naturale.<\/p>\n<p>&nbsp;<\/p>\n<p>TERMEN DE LIVRARE: 48 ore LUCRATOARE de la plasarea comenzii.<\/p>","protected":false},"featured_media":1064,"comment_status":"open","ping_status":"closed","template":"","meta":[],"product_cat":[221],"product_tag":[],"woo-feed-brand":[],"yoast_head":"<!-- This site is optimized with the Yoast SEO plugin v22.5 - https:\/\/yoast.com\/wordpress\/plugins\/seo\/ -->\n<title>CARROT CAKE - 1000gr - DeliciousRaw<\/title>\n<meta name=\"robots\" content=\"index, follow, max-snippet:-1, max-image-preview:large, max-video-preview:-1\" \/>\n<link rel=\"canonical\" href=\"https:\/\/deliciousraw.ro\/en\/product\/carrot-cake-100gr\/\" \/>\n<meta property=\"og:locale\" content=\"en_US\" \/>\n<meta property=\"og:type\" content=\"article\" \/>\n<meta property=\"og:title\" content=\"CARROT CAKE - 1000gr - DeliciousRaw\" \/>\n<meta property=\"og:description\" content=\"Un desert s\u0103n\u0103tos \u0219i aromat, ce \u00eembin\u0103 dulcea\u021ba natural\u0103 a morcovului \u0219i caiselor cu texturi delicate de cocos \u0219i caju. \u00cembog\u0103\u021bit cu note subtile de cardamon \u0219i vanilie, acest tort ofer\u0103 o experien\u021b\u0103 gustativ\u0103 fin\u0103 \u0219i echilibrat\u0103, perfect pentru cei care caut\u0103 un r\u0103sf\u0103\u021b dulce, dar plin de prospe\u021bime \u0219i arome naturale.  &nbsp;  TERMEN DE LIVRARE: 48 ore LUCRATOARE de la plasarea comenzii.\" \/>\n<meta property=\"og:url\" content=\"https:\/\/deliciousraw.ro\/en\/product\/carrot-cake-100gr\/\" \/>\n<meta property=\"og:site_name\" content=\"DeliciousRaw\" \/>\n<meta property=\"article:modified_time\" content=\"2025-08-16T12:40:42+00:00\" \/>\n<meta property=\"og:image\" content=\"https:\/\/deliciousraw.ro\/wp-content\/uploads\/2022\/07\/carrot-cake-2.png\" \/>\n\t<meta property=\"og:image:width\" content=\"1600\" \/>\n\t<meta property=\"og:image:height\" content=\"1200\" \/>\n\t<meta property=\"og:image:type\" content=\"image\/png\" \/>\n<meta name=\"twitter:card\" content=\"summary_large_image\" \/>\n<meta name=\"twitter:label1\" content=\"Est. reading time\" \/>\n\t<meta name=\"twitter:data1\" content=\"1 minute\" \/>\n<script type=\"application\/ld+json\" class=\"yoast-schema-graph\">{\"@context\":\"https:\/\/schema.org\",\"@graph\":[{\"@type\":\"WebPage\",\"@id\":\"https:\/\/deliciousraw.ro\/product\/carrot-cake-100gr\/\",\"url\":\"https:\/\/deliciousraw.ro\/product\/carrot-cake-100gr\/\",\"name\":\"CARROT CAKE - 1000gr - DeliciousRaw\",\"isPartOf\":{\"@id\":\"https:\/\/deliciousraw.ro\/#website\"},\"primaryImageOfPage\":{\"@id\":\"https:\/\/deliciousraw.ro\/product\/carrot-cake-100gr\/#primaryimage\"},\"image\":{\"@id\":\"https:\/\/deliciousraw.ro\/product\/carrot-cake-100gr\/#primaryimage\"},\"thumbnailUrl\":\"https:\/\/deliciousraw.ro\/wp-content\/uploads\/2022\/07\/carrot-cake-2.png\",\"datePublished\":\"2022-07-13T19:42:38+00:00\",\"dateModified\":\"2025-08-16T12:40:42+00:00\",\"breadcrumb\":{\"@id\":\"https:\/\/deliciousraw.ro\/product\/carrot-cake-100gr\/#breadcrumb\"},\"inLanguage\":\"en-US\",\"potentialAction\":[{\"@type\":\"ReadAction\",\"target\":[\"https:\/\/deliciousraw.ro\/product\/carrot-cake-100gr\/\"]}]},{\"@type\":\"ImageObject\",\"inLanguage\":\"en-US\",\"@id\":\"https:\/\/deliciousraw.ro\/product\/carrot-cake-100gr\/#primaryimage\",\"url\":\"https:\/\/deliciousraw.ro\/wp-content\/uploads\/2022\/07\/carrot-cake-2.png\",\"contentUrl\":\"https:\/\/deliciousraw.ro\/wp-content\/uploads\/2022\/07\/carrot-cake-2.png\",\"width\":1600,\"height\":1200},{\"@type\":\"BreadcrumbList\",\"@id\":\"https:\/\/deliciousraw.ro\/product\/carrot-cake-100gr\/#breadcrumb\",\"itemListElement\":[{\"@type\":\"ListItem\",\"position\":1,\"name\":\"Prima pagin\u0103\",\"item\":\"https:\/\/deliciousraw.ro\/\"},{\"@type\":\"ListItem\",\"position\":2,\"name\":\"Shop\",\"item\":\"https:\/\/deliciousraw.ro\/shop\/\"},{\"@type\":\"ListItem\",\"position\":3,\"name\":\"CARROT CAKE &#8211; 1000gr\"}]},{\"@type\":\"WebSite\",\"@id\":\"https:\/\/deliciousraw.ro\/#website\",\"url\":\"https:\/\/deliciousraw.ro\/\",\"name\":\"DeliciousRaw\",\"description\":\"Dulciuri bune raw de tot!\",\"potentialAction\":[{\"@type\":\"SearchAction\",\"target\":{\"@type\":\"EntryPoint\",\"urlTemplate\":\"https:\/\/deliciousraw.ro\/?s={search_term_string}\"},\"query-input\":\"required name=search_term_string\"}],\"inLanguage\":\"en-US\"}]}<\/script>\n<!-- \/ Yoast SEO plugin. -->","yoast_head_json":{"title":"CARROT CAKE - 1000gr - DeliciousRaw","robots":{"index":"index","follow":"follow","max-snippet":"max-snippet:-1","max-image-preview":"max-image-preview:large","max-video-preview":"max-video-preview:-1"},"canonical":"https:\/\/deliciousraw.ro\/en\/product\/carrot-cake-100gr\/","og_locale":"en_US","og_type":"article","og_title":"CARROT CAKE - 1000gr - DeliciousRaw","og_description":"Un desert s\u0103n\u0103tos \u0219i aromat, ce \u00eembin\u0103 dulcea\u021ba natural\u0103 a morcovului \u0219i caiselor cu texturi delicate de cocos \u0219i caju. \u00cembog\u0103\u021bit cu note subtile de cardamon \u0219i vanilie, acest tort ofer\u0103 o experien\u021b\u0103 gustativ\u0103 fin\u0103 \u0219i echilibrat\u0103, perfect pentru cei care caut\u0103 un r\u0103sf\u0103\u021b dulce, dar plin de prospe\u021bime \u0219i arome naturale.  &nbsp;  TERMEN DE LIVRARE: 48 ore LUCRATOARE de la plasarea comenzii.","og_url":"https:\/\/deliciousraw.ro\/en\/product\/carrot-cake-100gr\/","og_site_name":"DeliciousRaw","article_modified_time":"2025-08-16T12:40:42+00:00","og_image":[{"width":1600,"height":1200,"url":"https:\/\/deliciousraw.ro\/wp-content\/uploads\/2022\/07\/carrot-cake-2.png","type":"image\/png"}],"twitter_card":"summary_large_image","twitter_misc":{"Est. reading time":"1 minute"},"schema":{"@context":"https:\/\/schema.org","@graph":[{"@type":"WebPage","@id":"https:\/\/deliciousraw.ro\/product\/carrot-cake-100gr\/","url":"https:\/\/deliciousraw.ro\/product\/carrot-cake-100gr\/","name":"CARROT CAKE - 1000gr - DeliciousRaw","isPartOf":{"@id":"https:\/\/deliciousraw.ro\/#website"},"primaryImageOfPage":{"@id":"https:\/\/deliciousraw.ro\/product\/carrot-cake-100gr\/#primaryimage"},"image":{"@id":"https:\/\/deliciousraw.ro\/product\/carrot-cake-100gr\/#primaryimage"},"thumbnailUrl":"https:\/\/deliciousraw.ro\/wp-content\/uploads\/2022\/07\/carrot-cake-2.png","datePublished":"2022-07-13T19:42:38+00:00","dateModified":"2025-08-16T12:40:42+00:00","breadcrumb":{"@id":"https:\/\/deliciousraw.ro\/product\/carrot-cake-100gr\/#breadcrumb"},"inLanguage":"en-US","potentialAction":[{"@type":"ReadAction","target":["https:\/\/deliciousraw.ro\/product\/carrot-cake-100gr\/"]}]},{"@type":"ImageObject","inLanguage":"en-US","@id":"https:\/\/deliciousraw.ro\/product\/carrot-cake-100gr\/#primaryimage","url":"https:\/\/deliciousraw.ro\/wp-content\/uploads\/2022\/07\/carrot-cake-2.png","contentUrl":"https:\/\/deliciousraw.ro\/wp-content\/uploads\/2022\/07\/carrot-cake-2.png","width":1600,"height":1200},{"@type":"BreadcrumbList","@id":"https:\/\/deliciousraw.ro\/product\/carrot-cake-100gr\/#breadcrumb","itemListElement":[{"@type":"ListItem","position":1,"name":"Prima pagin\u0103","item":"https:\/\/deliciousraw.ro\/"},{"@type":"ListItem","position":2,"name":"Shop","item":"https:\/\/deliciousraw.ro\/shop\/"},{"@type":"ListItem","position":3,"name":"CARROT CAKE &#8211; 1000gr"}]},{"@type":"WebSite","@id":"https:\/\/deliciousraw.ro\/#website","url":"https:\/\/deliciousraw.ro\/","name":"DeliciousRaw","description":"Dulciuri bune raw de tot!","potentialAction":[{"@type":"SearchAction","target":{"@type":"EntryPoint","urlTemplate":"https:\/\/deliciousraw.ro\/?s={search_term_string}"},"query-input":"required name=search_term_string"}],"inLanguage":"en-US"}]}},"_links":{"self":[{"href":"https:\/\/deliciousraw.ro\/en\/wp-json\/wp\/v2\/product\/670"}],"collection":[{"href":"https:\/\/deliciousraw.ro\/en\/wp-json\/wp\/v2\/product"}],"about":[{"href":"https:\/\/deliciousraw.ro\/en\/wp-json\/wp\/v2\/types\/product"}],"replies":[{"embeddable":true,"href":"https:\/\/deliciousraw.ro\/en\/wp-json\/wp\/v2\/comments?post=670"}],"wp:featuredmedia":[{"embeddable":true,"href":"https:\/\/deliciousraw.ro\/en\/wp-json\/wp\/v2\/media\/1064"}],"wp:attachment":[{"href":"https:\/\/deliciousraw.ro\/en\/wp-json\/wp\/v2\/media?parent=670"}],"wp:term":[{"taxonomy":"product_cat","embeddable":true,"href":"https:\/\/deliciousraw.ro\/en\/wp-json\/wp\/v2\/product_cat?post=670"},{"taxonomy":"product_tag","embeddable":true,"href":"https:\/\/deliciousraw.ro\/en\/wp-json\/wp\/v2\/product_tag?post=670"},{"taxonomy":"woo-feed-brand","embeddable":true,"href":"https:\/\/deliciousraw.ro\/en\/wp-json\/wp\/v2\/woo-feed-brand?post=670"}],"curies":[{"name":"wp","href":"https:\/\/api.w.org\/{rel}","templated":true}]}}