{"id":665,"date":"2022-07-13T22:34:39","date_gmt":"2022-07-13T19:34:39","guid":{"rendered":"https:\/\/deliciousraw.ro\/?post_type=product&#038;p=665"},"modified":"2025-08-16T15:41:34","modified_gmt":"2025-08-16T12:41:34","slug":"tiramisu-100gr","status":"publish","type":"product","link":"https:\/\/deliciousraw.ro\/en\/product\/tiramisu-100gr\/","title":{"rendered":"TIRAMISU &#8211; 1000 GR"},"content":{"rendered":"<div><strong>INGREDIENTE:<\/strong> migdale, curmale, caju, cafea, cicoare, cacao natural\u0103, crem\u0103 de cocos, lecitin\u0103 de soia (organic\u0103), agar-agar, unt de cacao, agave<\/div>\n<div><\/div>\n<div><em><strong>ALERGENI: CAJU, MIGDALE, SOIA<\/strong><\/em><\/div>\n<div><\/div>\n<div><strong>Valori nutri\u021bionale\/por\u021bie (100g):<\/strong><\/div>\n<div>Valoare energetic\u0103: 1746.44 Kj \/ 417.41 KCal<\/div>\n<div>Gr\u0103simi: 29.9 g<\/div>\n<div>Acizi gra\u0219i satura\u021bi: 11.28 g<\/div>\n<div>Glucide: 32.61 g; Zaharuri: 5.72 g<\/div>\n<div>Proteine: 9.37 g<\/div>\n<div>Sare: 0.42 g<\/div>","protected":false},"excerpt":{"rendered":"<p>Un desert elegant \u0219i decadent, care aduce aromele clasice ale cafelei \u0219i ciocolatei \u00eentr-o variant\u0103 s\u0103n\u0103toas\u0103 \u0219i rafinat\u0103. Straturile cremoase din caju \u0219i crem\u0103 de cocos, \u00eembog\u0103\u021bite cu cafea \u0219i cicoare, se combin\u0103 perfect cu dulcea\u021ba natural\u0103 a curmalelor \u0219i migdalelor. Cu o textur\u0103 fin\u0103 \u0219i un gust echilibrat, acest tiramisu este r\u0103sf\u0103\u021bul ideal pentru iubitorii de arome intense \u0219i sofisticate.<\/p>\n<p>TERMEN DE LIVRARE: 48 ore LUCRATOARE de la plasarea comenzii.<\/p>","protected":false},"featured_media":1192,"comment_status":"open","ping_status":"closed","template":"","meta":[],"product_cat":[221],"product_tag":[],"woo-feed-brand":[],"yoast_head":"<!-- This site is optimized with the Yoast SEO plugin v22.5 - https:\/\/yoast.com\/wordpress\/plugins\/seo\/ -->\n<title>TIRAMISU - 1000 GR - DeliciousRaw<\/title>\n<meta name=\"robots\" content=\"index, follow, max-snippet:-1, max-image-preview:large, max-video-preview:-1\" \/>\n<link rel=\"canonical\" href=\"https:\/\/deliciousraw.ro\/en\/product\/tiramisu-100gr\/\" \/>\n<meta property=\"og:locale\" content=\"en_US\" \/>\n<meta property=\"og:type\" content=\"article\" \/>\n<meta property=\"og:title\" content=\"TIRAMISU - 1000 GR - DeliciousRaw\" \/>\n<meta property=\"og:description\" content=\"Un desert elegant \u0219i decadent, care aduce aromele clasice ale cafelei \u0219i ciocolatei \u00eentr-o variant\u0103 s\u0103n\u0103toas\u0103 \u0219i rafinat\u0103. Straturile cremoase din caju \u0219i crem\u0103 de cocos, \u00eembog\u0103\u021bite cu cafea \u0219i cicoare, se combin\u0103 perfect cu dulcea\u021ba natural\u0103 a curmalelor \u0219i migdalelor. Cu o textur\u0103 fin\u0103 \u0219i un gust echilibrat, acest tiramisu este r\u0103sf\u0103\u021bul ideal pentru iubitorii de arome intense \u0219i sofisticate.  TERMEN DE LIVRARE: 48 ore LUCRATOARE de la plasarea comenzii.\" \/>\n<meta property=\"og:url\" content=\"https:\/\/deliciousraw.ro\/en\/product\/tiramisu-100gr\/\" \/>\n<meta property=\"og:site_name\" content=\"DeliciousRaw\" \/>\n<meta property=\"article:modified_time\" content=\"2025-08-16T12:41:34+00:00\" \/>\n<meta property=\"og:image\" content=\"https:\/\/deliciousraw.ro\/wp-content\/uploads\/2022\/07\/20241011_110505-scaled.jpg\" \/>\n\t<meta property=\"og:image:width\" content=\"1920\" \/>\n\t<meta property=\"og:image:height\" content=\"2560\" \/>\n\t<meta property=\"og:image:type\" content=\"image\/jpeg\" \/>\n<meta name=\"twitter:card\" content=\"summary_large_image\" \/>\n<meta name=\"twitter:label1\" content=\"Est. reading time\" \/>\n\t<meta name=\"twitter:data1\" content=\"1 minute\" \/>\n<script type=\"application\/ld+json\" class=\"yoast-schema-graph\">{\"@context\":\"https:\/\/schema.org\",\"@graph\":[{\"@type\":\"WebPage\",\"@id\":\"https:\/\/deliciousraw.ro\/product\/tiramisu-100gr\/\",\"url\":\"https:\/\/deliciousraw.ro\/product\/tiramisu-100gr\/\",\"name\":\"TIRAMISU - 1000 GR - DeliciousRaw\",\"isPartOf\":{\"@id\":\"https:\/\/deliciousraw.ro\/#website\"},\"primaryImageOfPage\":{\"@id\":\"https:\/\/deliciousraw.ro\/product\/tiramisu-100gr\/#primaryimage\"},\"image\":{\"@id\":\"https:\/\/deliciousraw.ro\/product\/tiramisu-100gr\/#primaryimage\"},\"thumbnailUrl\":\"https:\/\/deliciousraw.ro\/wp-content\/uploads\/2022\/07\/20241011_110505-scaled.jpg\",\"datePublished\":\"2022-07-13T19:34:39+00:00\",\"dateModified\":\"2025-08-16T12:41:34+00:00\",\"breadcrumb\":{\"@id\":\"https:\/\/deliciousraw.ro\/product\/tiramisu-100gr\/#breadcrumb\"},\"inLanguage\":\"en-US\",\"potentialAction\":[{\"@type\":\"ReadAction\",\"target\":[\"https:\/\/deliciousraw.ro\/product\/tiramisu-100gr\/\"]}]},{\"@type\":\"ImageObject\",\"inLanguage\":\"en-US\",\"@id\":\"https:\/\/deliciousraw.ro\/product\/tiramisu-100gr\/#primaryimage\",\"url\":\"https:\/\/deliciousraw.ro\/wp-content\/uploads\/2022\/07\/20241011_110505-scaled.jpg\",\"contentUrl\":\"https:\/\/deliciousraw.ro\/wp-content\/uploads\/2022\/07\/20241011_110505-scaled.jpg\",\"width\":1920,\"height\":2560},{\"@type\":\"BreadcrumbList\",\"@id\":\"https:\/\/deliciousraw.ro\/product\/tiramisu-100gr\/#breadcrumb\",\"itemListElement\":[{\"@type\":\"ListItem\",\"position\":1,\"name\":\"Prima pagin\u0103\",\"item\":\"https:\/\/deliciousraw.ro\/\"},{\"@type\":\"ListItem\",\"position\":2,\"name\":\"Shop\",\"item\":\"https:\/\/deliciousraw.ro\/shop\/\"},{\"@type\":\"ListItem\",\"position\":3,\"name\":\"TIRAMISU &#8211; 1000 GR\"}]},{\"@type\":\"WebSite\",\"@id\":\"https:\/\/deliciousraw.ro\/#website\",\"url\":\"https:\/\/deliciousraw.ro\/\",\"name\":\"DeliciousRaw\",\"description\":\"Dulciuri bune raw de tot!\",\"potentialAction\":[{\"@type\":\"SearchAction\",\"target\":{\"@type\":\"EntryPoint\",\"urlTemplate\":\"https:\/\/deliciousraw.ro\/?s={search_term_string}\"},\"query-input\":\"required name=search_term_string\"}],\"inLanguage\":\"en-US\"}]}<\/script>\n<!-- \/ Yoast SEO plugin. -->","yoast_head_json":{"title":"TIRAMISU - 1000 GR - DeliciousRaw","robots":{"index":"index","follow":"follow","max-snippet":"max-snippet:-1","max-image-preview":"max-image-preview:large","max-video-preview":"max-video-preview:-1"},"canonical":"https:\/\/deliciousraw.ro\/en\/product\/tiramisu-100gr\/","og_locale":"en_US","og_type":"article","og_title":"TIRAMISU - 1000 GR - DeliciousRaw","og_description":"Un desert elegant \u0219i decadent, care aduce aromele clasice ale cafelei \u0219i ciocolatei \u00eentr-o variant\u0103 s\u0103n\u0103toas\u0103 \u0219i rafinat\u0103. Straturile cremoase din caju \u0219i crem\u0103 de cocos, \u00eembog\u0103\u021bite cu cafea \u0219i cicoare, se combin\u0103 perfect cu dulcea\u021ba natural\u0103 a curmalelor \u0219i migdalelor. Cu o textur\u0103 fin\u0103 \u0219i un gust echilibrat, acest tiramisu este r\u0103sf\u0103\u021bul ideal pentru iubitorii de arome intense \u0219i sofisticate.  TERMEN DE LIVRARE: 48 ore LUCRATOARE de la plasarea comenzii.","og_url":"https:\/\/deliciousraw.ro\/en\/product\/tiramisu-100gr\/","og_site_name":"DeliciousRaw","article_modified_time":"2025-08-16T12:41:34+00:00","og_image":[{"width":1920,"height":2560,"url":"https:\/\/deliciousraw.ro\/wp-content\/uploads\/2022\/07\/20241011_110505-scaled.jpg","type":"image\/jpeg"}],"twitter_card":"summary_large_image","twitter_misc":{"Est. reading time":"1 minute"},"schema":{"@context":"https:\/\/schema.org","@graph":[{"@type":"WebPage","@id":"https:\/\/deliciousraw.ro\/product\/tiramisu-100gr\/","url":"https:\/\/deliciousraw.ro\/product\/tiramisu-100gr\/","name":"TIRAMISU - 1000 GR - DeliciousRaw","isPartOf":{"@id":"https:\/\/deliciousraw.ro\/#website"},"primaryImageOfPage":{"@id":"https:\/\/deliciousraw.ro\/product\/tiramisu-100gr\/#primaryimage"},"image":{"@id":"https:\/\/deliciousraw.ro\/product\/tiramisu-100gr\/#primaryimage"},"thumbnailUrl":"https:\/\/deliciousraw.ro\/wp-content\/uploads\/2022\/07\/20241011_110505-scaled.jpg","datePublished":"2022-07-13T19:34:39+00:00","dateModified":"2025-08-16T12:41:34+00:00","breadcrumb":{"@id":"https:\/\/deliciousraw.ro\/product\/tiramisu-100gr\/#breadcrumb"},"inLanguage":"en-US","potentialAction":[{"@type":"ReadAction","target":["https:\/\/deliciousraw.ro\/product\/tiramisu-100gr\/"]}]},{"@type":"ImageObject","inLanguage":"en-US","@id":"https:\/\/deliciousraw.ro\/product\/tiramisu-100gr\/#primaryimage","url":"https:\/\/deliciousraw.ro\/wp-content\/uploads\/2022\/07\/20241011_110505-scaled.jpg","contentUrl":"https:\/\/deliciousraw.ro\/wp-content\/uploads\/2022\/07\/20241011_110505-scaled.jpg","width":1920,"height":2560},{"@type":"BreadcrumbList","@id":"https:\/\/deliciousraw.ro\/product\/tiramisu-100gr\/#breadcrumb","itemListElement":[{"@type":"ListItem","position":1,"name":"Prima pagin\u0103","item":"https:\/\/deliciousraw.ro\/"},{"@type":"ListItem","position":2,"name":"Shop","item":"https:\/\/deliciousraw.ro\/shop\/"},{"@type":"ListItem","position":3,"name":"TIRAMISU &#8211; 1000 GR"}]},{"@type":"WebSite","@id":"https:\/\/deliciousraw.ro\/#website","url":"https:\/\/deliciousraw.ro\/","name":"DeliciousRaw","description":"Dulciuri bune raw de tot!","potentialAction":[{"@type":"SearchAction","target":{"@type":"EntryPoint","urlTemplate":"https:\/\/deliciousraw.ro\/?s={search_term_string}"},"query-input":"required name=search_term_string"}],"inLanguage":"en-US"}]}},"_links":{"self":[{"href":"https:\/\/deliciousraw.ro\/en\/wp-json\/wp\/v2\/product\/665"}],"collection":[{"href":"https:\/\/deliciousraw.ro\/en\/wp-json\/wp\/v2\/product"}],"about":[{"href":"https:\/\/deliciousraw.ro\/en\/wp-json\/wp\/v2\/types\/product"}],"replies":[{"embeddable":true,"href":"https:\/\/deliciousraw.ro\/en\/wp-json\/wp\/v2\/comments?post=665"}],"wp:featuredmedia":[{"embeddable":true,"href":"https:\/\/deliciousraw.ro\/en\/wp-json\/wp\/v2\/media\/1192"}],"wp:attachment":[{"href":"https:\/\/deliciousraw.ro\/en\/wp-json\/wp\/v2\/media?parent=665"}],"wp:term":[{"taxonomy":"product_cat","embeddable":true,"href":"https:\/\/deliciousraw.ro\/en\/wp-json\/wp\/v2\/product_cat?post=665"},{"taxonomy":"product_tag","embeddable":true,"href":"https:\/\/deliciousraw.ro\/en\/wp-json\/wp\/v2\/product_tag?post=665"},{"taxonomy":"woo-feed-brand","embeddable":true,"href":"https:\/\/deliciousraw.ro\/en\/wp-json\/wp\/v2\/woo-feed-brand?post=665"}],"curies":[{"name":"wp","href":"https:\/\/api.w.org\/{rel}","templated":true}]}}