{"id":663,"date":"2022-07-13T22:30:12","date_gmt":"2022-07-13T19:30:12","guid":{"rendered":"https:\/\/deliciousraw.ro\/?post_type=product&#038;p=663"},"modified":"2025-08-16T15:42:47","modified_gmt":"2025-08-16T12:42:47","slug":"tort-zmeura-si-ciocolata-100gr","status":"publish","type":"product","link":"https:\/\/deliciousraw.ro\/en\/product\/tort-zmeura-si-ciocolata-100gr\/","title":{"rendered":"TORT ZMEURA SI CIOCOLATA &#8211; 1000 GR"},"content":{"rendered":"<div><strong>INGREDIENTE:<\/strong> migdale, curmale, cacao alcalin\u0103, carob, caju, zmeur\u0103, agave, cacao natural\u0103, unt de cacao<\/div>\n<div><\/div>\n<div><em><strong>ALERGENI: CAJU, MIGDALE<\/strong><\/em><\/div>\n<div><\/div>\n<div><strong>Valori nutri\u021bionale\/por\u021bie (100g):<\/strong><\/div>\n<div>Valoare energetic\u0103: 1512.15 Kj \/ 361.41 KCal<\/div>\n<div>Gr\u0103simi: 26.44 g<\/div>\n<div>Acizi gra\u0219i satura\u021bi: 8.15 g<\/div>\n<div>Glucide: 27.83 g; Zaharuri: 3.53 g<\/div>\n<div>Proteine: 7.93 g<\/div>\n<div>Sare: 0.33 g<\/div>","protected":false},"excerpt":{"rendered":"<p>Tortul raw vegan cu zmeur\u0103 \u0219i ciocolat\u0103 este un desert decadent \u0219i rafinat, ce combin\u0103 dulcea\u021ba intens\u0103 a ciocolatei cu aroma proasp\u0103t\u0103 \u0219i fructat\u0103 a zmeurei. Cu straturi cremoase din caju \u0219i migdale, \u00eendulcit natural cu curmale \u0219i agave, acest tort ofer\u0103 o textur\u0103 fin\u0103 \u0219i un gust perfect echilibrat, ideal pentru cei care caut\u0103 un r\u0103sf\u0103\u021b s\u0103n\u0103tos \u0219i plin de savoare.<\/p>\n<p>&nbsp;<\/p>\n<p>TERMEN DE LIVRARE: 48 ore LUCRATOARE de la plasarea comenzii.<\/p>","protected":false},"featured_media":1193,"comment_status":"open","ping_status":"closed","template":"","meta":[],"product_cat":[221],"product_tag":[],"woo-feed-brand":[],"yoast_head":"<!-- This site is optimized with the Yoast SEO plugin v22.5 - https:\/\/yoast.com\/wordpress\/plugins\/seo\/ -->\n<title>TORT ZMEURA SI CIOCOLATA - 1000 GR - DeliciousRaw<\/title>\n<meta name=\"robots\" content=\"index, follow, max-snippet:-1, max-image-preview:large, max-video-preview:-1\" \/>\n<link rel=\"canonical\" href=\"https:\/\/deliciousraw.ro\/en\/product\/tort-zmeura-si-ciocolata-100gr\/\" \/>\n<meta property=\"og:locale\" content=\"en_US\" \/>\n<meta property=\"og:type\" content=\"article\" \/>\n<meta property=\"og:title\" content=\"TORT ZMEURA SI CIOCOLATA - 1000 GR - DeliciousRaw\" \/>\n<meta property=\"og:description\" content=\"Tortul raw vegan cu zmeur\u0103 \u0219i ciocolat\u0103 este un desert decadent \u0219i rafinat, ce combin\u0103 dulcea\u021ba intens\u0103 a ciocolatei cu aroma proasp\u0103t\u0103 \u0219i fructat\u0103 a zmeurei. Cu straturi cremoase din caju \u0219i migdale, \u00eendulcit natural cu curmale \u0219i agave, acest tort ofer\u0103 o textur\u0103 fin\u0103 \u0219i un gust perfect echilibrat, ideal pentru cei care caut\u0103 un r\u0103sf\u0103\u021b s\u0103n\u0103tos \u0219i plin de savoare.  &nbsp;  TERMEN DE LIVRARE: 48 ore LUCRATOARE de la plasarea comenzii.\" \/>\n<meta property=\"og:url\" content=\"https:\/\/deliciousraw.ro\/en\/product\/tort-zmeura-si-ciocolata-100gr\/\" \/>\n<meta property=\"og:site_name\" content=\"DeliciousRaw\" \/>\n<meta property=\"article:modified_time\" content=\"2025-08-16T12:42:47+00:00\" \/>\n<meta property=\"og:image\" content=\"https:\/\/deliciousraw.ro\/wp-content\/uploads\/2022\/07\/20241011_110832-scaled.jpg\" \/>\n\t<meta property=\"og:image:width\" content=\"1920\" \/>\n\t<meta property=\"og:image:height\" content=\"2560\" \/>\n\t<meta property=\"og:image:type\" content=\"image\/jpeg\" \/>\n<meta name=\"twitter:card\" content=\"summary_large_image\" \/>\n<meta name=\"twitter:label1\" content=\"Est. reading time\" \/>\n\t<meta name=\"twitter:data1\" content=\"1 minute\" \/>\n<script type=\"application\/ld+json\" class=\"yoast-schema-graph\">{\"@context\":\"https:\/\/schema.org\",\"@graph\":[{\"@type\":\"WebPage\",\"@id\":\"https:\/\/deliciousraw.ro\/product\/tort-zmeura-si-ciocolata-100gr\/\",\"url\":\"https:\/\/deliciousraw.ro\/product\/tort-zmeura-si-ciocolata-100gr\/\",\"name\":\"TORT ZMEURA SI CIOCOLATA - 1000 GR - DeliciousRaw\",\"isPartOf\":{\"@id\":\"https:\/\/deliciousraw.ro\/#website\"},\"primaryImageOfPage\":{\"@id\":\"https:\/\/deliciousraw.ro\/product\/tort-zmeura-si-ciocolata-100gr\/#primaryimage\"},\"image\":{\"@id\":\"https:\/\/deliciousraw.ro\/product\/tort-zmeura-si-ciocolata-100gr\/#primaryimage\"},\"thumbnailUrl\":\"https:\/\/deliciousraw.ro\/wp-content\/uploads\/2022\/07\/20241011_110832-scaled.jpg\",\"datePublished\":\"2022-07-13T19:30:12+00:00\",\"dateModified\":\"2025-08-16T12:42:47+00:00\",\"breadcrumb\":{\"@id\":\"https:\/\/deliciousraw.ro\/product\/tort-zmeura-si-ciocolata-100gr\/#breadcrumb\"},\"inLanguage\":\"en-US\",\"potentialAction\":[{\"@type\":\"ReadAction\",\"target\":[\"https:\/\/deliciousraw.ro\/product\/tort-zmeura-si-ciocolata-100gr\/\"]}]},{\"@type\":\"ImageObject\",\"inLanguage\":\"en-US\",\"@id\":\"https:\/\/deliciousraw.ro\/product\/tort-zmeura-si-ciocolata-100gr\/#primaryimage\",\"url\":\"https:\/\/deliciousraw.ro\/wp-content\/uploads\/2022\/07\/20241011_110832-scaled.jpg\",\"contentUrl\":\"https:\/\/deliciousraw.ro\/wp-content\/uploads\/2022\/07\/20241011_110832-scaled.jpg\",\"width\":1920,\"height\":2560},{\"@type\":\"BreadcrumbList\",\"@id\":\"https:\/\/deliciousraw.ro\/product\/tort-zmeura-si-ciocolata-100gr\/#breadcrumb\",\"itemListElement\":[{\"@type\":\"ListItem\",\"position\":1,\"name\":\"Prima pagin\u0103\",\"item\":\"https:\/\/deliciousraw.ro\/\"},{\"@type\":\"ListItem\",\"position\":2,\"name\":\"Shop\",\"item\":\"https:\/\/deliciousraw.ro\/shop\/\"},{\"@type\":\"ListItem\",\"position\":3,\"name\":\"TORT ZMEURA SI CIOCOLATA &#8211; 1000 GR\"}]},{\"@type\":\"WebSite\",\"@id\":\"https:\/\/deliciousraw.ro\/#website\",\"url\":\"https:\/\/deliciousraw.ro\/\",\"name\":\"DeliciousRaw\",\"description\":\"Dulciuri bune raw de tot!\",\"potentialAction\":[{\"@type\":\"SearchAction\",\"target\":{\"@type\":\"EntryPoint\",\"urlTemplate\":\"https:\/\/deliciousraw.ro\/?s={search_term_string}\"},\"query-input\":\"required name=search_term_string\"}],\"inLanguage\":\"en-US\"}]}<\/script>\n<!-- \/ Yoast SEO plugin. -->","yoast_head_json":{"title":"TORT ZMEURA SI CIOCOLATA - 1000 GR - DeliciousRaw","robots":{"index":"index","follow":"follow","max-snippet":"max-snippet:-1","max-image-preview":"max-image-preview:large","max-video-preview":"max-video-preview:-1"},"canonical":"https:\/\/deliciousraw.ro\/en\/product\/tort-zmeura-si-ciocolata-100gr\/","og_locale":"en_US","og_type":"article","og_title":"TORT ZMEURA SI CIOCOLATA - 1000 GR - DeliciousRaw","og_description":"Tortul raw vegan cu zmeur\u0103 \u0219i ciocolat\u0103 este un desert decadent \u0219i rafinat, ce combin\u0103 dulcea\u021ba intens\u0103 a ciocolatei cu aroma proasp\u0103t\u0103 \u0219i fructat\u0103 a zmeurei. Cu straturi cremoase din caju \u0219i migdale, \u00eendulcit natural cu curmale \u0219i agave, acest tort ofer\u0103 o textur\u0103 fin\u0103 \u0219i un gust perfect echilibrat, ideal pentru cei care caut\u0103 un r\u0103sf\u0103\u021b s\u0103n\u0103tos \u0219i plin de savoare.  &nbsp;  TERMEN DE LIVRARE: 48 ore LUCRATOARE de la plasarea comenzii.","og_url":"https:\/\/deliciousraw.ro\/en\/product\/tort-zmeura-si-ciocolata-100gr\/","og_site_name":"DeliciousRaw","article_modified_time":"2025-08-16T12:42:47+00:00","og_image":[{"width":1920,"height":2560,"url":"https:\/\/deliciousraw.ro\/wp-content\/uploads\/2022\/07\/20241011_110832-scaled.jpg","type":"image\/jpeg"}],"twitter_card":"summary_large_image","twitter_misc":{"Est. reading time":"1 minute"},"schema":{"@context":"https:\/\/schema.org","@graph":[{"@type":"WebPage","@id":"https:\/\/deliciousraw.ro\/product\/tort-zmeura-si-ciocolata-100gr\/","url":"https:\/\/deliciousraw.ro\/product\/tort-zmeura-si-ciocolata-100gr\/","name":"TORT ZMEURA SI CIOCOLATA - 1000 GR - DeliciousRaw","isPartOf":{"@id":"https:\/\/deliciousraw.ro\/#website"},"primaryImageOfPage":{"@id":"https:\/\/deliciousraw.ro\/product\/tort-zmeura-si-ciocolata-100gr\/#primaryimage"},"image":{"@id":"https:\/\/deliciousraw.ro\/product\/tort-zmeura-si-ciocolata-100gr\/#primaryimage"},"thumbnailUrl":"https:\/\/deliciousraw.ro\/wp-content\/uploads\/2022\/07\/20241011_110832-scaled.jpg","datePublished":"2022-07-13T19:30:12+00:00","dateModified":"2025-08-16T12:42:47+00:00","breadcrumb":{"@id":"https:\/\/deliciousraw.ro\/product\/tort-zmeura-si-ciocolata-100gr\/#breadcrumb"},"inLanguage":"en-US","potentialAction":[{"@type":"ReadAction","target":["https:\/\/deliciousraw.ro\/product\/tort-zmeura-si-ciocolata-100gr\/"]}]},{"@type":"ImageObject","inLanguage":"en-US","@id":"https:\/\/deliciousraw.ro\/product\/tort-zmeura-si-ciocolata-100gr\/#primaryimage","url":"https:\/\/deliciousraw.ro\/wp-content\/uploads\/2022\/07\/20241011_110832-scaled.jpg","contentUrl":"https:\/\/deliciousraw.ro\/wp-content\/uploads\/2022\/07\/20241011_110832-scaled.jpg","width":1920,"height":2560},{"@type":"BreadcrumbList","@id":"https:\/\/deliciousraw.ro\/product\/tort-zmeura-si-ciocolata-100gr\/#breadcrumb","itemListElement":[{"@type":"ListItem","position":1,"name":"Prima pagin\u0103","item":"https:\/\/deliciousraw.ro\/"},{"@type":"ListItem","position":2,"name":"Shop","item":"https:\/\/deliciousraw.ro\/shop\/"},{"@type":"ListItem","position":3,"name":"TORT ZMEURA SI CIOCOLATA &#8211; 1000 GR"}]},{"@type":"WebSite","@id":"https:\/\/deliciousraw.ro\/#website","url":"https:\/\/deliciousraw.ro\/","name":"DeliciousRaw","description":"Dulciuri bune raw de tot!","potentialAction":[{"@type":"SearchAction","target":{"@type":"EntryPoint","urlTemplate":"https:\/\/deliciousraw.ro\/?s={search_term_string}"},"query-input":"required name=search_term_string"}],"inLanguage":"en-US"}]}},"_links":{"self":[{"href":"https:\/\/deliciousraw.ro\/en\/wp-json\/wp\/v2\/product\/663"}],"collection":[{"href":"https:\/\/deliciousraw.ro\/en\/wp-json\/wp\/v2\/product"}],"about":[{"href":"https:\/\/deliciousraw.ro\/en\/wp-json\/wp\/v2\/types\/product"}],"replies":[{"embeddable":true,"href":"https:\/\/deliciousraw.ro\/en\/wp-json\/wp\/v2\/comments?post=663"}],"wp:featuredmedia":[{"embeddable":true,"href":"https:\/\/deliciousraw.ro\/en\/wp-json\/wp\/v2\/media\/1193"}],"wp:attachment":[{"href":"https:\/\/deliciousraw.ro\/en\/wp-json\/wp\/v2\/media?parent=663"}],"wp:term":[{"taxonomy":"product_cat","embeddable":true,"href":"https:\/\/deliciousraw.ro\/en\/wp-json\/wp\/v2\/product_cat?post=663"},{"taxonomy":"product_tag","embeddable":true,"href":"https:\/\/deliciousraw.ro\/en\/wp-json\/wp\/v2\/product_tag?post=663"},{"taxonomy":"woo-feed-brand","embeddable":true,"href":"https:\/\/deliciousraw.ro\/en\/wp-json\/wp\/v2\/woo-feed-brand?post=663"}],"curies":[{"name":"wp","href":"https:\/\/api.w.org\/{rel}","templated":true}]}}