{"id":661,"date":"2022-07-13T22:27:49","date_gmt":"2022-07-13T19:27:49","guid":{"rendered":"https:\/\/deliciousraw.ro\/?post_type=product&#038;p=661"},"modified":"2025-09-09T14:31:32","modified_gmt":"2025-09-09T11:31:32","slug":"tort-afine-si-capsuni-100gr","status":"publish","type":"product","link":"https:\/\/deliciousraw.ro\/en\/product\/tort-afine-si-capsuni-100gr\/","title":{"rendered":"TORT AFINE SI CAPSUNI &#8211; 1000 GR"},"content":{"rendered":"<div><strong>INGREDIENTE:<\/strong> nuc\u0103 rom\u00e2neasc\u0103, curmale, caju, c\u0103p\u0219uni, afine, l\u0103m\u00e2ie, \u0219tevie, unt de cacao, rom<\/div>\n<div><\/div>\n<div><em><strong>ALERGENI: CAJU, NUC\u0102<\/strong><\/em><\/div>\n<div><\/div>\n<div><strong>Valori nutri\u021bionale\/por\u021bie (100g):<\/strong><\/div>\n<div>Valoare energetic\u0103: 1879.07 Kj \/ 449.11 KCal<\/div>\n<div>Gr\u0103simi: 41.77 g<\/div>\n<div>Acizi gra\u0219i satura\u021bi: 14.87 g<\/div>\n<div>Glucide: 14.96 g; Zaharuri: 2.49 g<\/div>\n<div>Proteine: 7.64 g<\/div>\n<div>Sare: 0 g<\/div>","protected":false},"excerpt":{"rendered":"<p>Tortul raw vegan cu afine \u0219i c\u0103p\u0219uni este un desert delicat \u0219i fructat, ce \u00eembin\u0103 prospe\u021bimea celor dou\u0103 fructe de p\u0103dure cu texturi catifelate din caju \u0219i nuc\u0103 rom\u00e2neasc\u0103. Aromatizat subtil cu rom \u0219i l\u0103m\u00e2ie, acest tort ofer\u0103 un gust echilibrat \u0219i r\u0103coritor, ideal pentru un r\u0103sf\u0103\u021b s\u0103n\u0103tos \u0219i plin de savoare natural\u0103.<\/p>\n<p>&nbsp;<\/p>\n<p>TERMEN DE LIVRARE: 48 ore LUCRATOARE de la plasarea comenzii.<\/p>","protected":false},"featured_media":1080,"comment_status":"open","ping_status":"closed","template":"","meta":[],"product_cat":[221],"product_tag":[],"woo-feed-brand":[],"yoast_head":"<!-- This site is optimized with the Yoast SEO plugin v22.5 - https:\/\/yoast.com\/wordpress\/plugins\/seo\/ -->\n<title>TORT AFINE SI CAPSUNI - 1000 GR - DeliciousRaw<\/title>\n<meta name=\"robots\" content=\"index, follow, max-snippet:-1, max-image-preview:large, max-video-preview:-1\" \/>\n<link rel=\"canonical\" href=\"https:\/\/deliciousraw.ro\/en\/product\/tort-afine-si-capsuni-100gr\/\" \/>\n<meta property=\"og:locale\" content=\"en_US\" \/>\n<meta property=\"og:type\" content=\"article\" \/>\n<meta property=\"og:title\" content=\"TORT AFINE SI CAPSUNI - 1000 GR - DeliciousRaw\" \/>\n<meta property=\"og:description\" content=\"Tortul raw vegan cu afine \u0219i c\u0103p\u0219uni este un desert delicat \u0219i fructat, ce \u00eembin\u0103 prospe\u021bimea celor dou\u0103 fructe de p\u0103dure cu texturi catifelate din caju \u0219i nuc\u0103 rom\u00e2neasc\u0103. Aromatizat subtil cu rom \u0219i l\u0103m\u00e2ie, acest tort ofer\u0103 un gust echilibrat \u0219i r\u0103coritor, ideal pentru un r\u0103sf\u0103\u021b s\u0103n\u0103tos \u0219i plin de savoare natural\u0103.  &nbsp;  TERMEN DE LIVRARE: 48 ore LUCRATOARE de la plasarea comenzii.\" \/>\n<meta property=\"og:url\" content=\"https:\/\/deliciousraw.ro\/en\/product\/tort-afine-si-capsuni-100gr\/\" \/>\n<meta property=\"og:site_name\" content=\"DeliciousRaw\" \/>\n<meta property=\"article:modified_time\" content=\"2025-09-09T11:31:32+00:00\" \/>\n<meta property=\"og:image\" content=\"https:\/\/deliciousraw.ro\/wp-content\/uploads\/2022\/07\/tort-capsuni-si-afine.jpg\" \/>\n\t<meta property=\"og:image:width\" content=\"711\" \/>\n\t<meta property=\"og:image:height\" content=\"779\" \/>\n\t<meta property=\"og:image:type\" content=\"image\/jpeg\" \/>\n<meta name=\"twitter:card\" content=\"summary_large_image\" \/>\n<meta name=\"twitter:label1\" content=\"Est. reading time\" \/>\n\t<meta name=\"twitter:data1\" content=\"1 minute\" \/>\n<script type=\"application\/ld+json\" class=\"yoast-schema-graph\">{\"@context\":\"https:\/\/schema.org\",\"@graph\":[{\"@type\":\"WebPage\",\"@id\":\"https:\/\/deliciousraw.ro\/product\/tort-afine-si-capsuni-100gr\/\",\"url\":\"https:\/\/deliciousraw.ro\/product\/tort-afine-si-capsuni-100gr\/\",\"name\":\"TORT AFINE SI CAPSUNI - 1000 GR - DeliciousRaw\",\"isPartOf\":{\"@id\":\"https:\/\/deliciousraw.ro\/#website\"},\"primaryImageOfPage\":{\"@id\":\"https:\/\/deliciousraw.ro\/product\/tort-afine-si-capsuni-100gr\/#primaryimage\"},\"image\":{\"@id\":\"https:\/\/deliciousraw.ro\/product\/tort-afine-si-capsuni-100gr\/#primaryimage\"},\"thumbnailUrl\":\"https:\/\/deliciousraw.ro\/wp-content\/uploads\/2022\/07\/tort-capsuni-si-afine.jpg\",\"datePublished\":\"2022-07-13T19:27:49+00:00\",\"dateModified\":\"2025-09-09T11:31:32+00:00\",\"breadcrumb\":{\"@id\":\"https:\/\/deliciousraw.ro\/product\/tort-afine-si-capsuni-100gr\/#breadcrumb\"},\"inLanguage\":\"en-US\",\"potentialAction\":[{\"@type\":\"ReadAction\",\"target\":[\"https:\/\/deliciousraw.ro\/product\/tort-afine-si-capsuni-100gr\/\"]}]},{\"@type\":\"ImageObject\",\"inLanguage\":\"en-US\",\"@id\":\"https:\/\/deliciousraw.ro\/product\/tort-afine-si-capsuni-100gr\/#primaryimage\",\"url\":\"https:\/\/deliciousraw.ro\/wp-content\/uploads\/2022\/07\/tort-capsuni-si-afine.jpg\",\"contentUrl\":\"https:\/\/deliciousraw.ro\/wp-content\/uploads\/2022\/07\/tort-capsuni-si-afine.jpg\",\"width\":711,\"height\":779},{\"@type\":\"BreadcrumbList\",\"@id\":\"https:\/\/deliciousraw.ro\/product\/tort-afine-si-capsuni-100gr\/#breadcrumb\",\"itemListElement\":[{\"@type\":\"ListItem\",\"position\":1,\"name\":\"Prima pagin\u0103\",\"item\":\"https:\/\/deliciousraw.ro\/\"},{\"@type\":\"ListItem\",\"position\":2,\"name\":\"Shop\",\"item\":\"https:\/\/deliciousraw.ro\/shop\/\"},{\"@type\":\"ListItem\",\"position\":3,\"name\":\"TORT AFINE SI CAPSUNI &#8211; 1000 GR\"}]},{\"@type\":\"WebSite\",\"@id\":\"https:\/\/deliciousraw.ro\/#website\",\"url\":\"https:\/\/deliciousraw.ro\/\",\"name\":\"DeliciousRaw\",\"description\":\"Dulciuri bune raw de tot!\",\"potentialAction\":[{\"@type\":\"SearchAction\",\"target\":{\"@type\":\"EntryPoint\",\"urlTemplate\":\"https:\/\/deliciousraw.ro\/?s={search_term_string}\"},\"query-input\":\"required name=search_term_string\"}],\"inLanguage\":\"en-US\"}]}<\/script>\n<!-- \/ Yoast SEO plugin. -->","yoast_head_json":{"title":"TORT AFINE SI CAPSUNI - 1000 GR - DeliciousRaw","robots":{"index":"index","follow":"follow","max-snippet":"max-snippet:-1","max-image-preview":"max-image-preview:large","max-video-preview":"max-video-preview:-1"},"canonical":"https:\/\/deliciousraw.ro\/en\/product\/tort-afine-si-capsuni-100gr\/","og_locale":"en_US","og_type":"article","og_title":"TORT AFINE SI CAPSUNI - 1000 GR - DeliciousRaw","og_description":"Tortul raw vegan cu afine \u0219i c\u0103p\u0219uni este un desert delicat \u0219i fructat, ce \u00eembin\u0103 prospe\u021bimea celor dou\u0103 fructe de p\u0103dure cu texturi catifelate din caju \u0219i nuc\u0103 rom\u00e2neasc\u0103. Aromatizat subtil cu rom \u0219i l\u0103m\u00e2ie, acest tort ofer\u0103 un gust echilibrat \u0219i r\u0103coritor, ideal pentru un r\u0103sf\u0103\u021b s\u0103n\u0103tos \u0219i plin de savoare natural\u0103.  &nbsp;  TERMEN DE LIVRARE: 48 ore LUCRATOARE de la plasarea comenzii.","og_url":"https:\/\/deliciousraw.ro\/en\/product\/tort-afine-si-capsuni-100gr\/","og_site_name":"DeliciousRaw","article_modified_time":"2025-09-09T11:31:32+00:00","og_image":[{"width":711,"height":779,"url":"https:\/\/deliciousraw.ro\/wp-content\/uploads\/2022\/07\/tort-capsuni-si-afine.jpg","type":"image\/jpeg"}],"twitter_card":"summary_large_image","twitter_misc":{"Est. reading time":"1 minute"},"schema":{"@context":"https:\/\/schema.org","@graph":[{"@type":"WebPage","@id":"https:\/\/deliciousraw.ro\/product\/tort-afine-si-capsuni-100gr\/","url":"https:\/\/deliciousraw.ro\/product\/tort-afine-si-capsuni-100gr\/","name":"TORT AFINE SI CAPSUNI - 1000 GR - DeliciousRaw","isPartOf":{"@id":"https:\/\/deliciousraw.ro\/#website"},"primaryImageOfPage":{"@id":"https:\/\/deliciousraw.ro\/product\/tort-afine-si-capsuni-100gr\/#primaryimage"},"image":{"@id":"https:\/\/deliciousraw.ro\/product\/tort-afine-si-capsuni-100gr\/#primaryimage"},"thumbnailUrl":"https:\/\/deliciousraw.ro\/wp-content\/uploads\/2022\/07\/tort-capsuni-si-afine.jpg","datePublished":"2022-07-13T19:27:49+00:00","dateModified":"2025-09-09T11:31:32+00:00","breadcrumb":{"@id":"https:\/\/deliciousraw.ro\/product\/tort-afine-si-capsuni-100gr\/#breadcrumb"},"inLanguage":"en-US","potentialAction":[{"@type":"ReadAction","target":["https:\/\/deliciousraw.ro\/product\/tort-afine-si-capsuni-100gr\/"]}]},{"@type":"ImageObject","inLanguage":"en-US","@id":"https:\/\/deliciousraw.ro\/product\/tort-afine-si-capsuni-100gr\/#primaryimage","url":"https:\/\/deliciousraw.ro\/wp-content\/uploads\/2022\/07\/tort-capsuni-si-afine.jpg","contentUrl":"https:\/\/deliciousraw.ro\/wp-content\/uploads\/2022\/07\/tort-capsuni-si-afine.jpg","width":711,"height":779},{"@type":"BreadcrumbList","@id":"https:\/\/deliciousraw.ro\/product\/tort-afine-si-capsuni-100gr\/#breadcrumb","itemListElement":[{"@type":"ListItem","position":1,"name":"Prima pagin\u0103","item":"https:\/\/deliciousraw.ro\/"},{"@type":"ListItem","position":2,"name":"Shop","item":"https:\/\/deliciousraw.ro\/shop\/"},{"@type":"ListItem","position":3,"name":"TORT AFINE SI CAPSUNI &#8211; 1000 GR"}]},{"@type":"WebSite","@id":"https:\/\/deliciousraw.ro\/#website","url":"https:\/\/deliciousraw.ro\/","name":"DeliciousRaw","description":"Dulciuri bune raw de tot!","potentialAction":[{"@type":"SearchAction","target":{"@type":"EntryPoint","urlTemplate":"https:\/\/deliciousraw.ro\/?s={search_term_string}"},"query-input":"required name=search_term_string"}],"inLanguage":"en-US"}]}},"_links":{"self":[{"href":"https:\/\/deliciousraw.ro\/en\/wp-json\/wp\/v2\/product\/661"}],"collection":[{"href":"https:\/\/deliciousraw.ro\/en\/wp-json\/wp\/v2\/product"}],"about":[{"href":"https:\/\/deliciousraw.ro\/en\/wp-json\/wp\/v2\/types\/product"}],"replies":[{"embeddable":true,"href":"https:\/\/deliciousraw.ro\/en\/wp-json\/wp\/v2\/comments?post=661"}],"wp:featuredmedia":[{"embeddable":true,"href":"https:\/\/deliciousraw.ro\/en\/wp-json\/wp\/v2\/media\/1080"}],"wp:attachment":[{"href":"https:\/\/deliciousraw.ro\/en\/wp-json\/wp\/v2\/media?parent=661"}],"wp:term":[{"taxonomy":"product_cat","embeddable":true,"href":"https:\/\/deliciousraw.ro\/en\/wp-json\/wp\/v2\/product_cat?post=661"},{"taxonomy":"product_tag","embeddable":true,"href":"https:\/\/deliciousraw.ro\/en\/wp-json\/wp\/v2\/product_tag?post=661"},{"taxonomy":"woo-feed-brand","embeddable":true,"href":"https:\/\/deliciousraw.ro\/en\/wp-json\/wp\/v2\/woo-feed-brand?post=661"}],"curies":[{"name":"wp","href":"https:\/\/api.w.org\/{rel}","templated":true}]}}