{"id":653,"date":"2022-07-13T20:38:51","date_gmt":"2022-07-13T17:38:51","guid":{"rendered":"https:\/\/deliciousraw.ro\/?post_type=product&#038;p=653"},"modified":"2025-09-09T14:36:11","modified_gmt":"2025-09-09T11:36:11","slug":"tort-karawmel-100gr","status":"publish","type":"product","link":"https:\/\/deliciousraw.ro\/en\/product\/tort-karawmel-100gr\/","title":{"rendered":"TORT KARAWMEL &#8211; 1000 GR"},"content":{"rendered":"<div><strong>INGREDIENTE:<\/strong> migdale, curmale, caju, nuc\u0103 rom\u00e2neasc\u0103, unt de cacao, ulei de cocos<\/div>\n<div><\/div>\n<div><em><strong>ALERGENI: CAJU, MIGDALE, NUC\u0102 ROM\u00c2NEASC\u0102<\/strong><\/em><\/div>\n<div><\/div>\n<div><strong>Valori nutri\u021bionale\/por\u021bie (100g):<\/strong><\/div>\n<div>Valoare energetic\u0103: 1592.05 Kj \/ 380.51 KCal<\/div>\n<div>Gr\u0103simi: 25.65 g<\/div>\n<div>Acizi gra\u0219i satura\u021bi: 10.98 g<\/div>\n<div>Glucide: 31.49 g; Zaharuri: 3.11 g<\/div>\n<div>Proteine: 5.72 g<\/div>\n<div>Sare: 0.01 g<\/div>","protected":false},"excerpt":{"rendered":"<p>Tortul Karawmel este un desert raw vegan decadent \u0219i cremos, care combin\u0103 dulcea\u021ba natural\u0103 a curmalelor cu textura fin\u0103 a caju-ului \u0219i nucii rom\u00e2ne\u0219ti. \u00cembog\u0103\u021bit cu unt de cacao \u0219i ulei de cocos, acest tort are o textur\u0103 catifelat\u0103 \u0219i un gust perfect echilibrat, aduc\u00e2nd aroma autentic\u0103 de caramel \u00eentr-o variant\u0103 s\u0103n\u0103toas\u0103 \u0219i savuroas\u0103. Ideal pentru un r\u0103sf\u0103\u021b dulce \u0219i natural.<\/p>\n<p>&nbsp;<\/p>\n<p>TERMEN DE LIVRARE: 48 ore LUCRATOARE de la plasarea comenzii.<\/p>","protected":false},"featured_media":1091,"comment_status":"open","ping_status":"closed","template":"","meta":[],"product_cat":[221],"product_tag":[],"woo-feed-brand":[],"yoast_head":"<!-- This site is optimized with the Yoast SEO plugin v22.5 - https:\/\/yoast.com\/wordpress\/plugins\/seo\/ -->\n<title>TORT KARAWMEL - 1000 GR - DeliciousRaw<\/title>\n<meta name=\"robots\" content=\"index, follow, max-snippet:-1, max-image-preview:large, max-video-preview:-1\" \/>\n<link rel=\"canonical\" href=\"https:\/\/deliciousraw.ro\/en\/product\/tort-karawmel-100gr\/\" \/>\n<meta property=\"og:locale\" content=\"en_US\" \/>\n<meta property=\"og:type\" content=\"article\" \/>\n<meta property=\"og:title\" content=\"TORT KARAWMEL - 1000 GR - DeliciousRaw\" \/>\n<meta property=\"og:description\" content=\"Tortul Karawmel este un desert raw vegan decadent \u0219i cremos, care combin\u0103 dulcea\u021ba natural\u0103 a curmalelor cu textura fin\u0103 a caju-ului \u0219i nucii rom\u00e2ne\u0219ti. \u00cembog\u0103\u021bit cu unt de cacao \u0219i ulei de cocos, acest tort are o textur\u0103 catifelat\u0103 \u0219i un gust perfect echilibrat, aduc\u00e2nd aroma autentic\u0103 de caramel \u00eentr-o variant\u0103 s\u0103n\u0103toas\u0103 \u0219i savuroas\u0103. Ideal pentru un r\u0103sf\u0103\u021b dulce \u0219i natural.  &nbsp;  TERMEN DE LIVRARE: 48 ore LUCRATOARE de la plasarea comenzii.\" \/>\n<meta property=\"og:url\" content=\"https:\/\/deliciousraw.ro\/en\/product\/tort-karawmel-100gr\/\" \/>\n<meta property=\"og:site_name\" content=\"DeliciousRaw\" \/>\n<meta property=\"article:modified_time\" content=\"2025-09-09T11:36:11+00:00\" \/>\n<meta property=\"og:image\" content=\"https:\/\/deliciousraw.ro\/wp-content\/uploads\/2022\/07\/tort-karamel.jpeg\" \/>\n\t<meta property=\"og:image:width\" content=\"1200\" \/>\n\t<meta property=\"og:image:height\" content=\"1600\" \/>\n\t<meta property=\"og:image:type\" content=\"image\/jpeg\" \/>\n<meta name=\"twitter:card\" content=\"summary_large_image\" \/>\n<meta name=\"twitter:label1\" content=\"Est. reading time\" \/>\n\t<meta name=\"twitter:data1\" content=\"1 minute\" \/>\n<script type=\"application\/ld+json\" class=\"yoast-schema-graph\">{\"@context\":\"https:\/\/schema.org\",\"@graph\":[{\"@type\":\"WebPage\",\"@id\":\"https:\/\/deliciousraw.ro\/product\/tort-karawmel-100gr\/\",\"url\":\"https:\/\/deliciousraw.ro\/product\/tort-karawmel-100gr\/\",\"name\":\"TORT KARAWMEL - 1000 GR - DeliciousRaw\",\"isPartOf\":{\"@id\":\"https:\/\/deliciousraw.ro\/#website\"},\"primaryImageOfPage\":{\"@id\":\"https:\/\/deliciousraw.ro\/product\/tort-karawmel-100gr\/#primaryimage\"},\"image\":{\"@id\":\"https:\/\/deliciousraw.ro\/product\/tort-karawmel-100gr\/#primaryimage\"},\"thumbnailUrl\":\"https:\/\/deliciousraw.ro\/wp-content\/uploads\/2022\/07\/tort-karamel.jpeg\",\"datePublished\":\"2022-07-13T17:38:51+00:00\",\"dateModified\":\"2025-09-09T11:36:11+00:00\",\"breadcrumb\":{\"@id\":\"https:\/\/deliciousraw.ro\/product\/tort-karawmel-100gr\/#breadcrumb\"},\"inLanguage\":\"en-US\",\"potentialAction\":[{\"@type\":\"ReadAction\",\"target\":[\"https:\/\/deliciousraw.ro\/product\/tort-karawmel-100gr\/\"]}]},{\"@type\":\"ImageObject\",\"inLanguage\":\"en-US\",\"@id\":\"https:\/\/deliciousraw.ro\/product\/tort-karawmel-100gr\/#primaryimage\",\"url\":\"https:\/\/deliciousraw.ro\/wp-content\/uploads\/2022\/07\/tort-karamel.jpeg\",\"contentUrl\":\"https:\/\/deliciousraw.ro\/wp-content\/uploads\/2022\/07\/tort-karamel.jpeg\",\"width\":1200,\"height\":1600},{\"@type\":\"BreadcrumbList\",\"@id\":\"https:\/\/deliciousraw.ro\/product\/tort-karawmel-100gr\/#breadcrumb\",\"itemListElement\":[{\"@type\":\"ListItem\",\"position\":1,\"name\":\"Prima pagin\u0103\",\"item\":\"https:\/\/deliciousraw.ro\/\"},{\"@type\":\"ListItem\",\"position\":2,\"name\":\"Shop\",\"item\":\"https:\/\/deliciousraw.ro\/shop\/\"},{\"@type\":\"ListItem\",\"position\":3,\"name\":\"TORT KARAWMEL &#8211; 1000 GR\"}]},{\"@type\":\"WebSite\",\"@id\":\"https:\/\/deliciousraw.ro\/#website\",\"url\":\"https:\/\/deliciousraw.ro\/\",\"name\":\"DeliciousRaw\",\"description\":\"Dulciuri bune raw de tot!\",\"potentialAction\":[{\"@type\":\"SearchAction\",\"target\":{\"@type\":\"EntryPoint\",\"urlTemplate\":\"https:\/\/deliciousraw.ro\/?s={search_term_string}\"},\"query-input\":\"required name=search_term_string\"}],\"inLanguage\":\"en-US\"}]}<\/script>\n<!-- \/ Yoast SEO plugin. -->","yoast_head_json":{"title":"TORT KARAWMEL - 1000 GR - DeliciousRaw","robots":{"index":"index","follow":"follow","max-snippet":"max-snippet:-1","max-image-preview":"max-image-preview:large","max-video-preview":"max-video-preview:-1"},"canonical":"https:\/\/deliciousraw.ro\/en\/product\/tort-karawmel-100gr\/","og_locale":"en_US","og_type":"article","og_title":"TORT KARAWMEL - 1000 GR - DeliciousRaw","og_description":"Tortul Karawmel este un desert raw vegan decadent \u0219i cremos, care combin\u0103 dulcea\u021ba natural\u0103 a curmalelor cu textura fin\u0103 a caju-ului \u0219i nucii rom\u00e2ne\u0219ti. \u00cembog\u0103\u021bit cu unt de cacao \u0219i ulei de cocos, acest tort are o textur\u0103 catifelat\u0103 \u0219i un gust perfect echilibrat, aduc\u00e2nd aroma autentic\u0103 de caramel \u00eentr-o variant\u0103 s\u0103n\u0103toas\u0103 \u0219i savuroas\u0103. Ideal pentru un r\u0103sf\u0103\u021b dulce \u0219i natural.  &nbsp;  TERMEN DE LIVRARE: 48 ore LUCRATOARE de la plasarea comenzii.","og_url":"https:\/\/deliciousraw.ro\/en\/product\/tort-karawmel-100gr\/","og_site_name":"DeliciousRaw","article_modified_time":"2025-09-09T11:36:11+00:00","og_image":[{"width":1200,"height":1600,"url":"https:\/\/deliciousraw.ro\/wp-content\/uploads\/2022\/07\/tort-karamel.jpeg","type":"image\/jpeg"}],"twitter_card":"summary_large_image","twitter_misc":{"Est. reading time":"1 minute"},"schema":{"@context":"https:\/\/schema.org","@graph":[{"@type":"WebPage","@id":"https:\/\/deliciousraw.ro\/product\/tort-karawmel-100gr\/","url":"https:\/\/deliciousraw.ro\/product\/tort-karawmel-100gr\/","name":"TORT KARAWMEL - 1000 GR - DeliciousRaw","isPartOf":{"@id":"https:\/\/deliciousraw.ro\/#website"},"primaryImageOfPage":{"@id":"https:\/\/deliciousraw.ro\/product\/tort-karawmel-100gr\/#primaryimage"},"image":{"@id":"https:\/\/deliciousraw.ro\/product\/tort-karawmel-100gr\/#primaryimage"},"thumbnailUrl":"https:\/\/deliciousraw.ro\/wp-content\/uploads\/2022\/07\/tort-karamel.jpeg","datePublished":"2022-07-13T17:38:51+00:00","dateModified":"2025-09-09T11:36:11+00:00","breadcrumb":{"@id":"https:\/\/deliciousraw.ro\/product\/tort-karawmel-100gr\/#breadcrumb"},"inLanguage":"en-US","potentialAction":[{"@type":"ReadAction","target":["https:\/\/deliciousraw.ro\/product\/tort-karawmel-100gr\/"]}]},{"@type":"ImageObject","inLanguage":"en-US","@id":"https:\/\/deliciousraw.ro\/product\/tort-karawmel-100gr\/#primaryimage","url":"https:\/\/deliciousraw.ro\/wp-content\/uploads\/2022\/07\/tort-karamel.jpeg","contentUrl":"https:\/\/deliciousraw.ro\/wp-content\/uploads\/2022\/07\/tort-karamel.jpeg","width":1200,"height":1600},{"@type":"BreadcrumbList","@id":"https:\/\/deliciousraw.ro\/product\/tort-karawmel-100gr\/#breadcrumb","itemListElement":[{"@type":"ListItem","position":1,"name":"Prima pagin\u0103","item":"https:\/\/deliciousraw.ro\/"},{"@type":"ListItem","position":2,"name":"Shop","item":"https:\/\/deliciousraw.ro\/shop\/"},{"@type":"ListItem","position":3,"name":"TORT KARAWMEL &#8211; 1000 GR"}]},{"@type":"WebSite","@id":"https:\/\/deliciousraw.ro\/#website","url":"https:\/\/deliciousraw.ro\/","name":"DeliciousRaw","description":"Dulciuri bune raw de tot!","potentialAction":[{"@type":"SearchAction","target":{"@type":"EntryPoint","urlTemplate":"https:\/\/deliciousraw.ro\/?s={search_term_string}"},"query-input":"required name=search_term_string"}],"inLanguage":"en-US"}]}},"_links":{"self":[{"href":"https:\/\/deliciousraw.ro\/en\/wp-json\/wp\/v2\/product\/653"}],"collection":[{"href":"https:\/\/deliciousraw.ro\/en\/wp-json\/wp\/v2\/product"}],"about":[{"href":"https:\/\/deliciousraw.ro\/en\/wp-json\/wp\/v2\/types\/product"}],"replies":[{"embeddable":true,"href":"https:\/\/deliciousraw.ro\/en\/wp-json\/wp\/v2\/comments?post=653"}],"wp:featuredmedia":[{"embeddable":true,"href":"https:\/\/deliciousraw.ro\/en\/wp-json\/wp\/v2\/media\/1091"}],"wp:attachment":[{"href":"https:\/\/deliciousraw.ro\/en\/wp-json\/wp\/v2\/media?parent=653"}],"wp:term":[{"taxonomy":"product_cat","embeddable":true,"href":"https:\/\/deliciousraw.ro\/en\/wp-json\/wp\/v2\/product_cat?post=653"},{"taxonomy":"product_tag","embeddable":true,"href":"https:\/\/deliciousraw.ro\/en\/wp-json\/wp\/v2\/product_tag?post=653"},{"taxonomy":"woo-feed-brand","embeddable":true,"href":"https:\/\/deliciousraw.ro\/en\/wp-json\/wp\/v2\/woo-feed-brand?post=653"}],"curies":[{"name":"wp","href":"https:\/\/api.w.org\/{rel}","templated":true}]}}