{"id":652,"date":"2022-07-13T20:36:50","date_gmt":"2022-07-13T17:36:50","guid":{"rendered":"https:\/\/deliciousraw.ro\/?post_type=product&#038;p=652"},"modified":"2025-09-09T14:40:27","modified_gmt":"2025-09-09T11:40:27","slug":"tort-after-eight-100gr","status":"publish","type":"product","link":"https:\/\/deliciousraw.ro\/en\/product\/tort-after-eight-100gr\/","title":{"rendered":"TORT \u201cAFTER EIGHT\u201d &#8211; 1000gr"},"content":{"rendered":"<div><strong>INGREDIENTE:<\/strong> migdale, curmale, cacao alcalin\u0103, ment\u0103, caju, spirulin\u0103, turmeric, agave, unt de cacao<\/div>\n<div><\/div>\n<div><em><strong>ALERGENI: CAJU, MIGDALE<\/strong><\/em><\/div>\n<div><\/div>\n<div><strong>Valori nutri\u021bionale\/por\u021bie (100g):<\/strong><\/div>\n<div>Valoare energetic\u0103: 1684.92 Kj \/ 402.71 KCal<\/div>\n<div>Gr\u0103simi: 30.28 g<\/div>\n<div>Acizi gra\u0219i satura\u021bi: 10.19 g<\/div>\n<div>Glucide: 26.3 g; Zaharuri: 3.55 g<\/div>\n<div>Proteine: 8.21 g<\/div>\n<div>Sare: 0.38 g<\/div>","protected":false},"excerpt":{"rendered":"<p>Tortul &#8222;After Eight&#8221; raw vegan este un desert elegant \u0219i revigorant, inspirat de combina\u021bia clasic\u0103 de ciocolat\u0103 \u0219i ment\u0103. Cu un gust intens de cacao alcalin\u0103 \u0219i o not\u0103 proasp\u0103t\u0103 de ment\u0103, acest tort ofer\u0103 o textur\u0103 fin\u0103 \u0219i cremoas\u0103, \u00eembog\u0103\u021bit\u0103 cu migdale, caju \u0219i un strop de spirulin\u0103 \u0219i turmeric pentru un plus de culoare \u0219i savoare. Perfect pentru un r\u0103sf\u0103\u021b sofisticat \u0219i s\u0103n\u0103tos, cu arome echilibrate \u0219i r\u0103coritoare.<\/p>\n<p>&nbsp;<\/p>\n<p>TERMEN DE LIVRARE: 48 ore LUCRATOARE de la plasarea comenzii.<\/p>","protected":false},"featured_media":1094,"comment_status":"open","ping_status":"closed","template":"","meta":[],"product_cat":[221],"product_tag":[],"woo-feed-brand":[],"yoast_head":"<!-- This site is optimized with the Yoast SEO plugin v22.5 - https:\/\/yoast.com\/wordpress\/plugins\/seo\/ -->\n<title>TORT \u201cAFTER EIGHT\u201d - 1000gr - DeliciousRaw<\/title>\n<meta name=\"robots\" content=\"index, follow, max-snippet:-1, max-image-preview:large, max-video-preview:-1\" \/>\n<link rel=\"canonical\" href=\"https:\/\/deliciousraw.ro\/en\/product\/tort-after-eight-100gr\/\" \/>\n<meta property=\"og:locale\" content=\"en_US\" \/>\n<meta property=\"og:type\" content=\"article\" \/>\n<meta property=\"og:title\" content=\"TORT \u201cAFTER EIGHT\u201d - 1000gr - DeliciousRaw\" \/>\n<meta property=\"og:description\" content=\"Tortul &quot;After Eight&quot; raw vegan este un desert elegant \u0219i revigorant, inspirat de combina\u021bia clasic\u0103 de ciocolat\u0103 \u0219i ment\u0103. Cu un gust intens de cacao alcalin\u0103 \u0219i o not\u0103 proasp\u0103t\u0103 de ment\u0103, acest tort ofer\u0103 o textur\u0103 fin\u0103 \u0219i cremoas\u0103, \u00eembog\u0103\u021bit\u0103 cu migdale, caju \u0219i un strop de spirulin\u0103 \u0219i turmeric pentru un plus de culoare \u0219i savoare. Perfect pentru un r\u0103sf\u0103\u021b sofisticat \u0219i s\u0103n\u0103tos, cu arome echilibrate \u0219i r\u0103coritoare.  &nbsp;  TERMEN DE LIVRARE: 48 ore LUCRATOARE de la plasarea comenzii.\" \/>\n<meta property=\"og:url\" content=\"https:\/\/deliciousraw.ro\/en\/product\/tort-after-eight-100gr\/\" \/>\n<meta property=\"og:site_name\" content=\"DeliciousRaw\" \/>\n<meta property=\"article:modified_time\" content=\"2025-09-09T11:40:27+00:00\" \/>\n<meta property=\"og:image\" content=\"https:\/\/deliciousraw.ro\/wp-content\/uploads\/2022\/07\/tort-afther-eight-2.jpg\" \/>\n\t<meta property=\"og:image:width\" content=\"2048\" \/>\n\t<meta property=\"og:image:height\" content=\"1365\" \/>\n\t<meta property=\"og:image:type\" content=\"image\/jpeg\" \/>\n<meta name=\"twitter:card\" content=\"summary_large_image\" \/>\n<meta name=\"twitter:label1\" content=\"Est. reading time\" \/>\n\t<meta name=\"twitter:data1\" content=\"1 minute\" \/>\n<script type=\"application\/ld+json\" class=\"yoast-schema-graph\">{\"@context\":\"https:\/\/schema.org\",\"@graph\":[{\"@type\":\"WebPage\",\"@id\":\"https:\/\/deliciousraw.ro\/product\/tort-after-eight-100gr\/\",\"url\":\"https:\/\/deliciousraw.ro\/product\/tort-after-eight-100gr\/\",\"name\":\"TORT \u201cAFTER EIGHT\u201d - 1000gr - DeliciousRaw\",\"isPartOf\":{\"@id\":\"https:\/\/deliciousraw.ro\/#website\"},\"primaryImageOfPage\":{\"@id\":\"https:\/\/deliciousraw.ro\/product\/tort-after-eight-100gr\/#primaryimage\"},\"image\":{\"@id\":\"https:\/\/deliciousraw.ro\/product\/tort-after-eight-100gr\/#primaryimage\"},\"thumbnailUrl\":\"https:\/\/deliciousraw.ro\/wp-content\/uploads\/2022\/07\/tort-afther-eight-2.jpg\",\"datePublished\":\"2022-07-13T17:36:50+00:00\",\"dateModified\":\"2025-09-09T11:40:27+00:00\",\"breadcrumb\":{\"@id\":\"https:\/\/deliciousraw.ro\/product\/tort-after-eight-100gr\/#breadcrumb\"},\"inLanguage\":\"en-US\",\"potentialAction\":[{\"@type\":\"ReadAction\",\"target\":[\"https:\/\/deliciousraw.ro\/product\/tort-after-eight-100gr\/\"]}]},{\"@type\":\"ImageObject\",\"inLanguage\":\"en-US\",\"@id\":\"https:\/\/deliciousraw.ro\/product\/tort-after-eight-100gr\/#primaryimage\",\"url\":\"https:\/\/deliciousraw.ro\/wp-content\/uploads\/2022\/07\/tort-afther-eight-2.jpg\",\"contentUrl\":\"https:\/\/deliciousraw.ro\/wp-content\/uploads\/2022\/07\/tort-afther-eight-2.jpg\",\"width\":2048,\"height\":1365},{\"@type\":\"BreadcrumbList\",\"@id\":\"https:\/\/deliciousraw.ro\/product\/tort-after-eight-100gr\/#breadcrumb\",\"itemListElement\":[{\"@type\":\"ListItem\",\"position\":1,\"name\":\"Prima pagin\u0103\",\"item\":\"https:\/\/deliciousraw.ro\/\"},{\"@type\":\"ListItem\",\"position\":2,\"name\":\"Shop\",\"item\":\"https:\/\/deliciousraw.ro\/shop\/\"},{\"@type\":\"ListItem\",\"position\":3,\"name\":\"TORT \u201cAFTER EIGHT\u201d &#8211; 1000gr\"}]},{\"@type\":\"WebSite\",\"@id\":\"https:\/\/deliciousraw.ro\/#website\",\"url\":\"https:\/\/deliciousraw.ro\/\",\"name\":\"DeliciousRaw\",\"description\":\"Dulciuri bune raw de tot!\",\"potentialAction\":[{\"@type\":\"SearchAction\",\"target\":{\"@type\":\"EntryPoint\",\"urlTemplate\":\"https:\/\/deliciousraw.ro\/?s={search_term_string}\"},\"query-input\":\"required name=search_term_string\"}],\"inLanguage\":\"en-US\"}]}<\/script>\n<!-- \/ Yoast SEO plugin. -->","yoast_head_json":{"title":"TORT \u201cAFTER EIGHT\u201d - 1000gr - DeliciousRaw","robots":{"index":"index","follow":"follow","max-snippet":"max-snippet:-1","max-image-preview":"max-image-preview:large","max-video-preview":"max-video-preview:-1"},"canonical":"https:\/\/deliciousraw.ro\/en\/product\/tort-after-eight-100gr\/","og_locale":"en_US","og_type":"article","og_title":"TORT \u201cAFTER EIGHT\u201d - 1000gr - DeliciousRaw","og_description":"Tortul \"After Eight\" raw vegan este un desert elegant \u0219i revigorant, inspirat de combina\u021bia clasic\u0103 de ciocolat\u0103 \u0219i ment\u0103. Cu un gust intens de cacao alcalin\u0103 \u0219i o not\u0103 proasp\u0103t\u0103 de ment\u0103, acest tort ofer\u0103 o textur\u0103 fin\u0103 \u0219i cremoas\u0103, \u00eembog\u0103\u021bit\u0103 cu migdale, caju \u0219i un strop de spirulin\u0103 \u0219i turmeric pentru un plus de culoare \u0219i savoare. Perfect pentru un r\u0103sf\u0103\u021b sofisticat \u0219i s\u0103n\u0103tos, cu arome echilibrate \u0219i r\u0103coritoare.  &nbsp;  TERMEN DE LIVRARE: 48 ore LUCRATOARE de la plasarea comenzii.","og_url":"https:\/\/deliciousraw.ro\/en\/product\/tort-after-eight-100gr\/","og_site_name":"DeliciousRaw","article_modified_time":"2025-09-09T11:40:27+00:00","og_image":[{"width":2048,"height":1365,"url":"https:\/\/deliciousraw.ro\/wp-content\/uploads\/2022\/07\/tort-afther-eight-2.jpg","type":"image\/jpeg"}],"twitter_card":"summary_large_image","twitter_misc":{"Est. reading time":"1 minute"},"schema":{"@context":"https:\/\/schema.org","@graph":[{"@type":"WebPage","@id":"https:\/\/deliciousraw.ro\/product\/tort-after-eight-100gr\/","url":"https:\/\/deliciousraw.ro\/product\/tort-after-eight-100gr\/","name":"TORT \u201cAFTER EIGHT\u201d - 1000gr - DeliciousRaw","isPartOf":{"@id":"https:\/\/deliciousraw.ro\/#website"},"primaryImageOfPage":{"@id":"https:\/\/deliciousraw.ro\/product\/tort-after-eight-100gr\/#primaryimage"},"image":{"@id":"https:\/\/deliciousraw.ro\/product\/tort-after-eight-100gr\/#primaryimage"},"thumbnailUrl":"https:\/\/deliciousraw.ro\/wp-content\/uploads\/2022\/07\/tort-afther-eight-2.jpg","datePublished":"2022-07-13T17:36:50+00:00","dateModified":"2025-09-09T11:40:27+00:00","breadcrumb":{"@id":"https:\/\/deliciousraw.ro\/product\/tort-after-eight-100gr\/#breadcrumb"},"inLanguage":"en-US","potentialAction":[{"@type":"ReadAction","target":["https:\/\/deliciousraw.ro\/product\/tort-after-eight-100gr\/"]}]},{"@type":"ImageObject","inLanguage":"en-US","@id":"https:\/\/deliciousraw.ro\/product\/tort-after-eight-100gr\/#primaryimage","url":"https:\/\/deliciousraw.ro\/wp-content\/uploads\/2022\/07\/tort-afther-eight-2.jpg","contentUrl":"https:\/\/deliciousraw.ro\/wp-content\/uploads\/2022\/07\/tort-afther-eight-2.jpg","width":2048,"height":1365},{"@type":"BreadcrumbList","@id":"https:\/\/deliciousraw.ro\/product\/tort-after-eight-100gr\/#breadcrumb","itemListElement":[{"@type":"ListItem","position":1,"name":"Prima pagin\u0103","item":"https:\/\/deliciousraw.ro\/"},{"@type":"ListItem","position":2,"name":"Shop","item":"https:\/\/deliciousraw.ro\/shop\/"},{"@type":"ListItem","position":3,"name":"TORT \u201cAFTER EIGHT\u201d &#8211; 1000gr"}]},{"@type":"WebSite","@id":"https:\/\/deliciousraw.ro\/#website","url":"https:\/\/deliciousraw.ro\/","name":"DeliciousRaw","description":"Dulciuri bune raw de tot!","potentialAction":[{"@type":"SearchAction","target":{"@type":"EntryPoint","urlTemplate":"https:\/\/deliciousraw.ro\/?s={search_term_string}"},"query-input":"required name=search_term_string"}],"inLanguage":"en-US"}]}},"_links":{"self":[{"href":"https:\/\/deliciousraw.ro\/en\/wp-json\/wp\/v2\/product\/652"}],"collection":[{"href":"https:\/\/deliciousraw.ro\/en\/wp-json\/wp\/v2\/product"}],"about":[{"href":"https:\/\/deliciousraw.ro\/en\/wp-json\/wp\/v2\/types\/product"}],"replies":[{"embeddable":true,"href":"https:\/\/deliciousraw.ro\/en\/wp-json\/wp\/v2\/comments?post=652"}],"wp:featuredmedia":[{"embeddable":true,"href":"https:\/\/deliciousraw.ro\/en\/wp-json\/wp\/v2\/media\/1094"}],"wp:attachment":[{"href":"https:\/\/deliciousraw.ro\/en\/wp-json\/wp\/v2\/media?parent=652"}],"wp:term":[{"taxonomy":"product_cat","embeddable":true,"href":"https:\/\/deliciousraw.ro\/en\/wp-json\/wp\/v2\/product_cat?post=652"},{"taxonomy":"product_tag","embeddable":true,"href":"https:\/\/deliciousraw.ro\/en\/wp-json\/wp\/v2\/product_tag?post=652"},{"taxonomy":"woo-feed-brand","embeddable":true,"href":"https:\/\/deliciousraw.ro\/en\/wp-json\/wp\/v2\/woo-feed-brand?post=652"}],"curies":[{"name":"wp","href":"https:\/\/api.w.org\/{rel}","templated":true}]}}