{"id":651,"date":"2022-07-13T20:35:27","date_gmt":"2022-07-13T17:35:27","guid":{"rendered":"https:\/\/deliciousraw.ro\/?post_type=product&#038;p=651"},"modified":"2025-09-09T14:41:22","modified_gmt":"2025-09-09T11:41:22","slug":"tort-lamaie-si-menta-100gr","status":"publish","type":"product","link":"https:\/\/deliciousraw.ro\/en\/product\/tort-lamaie-si-menta-100gr\/","title":{"rendered":"TORT LAMAIE SI MENTA &#8211; 1000 GR"},"content":{"rendered":"<div><strong>INGREDIENTE:<\/strong> migdale, caise, caju, spirulin\u0103, turmeric, l\u0103m\u00e2ie, \u0219tevie, ment\u0103, unt de cacao<\/div>\n<div><\/div>\n<div><em><strong>ALERGENI: CAJU, MIGDALE<\/strong><\/em><\/div>\n<div><\/div>\n<div><strong>Valori nutri\u021bionale\/por\u021bie (100g):<\/strong><\/div>\n<div>Valoare energetic\u0103: 1616.58 Kj \/ 386.37 KCal<\/div>\n<div>Gr\u0103simi: 32.6 g<\/div>\n<div>Acizi gra\u0219i satura\u021bi: 10.74 g<\/div>\n<div>Glucide: 18.89 g; Zaharuri: 2.92 g<\/div>\n<div>Proteine: 8.4 g<\/div>\n<div>Sare: 0.06 g<\/div>","protected":false},"excerpt":{"rendered":"<p>Tortul L\u0103m\u00e2ie Ment\u0103 este un desert raw vegan r\u0103coritor \u0219i vibrant, care combin\u0103 prospe\u021bimea citric\u0103 a l\u0103m\u00e2ii cu aroma revigorant\u0103 a mentei. Cu o textur\u0103 fin\u0103 \u0219i cremoas\u0103 din caju \u0219i migdale, \u00eembog\u0103\u021bit cu note subtile de spirulin\u0103 \u0219i turmeric, acest tort ofer\u0103 un gust perfect echilibrat \u0219i natural, ideal pentru un r\u0103sf\u0103\u021b s\u0103n\u0103tos \u0219i revigorant.<\/p>\n<p>&nbsp;<\/p>\n<p>TERMEN DE LIVRARE: 48 ore LUCRATOARE de la plasarea comenzii.<\/p>","protected":false},"featured_media":1096,"comment_status":"open","ping_status":"closed","template":"","meta":[],"product_cat":[221],"product_tag":[],"woo-feed-brand":[],"yoast_head":"<!-- This site is optimized with the Yoast SEO plugin v22.5 - https:\/\/yoast.com\/wordpress\/plugins\/seo\/ -->\n<title>TORT LAMAIE SI MENTA - 1000 GR - DeliciousRaw<\/title>\n<meta name=\"robots\" content=\"index, follow, max-snippet:-1, max-image-preview:large, max-video-preview:-1\" \/>\n<link rel=\"canonical\" href=\"https:\/\/deliciousraw.ro\/en\/product\/tort-lamaie-si-menta-100gr\/\" \/>\n<meta property=\"og:locale\" content=\"en_US\" \/>\n<meta property=\"og:type\" content=\"article\" \/>\n<meta property=\"og:title\" content=\"TORT LAMAIE SI MENTA - 1000 GR - DeliciousRaw\" \/>\n<meta property=\"og:description\" content=\"Tortul L\u0103m\u00e2ie Ment\u0103 este un desert raw vegan r\u0103coritor \u0219i vibrant, care combin\u0103 prospe\u021bimea citric\u0103 a l\u0103m\u00e2ii cu aroma revigorant\u0103 a mentei. Cu o textur\u0103 fin\u0103 \u0219i cremoas\u0103 din caju \u0219i migdale, \u00eembog\u0103\u021bit cu note subtile de spirulin\u0103 \u0219i turmeric, acest tort ofer\u0103 un gust perfect echilibrat \u0219i natural, ideal pentru un r\u0103sf\u0103\u021b s\u0103n\u0103tos \u0219i revigorant.  &nbsp;  TERMEN DE LIVRARE: 48 ore LUCRATOARE de la plasarea comenzii.\" \/>\n<meta property=\"og:url\" content=\"https:\/\/deliciousraw.ro\/en\/product\/tort-lamaie-si-menta-100gr\/\" \/>\n<meta property=\"og:site_name\" content=\"DeliciousRaw\" \/>\n<meta property=\"article:modified_time\" content=\"2025-09-09T11:41:22+00:00\" \/>\n<meta property=\"og:image\" content=\"https:\/\/deliciousraw.ro\/wp-content\/uploads\/2022\/07\/tort-de-lamaie-si-menta.jpeg\" \/>\n\t<meta property=\"og:image:width\" content=\"1600\" \/>\n\t<meta property=\"og:image:height\" content=\"1236\" \/>\n\t<meta property=\"og:image:type\" content=\"image\/jpeg\" \/>\n<meta name=\"twitter:card\" content=\"summary_large_image\" \/>\n<meta name=\"twitter:label1\" content=\"Est. reading time\" \/>\n\t<meta name=\"twitter:data1\" content=\"1 minute\" \/>\n<script type=\"application\/ld+json\" class=\"yoast-schema-graph\">{\"@context\":\"https:\/\/schema.org\",\"@graph\":[{\"@type\":\"WebPage\",\"@id\":\"https:\/\/deliciousraw.ro\/product\/tort-lamaie-si-menta-100gr\/\",\"url\":\"https:\/\/deliciousraw.ro\/product\/tort-lamaie-si-menta-100gr\/\",\"name\":\"TORT LAMAIE SI MENTA - 1000 GR - DeliciousRaw\",\"isPartOf\":{\"@id\":\"https:\/\/deliciousraw.ro\/#website\"},\"primaryImageOfPage\":{\"@id\":\"https:\/\/deliciousraw.ro\/product\/tort-lamaie-si-menta-100gr\/#primaryimage\"},\"image\":{\"@id\":\"https:\/\/deliciousraw.ro\/product\/tort-lamaie-si-menta-100gr\/#primaryimage\"},\"thumbnailUrl\":\"https:\/\/deliciousraw.ro\/wp-content\/uploads\/2022\/07\/tort-de-lamaie-si-menta.jpeg\",\"datePublished\":\"2022-07-13T17:35:27+00:00\",\"dateModified\":\"2025-09-09T11:41:22+00:00\",\"breadcrumb\":{\"@id\":\"https:\/\/deliciousraw.ro\/product\/tort-lamaie-si-menta-100gr\/#breadcrumb\"},\"inLanguage\":\"en-US\",\"potentialAction\":[{\"@type\":\"ReadAction\",\"target\":[\"https:\/\/deliciousraw.ro\/product\/tort-lamaie-si-menta-100gr\/\"]}]},{\"@type\":\"ImageObject\",\"inLanguage\":\"en-US\",\"@id\":\"https:\/\/deliciousraw.ro\/product\/tort-lamaie-si-menta-100gr\/#primaryimage\",\"url\":\"https:\/\/deliciousraw.ro\/wp-content\/uploads\/2022\/07\/tort-de-lamaie-si-menta.jpeg\",\"contentUrl\":\"https:\/\/deliciousraw.ro\/wp-content\/uploads\/2022\/07\/tort-de-lamaie-si-menta.jpeg\",\"width\":1600,\"height\":1236},{\"@type\":\"BreadcrumbList\",\"@id\":\"https:\/\/deliciousraw.ro\/product\/tort-lamaie-si-menta-100gr\/#breadcrumb\",\"itemListElement\":[{\"@type\":\"ListItem\",\"position\":1,\"name\":\"Prima pagin\u0103\",\"item\":\"https:\/\/deliciousraw.ro\/\"},{\"@type\":\"ListItem\",\"position\":2,\"name\":\"Shop\",\"item\":\"https:\/\/deliciousraw.ro\/shop\/\"},{\"@type\":\"ListItem\",\"position\":3,\"name\":\"TORT LAMAIE SI MENTA &#8211; 1000 GR\"}]},{\"@type\":\"WebSite\",\"@id\":\"https:\/\/deliciousraw.ro\/#website\",\"url\":\"https:\/\/deliciousraw.ro\/\",\"name\":\"DeliciousRaw\",\"description\":\"Dulciuri bune raw de tot!\",\"potentialAction\":[{\"@type\":\"SearchAction\",\"target\":{\"@type\":\"EntryPoint\",\"urlTemplate\":\"https:\/\/deliciousraw.ro\/?s={search_term_string}\"},\"query-input\":\"required name=search_term_string\"}],\"inLanguage\":\"en-US\"}]}<\/script>\n<!-- \/ Yoast SEO plugin. -->","yoast_head_json":{"title":"TORT LAMAIE SI MENTA - 1000 GR - DeliciousRaw","robots":{"index":"index","follow":"follow","max-snippet":"max-snippet:-1","max-image-preview":"max-image-preview:large","max-video-preview":"max-video-preview:-1"},"canonical":"https:\/\/deliciousraw.ro\/en\/product\/tort-lamaie-si-menta-100gr\/","og_locale":"en_US","og_type":"article","og_title":"TORT LAMAIE SI MENTA - 1000 GR - DeliciousRaw","og_description":"Tortul L\u0103m\u00e2ie Ment\u0103 este un desert raw vegan r\u0103coritor \u0219i vibrant, care combin\u0103 prospe\u021bimea citric\u0103 a l\u0103m\u00e2ii cu aroma revigorant\u0103 a mentei. Cu o textur\u0103 fin\u0103 \u0219i cremoas\u0103 din caju \u0219i migdale, \u00eembog\u0103\u021bit cu note subtile de spirulin\u0103 \u0219i turmeric, acest tort ofer\u0103 un gust perfect echilibrat \u0219i natural, ideal pentru un r\u0103sf\u0103\u021b s\u0103n\u0103tos \u0219i revigorant.  &nbsp;  TERMEN DE LIVRARE: 48 ore LUCRATOARE de la plasarea comenzii.","og_url":"https:\/\/deliciousraw.ro\/en\/product\/tort-lamaie-si-menta-100gr\/","og_site_name":"DeliciousRaw","article_modified_time":"2025-09-09T11:41:22+00:00","og_image":[{"width":1600,"height":1236,"url":"https:\/\/deliciousraw.ro\/wp-content\/uploads\/2022\/07\/tort-de-lamaie-si-menta.jpeg","type":"image\/jpeg"}],"twitter_card":"summary_large_image","twitter_misc":{"Est. reading time":"1 minute"},"schema":{"@context":"https:\/\/schema.org","@graph":[{"@type":"WebPage","@id":"https:\/\/deliciousraw.ro\/product\/tort-lamaie-si-menta-100gr\/","url":"https:\/\/deliciousraw.ro\/product\/tort-lamaie-si-menta-100gr\/","name":"TORT LAMAIE SI MENTA - 1000 GR - DeliciousRaw","isPartOf":{"@id":"https:\/\/deliciousraw.ro\/#website"},"primaryImageOfPage":{"@id":"https:\/\/deliciousraw.ro\/product\/tort-lamaie-si-menta-100gr\/#primaryimage"},"image":{"@id":"https:\/\/deliciousraw.ro\/product\/tort-lamaie-si-menta-100gr\/#primaryimage"},"thumbnailUrl":"https:\/\/deliciousraw.ro\/wp-content\/uploads\/2022\/07\/tort-de-lamaie-si-menta.jpeg","datePublished":"2022-07-13T17:35:27+00:00","dateModified":"2025-09-09T11:41:22+00:00","breadcrumb":{"@id":"https:\/\/deliciousraw.ro\/product\/tort-lamaie-si-menta-100gr\/#breadcrumb"},"inLanguage":"en-US","potentialAction":[{"@type":"ReadAction","target":["https:\/\/deliciousraw.ro\/product\/tort-lamaie-si-menta-100gr\/"]}]},{"@type":"ImageObject","inLanguage":"en-US","@id":"https:\/\/deliciousraw.ro\/product\/tort-lamaie-si-menta-100gr\/#primaryimage","url":"https:\/\/deliciousraw.ro\/wp-content\/uploads\/2022\/07\/tort-de-lamaie-si-menta.jpeg","contentUrl":"https:\/\/deliciousraw.ro\/wp-content\/uploads\/2022\/07\/tort-de-lamaie-si-menta.jpeg","width":1600,"height":1236},{"@type":"BreadcrumbList","@id":"https:\/\/deliciousraw.ro\/product\/tort-lamaie-si-menta-100gr\/#breadcrumb","itemListElement":[{"@type":"ListItem","position":1,"name":"Prima pagin\u0103","item":"https:\/\/deliciousraw.ro\/"},{"@type":"ListItem","position":2,"name":"Shop","item":"https:\/\/deliciousraw.ro\/shop\/"},{"@type":"ListItem","position":3,"name":"TORT LAMAIE SI MENTA &#8211; 1000 GR"}]},{"@type":"WebSite","@id":"https:\/\/deliciousraw.ro\/#website","url":"https:\/\/deliciousraw.ro\/","name":"DeliciousRaw","description":"Dulciuri bune raw de tot!","potentialAction":[{"@type":"SearchAction","target":{"@type":"EntryPoint","urlTemplate":"https:\/\/deliciousraw.ro\/?s={search_term_string}"},"query-input":"required name=search_term_string"}],"inLanguage":"en-US"}]}},"_links":{"self":[{"href":"https:\/\/deliciousraw.ro\/en\/wp-json\/wp\/v2\/product\/651"}],"collection":[{"href":"https:\/\/deliciousraw.ro\/en\/wp-json\/wp\/v2\/product"}],"about":[{"href":"https:\/\/deliciousraw.ro\/en\/wp-json\/wp\/v2\/types\/product"}],"replies":[{"embeddable":true,"href":"https:\/\/deliciousraw.ro\/en\/wp-json\/wp\/v2\/comments?post=651"}],"wp:featuredmedia":[{"embeddable":true,"href":"https:\/\/deliciousraw.ro\/en\/wp-json\/wp\/v2\/media\/1096"}],"wp:attachment":[{"href":"https:\/\/deliciousraw.ro\/en\/wp-json\/wp\/v2\/media?parent=651"}],"wp:term":[{"taxonomy":"product_cat","embeddable":true,"href":"https:\/\/deliciousraw.ro\/en\/wp-json\/wp\/v2\/product_cat?post=651"},{"taxonomy":"product_tag","embeddable":true,"href":"https:\/\/deliciousraw.ro\/en\/wp-json\/wp\/v2\/product_tag?post=651"},{"taxonomy":"woo-feed-brand","embeddable":true,"href":"https:\/\/deliciousraw.ro\/en\/wp-json\/wp\/v2\/woo-feed-brand?post=651"}],"curies":[{"name":"wp","href":"https:\/\/api.w.org\/{rel}","templated":true}]}}