{"id":647,"date":"2022-07-13T20:29:44","date_gmt":"2022-07-13T17:29:44","guid":{"rendered":"https:\/\/deliciousraw.ro\/?post_type=product&#038;p=647"},"modified":"2025-09-09T14:44:13","modified_gmt":"2025-09-09T11:44:13","slug":"tort-maxim-100gr","status":"publish","type":"product","link":"https:\/\/deliciousraw.ro\/en\/product\/tort-maxim-100gr\/","title":{"rendered":"TORT MAXIM 1000 gr"},"content":{"rendered":"<div><strong>INGREDIENTE:<\/strong> migdale, curmale, smochine, cicoare, cacao natural\u0103, carob, caju, l\u0103m\u00e2ie, turmeric, vanilie, unt de cacao, fructe de p\u0103dure, agave, mas\u0103 de cacao<\/div>\n<div><\/div>\n<div><em><strong>ALERGENI: CAJU, MIGDALE<\/strong><\/em><\/div>\n<div><\/div>\n<div><strong>Valori nutri\u021bionale \/ por\u021bie (100g):<\/strong><\/div>\n<div>Valoare energetic\u0103: 1440.36 Kj \/ 344.26 KCal<\/div>\n<div>Gr\u0103simi: 25.14 g<\/div>\n<div>Acizi gra\u0219i satura\u021bi: 8.51 g<\/div>\n<div>Glucide: 23.43 g; Zaharuri: 4.2 g<\/div>\n<div>Proteine: 6.92 g<\/div>\n<div>Sare: 0.3 g<\/div>","protected":false},"excerpt":{"rendered":"<p>Tortul Maxim este un desert raw vegan creat cu pasiune, inspirat de energia \u0219i bucuria copil\u0103riei. Cu straturi fine de migdale, caju \u0219i o combina\u021bie unic\u0103 de smochine, cacao \u0219i fructe de p\u0103dure, acest tort aduce un echilibru perfect \u00eentre dulcea\u021ba natural\u0103 \u0219i aromele intense de vanilie \u0219i ciocolat\u0103. \u00cembog\u0103\u021bit cu note subtile de cicoare \u0219i carob, Tortul Maxim este un r\u0103sf\u0103\u021b s\u0103n\u0103tos, plin de savoare \u0219i personalitate, ideal pentru orice ocazie special\u0103.<\/p>\n<p>&nbsp;<\/p>\n<p>TERMEN DE LIVRARE: 48 ore LUCRATOARE de la plasarea comenzii.<\/p>","protected":false},"featured_media":0,"comment_status":"open","ping_status":"closed","template":"","meta":[],"product_cat":[221],"product_tag":[],"woo-feed-brand":[],"yoast_head":"<!-- This site is optimized with the Yoast SEO plugin v22.5 - https:\/\/yoast.com\/wordpress\/plugins\/seo\/ -->\n<title>TORT MAXIM 1000 gr - DeliciousRaw<\/title>\n<meta name=\"robots\" content=\"index, follow, max-snippet:-1, max-image-preview:large, max-video-preview:-1\" \/>\n<link rel=\"canonical\" href=\"https:\/\/deliciousraw.ro\/en\/product\/tort-maxim-100gr\/\" \/>\n<meta property=\"og:locale\" content=\"en_US\" \/>\n<meta property=\"og:type\" content=\"article\" \/>\n<meta property=\"og:title\" content=\"TORT MAXIM 1000 gr - DeliciousRaw\" \/>\n<meta property=\"og:description\" content=\"Tortul Maxim este un desert raw vegan creat cu pasiune, inspirat de energia \u0219i bucuria copil\u0103riei. Cu straturi fine de migdale, caju \u0219i o combina\u021bie unic\u0103 de smochine, cacao \u0219i fructe de p\u0103dure, acest tort aduce un echilibru perfect \u00eentre dulcea\u021ba natural\u0103 \u0219i aromele intense de vanilie \u0219i ciocolat\u0103. \u00cembog\u0103\u021bit cu note subtile de cicoare \u0219i carob, Tortul Maxim este un r\u0103sf\u0103\u021b s\u0103n\u0103tos, plin de savoare \u0219i personalitate, ideal pentru orice ocazie special\u0103.  &nbsp;  TERMEN DE LIVRARE: 48 ore LUCRATOARE de la plasarea comenzii.\" \/>\n<meta property=\"og:url\" content=\"https:\/\/deliciousraw.ro\/en\/product\/tort-maxim-100gr\/\" \/>\n<meta property=\"og:site_name\" content=\"DeliciousRaw\" \/>\n<meta property=\"article:modified_time\" content=\"2025-09-09T11:44:13+00:00\" \/>\n<meta name=\"twitter:card\" content=\"summary_large_image\" \/>\n<meta name=\"twitter:label1\" content=\"Est. reading time\" \/>\n\t<meta name=\"twitter:data1\" content=\"1 minute\" \/>\n<script type=\"application\/ld+json\" class=\"yoast-schema-graph\">{\"@context\":\"https:\/\/schema.org\",\"@graph\":[{\"@type\":\"WebPage\",\"@id\":\"https:\/\/deliciousraw.ro\/product\/tort-maxim-100gr\/\",\"url\":\"https:\/\/deliciousraw.ro\/product\/tort-maxim-100gr\/\",\"name\":\"TORT MAXIM 1000 gr - DeliciousRaw\",\"isPartOf\":{\"@id\":\"https:\/\/deliciousraw.ro\/#website\"},\"datePublished\":\"2022-07-13T17:29:44+00:00\",\"dateModified\":\"2025-09-09T11:44:13+00:00\",\"breadcrumb\":{\"@id\":\"https:\/\/deliciousraw.ro\/product\/tort-maxim-100gr\/#breadcrumb\"},\"inLanguage\":\"en-US\",\"potentialAction\":[{\"@type\":\"ReadAction\",\"target\":[\"https:\/\/deliciousraw.ro\/product\/tort-maxim-100gr\/\"]}]},{\"@type\":\"BreadcrumbList\",\"@id\":\"https:\/\/deliciousraw.ro\/product\/tort-maxim-100gr\/#breadcrumb\",\"itemListElement\":[{\"@type\":\"ListItem\",\"position\":1,\"name\":\"Prima pagin\u0103\",\"item\":\"https:\/\/deliciousraw.ro\/\"},{\"@type\":\"ListItem\",\"position\":2,\"name\":\"Shop\",\"item\":\"https:\/\/deliciousraw.ro\/shop\/\"},{\"@type\":\"ListItem\",\"position\":3,\"name\":\"TORT MAXIM 1000 gr\"}]},{\"@type\":\"WebSite\",\"@id\":\"https:\/\/deliciousraw.ro\/#website\",\"url\":\"https:\/\/deliciousraw.ro\/\",\"name\":\"DeliciousRaw\",\"description\":\"Dulciuri bune raw de tot!\",\"potentialAction\":[{\"@type\":\"SearchAction\",\"target\":{\"@type\":\"EntryPoint\",\"urlTemplate\":\"https:\/\/deliciousraw.ro\/?s={search_term_string}\"},\"query-input\":\"required name=search_term_string\"}],\"inLanguage\":\"en-US\"}]}<\/script>\n<!-- \/ Yoast SEO plugin. -->","yoast_head_json":{"title":"TORT MAXIM 1000 gr - DeliciousRaw","robots":{"index":"index","follow":"follow","max-snippet":"max-snippet:-1","max-image-preview":"max-image-preview:large","max-video-preview":"max-video-preview:-1"},"canonical":"https:\/\/deliciousraw.ro\/en\/product\/tort-maxim-100gr\/","og_locale":"en_US","og_type":"article","og_title":"TORT MAXIM 1000 gr - DeliciousRaw","og_description":"Tortul Maxim este un desert raw vegan creat cu pasiune, inspirat de energia \u0219i bucuria copil\u0103riei. Cu straturi fine de migdale, caju \u0219i o combina\u021bie unic\u0103 de smochine, cacao \u0219i fructe de p\u0103dure, acest tort aduce un echilibru perfect \u00eentre dulcea\u021ba natural\u0103 \u0219i aromele intense de vanilie \u0219i ciocolat\u0103. \u00cembog\u0103\u021bit cu note subtile de cicoare \u0219i carob, Tortul Maxim este un r\u0103sf\u0103\u021b s\u0103n\u0103tos, plin de savoare \u0219i personalitate, ideal pentru orice ocazie special\u0103.  &nbsp;  TERMEN DE LIVRARE: 48 ore LUCRATOARE de la plasarea comenzii.","og_url":"https:\/\/deliciousraw.ro\/en\/product\/tort-maxim-100gr\/","og_site_name":"DeliciousRaw","article_modified_time":"2025-09-09T11:44:13+00:00","twitter_card":"summary_large_image","twitter_misc":{"Est. reading time":"1 minute"},"schema":{"@context":"https:\/\/schema.org","@graph":[{"@type":"WebPage","@id":"https:\/\/deliciousraw.ro\/product\/tort-maxim-100gr\/","url":"https:\/\/deliciousraw.ro\/product\/tort-maxim-100gr\/","name":"TORT MAXIM 1000 gr - DeliciousRaw","isPartOf":{"@id":"https:\/\/deliciousraw.ro\/#website"},"datePublished":"2022-07-13T17:29:44+00:00","dateModified":"2025-09-09T11:44:13+00:00","breadcrumb":{"@id":"https:\/\/deliciousraw.ro\/product\/tort-maxim-100gr\/#breadcrumb"},"inLanguage":"en-US","potentialAction":[{"@type":"ReadAction","target":["https:\/\/deliciousraw.ro\/product\/tort-maxim-100gr\/"]}]},{"@type":"BreadcrumbList","@id":"https:\/\/deliciousraw.ro\/product\/tort-maxim-100gr\/#breadcrumb","itemListElement":[{"@type":"ListItem","position":1,"name":"Prima pagin\u0103","item":"https:\/\/deliciousraw.ro\/"},{"@type":"ListItem","position":2,"name":"Shop","item":"https:\/\/deliciousraw.ro\/shop\/"},{"@type":"ListItem","position":3,"name":"TORT MAXIM 1000 gr"}]},{"@type":"WebSite","@id":"https:\/\/deliciousraw.ro\/#website","url":"https:\/\/deliciousraw.ro\/","name":"DeliciousRaw","description":"Dulciuri bune raw de tot!","potentialAction":[{"@type":"SearchAction","target":{"@type":"EntryPoint","urlTemplate":"https:\/\/deliciousraw.ro\/?s={search_term_string}"},"query-input":"required name=search_term_string"}],"inLanguage":"en-US"}]}},"_links":{"self":[{"href":"https:\/\/deliciousraw.ro\/en\/wp-json\/wp\/v2\/product\/647"}],"collection":[{"href":"https:\/\/deliciousraw.ro\/en\/wp-json\/wp\/v2\/product"}],"about":[{"href":"https:\/\/deliciousraw.ro\/en\/wp-json\/wp\/v2\/types\/product"}],"replies":[{"embeddable":true,"href":"https:\/\/deliciousraw.ro\/en\/wp-json\/wp\/v2\/comments?post=647"}],"wp:attachment":[{"href":"https:\/\/deliciousraw.ro\/en\/wp-json\/wp\/v2\/media?parent=647"}],"wp:term":[{"taxonomy":"product_cat","embeddable":true,"href":"https:\/\/deliciousraw.ro\/en\/wp-json\/wp\/v2\/product_cat?post=647"},{"taxonomy":"product_tag","embeddable":true,"href":"https:\/\/deliciousraw.ro\/en\/wp-json\/wp\/v2\/product_tag?post=647"},{"taxonomy":"woo-feed-brand","embeddable":true,"href":"https:\/\/deliciousraw.ro\/en\/wp-json\/wp\/v2\/woo-feed-brand?post=647"}],"curies":[{"name":"wp","href":"https:\/\/api.w.org\/{rel}","templated":true}]}}