{"id":407,"date":"2021-04-21T13:37:16","date_gmt":"2021-04-21T10:37:16","guid":{"rendered":"https:\/\/deliciousraw.ro\/?post_type=product&#038;p=407"},"modified":"2024-12-05T21:08:48","modified_gmt":"2024-12-05T19:08:48","slug":"maioneza-cu-caju-clasic-raw-vegan-ambalaj-de-sticla","status":"publish","type":"product","link":"https:\/\/deliciousraw.ro\/en\/product\/maioneza-cu-caju-clasic-raw-vegan-ambalaj-de-sticla\/","title":{"rendered":"MAIONEZA RAW DE CAJU 300 GR"},"content":{"rendered":"<div><strong>INGREDIENTE:<\/strong> caju, mu\u0219tar, ulei de rapi\u021b\u0103, sare neagr\u0103, l\u0103m\u00e2ie, turmeric<\/div>\n<div><\/div>\n<div><em><strong>ALERGENI: CAJU<\/strong><\/em><\/div>\n<div><\/div>\n<div><strong>Valori per 100g:<\/strong><\/div>\n<div>Valoare energetic\u0103: 440.45 Kcal<\/div>\n<div>Gr\u0103simi: 40.91 g<\/div>\n<div>Acizi gra\u0219i satura\u021bi: 1.4 g<\/div>\n<div>Glucide: 11.94 g; Zaharuri: 3.09 g<\/div>\n<div>Proteine: 10.36 g<\/div>\n<div>Sare: 1.69 g<\/div>","protected":false},"excerpt":{"rendered":"<p>Maioneza raw de caju este o alternativ\u0103 s\u0103n\u0103toas\u0103 \u0219i cremoas\u0103 la maioneza tradi\u021bional\u0103, preparat\u0103 din caju, mu\u0219tar, l\u0103m\u00e2ie \u0219i ulei de rapi\u021b\u0103. Cu o textur\u0103 fin\u0103 \u0219i un gust u\u0219or picant, aceast\u0103 maionez\u0103 este perfect\u0103 pentru a ad\u0103uga un strop de savoare salatelor, sandvi\u0219urilor sau legumelor. F\u0103r\u0103 ingrediente procesate, aceast\u0103 variant\u0103 ofer\u0103 un aport nutritiv crescut, fiind bogat\u0103 \u00een proteine \u0219i gr\u0103simi s\u0103n\u0103toase.<\/p>","protected":false},"featured_media":1257,"comment_status":"open","ping_status":"closed","template":"","meta":[],"product_cat":[103],"product_tag":[],"woo-feed-brand":[],"yoast_head":"<!-- This site is optimized with the Yoast SEO plugin v22.5 - https:\/\/yoast.com\/wordpress\/plugins\/seo\/ -->\n<title>MAIONEZA RAW DE CAJU 300 GR - DeliciousRaw<\/title>\n<meta name=\"robots\" content=\"index, follow, max-snippet:-1, max-image-preview:large, max-video-preview:-1\" \/>\n<link rel=\"canonical\" href=\"https:\/\/deliciousraw.ro\/en\/product\/maioneza-cu-caju-clasic-raw-vegan-ambalaj-de-sticla\/\" \/>\n<meta property=\"og:locale\" content=\"en_US\" \/>\n<meta property=\"og:type\" content=\"article\" \/>\n<meta property=\"og:title\" content=\"MAIONEZA RAW DE CAJU 300 GR - DeliciousRaw\" \/>\n<meta property=\"og:description\" content=\"Maioneza raw de caju este o alternativ\u0103 s\u0103n\u0103toas\u0103 \u0219i cremoas\u0103 la maioneza tradi\u021bional\u0103, preparat\u0103 din caju, mu\u0219tar, l\u0103m\u00e2ie \u0219i ulei de rapi\u021b\u0103. Cu o textur\u0103 fin\u0103 \u0219i un gust u\u0219or picant, aceast\u0103 maionez\u0103 este perfect\u0103 pentru a ad\u0103uga un strop de savoare salatelor, sandvi\u0219urilor sau legumelor. F\u0103r\u0103 ingrediente procesate, aceast\u0103 variant\u0103 ofer\u0103 un aport nutritiv crescut, fiind bogat\u0103 \u00een proteine \u0219i gr\u0103simi s\u0103n\u0103toase.\" \/>\n<meta property=\"og:url\" content=\"https:\/\/deliciousraw.ro\/en\/product\/maioneza-cu-caju-clasic-raw-vegan-ambalaj-de-sticla\/\" \/>\n<meta property=\"og:site_name\" content=\"DeliciousRaw\" \/>\n<meta property=\"article:modified_time\" content=\"2024-12-05T19:08:48+00:00\" \/>\n<meta property=\"og:image\" content=\"https:\/\/deliciousraw.ro\/wp-content\/uploads\/2021\/04\/WhatsApp-Image-2024-11-29-at-15.58.51-1.jpeg\" \/>\n\t<meta property=\"og:image:width\" content=\"1200\" \/>\n\t<meta property=\"og:image:height\" content=\"1600\" \/>\n\t<meta property=\"og:image:type\" content=\"image\/jpeg\" \/>\n<meta name=\"twitter:card\" content=\"summary_large_image\" \/>\n<meta name=\"twitter:label1\" content=\"Est. reading time\" \/>\n\t<meta name=\"twitter:data1\" content=\"1 minute\" \/>\n<script type=\"application\/ld+json\" class=\"yoast-schema-graph\">{\"@context\":\"https:\/\/schema.org\",\"@graph\":[{\"@type\":\"WebPage\",\"@id\":\"https:\/\/deliciousraw.ro\/product\/maioneza-cu-caju-clasic-raw-vegan-ambalaj-de-sticla\/\",\"url\":\"https:\/\/deliciousraw.ro\/product\/maioneza-cu-caju-clasic-raw-vegan-ambalaj-de-sticla\/\",\"name\":\"MAIONEZA RAW DE CAJU 300 GR - DeliciousRaw\",\"isPartOf\":{\"@id\":\"https:\/\/deliciousraw.ro\/#website\"},\"primaryImageOfPage\":{\"@id\":\"https:\/\/deliciousraw.ro\/product\/maioneza-cu-caju-clasic-raw-vegan-ambalaj-de-sticla\/#primaryimage\"},\"image\":{\"@id\":\"https:\/\/deliciousraw.ro\/product\/maioneza-cu-caju-clasic-raw-vegan-ambalaj-de-sticla\/#primaryimage\"},\"thumbnailUrl\":\"https:\/\/deliciousraw.ro\/wp-content\/uploads\/2021\/04\/WhatsApp-Image-2024-11-29-at-15.58.51-1.jpeg\",\"datePublished\":\"2021-04-21T10:37:16+00:00\",\"dateModified\":\"2024-12-05T19:08:48+00:00\",\"breadcrumb\":{\"@id\":\"https:\/\/deliciousraw.ro\/product\/maioneza-cu-caju-clasic-raw-vegan-ambalaj-de-sticla\/#breadcrumb\"},\"inLanguage\":\"en-US\",\"potentialAction\":[{\"@type\":\"ReadAction\",\"target\":[\"https:\/\/deliciousraw.ro\/product\/maioneza-cu-caju-clasic-raw-vegan-ambalaj-de-sticla\/\"]}]},{\"@type\":\"ImageObject\",\"inLanguage\":\"en-US\",\"@id\":\"https:\/\/deliciousraw.ro\/product\/maioneza-cu-caju-clasic-raw-vegan-ambalaj-de-sticla\/#primaryimage\",\"url\":\"https:\/\/deliciousraw.ro\/wp-content\/uploads\/2021\/04\/WhatsApp-Image-2024-11-29-at-15.58.51-1.jpeg\",\"contentUrl\":\"https:\/\/deliciousraw.ro\/wp-content\/uploads\/2021\/04\/WhatsApp-Image-2024-11-29-at-15.58.51-1.jpeg\",\"width\":1200,\"height\":1600},{\"@type\":\"BreadcrumbList\",\"@id\":\"https:\/\/deliciousraw.ro\/product\/maioneza-cu-caju-clasic-raw-vegan-ambalaj-de-sticla\/#breadcrumb\",\"itemListElement\":[{\"@type\":\"ListItem\",\"position\":1,\"name\":\"Prima pagin\u0103\",\"item\":\"https:\/\/deliciousraw.ro\/\"},{\"@type\":\"ListItem\",\"position\":2,\"name\":\"Shop\",\"item\":\"https:\/\/deliciousraw.ro\/shop\/\"},{\"@type\":\"ListItem\",\"position\":3,\"name\":\"MAIONEZA RAW DE CAJU 300 GR\"}]},{\"@type\":\"WebSite\",\"@id\":\"https:\/\/deliciousraw.ro\/#website\",\"url\":\"https:\/\/deliciousraw.ro\/\",\"name\":\"DeliciousRaw\",\"description\":\"Dulciuri bune raw de tot!\",\"potentialAction\":[{\"@type\":\"SearchAction\",\"target\":{\"@type\":\"EntryPoint\",\"urlTemplate\":\"https:\/\/deliciousraw.ro\/?s={search_term_string}\"},\"query-input\":\"required name=search_term_string\"}],\"inLanguage\":\"en-US\"}]}<\/script>\n<!-- \/ Yoast SEO plugin. -->","yoast_head_json":{"title":"MAIONEZA RAW DE CAJU 300 GR - DeliciousRaw","robots":{"index":"index","follow":"follow","max-snippet":"max-snippet:-1","max-image-preview":"max-image-preview:large","max-video-preview":"max-video-preview:-1"},"canonical":"https:\/\/deliciousraw.ro\/en\/product\/maioneza-cu-caju-clasic-raw-vegan-ambalaj-de-sticla\/","og_locale":"en_US","og_type":"article","og_title":"MAIONEZA RAW DE CAJU 300 GR - DeliciousRaw","og_description":"Maioneza raw de caju este o alternativ\u0103 s\u0103n\u0103toas\u0103 \u0219i cremoas\u0103 la maioneza tradi\u021bional\u0103, preparat\u0103 din caju, mu\u0219tar, l\u0103m\u00e2ie \u0219i ulei de rapi\u021b\u0103. Cu o textur\u0103 fin\u0103 \u0219i un gust u\u0219or picant, aceast\u0103 maionez\u0103 este perfect\u0103 pentru a ad\u0103uga un strop de savoare salatelor, sandvi\u0219urilor sau legumelor. F\u0103r\u0103 ingrediente procesate, aceast\u0103 variant\u0103 ofer\u0103 un aport nutritiv crescut, fiind bogat\u0103 \u00een proteine \u0219i gr\u0103simi s\u0103n\u0103toase.","og_url":"https:\/\/deliciousraw.ro\/en\/product\/maioneza-cu-caju-clasic-raw-vegan-ambalaj-de-sticla\/","og_site_name":"DeliciousRaw","article_modified_time":"2024-12-05T19:08:48+00:00","og_image":[{"width":1200,"height":1600,"url":"https:\/\/deliciousraw.ro\/wp-content\/uploads\/2021\/04\/WhatsApp-Image-2024-11-29-at-15.58.51-1.jpeg","type":"image\/jpeg"}],"twitter_card":"summary_large_image","twitter_misc":{"Est. reading time":"1 minute"},"schema":{"@context":"https:\/\/schema.org","@graph":[{"@type":"WebPage","@id":"https:\/\/deliciousraw.ro\/product\/maioneza-cu-caju-clasic-raw-vegan-ambalaj-de-sticla\/","url":"https:\/\/deliciousraw.ro\/product\/maioneza-cu-caju-clasic-raw-vegan-ambalaj-de-sticla\/","name":"MAIONEZA RAW DE CAJU 300 GR - DeliciousRaw","isPartOf":{"@id":"https:\/\/deliciousraw.ro\/#website"},"primaryImageOfPage":{"@id":"https:\/\/deliciousraw.ro\/product\/maioneza-cu-caju-clasic-raw-vegan-ambalaj-de-sticla\/#primaryimage"},"image":{"@id":"https:\/\/deliciousraw.ro\/product\/maioneza-cu-caju-clasic-raw-vegan-ambalaj-de-sticla\/#primaryimage"},"thumbnailUrl":"https:\/\/deliciousraw.ro\/wp-content\/uploads\/2021\/04\/WhatsApp-Image-2024-11-29-at-15.58.51-1.jpeg","datePublished":"2021-04-21T10:37:16+00:00","dateModified":"2024-12-05T19:08:48+00:00","breadcrumb":{"@id":"https:\/\/deliciousraw.ro\/product\/maioneza-cu-caju-clasic-raw-vegan-ambalaj-de-sticla\/#breadcrumb"},"inLanguage":"en-US","potentialAction":[{"@type":"ReadAction","target":["https:\/\/deliciousraw.ro\/product\/maioneza-cu-caju-clasic-raw-vegan-ambalaj-de-sticla\/"]}]},{"@type":"ImageObject","inLanguage":"en-US","@id":"https:\/\/deliciousraw.ro\/product\/maioneza-cu-caju-clasic-raw-vegan-ambalaj-de-sticla\/#primaryimage","url":"https:\/\/deliciousraw.ro\/wp-content\/uploads\/2021\/04\/WhatsApp-Image-2024-11-29-at-15.58.51-1.jpeg","contentUrl":"https:\/\/deliciousraw.ro\/wp-content\/uploads\/2021\/04\/WhatsApp-Image-2024-11-29-at-15.58.51-1.jpeg","width":1200,"height":1600},{"@type":"BreadcrumbList","@id":"https:\/\/deliciousraw.ro\/product\/maioneza-cu-caju-clasic-raw-vegan-ambalaj-de-sticla\/#breadcrumb","itemListElement":[{"@type":"ListItem","position":1,"name":"Prima pagin\u0103","item":"https:\/\/deliciousraw.ro\/"},{"@type":"ListItem","position":2,"name":"Shop","item":"https:\/\/deliciousraw.ro\/shop\/"},{"@type":"ListItem","position":3,"name":"MAIONEZA RAW DE CAJU 300 GR"}]},{"@type":"WebSite","@id":"https:\/\/deliciousraw.ro\/#website","url":"https:\/\/deliciousraw.ro\/","name":"DeliciousRaw","description":"Dulciuri bune raw de tot!","potentialAction":[{"@type":"SearchAction","target":{"@type":"EntryPoint","urlTemplate":"https:\/\/deliciousraw.ro\/?s={search_term_string}"},"query-input":"required name=search_term_string"}],"inLanguage":"en-US"}]}},"_links":{"self":[{"href":"https:\/\/deliciousraw.ro\/en\/wp-json\/wp\/v2\/product\/407"}],"collection":[{"href":"https:\/\/deliciousraw.ro\/en\/wp-json\/wp\/v2\/product"}],"about":[{"href":"https:\/\/deliciousraw.ro\/en\/wp-json\/wp\/v2\/types\/product"}],"replies":[{"embeddable":true,"href":"https:\/\/deliciousraw.ro\/en\/wp-json\/wp\/v2\/comments?post=407"}],"wp:featuredmedia":[{"embeddable":true,"href":"https:\/\/deliciousraw.ro\/en\/wp-json\/wp\/v2\/media\/1257"}],"wp:attachment":[{"href":"https:\/\/deliciousraw.ro\/en\/wp-json\/wp\/v2\/media?parent=407"}],"wp:term":[{"taxonomy":"product_cat","embeddable":true,"href":"https:\/\/deliciousraw.ro\/en\/wp-json\/wp\/v2\/product_cat?post=407"},{"taxonomy":"product_tag","embeddable":true,"href":"https:\/\/deliciousraw.ro\/en\/wp-json\/wp\/v2\/product_tag?post=407"},{"taxonomy":"woo-feed-brand","embeddable":true,"href":"https:\/\/deliciousraw.ro\/en\/wp-json\/wp\/v2\/woo-feed-brand?post=407"}],"curies":[{"name":"wp","href":"https:\/\/api.w.org\/{rel}","templated":true}]}}