{"id":406,"date":"2021-04-21T13:36:31","date_gmt":"2021-04-21T10:36:31","guid":{"rendered":"https:\/\/deliciousraw.ro\/?post_type=product&#038;p=406"},"modified":"2025-03-04T17:42:55","modified_gmt":"2025-03-04T15:42:55","slug":"vegan-foie-gras-ambalaj-de-sticla","status":"publish","type":"product","link":"https:\/\/deliciousraw.ro\/en\/product\/vegan-foie-gras-ambalaj-de-sticla\/","title":{"rendered":"ICRE DE AMARANTH  300 GR"},"content":{"rendered":"<div><strong>INGREDIENTE:<\/strong> amaranth, caju, l\u0103m\u00e2ie, ulei de rapi\u021b\u0103, sarea Baciului, ceap\u0103<\/div>\n<div><\/div>\n<div><em><strong>ALERGENI: CAJU<\/strong><\/em><\/div>\n<div><\/div>\n<div><strong>Valori per 100g:<\/strong><\/div>\n<div>Valoare energetic\u0103: 285.23 Kcal<\/div>\n<div>Gr\u0103simi: 17.31 g<\/div>\n<div>Acizi gra\u0219i satura\u021bi: 0.7 g<\/div>\n<div>Glucide: 27.48 g; Zaharuri: 1.01 g<\/div>\n<div>Proteine: 7.96 g<\/div>\n<div>Sare: 0.91 g<\/div>","protected":false},"excerpt":{"rendered":"<p>Icrele de amaranth sunt o alternativ\u0103 s\u0103n\u0103toas\u0103 \u0219i inovatoare la icrele tradi\u021bionale, preparate din semin\u021be de amaranth, caju \u0219i condimente. Cu o textur\u0103 cremoas\u0103 \u0219i un gust u\u0219or s\u0103rat, aceste icre sunt \u00eembog\u0103\u021bite cu arome de l\u0103m\u00e2ie \u0219i ceap\u0103, oferind un aperitiv plin de savoare. Aceste icre sunt perfecte pentru a fi servite pe toasturi, \u00een salate sau ca parte a unui platou de aperitive, fiind o op\u021biune nutritiv\u0103 \u0219i plin\u0103 de proteine, ideal\u0103 pentru vegani \u0219i persoanele care doresc s\u0103 exploreze alternative s\u0103n\u0103toase la produsele din pe\u0219te.<\/p>","protected":false},"featured_media":1235,"comment_status":"open","ping_status":"closed","template":"","meta":[],"product_cat":[103],"product_tag":[],"woo-feed-brand":[],"yoast_head":"<!-- This site is optimized with the Yoast SEO plugin v22.5 - https:\/\/yoast.com\/wordpress\/plugins\/seo\/ -->\n<title>ICRE DE AMARANTH 300 GR - DeliciousRaw<\/title>\n<meta name=\"robots\" content=\"index, follow, max-snippet:-1, max-image-preview:large, max-video-preview:-1\" \/>\n<link rel=\"canonical\" href=\"https:\/\/deliciousraw.ro\/en\/product\/vegan-foie-gras-ambalaj-de-sticla\/\" \/>\n<meta property=\"og:locale\" content=\"en_US\" \/>\n<meta property=\"og:type\" content=\"article\" \/>\n<meta property=\"og:title\" content=\"ICRE DE AMARANTH 300 GR - DeliciousRaw\" \/>\n<meta property=\"og:description\" content=\"Icrele de amaranth sunt o alternativ\u0103 s\u0103n\u0103toas\u0103 \u0219i inovatoare la icrele tradi\u021bionale, preparate din semin\u021be de amaranth, caju \u0219i condimente. Cu o textur\u0103 cremoas\u0103 \u0219i un gust u\u0219or s\u0103rat, aceste icre sunt \u00eembog\u0103\u021bite cu arome de l\u0103m\u00e2ie \u0219i ceap\u0103, oferind un aperitiv plin de savoare. Aceste icre sunt perfecte pentru a fi servite pe toasturi, \u00een salate sau ca parte a unui platou de aperitive, fiind o op\u021biune nutritiv\u0103 \u0219i plin\u0103 de proteine, ideal\u0103 pentru vegani \u0219i persoanele care doresc s\u0103 exploreze alternative s\u0103n\u0103toase la produsele din pe\u0219te.\" \/>\n<meta property=\"og:url\" content=\"https:\/\/deliciousraw.ro\/en\/product\/vegan-foie-gras-ambalaj-de-sticla\/\" \/>\n<meta property=\"og:site_name\" content=\"DeliciousRaw\" \/>\n<meta property=\"article:modified_time\" content=\"2025-03-04T15:42:55+00:00\" \/>\n<meta property=\"og:image\" content=\"https:\/\/deliciousraw.ro\/wp-content\/uploads\/2024\/11\/468201943_27380258538288205_8732675376092345258_n.jpg\" \/>\n\t<meta property=\"og:image:width\" content=\"1523\" \/>\n\t<meta property=\"og:image:height\" content=\"1163\" \/>\n\t<meta property=\"og:image:type\" content=\"image\/jpeg\" \/>\n<meta name=\"twitter:card\" content=\"summary_large_image\" \/>\n<meta name=\"twitter:label1\" content=\"Est. reading time\" \/>\n\t<meta name=\"twitter:data1\" content=\"1 minute\" \/>\n<script type=\"application\/ld+json\" class=\"yoast-schema-graph\">{\"@context\":\"https:\/\/schema.org\",\"@graph\":[{\"@type\":\"WebPage\",\"@id\":\"https:\/\/deliciousraw.ro\/product\/vegan-foie-gras-ambalaj-de-sticla\/\",\"url\":\"https:\/\/deliciousraw.ro\/product\/vegan-foie-gras-ambalaj-de-sticla\/\",\"name\":\"ICRE DE AMARANTH 300 GR - DeliciousRaw\",\"isPartOf\":{\"@id\":\"https:\/\/deliciousraw.ro\/#website\"},\"primaryImageOfPage\":{\"@id\":\"https:\/\/deliciousraw.ro\/product\/vegan-foie-gras-ambalaj-de-sticla\/#primaryimage\"},\"image\":{\"@id\":\"https:\/\/deliciousraw.ro\/product\/vegan-foie-gras-ambalaj-de-sticla\/#primaryimage\"},\"thumbnailUrl\":\"https:\/\/deliciousraw.ro\/wp-content\/uploads\/2024\/11\/468201943_27380258538288205_8732675376092345258_n.jpg\",\"datePublished\":\"2021-04-21T10:36:31+00:00\",\"dateModified\":\"2025-03-04T15:42:55+00:00\",\"breadcrumb\":{\"@id\":\"https:\/\/deliciousraw.ro\/product\/vegan-foie-gras-ambalaj-de-sticla\/#breadcrumb\"},\"inLanguage\":\"en-US\",\"potentialAction\":[{\"@type\":\"ReadAction\",\"target\":[\"https:\/\/deliciousraw.ro\/product\/vegan-foie-gras-ambalaj-de-sticla\/\"]}]},{\"@type\":\"ImageObject\",\"inLanguage\":\"en-US\",\"@id\":\"https:\/\/deliciousraw.ro\/product\/vegan-foie-gras-ambalaj-de-sticla\/#primaryimage\",\"url\":\"https:\/\/deliciousraw.ro\/wp-content\/uploads\/2024\/11\/468201943_27380258538288205_8732675376092345258_n.jpg\",\"contentUrl\":\"https:\/\/deliciousraw.ro\/wp-content\/uploads\/2024\/11\/468201943_27380258538288205_8732675376092345258_n.jpg\",\"width\":1523,\"height\":1163},{\"@type\":\"BreadcrumbList\",\"@id\":\"https:\/\/deliciousraw.ro\/product\/vegan-foie-gras-ambalaj-de-sticla\/#breadcrumb\",\"itemListElement\":[{\"@type\":\"ListItem\",\"position\":1,\"name\":\"Prima pagin\u0103\",\"item\":\"https:\/\/deliciousraw.ro\/\"},{\"@type\":\"ListItem\",\"position\":2,\"name\":\"Shop\",\"item\":\"https:\/\/deliciousraw.ro\/shop\/\"},{\"@type\":\"ListItem\",\"position\":3,\"name\":\"ICRE DE AMARANTH 300 GR\"}]},{\"@type\":\"WebSite\",\"@id\":\"https:\/\/deliciousraw.ro\/#website\",\"url\":\"https:\/\/deliciousraw.ro\/\",\"name\":\"DeliciousRaw\",\"description\":\"Dulciuri bune raw de tot!\",\"potentialAction\":[{\"@type\":\"SearchAction\",\"target\":{\"@type\":\"EntryPoint\",\"urlTemplate\":\"https:\/\/deliciousraw.ro\/?s={search_term_string}\"},\"query-input\":\"required name=search_term_string\"}],\"inLanguage\":\"en-US\"}]}<\/script>\n<!-- \/ Yoast SEO plugin. -->","yoast_head_json":{"title":"ICRE DE AMARANTH 300 GR - DeliciousRaw","robots":{"index":"index","follow":"follow","max-snippet":"max-snippet:-1","max-image-preview":"max-image-preview:large","max-video-preview":"max-video-preview:-1"},"canonical":"https:\/\/deliciousraw.ro\/en\/product\/vegan-foie-gras-ambalaj-de-sticla\/","og_locale":"en_US","og_type":"article","og_title":"ICRE DE AMARANTH 300 GR - DeliciousRaw","og_description":"Icrele de amaranth sunt o alternativ\u0103 s\u0103n\u0103toas\u0103 \u0219i inovatoare la icrele tradi\u021bionale, preparate din semin\u021be de amaranth, caju \u0219i condimente. Cu o textur\u0103 cremoas\u0103 \u0219i un gust u\u0219or s\u0103rat, aceste icre sunt \u00eembog\u0103\u021bite cu arome de l\u0103m\u00e2ie \u0219i ceap\u0103, oferind un aperitiv plin de savoare. Aceste icre sunt perfecte pentru a fi servite pe toasturi, \u00een salate sau ca parte a unui platou de aperitive, fiind o op\u021biune nutritiv\u0103 \u0219i plin\u0103 de proteine, ideal\u0103 pentru vegani \u0219i persoanele care doresc s\u0103 exploreze alternative s\u0103n\u0103toase la produsele din pe\u0219te.","og_url":"https:\/\/deliciousraw.ro\/en\/product\/vegan-foie-gras-ambalaj-de-sticla\/","og_site_name":"DeliciousRaw","article_modified_time":"2025-03-04T15:42:55+00:00","og_image":[{"width":1523,"height":1163,"url":"https:\/\/deliciousraw.ro\/wp-content\/uploads\/2024\/11\/468201943_27380258538288205_8732675376092345258_n.jpg","type":"image\/jpeg"}],"twitter_card":"summary_large_image","twitter_misc":{"Est. reading time":"1 minute"},"schema":{"@context":"https:\/\/schema.org","@graph":[{"@type":"WebPage","@id":"https:\/\/deliciousraw.ro\/product\/vegan-foie-gras-ambalaj-de-sticla\/","url":"https:\/\/deliciousraw.ro\/product\/vegan-foie-gras-ambalaj-de-sticla\/","name":"ICRE DE AMARANTH 300 GR - DeliciousRaw","isPartOf":{"@id":"https:\/\/deliciousraw.ro\/#website"},"primaryImageOfPage":{"@id":"https:\/\/deliciousraw.ro\/product\/vegan-foie-gras-ambalaj-de-sticla\/#primaryimage"},"image":{"@id":"https:\/\/deliciousraw.ro\/product\/vegan-foie-gras-ambalaj-de-sticla\/#primaryimage"},"thumbnailUrl":"https:\/\/deliciousraw.ro\/wp-content\/uploads\/2024\/11\/468201943_27380258538288205_8732675376092345258_n.jpg","datePublished":"2021-04-21T10:36:31+00:00","dateModified":"2025-03-04T15:42:55+00:00","breadcrumb":{"@id":"https:\/\/deliciousraw.ro\/product\/vegan-foie-gras-ambalaj-de-sticla\/#breadcrumb"},"inLanguage":"en-US","potentialAction":[{"@type":"ReadAction","target":["https:\/\/deliciousraw.ro\/product\/vegan-foie-gras-ambalaj-de-sticla\/"]}]},{"@type":"ImageObject","inLanguage":"en-US","@id":"https:\/\/deliciousraw.ro\/product\/vegan-foie-gras-ambalaj-de-sticla\/#primaryimage","url":"https:\/\/deliciousraw.ro\/wp-content\/uploads\/2024\/11\/468201943_27380258538288205_8732675376092345258_n.jpg","contentUrl":"https:\/\/deliciousraw.ro\/wp-content\/uploads\/2024\/11\/468201943_27380258538288205_8732675376092345258_n.jpg","width":1523,"height":1163},{"@type":"BreadcrumbList","@id":"https:\/\/deliciousraw.ro\/product\/vegan-foie-gras-ambalaj-de-sticla\/#breadcrumb","itemListElement":[{"@type":"ListItem","position":1,"name":"Prima pagin\u0103","item":"https:\/\/deliciousraw.ro\/"},{"@type":"ListItem","position":2,"name":"Shop","item":"https:\/\/deliciousraw.ro\/shop\/"},{"@type":"ListItem","position":3,"name":"ICRE DE AMARANTH 300 GR"}]},{"@type":"WebSite","@id":"https:\/\/deliciousraw.ro\/#website","url":"https:\/\/deliciousraw.ro\/","name":"DeliciousRaw","description":"Dulciuri bune raw de tot!","potentialAction":[{"@type":"SearchAction","target":{"@type":"EntryPoint","urlTemplate":"https:\/\/deliciousraw.ro\/?s={search_term_string}"},"query-input":"required name=search_term_string"}],"inLanguage":"en-US"}]}},"_links":{"self":[{"href":"https:\/\/deliciousraw.ro\/en\/wp-json\/wp\/v2\/product\/406"}],"collection":[{"href":"https:\/\/deliciousraw.ro\/en\/wp-json\/wp\/v2\/product"}],"about":[{"href":"https:\/\/deliciousraw.ro\/en\/wp-json\/wp\/v2\/types\/product"}],"replies":[{"embeddable":true,"href":"https:\/\/deliciousraw.ro\/en\/wp-json\/wp\/v2\/comments?post=406"}],"wp:featuredmedia":[{"embeddable":true,"href":"https:\/\/deliciousraw.ro\/en\/wp-json\/wp\/v2\/media\/1235"}],"wp:attachment":[{"href":"https:\/\/deliciousraw.ro\/en\/wp-json\/wp\/v2\/media?parent=406"}],"wp:term":[{"taxonomy":"product_cat","embeddable":true,"href":"https:\/\/deliciousraw.ro\/en\/wp-json\/wp\/v2\/product_cat?post=406"},{"taxonomy":"product_tag","embeddable":true,"href":"https:\/\/deliciousraw.ro\/en\/wp-json\/wp\/v2\/product_tag?post=406"},{"taxonomy":"woo-feed-brand","embeddable":true,"href":"https:\/\/deliciousraw.ro\/en\/wp-json\/wp\/v2\/woo-feed-brand?post=406"}],"curies":[{"name":"wp","href":"https:\/\/api.w.org\/{rel}","templated":true}]}}