{"id":1593,"date":"2026-04-18T19:25:48","date_gmt":"2026-04-18T16:25:48","guid":{"rendered":"https:\/\/deliciousraw.ro\/?post_type=product&#038;p=1593"},"modified":"2026-04-18T19:48:03","modified_gmt":"2026-04-18T16:48:03","slug":"ecler-cu-ciocolata-insertie-de-capsuni-si-biscuite-de-migdale-100-gr","status":"publish","type":"product","link":"https:\/\/deliciousraw.ro\/en\/product\/ecler-cu-ciocolata-insertie-de-capsuni-si-biscuite-de-migdale-100-gr\/","title":{"rendered":"ECLER CU CIOCOLATA INSERTIE DE CAPSUNI SI BISCUITE DE MIGDALE 100 GR"},"content":{"rendered":"<p><strong>INGREDIENTE:<\/strong> hri\u0219c\u0103, migdale, cocos, in auriu, agave, caju, lamie, capsuni, agar-agar, ulei de cocos, unt de cacao, cacao alcalin\u0103, mas\u0103 de cacao, lapte de soia organic<\/p>\n<p><em><strong>ALERGENI: migdale, caju, soia<\/strong> <\/em><\/p>\n<p><strong>Valori nutri\u021bionale\/por\u021bie (100g):<\/strong><\/p>\n<p>Valoare energetic\u0103: 1772.72 Kj \/ 423.69 Kcal<\/p>\n<p>Gr\u0103simi: 35.64 g<\/p>\n<p>Acizi gra\u0219i satura\u021bi: 16.89 g<\/p>\n<p>Glucide: 18.32 g, Zaharuri: 2.03 g<\/p>\n<p>Proteine: 6.96 g<\/p>\n<p>Sare: 0.02 g<\/p>","protected":false},"excerpt":{"rendered":"<p>Acest ecler elegant combin\u0103 perfect aroma\u00a0 capsunilor, finetea ciocolatei, si textura biscuitelui din migdale cre\u00e2nd o experien\u021b\u0103 gustativ\u0103 de neuitat.<\/p>\n<p>TERMEN DE LIVRARE: 48 ore LUCRATOARE de la plasarea comenzii.<\/p>\n<p>&nbsp;<\/p>","protected":false},"featured_media":1594,"comment_status":"open","ping_status":"closed","template":"","meta":[],"product_cat":[222],"product_tag":[],"woo-feed-brand":[],"yoast_head":"<!-- This site is optimized with the Yoast SEO plugin v22.5 - https:\/\/yoast.com\/wordpress\/plugins\/seo\/ -->\n<title>ECLER CU CIOCOLATA INSERTIE DE CAPSUNI SI BISCUITE DE MIGDALE 100 GR - DeliciousRaw<\/title>\n<meta name=\"robots\" content=\"index, follow, max-snippet:-1, max-image-preview:large, max-video-preview:-1\" \/>\n<link rel=\"canonical\" href=\"https:\/\/deliciousraw.ro\/en\/product\/ecler-cu-ciocolata-insertie-de-capsuni-si-biscuite-de-migdale-100-gr\/\" \/>\n<meta property=\"og:locale\" content=\"en_US\" \/>\n<meta property=\"og:type\" content=\"article\" \/>\n<meta property=\"og:title\" content=\"ECLER CU CIOCOLATA INSERTIE DE CAPSUNI SI BISCUITE DE MIGDALE 100 GR - DeliciousRaw\" \/>\n<meta property=\"og:description\" content=\"Acest ecler elegant combin\u0103 perfect aroma\u00a0 capsunilor, finetea ciocolatei, si textura biscuitelui din migdale cre\u00e2nd o experien\u021b\u0103 gustativ\u0103 de neuitat.  TERMEN DE LIVRARE: 48 ore LUCRATOARE de la plasarea comenzii.  &nbsp;\" \/>\n<meta property=\"og:url\" content=\"https:\/\/deliciousraw.ro\/en\/product\/ecler-cu-ciocolata-insertie-de-capsuni-si-biscuite-de-migdale-100-gr\/\" \/>\n<meta property=\"og:site_name\" content=\"DeliciousRaw\" \/>\n<meta property=\"article:modified_time\" content=\"2026-04-18T16:48:03+00:00\" \/>\n<meta property=\"og:image\" content=\"https:\/\/deliciousraw.ro\/wp-content\/uploads\/2026\/04\/WhatsApp-Image-2026-03-30-at-15.23.34-1.jpeg\" \/>\n\t<meta property=\"og:image:width\" content=\"896\" \/>\n\t<meta property=\"og:image:height\" content=\"1195\" \/>\n\t<meta property=\"og:image:type\" content=\"image\/jpeg\" \/>\n<meta name=\"twitter:card\" content=\"summary_large_image\" \/>\n<meta name=\"twitter:label1\" content=\"Est. reading time\" \/>\n\t<meta name=\"twitter:data1\" content=\"1 minute\" \/>\n<script type=\"application\/ld+json\" class=\"yoast-schema-graph\">{\"@context\":\"https:\/\/schema.org\",\"@graph\":[{\"@type\":\"WebPage\",\"@id\":\"https:\/\/deliciousraw.ro\/product\/ecler-cu-ciocolata-insertie-de-capsuni-si-biscuite-de-migdale-100-gr\/\",\"url\":\"https:\/\/deliciousraw.ro\/product\/ecler-cu-ciocolata-insertie-de-capsuni-si-biscuite-de-migdale-100-gr\/\",\"name\":\"ECLER CU CIOCOLATA INSERTIE DE CAPSUNI SI BISCUITE DE MIGDALE 100 GR - DeliciousRaw\",\"isPartOf\":{\"@id\":\"https:\/\/deliciousraw.ro\/#website\"},\"primaryImageOfPage\":{\"@id\":\"https:\/\/deliciousraw.ro\/product\/ecler-cu-ciocolata-insertie-de-capsuni-si-biscuite-de-migdale-100-gr\/#primaryimage\"},\"image\":{\"@id\":\"https:\/\/deliciousraw.ro\/product\/ecler-cu-ciocolata-insertie-de-capsuni-si-biscuite-de-migdale-100-gr\/#primaryimage\"},\"thumbnailUrl\":\"https:\/\/deliciousraw.ro\/wp-content\/uploads\/2026\/04\/WhatsApp-Image-2026-03-30-at-15.23.34-1.jpeg\",\"datePublished\":\"2026-04-18T16:25:48+00:00\",\"dateModified\":\"2026-04-18T16:48:03+00:00\",\"breadcrumb\":{\"@id\":\"https:\/\/deliciousraw.ro\/product\/ecler-cu-ciocolata-insertie-de-capsuni-si-biscuite-de-migdale-100-gr\/#breadcrumb\"},\"inLanguage\":\"en-US\",\"potentialAction\":[{\"@type\":\"ReadAction\",\"target\":[\"https:\/\/deliciousraw.ro\/product\/ecler-cu-ciocolata-insertie-de-capsuni-si-biscuite-de-migdale-100-gr\/\"]}]},{\"@type\":\"ImageObject\",\"inLanguage\":\"en-US\",\"@id\":\"https:\/\/deliciousraw.ro\/product\/ecler-cu-ciocolata-insertie-de-capsuni-si-biscuite-de-migdale-100-gr\/#primaryimage\",\"url\":\"https:\/\/deliciousraw.ro\/wp-content\/uploads\/2026\/04\/WhatsApp-Image-2026-03-30-at-15.23.34-1.jpeg\",\"contentUrl\":\"https:\/\/deliciousraw.ro\/wp-content\/uploads\/2026\/04\/WhatsApp-Image-2026-03-30-at-15.23.34-1.jpeg\",\"width\":896,\"height\":1195},{\"@type\":\"BreadcrumbList\",\"@id\":\"https:\/\/deliciousraw.ro\/product\/ecler-cu-ciocolata-insertie-de-capsuni-si-biscuite-de-migdale-100-gr\/#breadcrumb\",\"itemListElement\":[{\"@type\":\"ListItem\",\"position\":1,\"name\":\"Prima pagin\u0103\",\"item\":\"https:\/\/deliciousraw.ro\/\"},{\"@type\":\"ListItem\",\"position\":2,\"name\":\"Shop\",\"item\":\"https:\/\/deliciousraw.ro\/shop\/\"},{\"@type\":\"ListItem\",\"position\":3,\"name\":\"ECLER CU CIOCOLATA INSERTIE DE CAPSUNI SI BISCUITE DE MIGDALE 100 GR\"}]},{\"@type\":\"WebSite\",\"@id\":\"https:\/\/deliciousraw.ro\/#website\",\"url\":\"https:\/\/deliciousraw.ro\/\",\"name\":\"DeliciousRaw\",\"description\":\"Dulciuri bune raw de tot!\",\"potentialAction\":[{\"@type\":\"SearchAction\",\"target\":{\"@type\":\"EntryPoint\",\"urlTemplate\":\"https:\/\/deliciousraw.ro\/?s={search_term_string}\"},\"query-input\":\"required name=search_term_string\"}],\"inLanguage\":\"en-US\"}]}<\/script>\n<!-- \/ Yoast SEO plugin. -->","yoast_head_json":{"title":"ECLER CU CIOCOLATA INSERTIE DE CAPSUNI SI BISCUITE DE MIGDALE 100 GR - DeliciousRaw","robots":{"index":"index","follow":"follow","max-snippet":"max-snippet:-1","max-image-preview":"max-image-preview:large","max-video-preview":"max-video-preview:-1"},"canonical":"https:\/\/deliciousraw.ro\/en\/product\/ecler-cu-ciocolata-insertie-de-capsuni-si-biscuite-de-migdale-100-gr\/","og_locale":"en_US","og_type":"article","og_title":"ECLER CU CIOCOLATA INSERTIE DE CAPSUNI SI BISCUITE DE MIGDALE 100 GR - DeliciousRaw","og_description":"Acest ecler elegant combin\u0103 perfect aroma\u00a0 capsunilor, finetea ciocolatei, si textura biscuitelui din migdale cre\u00e2nd o experien\u021b\u0103 gustativ\u0103 de neuitat.  TERMEN DE LIVRARE: 48 ore LUCRATOARE de la plasarea comenzii.  &nbsp;","og_url":"https:\/\/deliciousraw.ro\/en\/product\/ecler-cu-ciocolata-insertie-de-capsuni-si-biscuite-de-migdale-100-gr\/","og_site_name":"DeliciousRaw","article_modified_time":"2026-04-18T16:48:03+00:00","og_image":[{"width":896,"height":1195,"url":"https:\/\/deliciousraw.ro\/wp-content\/uploads\/2026\/04\/WhatsApp-Image-2026-03-30-at-15.23.34-1.jpeg","type":"image\/jpeg"}],"twitter_card":"summary_large_image","twitter_misc":{"Est. reading time":"1 minute"},"schema":{"@context":"https:\/\/schema.org","@graph":[{"@type":"WebPage","@id":"https:\/\/deliciousraw.ro\/product\/ecler-cu-ciocolata-insertie-de-capsuni-si-biscuite-de-migdale-100-gr\/","url":"https:\/\/deliciousraw.ro\/product\/ecler-cu-ciocolata-insertie-de-capsuni-si-biscuite-de-migdale-100-gr\/","name":"ECLER CU CIOCOLATA INSERTIE DE CAPSUNI SI BISCUITE DE MIGDALE 100 GR - DeliciousRaw","isPartOf":{"@id":"https:\/\/deliciousraw.ro\/#website"},"primaryImageOfPage":{"@id":"https:\/\/deliciousraw.ro\/product\/ecler-cu-ciocolata-insertie-de-capsuni-si-biscuite-de-migdale-100-gr\/#primaryimage"},"image":{"@id":"https:\/\/deliciousraw.ro\/product\/ecler-cu-ciocolata-insertie-de-capsuni-si-biscuite-de-migdale-100-gr\/#primaryimage"},"thumbnailUrl":"https:\/\/deliciousraw.ro\/wp-content\/uploads\/2026\/04\/WhatsApp-Image-2026-03-30-at-15.23.34-1.jpeg","datePublished":"2026-04-18T16:25:48+00:00","dateModified":"2026-04-18T16:48:03+00:00","breadcrumb":{"@id":"https:\/\/deliciousraw.ro\/product\/ecler-cu-ciocolata-insertie-de-capsuni-si-biscuite-de-migdale-100-gr\/#breadcrumb"},"inLanguage":"en-US","potentialAction":[{"@type":"ReadAction","target":["https:\/\/deliciousraw.ro\/product\/ecler-cu-ciocolata-insertie-de-capsuni-si-biscuite-de-migdale-100-gr\/"]}]},{"@type":"ImageObject","inLanguage":"en-US","@id":"https:\/\/deliciousraw.ro\/product\/ecler-cu-ciocolata-insertie-de-capsuni-si-biscuite-de-migdale-100-gr\/#primaryimage","url":"https:\/\/deliciousraw.ro\/wp-content\/uploads\/2026\/04\/WhatsApp-Image-2026-03-30-at-15.23.34-1.jpeg","contentUrl":"https:\/\/deliciousraw.ro\/wp-content\/uploads\/2026\/04\/WhatsApp-Image-2026-03-30-at-15.23.34-1.jpeg","width":896,"height":1195},{"@type":"BreadcrumbList","@id":"https:\/\/deliciousraw.ro\/product\/ecler-cu-ciocolata-insertie-de-capsuni-si-biscuite-de-migdale-100-gr\/#breadcrumb","itemListElement":[{"@type":"ListItem","position":1,"name":"Prima pagin\u0103","item":"https:\/\/deliciousraw.ro\/"},{"@type":"ListItem","position":2,"name":"Shop","item":"https:\/\/deliciousraw.ro\/shop\/"},{"@type":"ListItem","position":3,"name":"ECLER CU CIOCOLATA INSERTIE DE CAPSUNI SI BISCUITE DE MIGDALE 100 GR"}]},{"@type":"WebSite","@id":"https:\/\/deliciousraw.ro\/#website","url":"https:\/\/deliciousraw.ro\/","name":"DeliciousRaw","description":"Dulciuri bune raw de tot!","potentialAction":[{"@type":"SearchAction","target":{"@type":"EntryPoint","urlTemplate":"https:\/\/deliciousraw.ro\/?s={search_term_string}"},"query-input":"required name=search_term_string"}],"inLanguage":"en-US"}]}},"_links":{"self":[{"href":"https:\/\/deliciousraw.ro\/en\/wp-json\/wp\/v2\/product\/1593"}],"collection":[{"href":"https:\/\/deliciousraw.ro\/en\/wp-json\/wp\/v2\/product"}],"about":[{"href":"https:\/\/deliciousraw.ro\/en\/wp-json\/wp\/v2\/types\/product"}],"replies":[{"embeddable":true,"href":"https:\/\/deliciousraw.ro\/en\/wp-json\/wp\/v2\/comments?post=1593"}],"wp:featuredmedia":[{"embeddable":true,"href":"https:\/\/deliciousraw.ro\/en\/wp-json\/wp\/v2\/media\/1594"}],"wp:attachment":[{"href":"https:\/\/deliciousraw.ro\/en\/wp-json\/wp\/v2\/media?parent=1593"}],"wp:term":[{"taxonomy":"product_cat","embeddable":true,"href":"https:\/\/deliciousraw.ro\/en\/wp-json\/wp\/v2\/product_cat?post=1593"},{"taxonomy":"product_tag","embeddable":true,"href":"https:\/\/deliciousraw.ro\/en\/wp-json\/wp\/v2\/product_tag?post=1593"},{"taxonomy":"woo-feed-brand","embeddable":true,"href":"https:\/\/deliciousraw.ro\/en\/wp-json\/wp\/v2\/woo-feed-brand?post=1593"}],"curies":[{"name":"wp","href":"https:\/\/api.w.org\/{rel}","templated":true}]}}