{"id":1423,"date":"2025-02-07T20:19:36","date_gmt":"2025-02-07T18:19:36","guid":{"rendered":"https:\/\/deliciousraw.ro\/?post_type=product&#038;p=1423"},"modified":"2025-10-23T12:23:23","modified_gmt":"2025-10-23T09:23:23","slug":"cheesecake-aerat-cu-ciocolata-si-toping-din-fructe-de-padure-100-gr","status":"publish","type":"product","link":"https:\/\/deliciousraw.ro\/en\/product\/cheesecake-aerat-cu-ciocolata-si-toping-din-fructe-de-padure-100-gr\/","title":{"rendered":"CHEESECAKE AERAT CU CIOCOLATA SI TOPING DIN FRUCTE DE PADURE-120 gr"},"content":{"rendered":"<p>INGREDIENTE: Migdale, curmale, caju aerat (fermentat 12 ore) probiotic organic acidophilus, cacao alcalina, ulei de cocos, unt de cacao, agave, fructe de padure, masa de caco<\/p>\n<p>ALERGENI: CAJU, MIGDALE<\/p>\n<p>Valori nutritionale \/ 100g<br \/>\nValoare energetic\u0103:348.04 Kcal, Gr\u0103simi: 28.90g, Gr\u0103simi saturate: 15.32g, Glucide: 19.90g,<br \/>\nZaharuri: 6.80g, Proteine: 6.26g, Sare: 0.10g<\/p>","protected":false},"excerpt":{"rendered":"<p>&nbsp;<\/p>\n<p>&nbsp;<\/p>\n<p>&nbsp;<\/p>\n<p>TERMEN DE LIVRARE: 48 ore de la plasarea comenzii<\/p>","protected":false},"featured_media":1425,"comment_status":"open","ping_status":"closed","template":"","meta":[],"product_cat":[222],"product_tag":[],"woo-feed-brand":[],"yoast_head":"<!-- This site is optimized with the Yoast SEO plugin v22.5 - https:\/\/yoast.com\/wordpress\/plugins\/seo\/ -->\n<title>CHEESECAKE AERAT CU CIOCOLATA SI TOPING DIN FRUCTE DE PADURE-120 gr - DeliciousRaw<\/title>\n<meta name=\"robots\" content=\"index, follow, max-snippet:-1, max-image-preview:large, max-video-preview:-1\" \/>\n<link rel=\"canonical\" href=\"https:\/\/deliciousraw.ro\/en\/product\/cheesecake-aerat-cu-ciocolata-si-toping-din-fructe-de-padure-100-gr\/\" \/>\n<meta property=\"og:locale\" content=\"en_US\" \/>\n<meta property=\"og:type\" content=\"article\" \/>\n<meta property=\"og:title\" content=\"CHEESECAKE AERAT CU CIOCOLATA SI TOPING DIN FRUCTE DE PADURE-120 gr - DeliciousRaw\" \/>\n<meta property=\"og:description\" content=\"&nbsp;  &nbsp;  &nbsp;  TERMEN DE LIVRARE: 48 ore de la plasarea comenzii\" \/>\n<meta property=\"og:url\" content=\"https:\/\/deliciousraw.ro\/en\/product\/cheesecake-aerat-cu-ciocolata-si-toping-din-fructe-de-padure-100-gr\/\" \/>\n<meta property=\"og:site_name\" content=\"DeliciousRaw\" \/>\n<meta property=\"article:modified_time\" content=\"2025-10-23T09:23:23+00:00\" \/>\n<meta property=\"og:image\" content=\"https:\/\/deliciousraw.ro\/wp-content\/uploads\/2025\/02\/WhatsApp-Image-2025-01-30-at-21.36.53-1.jpeg\" \/>\n\t<meta property=\"og:image:width\" content=\"1200\" \/>\n\t<meta property=\"og:image:height\" content=\"1600\" \/>\n\t<meta property=\"og:image:type\" content=\"image\/jpeg\" \/>\n<meta name=\"twitter:card\" content=\"summary_large_image\" \/>\n<meta name=\"twitter:label1\" content=\"Est. reading time\" \/>\n\t<meta name=\"twitter:data1\" content=\"1 minute\" \/>\n<script type=\"application\/ld+json\" class=\"yoast-schema-graph\">{\"@context\":\"https:\/\/schema.org\",\"@graph\":[{\"@type\":\"WebPage\",\"@id\":\"https:\/\/deliciousraw.ro\/product\/cheesecake-aerat-cu-ciocolata-si-toping-din-fructe-de-padure-100-gr\/\",\"url\":\"https:\/\/deliciousraw.ro\/product\/cheesecake-aerat-cu-ciocolata-si-toping-din-fructe-de-padure-100-gr\/\",\"name\":\"CHEESECAKE AERAT CU CIOCOLATA SI TOPING DIN FRUCTE DE PADURE-120 gr - DeliciousRaw\",\"isPartOf\":{\"@id\":\"https:\/\/deliciousraw.ro\/#website\"},\"primaryImageOfPage\":{\"@id\":\"https:\/\/deliciousraw.ro\/product\/cheesecake-aerat-cu-ciocolata-si-toping-din-fructe-de-padure-100-gr\/#primaryimage\"},\"image\":{\"@id\":\"https:\/\/deliciousraw.ro\/product\/cheesecake-aerat-cu-ciocolata-si-toping-din-fructe-de-padure-100-gr\/#primaryimage\"},\"thumbnailUrl\":\"https:\/\/deliciousraw.ro\/wp-content\/uploads\/2025\/02\/WhatsApp-Image-2025-01-30-at-21.36.53-1.jpeg\",\"datePublished\":\"2025-02-07T18:19:36+00:00\",\"dateModified\":\"2025-10-23T09:23:23+00:00\",\"breadcrumb\":{\"@id\":\"https:\/\/deliciousraw.ro\/product\/cheesecake-aerat-cu-ciocolata-si-toping-din-fructe-de-padure-100-gr\/#breadcrumb\"},\"inLanguage\":\"en-US\",\"potentialAction\":[{\"@type\":\"ReadAction\",\"target\":[\"https:\/\/deliciousraw.ro\/product\/cheesecake-aerat-cu-ciocolata-si-toping-din-fructe-de-padure-100-gr\/\"]}]},{\"@type\":\"ImageObject\",\"inLanguage\":\"en-US\",\"@id\":\"https:\/\/deliciousraw.ro\/product\/cheesecake-aerat-cu-ciocolata-si-toping-din-fructe-de-padure-100-gr\/#primaryimage\",\"url\":\"https:\/\/deliciousraw.ro\/wp-content\/uploads\/2025\/02\/WhatsApp-Image-2025-01-30-at-21.36.53-1.jpeg\",\"contentUrl\":\"https:\/\/deliciousraw.ro\/wp-content\/uploads\/2025\/02\/WhatsApp-Image-2025-01-30-at-21.36.53-1.jpeg\",\"width\":1200,\"height\":1600},{\"@type\":\"BreadcrumbList\",\"@id\":\"https:\/\/deliciousraw.ro\/product\/cheesecake-aerat-cu-ciocolata-si-toping-din-fructe-de-padure-100-gr\/#breadcrumb\",\"itemListElement\":[{\"@type\":\"ListItem\",\"position\":1,\"name\":\"Prima pagin\u0103\",\"item\":\"https:\/\/deliciousraw.ro\/\"},{\"@type\":\"ListItem\",\"position\":2,\"name\":\"Shop\",\"item\":\"https:\/\/deliciousraw.ro\/shop\/\"},{\"@type\":\"ListItem\",\"position\":3,\"name\":\"CHEESECAKE AERAT CU CIOCOLATA SI TOPING DIN FRUCTE DE PADURE-120 gr\"}]},{\"@type\":\"WebSite\",\"@id\":\"https:\/\/deliciousraw.ro\/#website\",\"url\":\"https:\/\/deliciousraw.ro\/\",\"name\":\"DeliciousRaw\",\"description\":\"Dulciuri bune raw de tot!\",\"potentialAction\":[{\"@type\":\"SearchAction\",\"target\":{\"@type\":\"EntryPoint\",\"urlTemplate\":\"https:\/\/deliciousraw.ro\/?s={search_term_string}\"},\"query-input\":\"required name=search_term_string\"}],\"inLanguage\":\"en-US\"}]}<\/script>\n<!-- \/ Yoast SEO plugin. -->","yoast_head_json":{"title":"CHEESECAKE AERAT CU CIOCOLATA SI TOPING DIN FRUCTE DE PADURE-120 gr - DeliciousRaw","robots":{"index":"index","follow":"follow","max-snippet":"max-snippet:-1","max-image-preview":"max-image-preview:large","max-video-preview":"max-video-preview:-1"},"canonical":"https:\/\/deliciousraw.ro\/en\/product\/cheesecake-aerat-cu-ciocolata-si-toping-din-fructe-de-padure-100-gr\/","og_locale":"en_US","og_type":"article","og_title":"CHEESECAKE AERAT CU CIOCOLATA SI TOPING DIN FRUCTE DE PADURE-120 gr - DeliciousRaw","og_description":"&nbsp;  &nbsp;  &nbsp;  TERMEN DE LIVRARE: 48 ore de la plasarea comenzii","og_url":"https:\/\/deliciousraw.ro\/en\/product\/cheesecake-aerat-cu-ciocolata-si-toping-din-fructe-de-padure-100-gr\/","og_site_name":"DeliciousRaw","article_modified_time":"2025-10-23T09:23:23+00:00","og_image":[{"width":1200,"height":1600,"url":"https:\/\/deliciousraw.ro\/wp-content\/uploads\/2025\/02\/WhatsApp-Image-2025-01-30-at-21.36.53-1.jpeg","type":"image\/jpeg"}],"twitter_card":"summary_large_image","twitter_misc":{"Est. reading time":"1 minute"},"schema":{"@context":"https:\/\/schema.org","@graph":[{"@type":"WebPage","@id":"https:\/\/deliciousraw.ro\/product\/cheesecake-aerat-cu-ciocolata-si-toping-din-fructe-de-padure-100-gr\/","url":"https:\/\/deliciousraw.ro\/product\/cheesecake-aerat-cu-ciocolata-si-toping-din-fructe-de-padure-100-gr\/","name":"CHEESECAKE AERAT CU CIOCOLATA SI TOPING DIN FRUCTE DE PADURE-120 gr - DeliciousRaw","isPartOf":{"@id":"https:\/\/deliciousraw.ro\/#website"},"primaryImageOfPage":{"@id":"https:\/\/deliciousraw.ro\/product\/cheesecake-aerat-cu-ciocolata-si-toping-din-fructe-de-padure-100-gr\/#primaryimage"},"image":{"@id":"https:\/\/deliciousraw.ro\/product\/cheesecake-aerat-cu-ciocolata-si-toping-din-fructe-de-padure-100-gr\/#primaryimage"},"thumbnailUrl":"https:\/\/deliciousraw.ro\/wp-content\/uploads\/2025\/02\/WhatsApp-Image-2025-01-30-at-21.36.53-1.jpeg","datePublished":"2025-02-07T18:19:36+00:00","dateModified":"2025-10-23T09:23:23+00:00","breadcrumb":{"@id":"https:\/\/deliciousraw.ro\/product\/cheesecake-aerat-cu-ciocolata-si-toping-din-fructe-de-padure-100-gr\/#breadcrumb"},"inLanguage":"en-US","potentialAction":[{"@type":"ReadAction","target":["https:\/\/deliciousraw.ro\/product\/cheesecake-aerat-cu-ciocolata-si-toping-din-fructe-de-padure-100-gr\/"]}]},{"@type":"ImageObject","inLanguage":"en-US","@id":"https:\/\/deliciousraw.ro\/product\/cheesecake-aerat-cu-ciocolata-si-toping-din-fructe-de-padure-100-gr\/#primaryimage","url":"https:\/\/deliciousraw.ro\/wp-content\/uploads\/2025\/02\/WhatsApp-Image-2025-01-30-at-21.36.53-1.jpeg","contentUrl":"https:\/\/deliciousraw.ro\/wp-content\/uploads\/2025\/02\/WhatsApp-Image-2025-01-30-at-21.36.53-1.jpeg","width":1200,"height":1600},{"@type":"BreadcrumbList","@id":"https:\/\/deliciousraw.ro\/product\/cheesecake-aerat-cu-ciocolata-si-toping-din-fructe-de-padure-100-gr\/#breadcrumb","itemListElement":[{"@type":"ListItem","position":1,"name":"Prima pagin\u0103","item":"https:\/\/deliciousraw.ro\/"},{"@type":"ListItem","position":2,"name":"Shop","item":"https:\/\/deliciousraw.ro\/shop\/"},{"@type":"ListItem","position":3,"name":"CHEESECAKE AERAT CU CIOCOLATA SI TOPING DIN FRUCTE DE PADURE-120 gr"}]},{"@type":"WebSite","@id":"https:\/\/deliciousraw.ro\/#website","url":"https:\/\/deliciousraw.ro\/","name":"DeliciousRaw","description":"Dulciuri bune raw de tot!","potentialAction":[{"@type":"SearchAction","target":{"@type":"EntryPoint","urlTemplate":"https:\/\/deliciousraw.ro\/?s={search_term_string}"},"query-input":"required name=search_term_string"}],"inLanguage":"en-US"}]}},"_links":{"self":[{"href":"https:\/\/deliciousraw.ro\/en\/wp-json\/wp\/v2\/product\/1423"}],"collection":[{"href":"https:\/\/deliciousraw.ro\/en\/wp-json\/wp\/v2\/product"}],"about":[{"href":"https:\/\/deliciousraw.ro\/en\/wp-json\/wp\/v2\/types\/product"}],"replies":[{"embeddable":true,"href":"https:\/\/deliciousraw.ro\/en\/wp-json\/wp\/v2\/comments?post=1423"}],"wp:featuredmedia":[{"embeddable":true,"href":"https:\/\/deliciousraw.ro\/en\/wp-json\/wp\/v2\/media\/1425"}],"wp:attachment":[{"href":"https:\/\/deliciousraw.ro\/en\/wp-json\/wp\/v2\/media?parent=1423"}],"wp:term":[{"taxonomy":"product_cat","embeddable":true,"href":"https:\/\/deliciousraw.ro\/en\/wp-json\/wp\/v2\/product_cat?post=1423"},{"taxonomy":"product_tag","embeddable":true,"href":"https:\/\/deliciousraw.ro\/en\/wp-json\/wp\/v2\/product_tag?post=1423"},{"taxonomy":"woo-feed-brand","embeddable":true,"href":"https:\/\/deliciousraw.ro\/en\/wp-json\/wp\/v2\/woo-feed-brand?post=1423"}],"curies":[{"name":"wp","href":"https:\/\/api.w.org\/{rel}","templated":true}]}}