{"id":1294,"date":"2024-12-05T23:26:26","date_gmt":"2024-12-05T21:26:26","guid":{"rendered":"https:\/\/deliciousraw.ro\/?post_type=product&#038;p=1294"},"modified":"2025-08-16T14:27:33","modified_gmt":"2025-08-16T11:27:33","slug":"trufe-de-ciocolata-black-raw-raw-chez-35-gr","status":"publish","type":"product","link":"https:\/\/deliciousraw.ro\/en\/product\/trufe-de-ciocolata-black-raw-raw-chez-35-gr\/","title":{"rendered":"TRUFE DE CIOCOLATA &#8222;BLACK RAW-RAW CHEZ&#8221; &#8211; 150 gr"},"content":{"rendered":"<p>INGREDIENTE: masa de cacao, unt de cacao, cacao alcalina, unt de alune, alune, agave, ovaz, ulei de cocos, sirop curmale<\/p>\n<p>ALERGENI: ALUNE, OVAZ<\/p>\n<p>Valori nutritionale \/ 100g<br \/>\nValoare energetic\u0103: 2437.69 Kj\/582.62 Kcal, Gr\u0103simi: 47.22g, Gr\u0103simi saturate: 26.29g, Glucide: 29.66g,<br \/>\nZaharuri: 5.15g, Proteine: 8.84g, Sare: 0.75g<\/p>","protected":false},"excerpt":{"rendered":"<p>Delicii de ciocolat\u0103 neagr\u0103, cu arome profunde \u0219i o textur\u0103 catifelat\u0103, create artizanal pentru momentele \u00een care meri\u021bi ceva cu adev\u0103rat special. 100% vegane, f\u0103r\u0103 zah\u0103r \u0219i f\u0103r\u0103 lactoz\u0103, aceste trufe sunt un r\u0103sf\u0103\u021b s\u0103n\u0103tos \u0219i elegant.<\/p>\n<p><strong>&#8222;Black Raw-Raw Chez&#8221;<\/strong> \u2013 Gust intens, perfect echilibrat pentru iubitorii de ciocolat\u0103 pur\u0103!<\/p>\n<p>TERMEN DE LIVRARE: 48 ore LUCRATOARE de la plasarea comenzii.<\/p>","protected":false},"featured_media":1387,"comment_status":"open","ping_status":"closed","template":"","meta":[],"product_cat":[223],"product_tag":[],"woo-feed-brand":[],"yoast_head":"<!-- This site is optimized with the Yoast SEO plugin v22.5 - https:\/\/yoast.com\/wordpress\/plugins\/seo\/ -->\n<title>TRUFE DE CIOCOLATA &quot;BLACK RAW-RAW CHEZ&quot; - 150 gr - DeliciousRaw<\/title>\n<meta name=\"robots\" content=\"index, follow, max-snippet:-1, max-image-preview:large, max-video-preview:-1\" \/>\n<link rel=\"canonical\" href=\"https:\/\/deliciousraw.ro\/en\/product\/trufe-de-ciocolata-black-raw-raw-chez-35-gr\/\" \/>\n<meta property=\"og:locale\" content=\"en_US\" \/>\n<meta property=\"og:type\" content=\"article\" \/>\n<meta property=\"og:title\" content=\"TRUFE DE CIOCOLATA &quot;BLACK RAW-RAW CHEZ&quot; - 150 gr - DeliciousRaw\" \/>\n<meta property=\"og:description\" content=\"Delicii de ciocolat\u0103 neagr\u0103, cu arome profunde \u0219i o textur\u0103 catifelat\u0103, create artizanal pentru momentele \u00een care meri\u021bi ceva cu adev\u0103rat special. 100% vegane, f\u0103r\u0103 zah\u0103r \u0219i f\u0103r\u0103 lactoz\u0103, aceste trufe sunt un r\u0103sf\u0103\u021b s\u0103n\u0103tos \u0219i elegant.  &quot;Black Raw-Raw Chez&quot; \u2013 Gust intens, perfect echilibrat pentru iubitorii de ciocolat\u0103 pur\u0103!  TERMEN DE LIVRARE: 48 ore LUCRATOARE de la plasarea comenzii.\" \/>\n<meta property=\"og:url\" content=\"https:\/\/deliciousraw.ro\/en\/product\/trufe-de-ciocolata-black-raw-raw-chez-35-gr\/\" \/>\n<meta property=\"og:site_name\" content=\"DeliciousRaw\" \/>\n<meta property=\"article:modified_time\" content=\"2025-08-16T11:27:33+00:00\" \/>\n<meta property=\"og:image\" content=\"https:\/\/deliciousraw.ro\/wp-content\/uploads\/2024\/12\/20240930_095834-scaled.jpg\" \/>\n\t<meta property=\"og:image:width\" content=\"1920\" \/>\n\t<meta property=\"og:image:height\" content=\"2560\" \/>\n\t<meta property=\"og:image:type\" content=\"image\/jpeg\" \/>\n<meta name=\"twitter:card\" content=\"summary_large_image\" \/>\n<meta name=\"twitter:label1\" content=\"Est. reading time\" \/>\n\t<meta name=\"twitter:data1\" content=\"1 minute\" \/>\n<script type=\"application\/ld+json\" class=\"yoast-schema-graph\">{\"@context\":\"https:\/\/schema.org\",\"@graph\":[{\"@type\":\"WebPage\",\"@id\":\"https:\/\/deliciousraw.ro\/product\/trufe-de-ciocolata-black-raw-raw-chez-35-gr\/\",\"url\":\"https:\/\/deliciousraw.ro\/product\/trufe-de-ciocolata-black-raw-raw-chez-35-gr\/\",\"name\":\"TRUFE DE CIOCOLATA \\\"BLACK RAW-RAW CHEZ\\\" - 150 gr - DeliciousRaw\",\"isPartOf\":{\"@id\":\"https:\/\/deliciousraw.ro\/#website\"},\"primaryImageOfPage\":{\"@id\":\"https:\/\/deliciousraw.ro\/product\/trufe-de-ciocolata-black-raw-raw-chez-35-gr\/#primaryimage\"},\"image\":{\"@id\":\"https:\/\/deliciousraw.ro\/product\/trufe-de-ciocolata-black-raw-raw-chez-35-gr\/#primaryimage\"},\"thumbnailUrl\":\"https:\/\/deliciousraw.ro\/wp-content\/uploads\/2024\/12\/20240930_095834-scaled.jpg\",\"datePublished\":\"2024-12-05T21:26:26+00:00\",\"dateModified\":\"2025-08-16T11:27:33+00:00\",\"breadcrumb\":{\"@id\":\"https:\/\/deliciousraw.ro\/product\/trufe-de-ciocolata-black-raw-raw-chez-35-gr\/#breadcrumb\"},\"inLanguage\":\"en-US\",\"potentialAction\":[{\"@type\":\"ReadAction\",\"target\":[\"https:\/\/deliciousraw.ro\/product\/trufe-de-ciocolata-black-raw-raw-chez-35-gr\/\"]}]},{\"@type\":\"ImageObject\",\"inLanguage\":\"en-US\",\"@id\":\"https:\/\/deliciousraw.ro\/product\/trufe-de-ciocolata-black-raw-raw-chez-35-gr\/#primaryimage\",\"url\":\"https:\/\/deliciousraw.ro\/wp-content\/uploads\/2024\/12\/20240930_095834-scaled.jpg\",\"contentUrl\":\"https:\/\/deliciousraw.ro\/wp-content\/uploads\/2024\/12\/20240930_095834-scaled.jpg\",\"width\":1920,\"height\":2560},{\"@type\":\"BreadcrumbList\",\"@id\":\"https:\/\/deliciousraw.ro\/product\/trufe-de-ciocolata-black-raw-raw-chez-35-gr\/#breadcrumb\",\"itemListElement\":[{\"@type\":\"ListItem\",\"position\":1,\"name\":\"Prima pagin\u0103\",\"item\":\"https:\/\/deliciousraw.ro\/\"},{\"@type\":\"ListItem\",\"position\":2,\"name\":\"Shop\",\"item\":\"https:\/\/deliciousraw.ro\/shop\/\"},{\"@type\":\"ListItem\",\"position\":3,\"name\":\"TRUFE DE CIOCOLATA &#8222;BLACK RAW-RAW CHEZ&#8221; &#8211; 150 gr\"}]},{\"@type\":\"WebSite\",\"@id\":\"https:\/\/deliciousraw.ro\/#website\",\"url\":\"https:\/\/deliciousraw.ro\/\",\"name\":\"DeliciousRaw\",\"description\":\"Dulciuri bune raw de tot!\",\"potentialAction\":[{\"@type\":\"SearchAction\",\"target\":{\"@type\":\"EntryPoint\",\"urlTemplate\":\"https:\/\/deliciousraw.ro\/?s={search_term_string}\"},\"query-input\":\"required name=search_term_string\"}],\"inLanguage\":\"en-US\"}]}<\/script>\n<!-- \/ Yoast SEO plugin. -->","yoast_head_json":{"title":"TRUFE DE CIOCOLATA \"BLACK RAW-RAW CHEZ\" - 150 gr - DeliciousRaw","robots":{"index":"index","follow":"follow","max-snippet":"max-snippet:-1","max-image-preview":"max-image-preview:large","max-video-preview":"max-video-preview:-1"},"canonical":"https:\/\/deliciousraw.ro\/en\/product\/trufe-de-ciocolata-black-raw-raw-chez-35-gr\/","og_locale":"en_US","og_type":"article","og_title":"TRUFE DE CIOCOLATA \"BLACK RAW-RAW CHEZ\" - 150 gr - DeliciousRaw","og_description":"Delicii de ciocolat\u0103 neagr\u0103, cu arome profunde \u0219i o textur\u0103 catifelat\u0103, create artizanal pentru momentele \u00een care meri\u021bi ceva cu adev\u0103rat special. 100% vegane, f\u0103r\u0103 zah\u0103r \u0219i f\u0103r\u0103 lactoz\u0103, aceste trufe sunt un r\u0103sf\u0103\u021b s\u0103n\u0103tos \u0219i elegant.  \"Black Raw-Raw Chez\" \u2013 Gust intens, perfect echilibrat pentru iubitorii de ciocolat\u0103 pur\u0103!  TERMEN DE LIVRARE: 48 ore LUCRATOARE de la plasarea comenzii.","og_url":"https:\/\/deliciousraw.ro\/en\/product\/trufe-de-ciocolata-black-raw-raw-chez-35-gr\/","og_site_name":"DeliciousRaw","article_modified_time":"2025-08-16T11:27:33+00:00","og_image":[{"width":1920,"height":2560,"url":"https:\/\/deliciousraw.ro\/wp-content\/uploads\/2024\/12\/20240930_095834-scaled.jpg","type":"image\/jpeg"}],"twitter_card":"summary_large_image","twitter_misc":{"Est. reading time":"1 minute"},"schema":{"@context":"https:\/\/schema.org","@graph":[{"@type":"WebPage","@id":"https:\/\/deliciousraw.ro\/product\/trufe-de-ciocolata-black-raw-raw-chez-35-gr\/","url":"https:\/\/deliciousraw.ro\/product\/trufe-de-ciocolata-black-raw-raw-chez-35-gr\/","name":"TRUFE DE CIOCOLATA \"BLACK RAW-RAW CHEZ\" - 150 gr - DeliciousRaw","isPartOf":{"@id":"https:\/\/deliciousraw.ro\/#website"},"primaryImageOfPage":{"@id":"https:\/\/deliciousraw.ro\/product\/trufe-de-ciocolata-black-raw-raw-chez-35-gr\/#primaryimage"},"image":{"@id":"https:\/\/deliciousraw.ro\/product\/trufe-de-ciocolata-black-raw-raw-chez-35-gr\/#primaryimage"},"thumbnailUrl":"https:\/\/deliciousraw.ro\/wp-content\/uploads\/2024\/12\/20240930_095834-scaled.jpg","datePublished":"2024-12-05T21:26:26+00:00","dateModified":"2025-08-16T11:27:33+00:00","breadcrumb":{"@id":"https:\/\/deliciousraw.ro\/product\/trufe-de-ciocolata-black-raw-raw-chez-35-gr\/#breadcrumb"},"inLanguage":"en-US","potentialAction":[{"@type":"ReadAction","target":["https:\/\/deliciousraw.ro\/product\/trufe-de-ciocolata-black-raw-raw-chez-35-gr\/"]}]},{"@type":"ImageObject","inLanguage":"en-US","@id":"https:\/\/deliciousraw.ro\/product\/trufe-de-ciocolata-black-raw-raw-chez-35-gr\/#primaryimage","url":"https:\/\/deliciousraw.ro\/wp-content\/uploads\/2024\/12\/20240930_095834-scaled.jpg","contentUrl":"https:\/\/deliciousraw.ro\/wp-content\/uploads\/2024\/12\/20240930_095834-scaled.jpg","width":1920,"height":2560},{"@type":"BreadcrumbList","@id":"https:\/\/deliciousraw.ro\/product\/trufe-de-ciocolata-black-raw-raw-chez-35-gr\/#breadcrumb","itemListElement":[{"@type":"ListItem","position":1,"name":"Prima pagin\u0103","item":"https:\/\/deliciousraw.ro\/"},{"@type":"ListItem","position":2,"name":"Shop","item":"https:\/\/deliciousraw.ro\/shop\/"},{"@type":"ListItem","position":3,"name":"TRUFE DE CIOCOLATA &#8222;BLACK RAW-RAW CHEZ&#8221; &#8211; 150 gr"}]},{"@type":"WebSite","@id":"https:\/\/deliciousraw.ro\/#website","url":"https:\/\/deliciousraw.ro\/","name":"DeliciousRaw","description":"Dulciuri bune raw de tot!","potentialAction":[{"@type":"SearchAction","target":{"@type":"EntryPoint","urlTemplate":"https:\/\/deliciousraw.ro\/?s={search_term_string}"},"query-input":"required name=search_term_string"}],"inLanguage":"en-US"}]}},"_links":{"self":[{"href":"https:\/\/deliciousraw.ro\/en\/wp-json\/wp\/v2\/product\/1294"}],"collection":[{"href":"https:\/\/deliciousraw.ro\/en\/wp-json\/wp\/v2\/product"}],"about":[{"href":"https:\/\/deliciousraw.ro\/en\/wp-json\/wp\/v2\/types\/product"}],"replies":[{"embeddable":true,"href":"https:\/\/deliciousraw.ro\/en\/wp-json\/wp\/v2\/comments?post=1294"}],"wp:featuredmedia":[{"embeddable":true,"href":"https:\/\/deliciousraw.ro\/en\/wp-json\/wp\/v2\/media\/1387"}],"wp:attachment":[{"href":"https:\/\/deliciousraw.ro\/en\/wp-json\/wp\/v2\/media?parent=1294"}],"wp:term":[{"taxonomy":"product_cat","embeddable":true,"href":"https:\/\/deliciousraw.ro\/en\/wp-json\/wp\/v2\/product_cat?post=1294"},{"taxonomy":"product_tag","embeddable":true,"href":"https:\/\/deliciousraw.ro\/en\/wp-json\/wp\/v2\/product_tag?post=1294"},{"taxonomy":"woo-feed-brand","embeddable":true,"href":"https:\/\/deliciousraw.ro\/en\/wp-json\/wp\/v2\/woo-feed-brand?post=1294"}],"curies":[{"name":"wp","href":"https:\/\/api.w.org\/{rel}","templated":true}]}}