{"id":1280,"date":"2024-12-05T22:56:18","date_gmt":"2024-12-05T20:56:18","guid":{"rendered":"https:\/\/deliciousraw.ro\/?post_type=product&#038;p=1280"},"modified":"2025-08-16T14:29:06","modified_gmt":"2025-08-16T11:29:06","slug":"baton-de-ciocolata-dubai-lovers-60-gr","status":"publish","type":"product","link":"https:\/\/deliciousraw.ro\/en\/product\/baton-de-ciocolata-dubai-lovers-60-gr\/","title":{"rendered":"BATON DE CIOCOLATA &#8222;DUBAI LOVERS&#8221; -50 gr"},"content":{"rendered":"<div class=\"html-div xdj266r x11i5rnm xat24cr x1mh8g0r xexx8yu x4uap5 x18d9i69 xkhd6sd\" tabindex=\"-1\">INGREDIENTE: masa de cacao, unt de cacao, stevie, taietei de orez, ulei de cocos, unt de fistic, fistic, agave<\/div>\n<div class=\"html-div xdj266r x11i5rnm xat24cr x1mh8g0r xexx8yu x4uap5 x18d9i69 xkhd6sd\" tabindex=\"-1\">\n<div class=\"html-div xdj266r x11i5rnm x1mh8g0r xexx8yu x4uap5 x18d9i69 xkhd6sd x1e56ztr\"><span class=\"x193iq5w xeuugli x13faqbe x1vvkbs x1xmvt09 x6prxxf xvq8zen xo1l8bm xzsf02u\">ALERGENI: fistic<\/span><\/div>\n<div><\/div>\n<\/div>\n<div>Valori nutritionale \/ 100g<br \/>\nValoare energetic\u0103: 2357.79 Kj\/563.53 Kcal, Gr\u0103simi: 43.51g, Gr\u0103simi saturate: 24.21g, Glucide: 35.83g,<br \/>\nZaharuri: 0.69g, Proteine: 5.17g, Sare: 1.05g<\/div>","protected":false},"excerpt":{"rendered":"<p>Las\u0103-te purtat \u00een lumea fascinant\u0103 a aromelor din Dubai cu <strong>Dubai Lovers<\/strong>, un baton de ciocolat\u0103 decadent \u0219i s\u0103n\u0103tos, perfect pentru cei care apreciaz\u0103 gusturile rafinate \u0219i un stil de via\u021b\u0103 echilibrat.<\/p>\n<p>\u2728 <strong>Ingrediente naturale \u0219i pure<\/strong>: Masa de cacao \u0219i untul de cacao ofer\u0103 o baz\u0103 intens\u0103 \u0219i catifelat\u0103, \u00eendulcit\u0103 delicat cu \u0219tevie \u0219i agave.<br \/>\n\ud83c\udf3e <strong>Textur\u0103 surprinz\u0103toare<\/strong>: T\u0103i\u021beii de orez adaug\u0103 o not\u0103 crocant\u0103, \u00een timp ce uleiul de cocos \u0219i untul de fistic completeaz\u0103 armonios experien\u021ba gustativ\u0103.<br \/>\n\ud83e\udd5c <strong>R\u0103sf\u0103\u021b cu fistic<\/strong>: Fisticul fin aduce un plus de savoare \u0219i elegan\u021b\u0103.<\/p>\n<p><strong>F\u0103r\u0103 zah\u0103r, f\u0103r\u0103 gluten, f\u0103r\u0103 lactoz\u0103. 100% vegan.<\/strong><\/p>\n<p>TERMEN DE LIVRARE: 48 ore LUCRATOARE de la plasarea comenzii.<\/p>\n<p>TERMEN DE LIVRARE: 48 ore de la plasarea comenzii<\/p>\n<p>TERMEN DE LIVRARE: 48 ore de la plasarea comenzii<\/p>\n<p><strong>Dubai Lovers<\/strong> este mai mult dec\u00e2t un desert \u2013 este o c\u0103l\u0103torie culinar\u0103 spre un lux s\u0103n\u0103tos, ideal pentru momentele de r\u0103sf\u0103\u021b sau pentru a fi oferit cadou celor dragi.<\/p>","protected":false},"featured_media":1281,"comment_status":"open","ping_status":"closed","template":"","meta":[],"product_cat":[223],"product_tag":[],"woo-feed-brand":[],"yoast_head":"<!-- This site is optimized with the Yoast SEO plugin v22.5 - https:\/\/yoast.com\/wordpress\/plugins\/seo\/ -->\n<title>BATON DE CIOCOLATA &quot;DUBAI LOVERS&quot; -50 gr - DeliciousRaw<\/title>\n<meta name=\"robots\" content=\"index, follow, max-snippet:-1, max-image-preview:large, max-video-preview:-1\" \/>\n<link rel=\"canonical\" href=\"https:\/\/deliciousraw.ro\/en\/product\/baton-de-ciocolata-dubai-lovers-60-gr\/\" \/>\n<meta property=\"og:locale\" content=\"en_US\" \/>\n<meta property=\"og:type\" content=\"article\" \/>\n<meta property=\"og:title\" content=\"BATON DE CIOCOLATA &quot;DUBAI LOVERS&quot; -50 gr - DeliciousRaw\" \/>\n<meta property=\"og:description\" content=\"Las\u0103-te purtat \u00een lumea fascinant\u0103 a aromelor din Dubai cu Dubai Lovers, un baton de ciocolat\u0103 decadent \u0219i s\u0103n\u0103tos, perfect pentru cei care apreciaz\u0103 gusturile rafinate \u0219i un stil de via\u021b\u0103 echilibrat.  \u2728 Ingrediente naturale \u0219i pure: Masa de cacao \u0219i untul de cacao ofer\u0103 o baz\u0103 intens\u0103 \u0219i catifelat\u0103, \u00eendulcit\u0103 delicat cu \u0219tevie \u0219i agave. \ud83c\udf3e Textur\u0103 surprinz\u0103toare: T\u0103i\u021beii de orez adaug\u0103 o not\u0103 crocant\u0103, \u00een timp ce uleiul de cocos \u0219i untul de fistic completeaz\u0103 armonios experien\u021ba gustativ\u0103. \ud83e\udd5c R\u0103sf\u0103\u021b cu fistic: Fisticul fin aduce un plus de savoare \u0219i elegan\u021b\u0103.  F\u0103r\u0103 zah\u0103r, f\u0103r\u0103 gluten, f\u0103r\u0103 lactoz\u0103. 100% vegan.  TERMEN DE LIVRARE: 48 ore LUCRATOARE de la plasarea comenzii.  TERMEN DE LIVRARE: 48 ore de la plasarea comenzii  TERMEN DE LIVRARE: 48 ore de la plasarea comenzii  Dubai Lovers este mai mult dec\u00e2t un desert \u2013 este o c\u0103l\u0103torie culinar\u0103 spre un lux s\u0103n\u0103tos, ideal pentru momentele de r\u0103sf\u0103\u021b sau pentru a fi oferit cadou celor dragi.\" \/>\n<meta property=\"og:url\" content=\"https:\/\/deliciousraw.ro\/en\/product\/baton-de-ciocolata-dubai-lovers-60-gr\/\" \/>\n<meta property=\"og:site_name\" content=\"DeliciousRaw\" \/>\n<meta property=\"article:modified_time\" content=\"2025-08-16T11:29:06+00:00\" \/>\n<meta property=\"og:image\" content=\"https:\/\/deliciousraw.ro\/wp-content\/uploads\/2024\/12\/DUBAI-LOVERS-3.jpeg\" \/>\n\t<meta property=\"og:image:width\" content=\"1500\" \/>\n\t<meta property=\"og:image:height\" content=\"2000\" \/>\n\t<meta property=\"og:image:type\" content=\"image\/jpeg\" \/>\n<meta name=\"twitter:card\" content=\"summary_large_image\" \/>\n<meta name=\"twitter:label1\" content=\"Est. reading time\" \/>\n\t<meta name=\"twitter:data1\" content=\"1 minute\" \/>\n<script type=\"application\/ld+json\" class=\"yoast-schema-graph\">{\"@context\":\"https:\/\/schema.org\",\"@graph\":[{\"@type\":\"WebPage\",\"@id\":\"https:\/\/deliciousraw.ro\/product\/baton-de-ciocolata-dubai-lovers-60-gr\/\",\"url\":\"https:\/\/deliciousraw.ro\/product\/baton-de-ciocolata-dubai-lovers-60-gr\/\",\"name\":\"BATON DE CIOCOLATA \\\"DUBAI LOVERS\\\" -50 gr - DeliciousRaw\",\"isPartOf\":{\"@id\":\"https:\/\/deliciousraw.ro\/#website\"},\"primaryImageOfPage\":{\"@id\":\"https:\/\/deliciousraw.ro\/product\/baton-de-ciocolata-dubai-lovers-60-gr\/#primaryimage\"},\"image\":{\"@id\":\"https:\/\/deliciousraw.ro\/product\/baton-de-ciocolata-dubai-lovers-60-gr\/#primaryimage\"},\"thumbnailUrl\":\"https:\/\/deliciousraw.ro\/wp-content\/uploads\/2024\/12\/DUBAI-LOVERS-3.jpeg\",\"datePublished\":\"2024-12-05T20:56:18+00:00\",\"dateModified\":\"2025-08-16T11:29:06+00:00\",\"breadcrumb\":{\"@id\":\"https:\/\/deliciousraw.ro\/product\/baton-de-ciocolata-dubai-lovers-60-gr\/#breadcrumb\"},\"inLanguage\":\"en-US\",\"potentialAction\":[{\"@type\":\"ReadAction\",\"target\":[\"https:\/\/deliciousraw.ro\/product\/baton-de-ciocolata-dubai-lovers-60-gr\/\"]}]},{\"@type\":\"ImageObject\",\"inLanguage\":\"en-US\",\"@id\":\"https:\/\/deliciousraw.ro\/product\/baton-de-ciocolata-dubai-lovers-60-gr\/#primaryimage\",\"url\":\"https:\/\/deliciousraw.ro\/wp-content\/uploads\/2024\/12\/DUBAI-LOVERS-3.jpeg\",\"contentUrl\":\"https:\/\/deliciousraw.ro\/wp-content\/uploads\/2024\/12\/DUBAI-LOVERS-3.jpeg\",\"width\":1500,\"height\":2000},{\"@type\":\"BreadcrumbList\",\"@id\":\"https:\/\/deliciousraw.ro\/product\/baton-de-ciocolata-dubai-lovers-60-gr\/#breadcrumb\",\"itemListElement\":[{\"@type\":\"ListItem\",\"position\":1,\"name\":\"Prima pagin\u0103\",\"item\":\"https:\/\/deliciousraw.ro\/\"},{\"@type\":\"ListItem\",\"position\":2,\"name\":\"Shop\",\"item\":\"https:\/\/deliciousraw.ro\/shop\/\"},{\"@type\":\"ListItem\",\"position\":3,\"name\":\"BATON DE CIOCOLATA &#8222;DUBAI LOVERS&#8221; -50 gr\"}]},{\"@type\":\"WebSite\",\"@id\":\"https:\/\/deliciousraw.ro\/#website\",\"url\":\"https:\/\/deliciousraw.ro\/\",\"name\":\"DeliciousRaw\",\"description\":\"Dulciuri bune raw de tot!\",\"potentialAction\":[{\"@type\":\"SearchAction\",\"target\":{\"@type\":\"EntryPoint\",\"urlTemplate\":\"https:\/\/deliciousraw.ro\/?s={search_term_string}\"},\"query-input\":\"required name=search_term_string\"}],\"inLanguage\":\"en-US\"}]}<\/script>\n<!-- \/ Yoast SEO plugin. -->","yoast_head_json":{"title":"BATON DE CIOCOLATA \"DUBAI LOVERS\" -50 gr - DeliciousRaw","robots":{"index":"index","follow":"follow","max-snippet":"max-snippet:-1","max-image-preview":"max-image-preview:large","max-video-preview":"max-video-preview:-1"},"canonical":"https:\/\/deliciousraw.ro\/en\/product\/baton-de-ciocolata-dubai-lovers-60-gr\/","og_locale":"en_US","og_type":"article","og_title":"BATON DE CIOCOLATA \"DUBAI LOVERS\" -50 gr - DeliciousRaw","og_description":"Las\u0103-te purtat \u00een lumea fascinant\u0103 a aromelor din Dubai cu Dubai Lovers, un baton de ciocolat\u0103 decadent \u0219i s\u0103n\u0103tos, perfect pentru cei care apreciaz\u0103 gusturile rafinate \u0219i un stil de via\u021b\u0103 echilibrat.  \u2728 Ingrediente naturale \u0219i pure: Masa de cacao \u0219i untul de cacao ofer\u0103 o baz\u0103 intens\u0103 \u0219i catifelat\u0103, \u00eendulcit\u0103 delicat cu \u0219tevie \u0219i agave. \ud83c\udf3e Textur\u0103 surprinz\u0103toare: T\u0103i\u021beii de orez adaug\u0103 o not\u0103 crocant\u0103, \u00een timp ce uleiul de cocos \u0219i untul de fistic completeaz\u0103 armonios experien\u021ba gustativ\u0103. \ud83e\udd5c R\u0103sf\u0103\u021b cu fistic: Fisticul fin aduce un plus de savoare \u0219i elegan\u021b\u0103.  F\u0103r\u0103 zah\u0103r, f\u0103r\u0103 gluten, f\u0103r\u0103 lactoz\u0103. 100% vegan.  TERMEN DE LIVRARE: 48 ore LUCRATOARE de la plasarea comenzii.  TERMEN DE LIVRARE: 48 ore de la plasarea comenzii  TERMEN DE LIVRARE: 48 ore de la plasarea comenzii  Dubai Lovers este mai mult dec\u00e2t un desert \u2013 este o c\u0103l\u0103torie culinar\u0103 spre un lux s\u0103n\u0103tos, ideal pentru momentele de r\u0103sf\u0103\u021b sau pentru a fi oferit cadou celor dragi.","og_url":"https:\/\/deliciousraw.ro\/en\/product\/baton-de-ciocolata-dubai-lovers-60-gr\/","og_site_name":"DeliciousRaw","article_modified_time":"2025-08-16T11:29:06+00:00","og_image":[{"width":1500,"height":2000,"url":"https:\/\/deliciousraw.ro\/wp-content\/uploads\/2024\/12\/DUBAI-LOVERS-3.jpeg","type":"image\/jpeg"}],"twitter_card":"summary_large_image","twitter_misc":{"Est. reading time":"1 minute"},"schema":{"@context":"https:\/\/schema.org","@graph":[{"@type":"WebPage","@id":"https:\/\/deliciousraw.ro\/product\/baton-de-ciocolata-dubai-lovers-60-gr\/","url":"https:\/\/deliciousraw.ro\/product\/baton-de-ciocolata-dubai-lovers-60-gr\/","name":"BATON DE CIOCOLATA \"DUBAI LOVERS\" -50 gr - DeliciousRaw","isPartOf":{"@id":"https:\/\/deliciousraw.ro\/#website"},"primaryImageOfPage":{"@id":"https:\/\/deliciousraw.ro\/product\/baton-de-ciocolata-dubai-lovers-60-gr\/#primaryimage"},"image":{"@id":"https:\/\/deliciousraw.ro\/product\/baton-de-ciocolata-dubai-lovers-60-gr\/#primaryimage"},"thumbnailUrl":"https:\/\/deliciousraw.ro\/wp-content\/uploads\/2024\/12\/DUBAI-LOVERS-3.jpeg","datePublished":"2024-12-05T20:56:18+00:00","dateModified":"2025-08-16T11:29:06+00:00","breadcrumb":{"@id":"https:\/\/deliciousraw.ro\/product\/baton-de-ciocolata-dubai-lovers-60-gr\/#breadcrumb"},"inLanguage":"en-US","potentialAction":[{"@type":"ReadAction","target":["https:\/\/deliciousraw.ro\/product\/baton-de-ciocolata-dubai-lovers-60-gr\/"]}]},{"@type":"ImageObject","inLanguage":"en-US","@id":"https:\/\/deliciousraw.ro\/product\/baton-de-ciocolata-dubai-lovers-60-gr\/#primaryimage","url":"https:\/\/deliciousraw.ro\/wp-content\/uploads\/2024\/12\/DUBAI-LOVERS-3.jpeg","contentUrl":"https:\/\/deliciousraw.ro\/wp-content\/uploads\/2024\/12\/DUBAI-LOVERS-3.jpeg","width":1500,"height":2000},{"@type":"BreadcrumbList","@id":"https:\/\/deliciousraw.ro\/product\/baton-de-ciocolata-dubai-lovers-60-gr\/#breadcrumb","itemListElement":[{"@type":"ListItem","position":1,"name":"Prima pagin\u0103","item":"https:\/\/deliciousraw.ro\/"},{"@type":"ListItem","position":2,"name":"Shop","item":"https:\/\/deliciousraw.ro\/shop\/"},{"@type":"ListItem","position":3,"name":"BATON DE CIOCOLATA &#8222;DUBAI LOVERS&#8221; -50 gr"}]},{"@type":"WebSite","@id":"https:\/\/deliciousraw.ro\/#website","url":"https:\/\/deliciousraw.ro\/","name":"DeliciousRaw","description":"Dulciuri bune raw de tot!","potentialAction":[{"@type":"SearchAction","target":{"@type":"EntryPoint","urlTemplate":"https:\/\/deliciousraw.ro\/?s={search_term_string}"},"query-input":"required name=search_term_string"}],"inLanguage":"en-US"}]}},"_links":{"self":[{"href":"https:\/\/deliciousraw.ro\/en\/wp-json\/wp\/v2\/product\/1280"}],"collection":[{"href":"https:\/\/deliciousraw.ro\/en\/wp-json\/wp\/v2\/product"}],"about":[{"href":"https:\/\/deliciousraw.ro\/en\/wp-json\/wp\/v2\/types\/product"}],"replies":[{"embeddable":true,"href":"https:\/\/deliciousraw.ro\/en\/wp-json\/wp\/v2\/comments?post=1280"}],"wp:featuredmedia":[{"embeddable":true,"href":"https:\/\/deliciousraw.ro\/en\/wp-json\/wp\/v2\/media\/1281"}],"wp:attachment":[{"href":"https:\/\/deliciousraw.ro\/en\/wp-json\/wp\/v2\/media?parent=1280"}],"wp:term":[{"taxonomy":"product_cat","embeddable":true,"href":"https:\/\/deliciousraw.ro\/en\/wp-json\/wp\/v2\/product_cat?post=1280"},{"taxonomy":"product_tag","embeddable":true,"href":"https:\/\/deliciousraw.ro\/en\/wp-json\/wp\/v2\/product_tag?post=1280"},{"taxonomy":"woo-feed-brand","embeddable":true,"href":"https:\/\/deliciousraw.ro\/en\/wp-json\/wp\/v2\/woo-feed-brand?post=1280"}],"curies":[{"name":"wp","href":"https:\/\/api.w.org\/{rel}","templated":true}]}}