{"id":1154,"date":"2024-09-04T17:46:35","date_gmt":"2024-09-04T14:46:35","guid":{"rendered":"https:\/\/deliciousraw.ro\/?post_type=product&#038;p=1154"},"modified":"2025-01-15T13:00:17","modified_gmt":"2025-01-15T11:00:17","slug":"granola-raw-vegan-arome-de-poveste","status":"publish","type":"product","link":"https:\/\/deliciousraw.ro\/en\/product\/granola-raw-vegan-arome-de-poveste\/","title":{"rendered":"GRANOLA RAW VEGAN &#8222;AROME DE POVESTE&#8221;"},"content":{"rendered":"<p><strong>INGREDIENTE:<\/strong> migdale, ov\u0103z, semin\u021be de floarea-soarelui, semin\u021be de dovleac, meri\u0219oare, caise deshidratate, prune deshidratate, vanilie, anason, scor\u021bi\u0219oar\u0103, curmale.<\/p>\n<p><em><strong>ALERGENI: OV\u0102Z, MIGDALE<\/strong><\/em><\/p>\n<p><strong>Valori nutri\u021bionale\/por\u021bie (100g):<\/strong><br \/>\nValoare energetic\u0103: 285.23 Kcal<\/p>\n<p>Gr\u0103simi: 17.31g<\/p>\n<p>Acizi gra\u0219i satura\u021bi: 0.7g<\/p>\n<p>Glucide: 27.48g; Zaharuri: 1.01g<\/p>\n<p>Proteine: 7.96g<\/p>\n<p>Sare: 0.91g<\/p>","protected":false},"excerpt":{"rendered":"<p>Granola raw vegan \u201eArome de poveste\u201d \u00ee\u021bi ofer\u0103 o combina\u021bie perfect\u0103 de ingrediente naturale, pline de savoare \u0219i texturi crocante, pentru un mic dejun s\u0103n\u0103tos sau o gustare plin\u0103 de energie.<\/p>\n<p>TERMEN DE LIVRARE: 48 ore de la plasarea comenzii<\/p>","protected":false},"featured_media":1164,"comment_status":"open","ping_status":"closed","template":"","meta":[],"product_cat":[103],"product_tag":[],"woo-feed-brand":[],"yoast_head":"<!-- This site is optimized with the Yoast SEO plugin v22.5 - https:\/\/yoast.com\/wordpress\/plugins\/seo\/ -->\n<title>GRANOLA RAW VEGAN &quot;AROME DE POVESTE&quot; - DeliciousRaw<\/title>\n<meta name=\"robots\" content=\"index, follow, max-snippet:-1, max-image-preview:large, max-video-preview:-1\" \/>\n<link rel=\"canonical\" href=\"https:\/\/deliciousraw.ro\/en\/product\/granola-raw-vegan-arome-de-poveste\/\" \/>\n<meta property=\"og:locale\" content=\"en_US\" \/>\n<meta property=\"og:type\" content=\"article\" \/>\n<meta property=\"og:title\" content=\"GRANOLA RAW VEGAN &quot;AROME DE POVESTE&quot; - DeliciousRaw\" \/>\n<meta property=\"og:description\" content=\"Granola raw vegan \u201eArome de poveste\u201d \u00ee\u021bi ofer\u0103 o combina\u021bie perfect\u0103 de ingrediente naturale, pline de savoare \u0219i texturi crocante, pentru un mic dejun s\u0103n\u0103tos sau o gustare plin\u0103 de energie.  TERMEN DE LIVRARE: 48 ore de la plasarea comenzii\" \/>\n<meta property=\"og:url\" content=\"https:\/\/deliciousraw.ro\/en\/product\/granola-raw-vegan-arome-de-poveste\/\" \/>\n<meta property=\"og:site_name\" content=\"DeliciousRaw\" \/>\n<meta property=\"article:modified_time\" content=\"2025-01-15T11:00:17+00:00\" \/>\n<meta property=\"og:image\" content=\"https:\/\/deliciousraw.ro\/wp-content\/uploads\/2024\/09\/462619687_957868223032824_5968231666846591703_n.jpg\" \/>\n\t<meta property=\"og:image:width\" content=\"1440\" \/>\n\t<meta property=\"og:image:height\" content=\"1440\" \/>\n\t<meta property=\"og:image:type\" content=\"image\/jpeg\" \/>\n<meta name=\"twitter:card\" content=\"summary_large_image\" \/>\n<meta name=\"twitter:label1\" content=\"Est. reading time\" \/>\n\t<meta name=\"twitter:data1\" content=\"1 minute\" \/>\n<script type=\"application\/ld+json\" class=\"yoast-schema-graph\">{\"@context\":\"https:\/\/schema.org\",\"@graph\":[{\"@type\":\"WebPage\",\"@id\":\"https:\/\/deliciousraw.ro\/product\/granola-raw-vegan-arome-de-poveste\/\",\"url\":\"https:\/\/deliciousraw.ro\/product\/granola-raw-vegan-arome-de-poveste\/\",\"name\":\"GRANOLA RAW VEGAN \\\"AROME DE POVESTE\\\" - DeliciousRaw\",\"isPartOf\":{\"@id\":\"https:\/\/deliciousraw.ro\/#website\"},\"primaryImageOfPage\":{\"@id\":\"https:\/\/deliciousraw.ro\/product\/granola-raw-vegan-arome-de-poveste\/#primaryimage\"},\"image\":{\"@id\":\"https:\/\/deliciousraw.ro\/product\/granola-raw-vegan-arome-de-poveste\/#primaryimage\"},\"thumbnailUrl\":\"https:\/\/deliciousraw.ro\/wp-content\/uploads\/2024\/09\/462619687_957868223032824_5968231666846591703_n.jpg\",\"datePublished\":\"2024-09-04T14:46:35+00:00\",\"dateModified\":\"2025-01-15T11:00:17+00:00\",\"breadcrumb\":{\"@id\":\"https:\/\/deliciousraw.ro\/product\/granola-raw-vegan-arome-de-poveste\/#breadcrumb\"},\"inLanguage\":\"en-US\",\"potentialAction\":[{\"@type\":\"ReadAction\",\"target\":[\"https:\/\/deliciousraw.ro\/product\/granola-raw-vegan-arome-de-poveste\/\"]}]},{\"@type\":\"ImageObject\",\"inLanguage\":\"en-US\",\"@id\":\"https:\/\/deliciousraw.ro\/product\/granola-raw-vegan-arome-de-poveste\/#primaryimage\",\"url\":\"https:\/\/deliciousraw.ro\/wp-content\/uploads\/2024\/09\/462619687_957868223032824_5968231666846591703_n.jpg\",\"contentUrl\":\"https:\/\/deliciousraw.ro\/wp-content\/uploads\/2024\/09\/462619687_957868223032824_5968231666846591703_n.jpg\",\"width\":1440,\"height\":1440},{\"@type\":\"BreadcrumbList\",\"@id\":\"https:\/\/deliciousraw.ro\/product\/granola-raw-vegan-arome-de-poveste\/#breadcrumb\",\"itemListElement\":[{\"@type\":\"ListItem\",\"position\":1,\"name\":\"Prima pagin\u0103\",\"item\":\"https:\/\/deliciousraw.ro\/\"},{\"@type\":\"ListItem\",\"position\":2,\"name\":\"Shop\",\"item\":\"https:\/\/deliciousraw.ro\/shop\/\"},{\"@type\":\"ListItem\",\"position\":3,\"name\":\"GRANOLA RAW VEGAN &#8222;AROME DE POVESTE&#8221;\"}]},{\"@type\":\"WebSite\",\"@id\":\"https:\/\/deliciousraw.ro\/#website\",\"url\":\"https:\/\/deliciousraw.ro\/\",\"name\":\"DeliciousRaw\",\"description\":\"Dulciuri bune raw de tot!\",\"potentialAction\":[{\"@type\":\"SearchAction\",\"target\":{\"@type\":\"EntryPoint\",\"urlTemplate\":\"https:\/\/deliciousraw.ro\/?s={search_term_string}\"},\"query-input\":\"required name=search_term_string\"}],\"inLanguage\":\"en-US\"}]}<\/script>\n<!-- \/ Yoast SEO plugin. -->","yoast_head_json":{"title":"GRANOLA RAW VEGAN \"AROME DE POVESTE\" - DeliciousRaw","robots":{"index":"index","follow":"follow","max-snippet":"max-snippet:-1","max-image-preview":"max-image-preview:large","max-video-preview":"max-video-preview:-1"},"canonical":"https:\/\/deliciousraw.ro\/en\/product\/granola-raw-vegan-arome-de-poveste\/","og_locale":"en_US","og_type":"article","og_title":"GRANOLA RAW VEGAN \"AROME DE POVESTE\" - DeliciousRaw","og_description":"Granola raw vegan \u201eArome de poveste\u201d \u00ee\u021bi ofer\u0103 o combina\u021bie perfect\u0103 de ingrediente naturale, pline de savoare \u0219i texturi crocante, pentru un mic dejun s\u0103n\u0103tos sau o gustare plin\u0103 de energie.  TERMEN DE LIVRARE: 48 ore de la plasarea comenzii","og_url":"https:\/\/deliciousraw.ro\/en\/product\/granola-raw-vegan-arome-de-poveste\/","og_site_name":"DeliciousRaw","article_modified_time":"2025-01-15T11:00:17+00:00","og_image":[{"width":1440,"height":1440,"url":"https:\/\/deliciousraw.ro\/wp-content\/uploads\/2024\/09\/462619687_957868223032824_5968231666846591703_n.jpg","type":"image\/jpeg"}],"twitter_card":"summary_large_image","twitter_misc":{"Est. reading time":"1 minute"},"schema":{"@context":"https:\/\/schema.org","@graph":[{"@type":"WebPage","@id":"https:\/\/deliciousraw.ro\/product\/granola-raw-vegan-arome-de-poveste\/","url":"https:\/\/deliciousraw.ro\/product\/granola-raw-vegan-arome-de-poveste\/","name":"GRANOLA RAW VEGAN \"AROME DE POVESTE\" - DeliciousRaw","isPartOf":{"@id":"https:\/\/deliciousraw.ro\/#website"},"primaryImageOfPage":{"@id":"https:\/\/deliciousraw.ro\/product\/granola-raw-vegan-arome-de-poveste\/#primaryimage"},"image":{"@id":"https:\/\/deliciousraw.ro\/product\/granola-raw-vegan-arome-de-poveste\/#primaryimage"},"thumbnailUrl":"https:\/\/deliciousraw.ro\/wp-content\/uploads\/2024\/09\/462619687_957868223032824_5968231666846591703_n.jpg","datePublished":"2024-09-04T14:46:35+00:00","dateModified":"2025-01-15T11:00:17+00:00","breadcrumb":{"@id":"https:\/\/deliciousraw.ro\/product\/granola-raw-vegan-arome-de-poveste\/#breadcrumb"},"inLanguage":"en-US","potentialAction":[{"@type":"ReadAction","target":["https:\/\/deliciousraw.ro\/product\/granola-raw-vegan-arome-de-poveste\/"]}]},{"@type":"ImageObject","inLanguage":"en-US","@id":"https:\/\/deliciousraw.ro\/product\/granola-raw-vegan-arome-de-poveste\/#primaryimage","url":"https:\/\/deliciousraw.ro\/wp-content\/uploads\/2024\/09\/462619687_957868223032824_5968231666846591703_n.jpg","contentUrl":"https:\/\/deliciousraw.ro\/wp-content\/uploads\/2024\/09\/462619687_957868223032824_5968231666846591703_n.jpg","width":1440,"height":1440},{"@type":"BreadcrumbList","@id":"https:\/\/deliciousraw.ro\/product\/granola-raw-vegan-arome-de-poveste\/#breadcrumb","itemListElement":[{"@type":"ListItem","position":1,"name":"Prima pagin\u0103","item":"https:\/\/deliciousraw.ro\/"},{"@type":"ListItem","position":2,"name":"Shop","item":"https:\/\/deliciousraw.ro\/shop\/"},{"@type":"ListItem","position":3,"name":"GRANOLA RAW VEGAN &#8222;AROME DE POVESTE&#8221;"}]},{"@type":"WebSite","@id":"https:\/\/deliciousraw.ro\/#website","url":"https:\/\/deliciousraw.ro\/","name":"DeliciousRaw","description":"Dulciuri bune raw de tot!","potentialAction":[{"@type":"SearchAction","target":{"@type":"EntryPoint","urlTemplate":"https:\/\/deliciousraw.ro\/?s={search_term_string}"},"query-input":"required name=search_term_string"}],"inLanguage":"en-US"}]}},"_links":{"self":[{"href":"https:\/\/deliciousraw.ro\/en\/wp-json\/wp\/v2\/product\/1154"}],"collection":[{"href":"https:\/\/deliciousraw.ro\/en\/wp-json\/wp\/v2\/product"}],"about":[{"href":"https:\/\/deliciousraw.ro\/en\/wp-json\/wp\/v2\/types\/product"}],"replies":[{"embeddable":true,"href":"https:\/\/deliciousraw.ro\/en\/wp-json\/wp\/v2\/comments?post=1154"}],"wp:featuredmedia":[{"embeddable":true,"href":"https:\/\/deliciousraw.ro\/en\/wp-json\/wp\/v2\/media\/1164"}],"wp:attachment":[{"href":"https:\/\/deliciousraw.ro\/en\/wp-json\/wp\/v2\/media?parent=1154"}],"wp:term":[{"taxonomy":"product_cat","embeddable":true,"href":"https:\/\/deliciousraw.ro\/en\/wp-json\/wp\/v2\/product_cat?post=1154"},{"taxonomy":"product_tag","embeddable":true,"href":"https:\/\/deliciousraw.ro\/en\/wp-json\/wp\/v2\/product_tag?post=1154"},{"taxonomy":"woo-feed-brand","embeddable":true,"href":"https:\/\/deliciousraw.ro\/en\/wp-json\/wp\/v2\/woo-feed-brand?post=1154"}],"curies":[{"name":"wp","href":"https:\/\/api.w.org\/{rel}","templated":true}]}}