{"id":1124,"date":"2024-08-30T17:59:48","date_gmt":"2024-08-30T14:59:48","guid":{"rendered":"https:\/\/deliciousraw.ro\/?post_type=product&#038;p=1124"},"modified":"2025-08-16T14:30:22","modified_gmt":"2025-08-16T11:30:22","slug":"midsummer-cake-100-gr-buc","status":"publish","type":"product","link":"https:\/\/deliciousraw.ro\/en\/product\/midsummer-cake-100-gr-buc\/","title":{"rendered":"MIDSUMMER CAKE  1000 GR\/BUC"},"content":{"rendered":"<div><strong>INGREDIENTE:<\/strong> curmale, migdale, cacao alcalin\u0103, caju, l\u0103m\u00e2ie, ment\u0103, agave, spirulin\u0103, turmeric, unt de cacao, mas\u0103 de cacao<\/div>\n<div><\/div>\n<div><em><strong>ALERGENI: MIGDALE, CAJU<\/strong><\/em><\/div>\n<div><\/div>\n<div><strong>Valori nutri\u021bionale\/por\u021bie (100g):<\/strong><\/div>\n<div>Valoare energetic\u0103: 1967.14 Kj \/ 470.16 KCal<\/div>\n<div>Gr\u0103simi: 35.64 g<\/div>\n<div>Acizi gra\u0219i satura\u021bi: 16.78 g<\/div>\n<div>Glucide: 29.96 g; Zaharuri: 6.9 g<\/div>\n<div>Proteine: 10.2 g<\/div>\n<div>Sare: 0.16 g<\/div>","protected":false},"excerpt":{"rendered":"<p>Midsummer Cake este un tort raw vegan r\u0103coritor, cu arome proaspete de l\u0103m\u00e2ie \u0219i ment\u0103, perfect echilibrate de cacao catifelat\u0103 \u0219i o not\u0103 exotic\u0103 subtil\u0103. O combina\u021bie delicat\u0103 \u0219i revigorant\u0103, ideal\u0103 pentru o experien\u021b\u0103 dulce \u0219i s\u0103n\u0103toas\u0103!<\/p>\n<p>TERMEN DE LIVRARE: 48 ore LUCRATOARE de la plasarea comenzii.<\/p>","protected":false},"featured_media":1134,"comment_status":"open","ping_status":"closed","template":"","meta":[],"product_cat":[221],"product_tag":[],"woo-feed-brand":[],"yoast_head":"<!-- This site is optimized with the Yoast SEO plugin v22.5 - https:\/\/yoast.com\/wordpress\/plugins\/seo\/ -->\n<title>MIDSUMMER CAKE 1000 GR\/BUC - DeliciousRaw<\/title>\n<meta name=\"robots\" content=\"index, follow, max-snippet:-1, max-image-preview:large, max-video-preview:-1\" \/>\n<link rel=\"canonical\" href=\"https:\/\/deliciousraw.ro\/en\/product\/midsummer-cake-100-gr-buc\/\" \/>\n<meta property=\"og:locale\" content=\"en_US\" \/>\n<meta property=\"og:type\" content=\"article\" \/>\n<meta property=\"og:title\" content=\"MIDSUMMER CAKE 1000 GR\/BUC - DeliciousRaw\" \/>\n<meta property=\"og:description\" content=\"Midsummer Cake este un tort raw vegan r\u0103coritor, cu arome proaspete de l\u0103m\u00e2ie \u0219i ment\u0103, perfect echilibrate de cacao catifelat\u0103 \u0219i o not\u0103 exotic\u0103 subtil\u0103. O combina\u021bie delicat\u0103 \u0219i revigorant\u0103, ideal\u0103 pentru o experien\u021b\u0103 dulce \u0219i s\u0103n\u0103toas\u0103!  TERMEN DE LIVRARE: 48 ore LUCRATOARE de la plasarea comenzii.\" \/>\n<meta property=\"og:url\" content=\"https:\/\/deliciousraw.ro\/en\/product\/midsummer-cake-100-gr-buc\/\" \/>\n<meta property=\"og:site_name\" content=\"DeliciousRaw\" \/>\n<meta property=\"article:modified_time\" content=\"2025-08-16T11:30:22+00:00\" \/>\n<meta property=\"og:image\" content=\"https:\/\/deliciousraw.ro\/wp-content\/uploads\/2024\/08\/Midsummer-cake-e1729156164307.png\" \/>\n\t<meta property=\"og:image:width\" content=\"538\" \/>\n\t<meta property=\"og:image:height\" content=\"394\" \/>\n\t<meta property=\"og:image:type\" content=\"image\/png\" \/>\n<meta name=\"twitter:card\" content=\"summary_large_image\" \/>\n<meta name=\"twitter:label1\" content=\"Est. reading time\" \/>\n\t<meta name=\"twitter:data1\" content=\"1 minute\" \/>\n<script type=\"application\/ld+json\" class=\"yoast-schema-graph\">{\"@context\":\"https:\/\/schema.org\",\"@graph\":[{\"@type\":\"WebPage\",\"@id\":\"https:\/\/deliciousraw.ro\/product\/midsummer-cake-100-gr-buc\/\",\"url\":\"https:\/\/deliciousraw.ro\/product\/midsummer-cake-100-gr-buc\/\",\"name\":\"MIDSUMMER CAKE 1000 GR\/BUC - DeliciousRaw\",\"isPartOf\":{\"@id\":\"https:\/\/deliciousraw.ro\/#website\"},\"primaryImageOfPage\":{\"@id\":\"https:\/\/deliciousraw.ro\/product\/midsummer-cake-100-gr-buc\/#primaryimage\"},\"image\":{\"@id\":\"https:\/\/deliciousraw.ro\/product\/midsummer-cake-100-gr-buc\/#primaryimage\"},\"thumbnailUrl\":\"https:\/\/deliciousraw.ro\/wp-content\/uploads\/2024\/08\/Midsummer-cake-e1729156164307.png\",\"datePublished\":\"2024-08-30T14:59:48+00:00\",\"dateModified\":\"2025-08-16T11:30:22+00:00\",\"breadcrumb\":{\"@id\":\"https:\/\/deliciousraw.ro\/product\/midsummer-cake-100-gr-buc\/#breadcrumb\"},\"inLanguage\":\"en-US\",\"potentialAction\":[{\"@type\":\"ReadAction\",\"target\":[\"https:\/\/deliciousraw.ro\/product\/midsummer-cake-100-gr-buc\/\"]}]},{\"@type\":\"ImageObject\",\"inLanguage\":\"en-US\",\"@id\":\"https:\/\/deliciousraw.ro\/product\/midsummer-cake-100-gr-buc\/#primaryimage\",\"url\":\"https:\/\/deliciousraw.ro\/wp-content\/uploads\/2024\/08\/Midsummer-cake-e1729156164307.png\",\"contentUrl\":\"https:\/\/deliciousraw.ro\/wp-content\/uploads\/2024\/08\/Midsummer-cake-e1729156164307.png\",\"width\":538,\"height\":394},{\"@type\":\"BreadcrumbList\",\"@id\":\"https:\/\/deliciousraw.ro\/product\/midsummer-cake-100-gr-buc\/#breadcrumb\",\"itemListElement\":[{\"@type\":\"ListItem\",\"position\":1,\"name\":\"Prima pagin\u0103\",\"item\":\"https:\/\/deliciousraw.ro\/\"},{\"@type\":\"ListItem\",\"position\":2,\"name\":\"Shop\",\"item\":\"https:\/\/deliciousraw.ro\/shop\/\"},{\"@type\":\"ListItem\",\"position\":3,\"name\":\"MIDSUMMER CAKE 1000 GR\/BUC\"}]},{\"@type\":\"WebSite\",\"@id\":\"https:\/\/deliciousraw.ro\/#website\",\"url\":\"https:\/\/deliciousraw.ro\/\",\"name\":\"DeliciousRaw\",\"description\":\"Dulciuri bune raw de tot!\",\"potentialAction\":[{\"@type\":\"SearchAction\",\"target\":{\"@type\":\"EntryPoint\",\"urlTemplate\":\"https:\/\/deliciousraw.ro\/?s={search_term_string}\"},\"query-input\":\"required name=search_term_string\"}],\"inLanguage\":\"en-US\"}]}<\/script>\n<!-- \/ Yoast SEO plugin. -->","yoast_head_json":{"title":"MIDSUMMER CAKE 1000 GR\/BUC - DeliciousRaw","robots":{"index":"index","follow":"follow","max-snippet":"max-snippet:-1","max-image-preview":"max-image-preview:large","max-video-preview":"max-video-preview:-1"},"canonical":"https:\/\/deliciousraw.ro\/en\/product\/midsummer-cake-100-gr-buc\/","og_locale":"en_US","og_type":"article","og_title":"MIDSUMMER CAKE 1000 GR\/BUC - DeliciousRaw","og_description":"Midsummer Cake este un tort raw vegan r\u0103coritor, cu arome proaspete de l\u0103m\u00e2ie \u0219i ment\u0103, perfect echilibrate de cacao catifelat\u0103 \u0219i o not\u0103 exotic\u0103 subtil\u0103. O combina\u021bie delicat\u0103 \u0219i revigorant\u0103, ideal\u0103 pentru o experien\u021b\u0103 dulce \u0219i s\u0103n\u0103toas\u0103!  TERMEN DE LIVRARE: 48 ore LUCRATOARE de la plasarea comenzii.","og_url":"https:\/\/deliciousraw.ro\/en\/product\/midsummer-cake-100-gr-buc\/","og_site_name":"DeliciousRaw","article_modified_time":"2025-08-16T11:30:22+00:00","og_image":[{"width":538,"height":394,"url":"https:\/\/deliciousraw.ro\/wp-content\/uploads\/2024\/08\/Midsummer-cake-e1729156164307.png","type":"image\/png"}],"twitter_card":"summary_large_image","twitter_misc":{"Est. reading time":"1 minute"},"schema":{"@context":"https:\/\/schema.org","@graph":[{"@type":"WebPage","@id":"https:\/\/deliciousraw.ro\/product\/midsummer-cake-100-gr-buc\/","url":"https:\/\/deliciousraw.ro\/product\/midsummer-cake-100-gr-buc\/","name":"MIDSUMMER CAKE 1000 GR\/BUC - DeliciousRaw","isPartOf":{"@id":"https:\/\/deliciousraw.ro\/#website"},"primaryImageOfPage":{"@id":"https:\/\/deliciousraw.ro\/product\/midsummer-cake-100-gr-buc\/#primaryimage"},"image":{"@id":"https:\/\/deliciousraw.ro\/product\/midsummer-cake-100-gr-buc\/#primaryimage"},"thumbnailUrl":"https:\/\/deliciousraw.ro\/wp-content\/uploads\/2024\/08\/Midsummer-cake-e1729156164307.png","datePublished":"2024-08-30T14:59:48+00:00","dateModified":"2025-08-16T11:30:22+00:00","breadcrumb":{"@id":"https:\/\/deliciousraw.ro\/product\/midsummer-cake-100-gr-buc\/#breadcrumb"},"inLanguage":"en-US","potentialAction":[{"@type":"ReadAction","target":["https:\/\/deliciousraw.ro\/product\/midsummer-cake-100-gr-buc\/"]}]},{"@type":"ImageObject","inLanguage":"en-US","@id":"https:\/\/deliciousraw.ro\/product\/midsummer-cake-100-gr-buc\/#primaryimage","url":"https:\/\/deliciousraw.ro\/wp-content\/uploads\/2024\/08\/Midsummer-cake-e1729156164307.png","contentUrl":"https:\/\/deliciousraw.ro\/wp-content\/uploads\/2024\/08\/Midsummer-cake-e1729156164307.png","width":538,"height":394},{"@type":"BreadcrumbList","@id":"https:\/\/deliciousraw.ro\/product\/midsummer-cake-100-gr-buc\/#breadcrumb","itemListElement":[{"@type":"ListItem","position":1,"name":"Prima pagin\u0103","item":"https:\/\/deliciousraw.ro\/"},{"@type":"ListItem","position":2,"name":"Shop","item":"https:\/\/deliciousraw.ro\/shop\/"},{"@type":"ListItem","position":3,"name":"MIDSUMMER CAKE 1000 GR\/BUC"}]},{"@type":"WebSite","@id":"https:\/\/deliciousraw.ro\/#website","url":"https:\/\/deliciousraw.ro\/","name":"DeliciousRaw","description":"Dulciuri bune raw de tot!","potentialAction":[{"@type":"SearchAction","target":{"@type":"EntryPoint","urlTemplate":"https:\/\/deliciousraw.ro\/?s={search_term_string}"},"query-input":"required name=search_term_string"}],"inLanguage":"en-US"}]}},"_links":{"self":[{"href":"https:\/\/deliciousraw.ro\/en\/wp-json\/wp\/v2\/product\/1124"}],"collection":[{"href":"https:\/\/deliciousraw.ro\/en\/wp-json\/wp\/v2\/product"}],"about":[{"href":"https:\/\/deliciousraw.ro\/en\/wp-json\/wp\/v2\/types\/product"}],"replies":[{"embeddable":true,"href":"https:\/\/deliciousraw.ro\/en\/wp-json\/wp\/v2\/comments?post=1124"}],"wp:featuredmedia":[{"embeddable":true,"href":"https:\/\/deliciousraw.ro\/en\/wp-json\/wp\/v2\/media\/1134"}],"wp:attachment":[{"href":"https:\/\/deliciousraw.ro\/en\/wp-json\/wp\/v2\/media?parent=1124"}],"wp:term":[{"taxonomy":"product_cat","embeddable":true,"href":"https:\/\/deliciousraw.ro\/en\/wp-json\/wp\/v2\/product_cat?post=1124"},{"taxonomy":"product_tag","embeddable":true,"href":"https:\/\/deliciousraw.ro\/en\/wp-json\/wp\/v2\/product_tag?post=1124"},{"taxonomy":"woo-feed-brand","embeddable":true,"href":"https:\/\/deliciousraw.ro\/en\/wp-json\/wp\/v2\/woo-feed-brand?post=1124"}],"curies":[{"name":"wp","href":"https:\/\/api.w.org\/{rel}","templated":true}]}}