{"id":1119,"date":"2024-08-30T14:18:02","date_gmt":"2024-08-30T11:18:02","guid":{"rendered":"https:\/\/deliciousraw.ro\/?post_type=product&#038;p=1119"},"modified":"2025-03-04T17:43:44","modified_gmt":"2025-03-04T15:43:44","slug":"pasta-de-curmale-ciocolata-nuci-300-gr","status":"publish","type":"product","link":"https:\/\/deliciousraw.ro\/en\/product\/pasta-de-curmale-ciocolata-nuci-300-gr\/","title":{"rendered":"PASTA DE CURMALE, CIOCOLATA &#038; NUCI 300 GR"},"content":{"rendered":"<div class=\"html-div xdj266r x11i5rnm x1mh8g0r xexx8yu x4uap5 x18d9i69 xkhd6sd x1e56ztr\">\n<div><strong>INGREDIENTE:<\/strong> curmale, mas\u0103 de cacao, nuc\u0103 rom\u00e2neasc\u0103, ulei de cocos, unt de cacao, rom<\/div>\n<div><\/div>\n<div><em><strong>ALERGENI: NUCA<\/strong><\/em><\/div>\n<div><\/div>\n<div><strong>Valori per100g:<\/strong><\/div>\n<div>Valoare energetic\u0103: 505.65 Kcal<\/div>\n<div>Gr\u0103simi: 37.89 g<\/div>\n<div>Acizi gra\u0219i satura\u021bi: 18.83 g<\/div>\n<div>Glucide: 41.2 g; Zaharuri: 6.45 g<\/div>\n<div>Proteine: 5.44 g<\/div>\n<div>Sare: 0 g<\/div>\n<\/div>","protected":false},"excerpt":{"rendered":"<p>O past\u0103 fin\u0103 de curmale, ciocolat\u0103 \u0219i nuci, cu o textur\u0103 catifelat\u0103 \u0219i un gust bogat, perfect pentru a fi savurat ca atare sau ca ingredient \u00een re\u021bete delicioase.<\/p>\n<p>TERMEN DE LIVRARE: 48 ore de la plasarea comenzii<\/p>\n<p>&nbsp;<\/p>","protected":false},"featured_media":1258,"comment_status":"open","ping_status":"closed","template":"","meta":[],"product_cat":[103],"product_tag":[],"woo-feed-brand":[],"yoast_head":"<!-- This site is optimized with the Yoast SEO plugin v22.5 - https:\/\/yoast.com\/wordpress\/plugins\/seo\/ -->\n<title>PASTA DE CURMALE, CIOCOLATA &amp; NUCI 300 GR - DeliciousRaw<\/title>\n<meta name=\"robots\" content=\"index, follow, max-snippet:-1, max-image-preview:large, max-video-preview:-1\" \/>\n<link rel=\"canonical\" href=\"https:\/\/deliciousraw.ro\/en\/product\/pasta-de-curmale-ciocolata-nuci-300-gr\/\" \/>\n<meta property=\"og:locale\" content=\"en_US\" \/>\n<meta property=\"og:type\" content=\"article\" \/>\n<meta property=\"og:title\" content=\"PASTA DE CURMALE, CIOCOLATA &amp; NUCI 300 GR - DeliciousRaw\" \/>\n<meta property=\"og:description\" content=\"O past\u0103 fin\u0103 de curmale, ciocolat\u0103 \u0219i nuci, cu o textur\u0103 catifelat\u0103 \u0219i un gust bogat, perfect pentru a fi savurat ca atare sau ca ingredient \u00een re\u021bete delicioase.  TERMEN DE LIVRARE: 48 ore de la plasarea comenzii  &nbsp;\" \/>\n<meta property=\"og:url\" content=\"https:\/\/deliciousraw.ro\/en\/product\/pasta-de-curmale-ciocolata-nuci-300-gr\/\" \/>\n<meta property=\"og:site_name\" content=\"DeliciousRaw\" \/>\n<meta property=\"article:modified_time\" content=\"2025-03-04T15:43:44+00:00\" \/>\n<meta property=\"og:image\" content=\"https:\/\/deliciousraw.ro\/wp-content\/uploads\/2024\/08\/PASTA-DE-CURMALE.jpeg\" \/>\n\t<meta property=\"og:image:width\" content=\"1200\" \/>\n\t<meta property=\"og:image:height\" content=\"1600\" \/>\n\t<meta property=\"og:image:type\" content=\"image\/jpeg\" \/>\n<meta name=\"twitter:card\" content=\"summary_large_image\" \/>\n<meta name=\"twitter:label1\" content=\"Est. reading time\" \/>\n\t<meta name=\"twitter:data1\" content=\"1 minute\" \/>\n<script type=\"application\/ld+json\" class=\"yoast-schema-graph\">{\"@context\":\"https:\/\/schema.org\",\"@graph\":[{\"@type\":\"WebPage\",\"@id\":\"https:\/\/deliciousraw.ro\/product\/pasta-de-curmale-ciocolata-nuci-300-gr\/\",\"url\":\"https:\/\/deliciousraw.ro\/product\/pasta-de-curmale-ciocolata-nuci-300-gr\/\",\"name\":\"PASTA DE CURMALE, CIOCOLATA & NUCI 300 GR - DeliciousRaw\",\"isPartOf\":{\"@id\":\"https:\/\/deliciousraw.ro\/#website\"},\"primaryImageOfPage\":{\"@id\":\"https:\/\/deliciousraw.ro\/product\/pasta-de-curmale-ciocolata-nuci-300-gr\/#primaryimage\"},\"image\":{\"@id\":\"https:\/\/deliciousraw.ro\/product\/pasta-de-curmale-ciocolata-nuci-300-gr\/#primaryimage\"},\"thumbnailUrl\":\"https:\/\/deliciousraw.ro\/wp-content\/uploads\/2024\/08\/PASTA-DE-CURMALE.jpeg\",\"datePublished\":\"2024-08-30T11:18:02+00:00\",\"dateModified\":\"2025-03-04T15:43:44+00:00\",\"breadcrumb\":{\"@id\":\"https:\/\/deliciousraw.ro\/product\/pasta-de-curmale-ciocolata-nuci-300-gr\/#breadcrumb\"},\"inLanguage\":\"en-US\",\"potentialAction\":[{\"@type\":\"ReadAction\",\"target\":[\"https:\/\/deliciousraw.ro\/product\/pasta-de-curmale-ciocolata-nuci-300-gr\/\"]}]},{\"@type\":\"ImageObject\",\"inLanguage\":\"en-US\",\"@id\":\"https:\/\/deliciousraw.ro\/product\/pasta-de-curmale-ciocolata-nuci-300-gr\/#primaryimage\",\"url\":\"https:\/\/deliciousraw.ro\/wp-content\/uploads\/2024\/08\/PASTA-DE-CURMALE.jpeg\",\"contentUrl\":\"https:\/\/deliciousraw.ro\/wp-content\/uploads\/2024\/08\/PASTA-DE-CURMALE.jpeg\",\"width\":1200,\"height\":1600},{\"@type\":\"BreadcrumbList\",\"@id\":\"https:\/\/deliciousraw.ro\/product\/pasta-de-curmale-ciocolata-nuci-300-gr\/#breadcrumb\",\"itemListElement\":[{\"@type\":\"ListItem\",\"position\":1,\"name\":\"Prima pagin\u0103\",\"item\":\"https:\/\/deliciousraw.ro\/\"},{\"@type\":\"ListItem\",\"position\":2,\"name\":\"Shop\",\"item\":\"https:\/\/deliciousraw.ro\/shop\/\"},{\"@type\":\"ListItem\",\"position\":3,\"name\":\"PASTA DE CURMALE, CIOCOLATA &#038; NUCI 300 GR\"}]},{\"@type\":\"WebSite\",\"@id\":\"https:\/\/deliciousraw.ro\/#website\",\"url\":\"https:\/\/deliciousraw.ro\/\",\"name\":\"DeliciousRaw\",\"description\":\"Dulciuri bune raw de tot!\",\"potentialAction\":[{\"@type\":\"SearchAction\",\"target\":{\"@type\":\"EntryPoint\",\"urlTemplate\":\"https:\/\/deliciousraw.ro\/?s={search_term_string}\"},\"query-input\":\"required name=search_term_string\"}],\"inLanguage\":\"en-US\"}]}<\/script>\n<!-- \/ Yoast SEO plugin. -->","yoast_head_json":{"title":"PASTA DE CURMALE, CIOCOLATA & NUCI 300 GR - DeliciousRaw","robots":{"index":"index","follow":"follow","max-snippet":"max-snippet:-1","max-image-preview":"max-image-preview:large","max-video-preview":"max-video-preview:-1"},"canonical":"https:\/\/deliciousraw.ro\/en\/product\/pasta-de-curmale-ciocolata-nuci-300-gr\/","og_locale":"en_US","og_type":"article","og_title":"PASTA DE CURMALE, CIOCOLATA & NUCI 300 GR - DeliciousRaw","og_description":"O past\u0103 fin\u0103 de curmale, ciocolat\u0103 \u0219i nuci, cu o textur\u0103 catifelat\u0103 \u0219i un gust bogat, perfect pentru a fi savurat ca atare sau ca ingredient \u00een re\u021bete delicioase.  TERMEN DE LIVRARE: 48 ore de la plasarea comenzii  &nbsp;","og_url":"https:\/\/deliciousraw.ro\/en\/product\/pasta-de-curmale-ciocolata-nuci-300-gr\/","og_site_name":"DeliciousRaw","article_modified_time":"2025-03-04T15:43:44+00:00","og_image":[{"width":1200,"height":1600,"url":"https:\/\/deliciousraw.ro\/wp-content\/uploads\/2024\/08\/PASTA-DE-CURMALE.jpeg","type":"image\/jpeg"}],"twitter_card":"summary_large_image","twitter_misc":{"Est. reading time":"1 minute"},"schema":{"@context":"https:\/\/schema.org","@graph":[{"@type":"WebPage","@id":"https:\/\/deliciousraw.ro\/product\/pasta-de-curmale-ciocolata-nuci-300-gr\/","url":"https:\/\/deliciousraw.ro\/product\/pasta-de-curmale-ciocolata-nuci-300-gr\/","name":"PASTA DE CURMALE, CIOCOLATA & NUCI 300 GR - DeliciousRaw","isPartOf":{"@id":"https:\/\/deliciousraw.ro\/#website"},"primaryImageOfPage":{"@id":"https:\/\/deliciousraw.ro\/product\/pasta-de-curmale-ciocolata-nuci-300-gr\/#primaryimage"},"image":{"@id":"https:\/\/deliciousraw.ro\/product\/pasta-de-curmale-ciocolata-nuci-300-gr\/#primaryimage"},"thumbnailUrl":"https:\/\/deliciousraw.ro\/wp-content\/uploads\/2024\/08\/PASTA-DE-CURMALE.jpeg","datePublished":"2024-08-30T11:18:02+00:00","dateModified":"2025-03-04T15:43:44+00:00","breadcrumb":{"@id":"https:\/\/deliciousraw.ro\/product\/pasta-de-curmale-ciocolata-nuci-300-gr\/#breadcrumb"},"inLanguage":"en-US","potentialAction":[{"@type":"ReadAction","target":["https:\/\/deliciousraw.ro\/product\/pasta-de-curmale-ciocolata-nuci-300-gr\/"]}]},{"@type":"ImageObject","inLanguage":"en-US","@id":"https:\/\/deliciousraw.ro\/product\/pasta-de-curmale-ciocolata-nuci-300-gr\/#primaryimage","url":"https:\/\/deliciousraw.ro\/wp-content\/uploads\/2024\/08\/PASTA-DE-CURMALE.jpeg","contentUrl":"https:\/\/deliciousraw.ro\/wp-content\/uploads\/2024\/08\/PASTA-DE-CURMALE.jpeg","width":1200,"height":1600},{"@type":"BreadcrumbList","@id":"https:\/\/deliciousraw.ro\/product\/pasta-de-curmale-ciocolata-nuci-300-gr\/#breadcrumb","itemListElement":[{"@type":"ListItem","position":1,"name":"Prima pagin\u0103","item":"https:\/\/deliciousraw.ro\/"},{"@type":"ListItem","position":2,"name":"Shop","item":"https:\/\/deliciousraw.ro\/shop\/"},{"@type":"ListItem","position":3,"name":"PASTA DE CURMALE, CIOCOLATA &#038; NUCI 300 GR"}]},{"@type":"WebSite","@id":"https:\/\/deliciousraw.ro\/#website","url":"https:\/\/deliciousraw.ro\/","name":"DeliciousRaw","description":"Dulciuri bune raw de tot!","potentialAction":[{"@type":"SearchAction","target":{"@type":"EntryPoint","urlTemplate":"https:\/\/deliciousraw.ro\/?s={search_term_string}"},"query-input":"required name=search_term_string"}],"inLanguage":"en-US"}]}},"_links":{"self":[{"href":"https:\/\/deliciousraw.ro\/en\/wp-json\/wp\/v2\/product\/1119"}],"collection":[{"href":"https:\/\/deliciousraw.ro\/en\/wp-json\/wp\/v2\/product"}],"about":[{"href":"https:\/\/deliciousraw.ro\/en\/wp-json\/wp\/v2\/types\/product"}],"replies":[{"embeddable":true,"href":"https:\/\/deliciousraw.ro\/en\/wp-json\/wp\/v2\/comments?post=1119"}],"wp:featuredmedia":[{"embeddable":true,"href":"https:\/\/deliciousraw.ro\/en\/wp-json\/wp\/v2\/media\/1258"}],"wp:attachment":[{"href":"https:\/\/deliciousraw.ro\/en\/wp-json\/wp\/v2\/media?parent=1119"}],"wp:term":[{"taxonomy":"product_cat","embeddable":true,"href":"https:\/\/deliciousraw.ro\/en\/wp-json\/wp\/v2\/product_cat?post=1119"},{"taxonomy":"product_tag","embeddable":true,"href":"https:\/\/deliciousraw.ro\/en\/wp-json\/wp\/v2\/product_tag?post=1119"},{"taxonomy":"woo-feed-brand","embeddable":true,"href":"https:\/\/deliciousraw.ro\/en\/wp-json\/wp\/v2\/woo-feed-brand?post=1119"}],"curies":[{"name":"wp","href":"https:\/\/api.w.org\/{rel}","templated":true}]}}