{"id":1113,"date":"2024-08-30T14:10:12","date_gmt":"2024-08-30T11:10:12","guid":{"rendered":"https:\/\/deliciousraw.ro\/?post_type=product&#038;p=1113"},"modified":"2025-09-09T14:22:05","modified_gmt":"2025-09-09T11:22:05","slug":"cutia-cu-gogosi-cu-glazura-de-arahide-caramel-sarat-300-gr-3-buc","status":"publish","type":"product","link":"https:\/\/deliciousraw.ro\/en\/product\/cutia-cu-gogosi-cu-glazura-de-arahide-caramel-sarat-300-gr-3-buc\/","title":{"rendered":"CUTIA CU GOGOSI CU GLAZURA DE ARAHIDE &#038; CARAMEL SARAT 300 GR\/3 BUC"},"content":{"rendered":"<div class=\"html-div xdj266r x11i5rnm x1mh8g0r xexx8yu x4uap5 x18d9i69 xkhd6sd x1e56ztr\">\n<div><strong>INGREDIENTE:<\/strong> f\u0103in\u0103 integral\u0103, f\u0103in\u0103 de in, lapte de soia, zah\u0103r de cocos, ulei de cocos, unt de arahide, past\u0103 de curmale, crem\u0103 de cocos<\/div>\n<div><\/div>\n<div><em><strong>ALERGENI: SOIA, GLUTEN, ARAHIDE<\/strong><\/em><\/div>\n<div><\/div>\n<div><strong>Valori nutri\u021bionale\/por\u021bie (100g):<\/strong><\/div>\n<div>Valoare energetic\u0103: 1351.02 Kj \/ 322.9 KCal<\/div>\n<div>Gr\u0103simi: 17.53 g<\/div>\n<div>Acizi gra\u0219i satura\u021bi: 10.68 g<\/div>\n<div>Glucide: 35.16 g; Zaharuri: 4.96 g<\/div>\n<div>Proteine: 7.88 g<\/div>\n<div>Sare: 0.06 g<\/div>\n<\/div>","protected":false},"excerpt":{"rendered":"<div class=\"html-div xdj266r x11i5rnm x1mh8g0r xexx8yu x4uap5 x18d9i69 xkhd6sd x1e56ztr\">Cutia cu gogo\u0219i cu glazur\u0103 de arahide \u0219i caramel s\u0103rat \u00ee\u021bi ofer\u0103 o combina\u021bie irezistibil\u0103 de arome, cu gogo\u0219i pufoase acoperite de o glazur\u0103 cremoas\u0103 de arahide \u0219i un strop de caramel s\u0103rat. Perfecte pentru momentele c\u00e2nd vrei un desert dulce-s\u0103rat, plin de savoare!<\/div>\n<div>TERMEN DE LIVRARE: 48 ore LUCRATOARE de la plasarea comenzii.<\/div>","protected":false},"featured_media":1114,"comment_status":"open","ping_status":"closed","template":"","meta":[],"product_cat":[103],"product_tag":[],"woo-feed-brand":[],"yoast_head":"<!-- This site is optimized with the Yoast SEO plugin v22.5 - https:\/\/yoast.com\/wordpress\/plugins\/seo\/ -->\n<title>CUTIA CU GOGOSI CU GLAZURA DE ARAHIDE &amp; CARAMEL SARAT 300 GR\/3 BUC - DeliciousRaw<\/title>\n<meta name=\"robots\" content=\"index, follow, max-snippet:-1, max-image-preview:large, max-video-preview:-1\" \/>\n<link rel=\"canonical\" href=\"https:\/\/deliciousraw.ro\/en\/product\/cutia-cu-gogosi-cu-glazura-de-arahide-caramel-sarat-300-gr-3-buc\/\" \/>\n<meta property=\"og:locale\" content=\"en_US\" \/>\n<meta property=\"og:type\" content=\"article\" \/>\n<meta property=\"og:title\" content=\"CUTIA CU GOGOSI CU GLAZURA DE ARAHIDE &amp; CARAMEL SARAT 300 GR\/3 BUC - DeliciousRaw\" \/>\n<meta property=\"og:description\" content=\"Cutia cu gogo\u0219i cu glazur\u0103 de arahide \u0219i caramel s\u0103rat \u00ee\u021bi ofer\u0103 o combina\u021bie irezistibil\u0103 de arome, cu gogo\u0219i pufoase acoperite de o glazur\u0103 cremoas\u0103 de arahide \u0219i un strop de caramel s\u0103rat. Perfecte pentru momentele c\u00e2nd vrei un desert dulce-s\u0103rat, plin de savoare! TERMEN DE LIVRARE: 48 ore LUCRATOARE de la plasarea comenzii.\" \/>\n<meta property=\"og:url\" content=\"https:\/\/deliciousraw.ro\/en\/product\/cutia-cu-gogosi-cu-glazura-de-arahide-caramel-sarat-300-gr-3-buc\/\" \/>\n<meta property=\"og:site_name\" content=\"DeliciousRaw\" \/>\n<meta property=\"article:modified_time\" content=\"2025-09-09T11:22:05+00:00\" \/>\n<meta property=\"og:image\" content=\"https:\/\/deliciousraw.ro\/wp-content\/uploads\/2024\/08\/gogosi-cu-topping-de-caramel-sarat.jpeg\" \/>\n\t<meta property=\"og:image:width\" content=\"1600\" \/>\n\t<meta property=\"og:image:height\" content=\"1200\" \/>\n\t<meta property=\"og:image:type\" content=\"image\/jpeg\" \/>\n<meta name=\"twitter:card\" content=\"summary_large_image\" \/>\n<meta name=\"twitter:label1\" content=\"Est. reading time\" \/>\n\t<meta name=\"twitter:data1\" content=\"1 minute\" \/>\n<script type=\"application\/ld+json\" class=\"yoast-schema-graph\">{\"@context\":\"https:\/\/schema.org\",\"@graph\":[{\"@type\":\"WebPage\",\"@id\":\"https:\/\/deliciousraw.ro\/product\/cutia-cu-gogosi-cu-glazura-de-arahide-caramel-sarat-300-gr-3-buc\/\",\"url\":\"https:\/\/deliciousraw.ro\/product\/cutia-cu-gogosi-cu-glazura-de-arahide-caramel-sarat-300-gr-3-buc\/\",\"name\":\"CUTIA CU GOGOSI CU GLAZURA DE ARAHIDE & CARAMEL SARAT 300 GR\/3 BUC - DeliciousRaw\",\"isPartOf\":{\"@id\":\"https:\/\/deliciousraw.ro\/#website\"},\"primaryImageOfPage\":{\"@id\":\"https:\/\/deliciousraw.ro\/product\/cutia-cu-gogosi-cu-glazura-de-arahide-caramel-sarat-300-gr-3-buc\/#primaryimage\"},\"image\":{\"@id\":\"https:\/\/deliciousraw.ro\/product\/cutia-cu-gogosi-cu-glazura-de-arahide-caramel-sarat-300-gr-3-buc\/#primaryimage\"},\"thumbnailUrl\":\"https:\/\/deliciousraw.ro\/wp-content\/uploads\/2024\/08\/gogosi-cu-topping-de-caramel-sarat.jpeg\",\"datePublished\":\"2024-08-30T11:10:12+00:00\",\"dateModified\":\"2025-09-09T11:22:05+00:00\",\"breadcrumb\":{\"@id\":\"https:\/\/deliciousraw.ro\/product\/cutia-cu-gogosi-cu-glazura-de-arahide-caramel-sarat-300-gr-3-buc\/#breadcrumb\"},\"inLanguage\":\"en-US\",\"potentialAction\":[{\"@type\":\"ReadAction\",\"target\":[\"https:\/\/deliciousraw.ro\/product\/cutia-cu-gogosi-cu-glazura-de-arahide-caramel-sarat-300-gr-3-buc\/\"]}]},{\"@type\":\"ImageObject\",\"inLanguage\":\"en-US\",\"@id\":\"https:\/\/deliciousraw.ro\/product\/cutia-cu-gogosi-cu-glazura-de-arahide-caramel-sarat-300-gr-3-buc\/#primaryimage\",\"url\":\"https:\/\/deliciousraw.ro\/wp-content\/uploads\/2024\/08\/gogosi-cu-topping-de-caramel-sarat.jpeg\",\"contentUrl\":\"https:\/\/deliciousraw.ro\/wp-content\/uploads\/2024\/08\/gogosi-cu-topping-de-caramel-sarat.jpeg\",\"width\":1600,\"height\":1200},{\"@type\":\"BreadcrumbList\",\"@id\":\"https:\/\/deliciousraw.ro\/product\/cutia-cu-gogosi-cu-glazura-de-arahide-caramel-sarat-300-gr-3-buc\/#breadcrumb\",\"itemListElement\":[{\"@type\":\"ListItem\",\"position\":1,\"name\":\"Prima pagin\u0103\",\"item\":\"https:\/\/deliciousraw.ro\/\"},{\"@type\":\"ListItem\",\"position\":2,\"name\":\"Shop\",\"item\":\"https:\/\/deliciousraw.ro\/shop\/\"},{\"@type\":\"ListItem\",\"position\":3,\"name\":\"CUTIA CU GOGOSI CU GLAZURA DE ARAHIDE &#038; CARAMEL SARAT 300 GR\/3 BUC\"}]},{\"@type\":\"WebSite\",\"@id\":\"https:\/\/deliciousraw.ro\/#website\",\"url\":\"https:\/\/deliciousraw.ro\/\",\"name\":\"DeliciousRaw\",\"description\":\"Dulciuri bune raw de tot!\",\"potentialAction\":[{\"@type\":\"SearchAction\",\"target\":{\"@type\":\"EntryPoint\",\"urlTemplate\":\"https:\/\/deliciousraw.ro\/?s={search_term_string}\"},\"query-input\":\"required name=search_term_string\"}],\"inLanguage\":\"en-US\"}]}<\/script>\n<!-- \/ Yoast SEO plugin. -->","yoast_head_json":{"title":"CUTIA CU GOGOSI CU GLAZURA DE ARAHIDE & CARAMEL SARAT 300 GR\/3 BUC - DeliciousRaw","robots":{"index":"index","follow":"follow","max-snippet":"max-snippet:-1","max-image-preview":"max-image-preview:large","max-video-preview":"max-video-preview:-1"},"canonical":"https:\/\/deliciousraw.ro\/en\/product\/cutia-cu-gogosi-cu-glazura-de-arahide-caramel-sarat-300-gr-3-buc\/","og_locale":"en_US","og_type":"article","og_title":"CUTIA CU GOGOSI CU GLAZURA DE ARAHIDE & CARAMEL SARAT 300 GR\/3 BUC - DeliciousRaw","og_description":"Cutia cu gogo\u0219i cu glazur\u0103 de arahide \u0219i caramel s\u0103rat \u00ee\u021bi ofer\u0103 o combina\u021bie irezistibil\u0103 de arome, cu gogo\u0219i pufoase acoperite de o glazur\u0103 cremoas\u0103 de arahide \u0219i un strop de caramel s\u0103rat. Perfecte pentru momentele c\u00e2nd vrei un desert dulce-s\u0103rat, plin de savoare! TERMEN DE LIVRARE: 48 ore LUCRATOARE de la plasarea comenzii.","og_url":"https:\/\/deliciousraw.ro\/en\/product\/cutia-cu-gogosi-cu-glazura-de-arahide-caramel-sarat-300-gr-3-buc\/","og_site_name":"DeliciousRaw","article_modified_time":"2025-09-09T11:22:05+00:00","og_image":[{"width":1600,"height":1200,"url":"https:\/\/deliciousraw.ro\/wp-content\/uploads\/2024\/08\/gogosi-cu-topping-de-caramel-sarat.jpeg","type":"image\/jpeg"}],"twitter_card":"summary_large_image","twitter_misc":{"Est. reading time":"1 minute"},"schema":{"@context":"https:\/\/schema.org","@graph":[{"@type":"WebPage","@id":"https:\/\/deliciousraw.ro\/product\/cutia-cu-gogosi-cu-glazura-de-arahide-caramel-sarat-300-gr-3-buc\/","url":"https:\/\/deliciousraw.ro\/product\/cutia-cu-gogosi-cu-glazura-de-arahide-caramel-sarat-300-gr-3-buc\/","name":"CUTIA CU GOGOSI CU GLAZURA DE ARAHIDE & CARAMEL SARAT 300 GR\/3 BUC - DeliciousRaw","isPartOf":{"@id":"https:\/\/deliciousraw.ro\/#website"},"primaryImageOfPage":{"@id":"https:\/\/deliciousraw.ro\/product\/cutia-cu-gogosi-cu-glazura-de-arahide-caramel-sarat-300-gr-3-buc\/#primaryimage"},"image":{"@id":"https:\/\/deliciousraw.ro\/product\/cutia-cu-gogosi-cu-glazura-de-arahide-caramel-sarat-300-gr-3-buc\/#primaryimage"},"thumbnailUrl":"https:\/\/deliciousraw.ro\/wp-content\/uploads\/2024\/08\/gogosi-cu-topping-de-caramel-sarat.jpeg","datePublished":"2024-08-30T11:10:12+00:00","dateModified":"2025-09-09T11:22:05+00:00","breadcrumb":{"@id":"https:\/\/deliciousraw.ro\/product\/cutia-cu-gogosi-cu-glazura-de-arahide-caramel-sarat-300-gr-3-buc\/#breadcrumb"},"inLanguage":"en-US","potentialAction":[{"@type":"ReadAction","target":["https:\/\/deliciousraw.ro\/product\/cutia-cu-gogosi-cu-glazura-de-arahide-caramel-sarat-300-gr-3-buc\/"]}]},{"@type":"ImageObject","inLanguage":"en-US","@id":"https:\/\/deliciousraw.ro\/product\/cutia-cu-gogosi-cu-glazura-de-arahide-caramel-sarat-300-gr-3-buc\/#primaryimage","url":"https:\/\/deliciousraw.ro\/wp-content\/uploads\/2024\/08\/gogosi-cu-topping-de-caramel-sarat.jpeg","contentUrl":"https:\/\/deliciousraw.ro\/wp-content\/uploads\/2024\/08\/gogosi-cu-topping-de-caramel-sarat.jpeg","width":1600,"height":1200},{"@type":"BreadcrumbList","@id":"https:\/\/deliciousraw.ro\/product\/cutia-cu-gogosi-cu-glazura-de-arahide-caramel-sarat-300-gr-3-buc\/#breadcrumb","itemListElement":[{"@type":"ListItem","position":1,"name":"Prima pagin\u0103","item":"https:\/\/deliciousraw.ro\/"},{"@type":"ListItem","position":2,"name":"Shop","item":"https:\/\/deliciousraw.ro\/shop\/"},{"@type":"ListItem","position":3,"name":"CUTIA CU GOGOSI CU GLAZURA DE ARAHIDE &#038; CARAMEL SARAT 300 GR\/3 BUC"}]},{"@type":"WebSite","@id":"https:\/\/deliciousraw.ro\/#website","url":"https:\/\/deliciousraw.ro\/","name":"DeliciousRaw","description":"Dulciuri bune raw de tot!","potentialAction":[{"@type":"SearchAction","target":{"@type":"EntryPoint","urlTemplate":"https:\/\/deliciousraw.ro\/?s={search_term_string}"},"query-input":"required name=search_term_string"}],"inLanguage":"en-US"}]}},"_links":{"self":[{"href":"https:\/\/deliciousraw.ro\/en\/wp-json\/wp\/v2\/product\/1113"}],"collection":[{"href":"https:\/\/deliciousraw.ro\/en\/wp-json\/wp\/v2\/product"}],"about":[{"href":"https:\/\/deliciousraw.ro\/en\/wp-json\/wp\/v2\/types\/product"}],"replies":[{"embeddable":true,"href":"https:\/\/deliciousraw.ro\/en\/wp-json\/wp\/v2\/comments?post=1113"}],"wp:featuredmedia":[{"embeddable":true,"href":"https:\/\/deliciousraw.ro\/en\/wp-json\/wp\/v2\/media\/1114"}],"wp:attachment":[{"href":"https:\/\/deliciousraw.ro\/en\/wp-json\/wp\/v2\/media?parent=1113"}],"wp:term":[{"taxonomy":"product_cat","embeddable":true,"href":"https:\/\/deliciousraw.ro\/en\/wp-json\/wp\/v2\/product_cat?post=1113"},{"taxonomy":"product_tag","embeddable":true,"href":"https:\/\/deliciousraw.ro\/en\/wp-json\/wp\/v2\/product_tag?post=1113"},{"taxonomy":"woo-feed-brand","embeddable":true,"href":"https:\/\/deliciousraw.ro\/en\/wp-json\/wp\/v2\/woo-feed-brand?post=1113"}],"curies":[{"name":"wp","href":"https:\/\/api.w.org\/{rel}","templated":true}]}}