{"id":1069,"date":"2024-08-29T13:27:57","date_gmt":"2024-08-29T10:27:57","guid":{"rendered":"https:\/\/deliciousraw.ro\/?post_type=product&#038;p=1069"},"modified":"2025-08-16T14:36:19","modified_gmt":"2025-08-16T11:36:19","slug":"tort-afine-si-portocale-100-gr","status":"publish","type":"product","link":"https:\/\/deliciousraw.ro\/en\/product\/tort-afine-si-portocale-100-gr\/","title":{"rendered":"TORT AFINE SI PORTOCALE 1000 GR"},"content":{"rendered":"<div><strong>INGREDIENTE:<\/strong> migdale, nuc\u0103 de cocos, caise, caju, afine, portocale, agave, unt de cacao, l\u0103m\u00e2ie<\/div>\n<div><\/div>\n<div><em><strong>ALERGENI: MIGDALE, CAJU<\/strong><\/em><\/div>\n<div><\/div>\n<div><strong>Valori nutri\u021bionale\/por\u021bie (100g):<\/strong><\/div>\n<div>Valoare energetic\u0103: 1469.81 Kj \/ 351.3 KCal<\/div>\n<div>Gr\u0103simi: 26.8 g<\/div>\n<div>Acizi gra\u0219i satura\u021bi: 10.91 g<\/div>\n<div>Glucide: 20.87 g; Zaharuri: 2.17 g<\/div>\n<div>Proteine: 6.41 g<\/div>\n<div>Sare: 0.28 g<\/div>","protected":false},"excerpt":{"rendered":"<p>Tortul Afine \u0219i Portocale este un desert raw vegan revigorant, ce combin\u0103 dulcea\u021ba natural\u0103 a afinelor cu notele citrice ale portocalelor. Cu o textur\u0103 delicat\u0103 \u0219i ingrediente de calitate, acest tort este perfect pentru un r\u0103sf\u0103\u021b s\u0103n\u0103tos \u0219i plin de savoare.<\/p>\n<p>TERMEN DE LIVRARE: 48 ore LUCRATOARE de la plasarea comenzii.<\/p>","protected":false},"featured_media":1070,"comment_status":"open","ping_status":"closed","template":"","meta":[],"product_cat":[221],"product_tag":[],"woo-feed-brand":[],"yoast_head":"<!-- This site is optimized with the Yoast SEO plugin v22.5 - https:\/\/yoast.com\/wordpress\/plugins\/seo\/ -->\n<title>TORT AFINE SI PORTOCALE 1000 GR - DeliciousRaw<\/title>\n<meta name=\"robots\" content=\"index, follow, max-snippet:-1, max-image-preview:large, max-video-preview:-1\" \/>\n<link rel=\"canonical\" href=\"https:\/\/deliciousraw.ro\/en\/product\/tort-afine-si-portocale-100-gr\/\" \/>\n<meta property=\"og:locale\" content=\"en_US\" \/>\n<meta property=\"og:type\" content=\"article\" \/>\n<meta property=\"og:title\" content=\"TORT AFINE SI PORTOCALE 1000 GR - DeliciousRaw\" \/>\n<meta property=\"og:description\" content=\"Tortul Afine \u0219i Portocale este un desert raw vegan revigorant, ce combin\u0103 dulcea\u021ba natural\u0103 a afinelor cu notele citrice ale portocalelor. Cu o textur\u0103 delicat\u0103 \u0219i ingrediente de calitate, acest tort este perfect pentru un r\u0103sf\u0103\u021b s\u0103n\u0103tos \u0219i plin de savoare.  TERMEN DE LIVRARE: 48 ore LUCRATOARE de la plasarea comenzii.\" \/>\n<meta property=\"og:url\" content=\"https:\/\/deliciousraw.ro\/en\/product\/tort-afine-si-portocale-100-gr\/\" \/>\n<meta property=\"og:site_name\" content=\"DeliciousRaw\" \/>\n<meta property=\"article:modified_time\" content=\"2025-08-16T11:36:19+00:00\" \/>\n<meta property=\"og:image\" content=\"https:\/\/deliciousraw.ro\/wp-content\/uploads\/2024\/08\/WhatsApp-Image-2022-12-07-at-16.22.00-1.jpeg\" \/>\n\t<meta property=\"og:image:width\" content=\"800\" \/>\n\t<meta property=\"og:image:height\" content=\"800\" \/>\n\t<meta property=\"og:image:type\" content=\"image\/jpeg\" \/>\n<meta name=\"twitter:card\" content=\"summary_large_image\" \/>\n<meta name=\"twitter:label1\" content=\"Est. reading time\" \/>\n\t<meta name=\"twitter:data1\" content=\"1 minute\" \/>\n<script type=\"application\/ld+json\" class=\"yoast-schema-graph\">{\"@context\":\"https:\/\/schema.org\",\"@graph\":[{\"@type\":\"WebPage\",\"@id\":\"https:\/\/deliciousraw.ro\/product\/tort-afine-si-portocale-100-gr\/\",\"url\":\"https:\/\/deliciousraw.ro\/product\/tort-afine-si-portocale-100-gr\/\",\"name\":\"TORT AFINE SI PORTOCALE 1000 GR - DeliciousRaw\",\"isPartOf\":{\"@id\":\"https:\/\/deliciousraw.ro\/#website\"},\"primaryImageOfPage\":{\"@id\":\"https:\/\/deliciousraw.ro\/product\/tort-afine-si-portocale-100-gr\/#primaryimage\"},\"image\":{\"@id\":\"https:\/\/deliciousraw.ro\/product\/tort-afine-si-portocale-100-gr\/#primaryimage\"},\"thumbnailUrl\":\"https:\/\/deliciousraw.ro\/wp-content\/uploads\/2024\/08\/WhatsApp-Image-2022-12-07-at-16.22.00-1.jpeg\",\"datePublished\":\"2024-08-29T10:27:57+00:00\",\"dateModified\":\"2025-08-16T11:36:19+00:00\",\"breadcrumb\":{\"@id\":\"https:\/\/deliciousraw.ro\/product\/tort-afine-si-portocale-100-gr\/#breadcrumb\"},\"inLanguage\":\"en-US\",\"potentialAction\":[{\"@type\":\"ReadAction\",\"target\":[\"https:\/\/deliciousraw.ro\/product\/tort-afine-si-portocale-100-gr\/\"]}]},{\"@type\":\"ImageObject\",\"inLanguage\":\"en-US\",\"@id\":\"https:\/\/deliciousraw.ro\/product\/tort-afine-si-portocale-100-gr\/#primaryimage\",\"url\":\"https:\/\/deliciousraw.ro\/wp-content\/uploads\/2024\/08\/WhatsApp-Image-2022-12-07-at-16.22.00-1.jpeg\",\"contentUrl\":\"https:\/\/deliciousraw.ro\/wp-content\/uploads\/2024\/08\/WhatsApp-Image-2022-12-07-at-16.22.00-1.jpeg\",\"width\":800,\"height\":800},{\"@type\":\"BreadcrumbList\",\"@id\":\"https:\/\/deliciousraw.ro\/product\/tort-afine-si-portocale-100-gr\/#breadcrumb\",\"itemListElement\":[{\"@type\":\"ListItem\",\"position\":1,\"name\":\"Prima pagin\u0103\",\"item\":\"https:\/\/deliciousraw.ro\/\"},{\"@type\":\"ListItem\",\"position\":2,\"name\":\"Shop\",\"item\":\"https:\/\/deliciousraw.ro\/shop\/\"},{\"@type\":\"ListItem\",\"position\":3,\"name\":\"TORT AFINE SI PORTOCALE 1000 GR\"}]},{\"@type\":\"WebSite\",\"@id\":\"https:\/\/deliciousraw.ro\/#website\",\"url\":\"https:\/\/deliciousraw.ro\/\",\"name\":\"DeliciousRaw\",\"description\":\"Dulciuri bune raw de tot!\",\"potentialAction\":[{\"@type\":\"SearchAction\",\"target\":{\"@type\":\"EntryPoint\",\"urlTemplate\":\"https:\/\/deliciousraw.ro\/?s={search_term_string}\"},\"query-input\":\"required name=search_term_string\"}],\"inLanguage\":\"en-US\"}]}<\/script>\n<!-- \/ Yoast SEO plugin. -->","yoast_head_json":{"title":"TORT AFINE SI PORTOCALE 1000 GR - DeliciousRaw","robots":{"index":"index","follow":"follow","max-snippet":"max-snippet:-1","max-image-preview":"max-image-preview:large","max-video-preview":"max-video-preview:-1"},"canonical":"https:\/\/deliciousraw.ro\/en\/product\/tort-afine-si-portocale-100-gr\/","og_locale":"en_US","og_type":"article","og_title":"TORT AFINE SI PORTOCALE 1000 GR - DeliciousRaw","og_description":"Tortul Afine \u0219i Portocale este un desert raw vegan revigorant, ce combin\u0103 dulcea\u021ba natural\u0103 a afinelor cu notele citrice ale portocalelor. Cu o textur\u0103 delicat\u0103 \u0219i ingrediente de calitate, acest tort este perfect pentru un r\u0103sf\u0103\u021b s\u0103n\u0103tos \u0219i plin de savoare.  TERMEN DE LIVRARE: 48 ore LUCRATOARE de la plasarea comenzii.","og_url":"https:\/\/deliciousraw.ro\/en\/product\/tort-afine-si-portocale-100-gr\/","og_site_name":"DeliciousRaw","article_modified_time":"2025-08-16T11:36:19+00:00","og_image":[{"width":800,"height":800,"url":"https:\/\/deliciousraw.ro\/wp-content\/uploads\/2024\/08\/WhatsApp-Image-2022-12-07-at-16.22.00-1.jpeg","type":"image\/jpeg"}],"twitter_card":"summary_large_image","twitter_misc":{"Est. reading time":"1 minute"},"schema":{"@context":"https:\/\/schema.org","@graph":[{"@type":"WebPage","@id":"https:\/\/deliciousraw.ro\/product\/tort-afine-si-portocale-100-gr\/","url":"https:\/\/deliciousraw.ro\/product\/tort-afine-si-portocale-100-gr\/","name":"TORT AFINE SI PORTOCALE 1000 GR - DeliciousRaw","isPartOf":{"@id":"https:\/\/deliciousraw.ro\/#website"},"primaryImageOfPage":{"@id":"https:\/\/deliciousraw.ro\/product\/tort-afine-si-portocale-100-gr\/#primaryimage"},"image":{"@id":"https:\/\/deliciousraw.ro\/product\/tort-afine-si-portocale-100-gr\/#primaryimage"},"thumbnailUrl":"https:\/\/deliciousraw.ro\/wp-content\/uploads\/2024\/08\/WhatsApp-Image-2022-12-07-at-16.22.00-1.jpeg","datePublished":"2024-08-29T10:27:57+00:00","dateModified":"2025-08-16T11:36:19+00:00","breadcrumb":{"@id":"https:\/\/deliciousraw.ro\/product\/tort-afine-si-portocale-100-gr\/#breadcrumb"},"inLanguage":"en-US","potentialAction":[{"@type":"ReadAction","target":["https:\/\/deliciousraw.ro\/product\/tort-afine-si-portocale-100-gr\/"]}]},{"@type":"ImageObject","inLanguage":"en-US","@id":"https:\/\/deliciousraw.ro\/product\/tort-afine-si-portocale-100-gr\/#primaryimage","url":"https:\/\/deliciousraw.ro\/wp-content\/uploads\/2024\/08\/WhatsApp-Image-2022-12-07-at-16.22.00-1.jpeg","contentUrl":"https:\/\/deliciousraw.ro\/wp-content\/uploads\/2024\/08\/WhatsApp-Image-2022-12-07-at-16.22.00-1.jpeg","width":800,"height":800},{"@type":"BreadcrumbList","@id":"https:\/\/deliciousraw.ro\/product\/tort-afine-si-portocale-100-gr\/#breadcrumb","itemListElement":[{"@type":"ListItem","position":1,"name":"Prima pagin\u0103","item":"https:\/\/deliciousraw.ro\/"},{"@type":"ListItem","position":2,"name":"Shop","item":"https:\/\/deliciousraw.ro\/shop\/"},{"@type":"ListItem","position":3,"name":"TORT AFINE SI PORTOCALE 1000 GR"}]},{"@type":"WebSite","@id":"https:\/\/deliciousraw.ro\/#website","url":"https:\/\/deliciousraw.ro\/","name":"DeliciousRaw","description":"Dulciuri bune raw de tot!","potentialAction":[{"@type":"SearchAction","target":{"@type":"EntryPoint","urlTemplate":"https:\/\/deliciousraw.ro\/?s={search_term_string}"},"query-input":"required name=search_term_string"}],"inLanguage":"en-US"}]}},"_links":{"self":[{"href":"https:\/\/deliciousraw.ro\/en\/wp-json\/wp\/v2\/product\/1069"}],"collection":[{"href":"https:\/\/deliciousraw.ro\/en\/wp-json\/wp\/v2\/product"}],"about":[{"href":"https:\/\/deliciousraw.ro\/en\/wp-json\/wp\/v2\/types\/product"}],"replies":[{"embeddable":true,"href":"https:\/\/deliciousraw.ro\/en\/wp-json\/wp\/v2\/comments?post=1069"}],"wp:featuredmedia":[{"embeddable":true,"href":"https:\/\/deliciousraw.ro\/en\/wp-json\/wp\/v2\/media\/1070"}],"wp:attachment":[{"href":"https:\/\/deliciousraw.ro\/en\/wp-json\/wp\/v2\/media?parent=1069"}],"wp:term":[{"taxonomy":"product_cat","embeddable":true,"href":"https:\/\/deliciousraw.ro\/en\/wp-json\/wp\/v2\/product_cat?post=1069"},{"taxonomy":"product_tag","embeddable":true,"href":"https:\/\/deliciousraw.ro\/en\/wp-json\/wp\/v2\/product_tag?post=1069"},{"taxonomy":"woo-feed-brand","embeddable":true,"href":"https:\/\/deliciousraw.ro\/en\/wp-json\/wp\/v2\/woo-feed-brand?post=1069"}],"curies":[{"name":"wp","href":"https:\/\/api.w.org\/{rel}","templated":true}]}}