{"id":1046,"date":"2024-08-27T17:43:19","date_gmt":"2024-08-27T14:43:19","guid":{"rendered":"https:\/\/deliciousraw.ro\/?post_type=product&#038;p=1046"},"modified":"2026-04-18T17:54:40","modified_gmt":"2026-04-18T14:54:40","slug":"gogosi-deliraw-50-gr-buc","status":"publish","type":"product","link":"https:\/\/deliciousraw.ro\/en\/product\/gogosi-deliraw-50-gr-buc\/","title":{"rendered":"GOGOSI DELIRAW 300 GR\/  3 BUC"},"content":{"rendered":"<div><strong>INGREDIENTE:<\/strong> caju, cocos, cacao alcalin\u0103, c\u0103p\u0219uni liofilizate, curmale, unt de arahide, unt de cacao, psyllium, ov\u0103z, agave<\/div>\n<div><\/div>\n<div><em><strong>ALERGENI: OV\u0102Z, CAJU, ARAHIDE<\/strong><\/em><\/div>\n<div><\/div>\n<div>Valori nutritionale \/ 100g<br \/>\nValoare energetic\u0103: 1073.58 Kj\/256.59 Kcal, Gr\u0103simi: 13.96g, Gr\u0103simi saturate: 1.43g, Glucide: 25.06g,<br \/>\nZaharuri: 8.02g, Proteine: 5.93g, Sare: 0.03g<\/div>","protected":false},"excerpt":{"rendered":"<div class=\"flex-shrink-0 flex flex-col relative items-end\">\n<div class=\"pt-0\">\n<div class=\"gizmo-bot-avatar flex h-8 w-8 items-center justify-center overflow-hidden rounded-full\">\n<div class=\"relative p-1 rounded-sm flex items-center justify-center bg-token-main-surface-primary text-token-text-primary h-8 w-8\"><span style=\"color: #555555;\">Gogo\u0219ile DeliRaw sunt o combina\u021bie perfect\u0103 de ingrediente raw vegane, cu textur\u0103 pufoas\u0103 \u0219i arome intense. F\u0103r\u0103 zah\u0103r, gluten sau lactoz\u0103, aceste gogo\u0219i sunt desertul ideal pentru cei care \u00ee\u0219i doresc o gustare s\u0103n\u0103toas\u0103, plin\u0103 de savoare \u0219i complet natural\u0103.<\/span><\/div>\n<div>TERMEN DE LIVRARE: 48 ore LUCRATOARE de la plasarea comenzii.<\/div>\n<\/div>\n<\/div>\n<\/div>","protected":false},"featured_media":1179,"comment_status":"open","ping_status":"closed","template":"","meta":[],"product_cat":[222],"product_tag":[],"woo-feed-brand":[],"yoast_head":"<!-- This site is optimized with the Yoast SEO plugin v22.5 - https:\/\/yoast.com\/wordpress\/plugins\/seo\/ -->\n<title>GOGOSI DELIRAW 300 GR\/ 3 BUC - DeliciousRaw<\/title>\n<meta name=\"robots\" content=\"index, follow, max-snippet:-1, max-image-preview:large, max-video-preview:-1\" \/>\n<link rel=\"canonical\" href=\"https:\/\/deliciousraw.ro\/en\/product\/gogosi-deliraw-50-gr-buc\/\" \/>\n<meta property=\"og:locale\" content=\"en_US\" \/>\n<meta property=\"og:type\" content=\"article\" \/>\n<meta property=\"og:title\" content=\"GOGOSI DELIRAW 300 GR\/ 3 BUC - DeliciousRaw\" \/>\n<meta property=\"og:description\" content=\"Gogo\u0219ile DeliRaw sunt o combina\u021bie perfect\u0103 de ingrediente raw vegane, cu textur\u0103 pufoas\u0103 \u0219i arome intense. F\u0103r\u0103 zah\u0103r, gluten sau lactoz\u0103, aceste gogo\u0219i sunt desertul ideal pentru cei care \u00ee\u0219i doresc o gustare s\u0103n\u0103toas\u0103, plin\u0103 de savoare \u0219i complet natural\u0103. TERMEN DE LIVRARE: 48 ore LUCRATOARE de la plasarea comenzii.\" \/>\n<meta property=\"og:url\" content=\"https:\/\/deliciousraw.ro\/en\/product\/gogosi-deliraw-50-gr-buc\/\" \/>\n<meta property=\"og:site_name\" content=\"DeliciousRaw\" \/>\n<meta property=\"article:modified_time\" content=\"2026-04-18T14:54:40+00:00\" \/>\n<meta property=\"og:image\" content=\"https:\/\/deliciousraw.ro\/wp-content\/uploads\/2024\/08\/20241011_113419-scaled.jpg\" \/>\n\t<meta property=\"og:image:width\" content=\"1920\" \/>\n\t<meta property=\"og:image:height\" content=\"2560\" \/>\n\t<meta property=\"og:image:type\" content=\"image\/jpeg\" \/>\n<meta name=\"twitter:card\" content=\"summary_large_image\" \/>\n<meta name=\"twitter:label1\" content=\"Est. reading time\" \/>\n\t<meta name=\"twitter:data1\" content=\"1 minute\" \/>\n<script type=\"application\/ld+json\" class=\"yoast-schema-graph\">{\"@context\":\"https:\/\/schema.org\",\"@graph\":[{\"@type\":\"WebPage\",\"@id\":\"https:\/\/deliciousraw.ro\/product\/gogosi-deliraw-50-gr-buc\/\",\"url\":\"https:\/\/deliciousraw.ro\/product\/gogosi-deliraw-50-gr-buc\/\",\"name\":\"GOGOSI DELIRAW 300 GR\/ 3 BUC - DeliciousRaw\",\"isPartOf\":{\"@id\":\"https:\/\/deliciousraw.ro\/#website\"},\"primaryImageOfPage\":{\"@id\":\"https:\/\/deliciousraw.ro\/product\/gogosi-deliraw-50-gr-buc\/#primaryimage\"},\"image\":{\"@id\":\"https:\/\/deliciousraw.ro\/product\/gogosi-deliraw-50-gr-buc\/#primaryimage\"},\"thumbnailUrl\":\"https:\/\/deliciousraw.ro\/wp-content\/uploads\/2024\/08\/20241011_113419-scaled.jpg\",\"datePublished\":\"2024-08-27T14:43:19+00:00\",\"dateModified\":\"2026-04-18T14:54:40+00:00\",\"breadcrumb\":{\"@id\":\"https:\/\/deliciousraw.ro\/product\/gogosi-deliraw-50-gr-buc\/#breadcrumb\"},\"inLanguage\":\"en-US\",\"potentialAction\":[{\"@type\":\"ReadAction\",\"target\":[\"https:\/\/deliciousraw.ro\/product\/gogosi-deliraw-50-gr-buc\/\"]}]},{\"@type\":\"ImageObject\",\"inLanguage\":\"en-US\",\"@id\":\"https:\/\/deliciousraw.ro\/product\/gogosi-deliraw-50-gr-buc\/#primaryimage\",\"url\":\"https:\/\/deliciousraw.ro\/wp-content\/uploads\/2024\/08\/20241011_113419-scaled.jpg\",\"contentUrl\":\"https:\/\/deliciousraw.ro\/wp-content\/uploads\/2024\/08\/20241011_113419-scaled.jpg\",\"width\":1920,\"height\":2560},{\"@type\":\"BreadcrumbList\",\"@id\":\"https:\/\/deliciousraw.ro\/product\/gogosi-deliraw-50-gr-buc\/#breadcrumb\",\"itemListElement\":[{\"@type\":\"ListItem\",\"position\":1,\"name\":\"Prima pagin\u0103\",\"item\":\"https:\/\/deliciousraw.ro\/\"},{\"@type\":\"ListItem\",\"position\":2,\"name\":\"Shop\",\"item\":\"https:\/\/deliciousraw.ro\/shop\/\"},{\"@type\":\"ListItem\",\"position\":3,\"name\":\"GOGOSI DELIRAW 300 GR\/ 3 BUC\"}]},{\"@type\":\"WebSite\",\"@id\":\"https:\/\/deliciousraw.ro\/#website\",\"url\":\"https:\/\/deliciousraw.ro\/\",\"name\":\"DeliciousRaw\",\"description\":\"Dulciuri bune raw de tot!\",\"potentialAction\":[{\"@type\":\"SearchAction\",\"target\":{\"@type\":\"EntryPoint\",\"urlTemplate\":\"https:\/\/deliciousraw.ro\/?s={search_term_string}\"},\"query-input\":\"required name=search_term_string\"}],\"inLanguage\":\"en-US\"}]}<\/script>\n<!-- \/ Yoast SEO plugin. -->","yoast_head_json":{"title":"GOGOSI DELIRAW 300 GR\/ 3 BUC - DeliciousRaw","robots":{"index":"index","follow":"follow","max-snippet":"max-snippet:-1","max-image-preview":"max-image-preview:large","max-video-preview":"max-video-preview:-1"},"canonical":"https:\/\/deliciousraw.ro\/en\/product\/gogosi-deliraw-50-gr-buc\/","og_locale":"en_US","og_type":"article","og_title":"GOGOSI DELIRAW 300 GR\/ 3 BUC - DeliciousRaw","og_description":"Gogo\u0219ile DeliRaw sunt o combina\u021bie perfect\u0103 de ingrediente raw vegane, cu textur\u0103 pufoas\u0103 \u0219i arome intense. F\u0103r\u0103 zah\u0103r, gluten sau lactoz\u0103, aceste gogo\u0219i sunt desertul ideal pentru cei care \u00ee\u0219i doresc o gustare s\u0103n\u0103toas\u0103, plin\u0103 de savoare \u0219i complet natural\u0103. TERMEN DE LIVRARE: 48 ore LUCRATOARE de la plasarea comenzii.","og_url":"https:\/\/deliciousraw.ro\/en\/product\/gogosi-deliraw-50-gr-buc\/","og_site_name":"DeliciousRaw","article_modified_time":"2026-04-18T14:54:40+00:00","og_image":[{"width":1920,"height":2560,"url":"https:\/\/deliciousraw.ro\/wp-content\/uploads\/2024\/08\/20241011_113419-scaled.jpg","type":"image\/jpeg"}],"twitter_card":"summary_large_image","twitter_misc":{"Est. reading time":"1 minute"},"schema":{"@context":"https:\/\/schema.org","@graph":[{"@type":"WebPage","@id":"https:\/\/deliciousraw.ro\/product\/gogosi-deliraw-50-gr-buc\/","url":"https:\/\/deliciousraw.ro\/product\/gogosi-deliraw-50-gr-buc\/","name":"GOGOSI DELIRAW 300 GR\/ 3 BUC - DeliciousRaw","isPartOf":{"@id":"https:\/\/deliciousraw.ro\/#website"},"primaryImageOfPage":{"@id":"https:\/\/deliciousraw.ro\/product\/gogosi-deliraw-50-gr-buc\/#primaryimage"},"image":{"@id":"https:\/\/deliciousraw.ro\/product\/gogosi-deliraw-50-gr-buc\/#primaryimage"},"thumbnailUrl":"https:\/\/deliciousraw.ro\/wp-content\/uploads\/2024\/08\/20241011_113419-scaled.jpg","datePublished":"2024-08-27T14:43:19+00:00","dateModified":"2026-04-18T14:54:40+00:00","breadcrumb":{"@id":"https:\/\/deliciousraw.ro\/product\/gogosi-deliraw-50-gr-buc\/#breadcrumb"},"inLanguage":"en-US","potentialAction":[{"@type":"ReadAction","target":["https:\/\/deliciousraw.ro\/product\/gogosi-deliraw-50-gr-buc\/"]}]},{"@type":"ImageObject","inLanguage":"en-US","@id":"https:\/\/deliciousraw.ro\/product\/gogosi-deliraw-50-gr-buc\/#primaryimage","url":"https:\/\/deliciousraw.ro\/wp-content\/uploads\/2024\/08\/20241011_113419-scaled.jpg","contentUrl":"https:\/\/deliciousraw.ro\/wp-content\/uploads\/2024\/08\/20241011_113419-scaled.jpg","width":1920,"height":2560},{"@type":"BreadcrumbList","@id":"https:\/\/deliciousraw.ro\/product\/gogosi-deliraw-50-gr-buc\/#breadcrumb","itemListElement":[{"@type":"ListItem","position":1,"name":"Prima pagin\u0103","item":"https:\/\/deliciousraw.ro\/"},{"@type":"ListItem","position":2,"name":"Shop","item":"https:\/\/deliciousraw.ro\/shop\/"},{"@type":"ListItem","position":3,"name":"GOGOSI DELIRAW 300 GR\/ 3 BUC"}]},{"@type":"WebSite","@id":"https:\/\/deliciousraw.ro\/#website","url":"https:\/\/deliciousraw.ro\/","name":"DeliciousRaw","description":"Dulciuri bune raw de tot!","potentialAction":[{"@type":"SearchAction","target":{"@type":"EntryPoint","urlTemplate":"https:\/\/deliciousraw.ro\/?s={search_term_string}"},"query-input":"required name=search_term_string"}],"inLanguage":"en-US"}]}},"_links":{"self":[{"href":"https:\/\/deliciousraw.ro\/en\/wp-json\/wp\/v2\/product\/1046"}],"collection":[{"href":"https:\/\/deliciousraw.ro\/en\/wp-json\/wp\/v2\/product"}],"about":[{"href":"https:\/\/deliciousraw.ro\/en\/wp-json\/wp\/v2\/types\/product"}],"replies":[{"embeddable":true,"href":"https:\/\/deliciousraw.ro\/en\/wp-json\/wp\/v2\/comments?post=1046"}],"wp:featuredmedia":[{"embeddable":true,"href":"https:\/\/deliciousraw.ro\/en\/wp-json\/wp\/v2\/media\/1179"}],"wp:attachment":[{"href":"https:\/\/deliciousraw.ro\/en\/wp-json\/wp\/v2\/media?parent=1046"}],"wp:term":[{"taxonomy":"product_cat","embeddable":true,"href":"https:\/\/deliciousraw.ro\/en\/wp-json\/wp\/v2\/product_cat?post=1046"},{"taxonomy":"product_tag","embeddable":true,"href":"https:\/\/deliciousraw.ro\/en\/wp-json\/wp\/v2\/product_tag?post=1046"},{"taxonomy":"woo-feed-brand","embeddable":true,"href":"https:\/\/deliciousraw.ro\/en\/wp-json\/wp\/v2\/woo-feed-brand?post=1046"}],"curies":[{"name":"wp","href":"https:\/\/api.w.org\/{rel}","templated":true}]}}