{"id":1044,"date":"2024-08-27T17:41:23","date_gmt":"2024-08-27T14:41:23","guid":{"rendered":"https:\/\/deliciousraw.ro\/?post_type=product&#038;p=1044"},"modified":"2025-08-16T15:06:08","modified_gmt":"2025-08-16T12:06:08","slug":"in-love-again-100-gr-buc","status":"publish","type":"product","link":"https:\/\/deliciousraw.ro\/en\/product\/in-love-again-100-gr-buc\/","title":{"rendered":"IN LOVE AGAIN 100 GR\/ BUC"},"content":{"rendered":"<div><strong>INGREDIENTE:<\/strong> caju, cocos, c\u0103p\u0219uni liofilizate, agave, l\u0103m\u00e2ie, ulei de cocos, unt de cacao, mas\u0103 de cacao, cacao natural\u0103<\/div>\n<div><\/div>\n<div><em><strong>ALERGENI: CAJU<\/strong><\/em><\/div>\n<div><\/div>\n<div><strong>Valori nutri\u021bionale\/por\u021bie (100g):<\/strong><\/div>\n<div>Valoare energetic\u0103: 1956.6 Kj \/ 467.64 KCal<\/div>\n<div>Gr\u0103simi: 39.6 g<\/div>\n<div>Acizi gra\u0219i satura\u021bi: 18.52 g<\/div>\n<div>Glucide: 20.09 g; Zaharuri: 2.15 g<\/div>\n<div>Proteine: 7.79 g<\/div>\n<div>Sare: 0.33 g<\/div>","protected":false},"excerpt":{"rendered":"<p>In Love Again este un desert raw vegan delicat \u0219i rafinat, cu arome intense de cocos, c\u0103p\u0219uni \u0219i ciocolat\u0103, perfect echilibrate pentru o experien\u021b\u0103 dulce \u0219i s\u0103n\u0103toas\u0103. Fiecare buc\u0103\u021bic\u0103 te va face s\u0103 te \u00eendr\u0103goste\u0219ti din nou de gusturile naturale \u0219i ingredientele de calitate.<\/p>\n<p>TERMEN DE LIVRARE: 48 ore LUCRATOARE de la plasarea comenzii.<\/p>","protected":false},"featured_media":1045,"comment_status":"open","ping_status":"closed","template":"","meta":[],"product_cat":[222],"product_tag":[],"woo-feed-brand":[],"yoast_head":"<!-- This site is optimized with the Yoast SEO plugin v22.5 - https:\/\/yoast.com\/wordpress\/plugins\/seo\/ -->\n<title>IN LOVE AGAIN 100 GR\/ BUC - DeliciousRaw<\/title>\n<meta name=\"robots\" content=\"index, follow, max-snippet:-1, max-image-preview:large, max-video-preview:-1\" \/>\n<link rel=\"canonical\" href=\"https:\/\/deliciousraw.ro\/en\/product\/in-love-again-100-gr-buc\/\" \/>\n<meta property=\"og:locale\" content=\"en_US\" \/>\n<meta property=\"og:type\" content=\"article\" \/>\n<meta property=\"og:title\" content=\"IN LOVE AGAIN 100 GR\/ BUC - DeliciousRaw\" \/>\n<meta property=\"og:description\" content=\"In Love Again este un desert raw vegan delicat \u0219i rafinat, cu arome intense de cocos, c\u0103p\u0219uni \u0219i ciocolat\u0103, perfect echilibrate pentru o experien\u021b\u0103 dulce \u0219i s\u0103n\u0103toas\u0103. Fiecare buc\u0103\u021bic\u0103 te va face s\u0103 te \u00eendr\u0103goste\u0219ti din nou de gusturile naturale \u0219i ingredientele de calitate.  TERMEN DE LIVRARE: 48 ore LUCRATOARE de la plasarea comenzii.\" \/>\n<meta property=\"og:url\" content=\"https:\/\/deliciousraw.ro\/en\/product\/in-love-again-100-gr-buc\/\" \/>\n<meta property=\"og:site_name\" content=\"DeliciousRaw\" \/>\n<meta property=\"article:modified_time\" content=\"2025-08-16T12:06:08+00:00\" \/>\n<meta property=\"og:image\" content=\"https:\/\/deliciousraw.ro\/wp-content\/uploads\/2024\/08\/IN-LOVE-AGAIN.jpg\" \/>\n\t<meta property=\"og:image:width\" content=\"551\" \/>\n\t<meta property=\"og:image:height\" content=\"800\" \/>\n\t<meta property=\"og:image:type\" content=\"image\/jpeg\" \/>\n<meta name=\"twitter:card\" content=\"summary_large_image\" \/>\n<meta name=\"twitter:label1\" content=\"Est. reading time\" \/>\n\t<meta name=\"twitter:data1\" content=\"1 minute\" \/>\n<script type=\"application\/ld+json\" class=\"yoast-schema-graph\">{\"@context\":\"https:\/\/schema.org\",\"@graph\":[{\"@type\":\"WebPage\",\"@id\":\"https:\/\/deliciousraw.ro\/product\/in-love-again-100-gr-buc\/\",\"url\":\"https:\/\/deliciousraw.ro\/product\/in-love-again-100-gr-buc\/\",\"name\":\"IN LOVE AGAIN 100 GR\/ BUC - DeliciousRaw\",\"isPartOf\":{\"@id\":\"https:\/\/deliciousraw.ro\/#website\"},\"primaryImageOfPage\":{\"@id\":\"https:\/\/deliciousraw.ro\/product\/in-love-again-100-gr-buc\/#primaryimage\"},\"image\":{\"@id\":\"https:\/\/deliciousraw.ro\/product\/in-love-again-100-gr-buc\/#primaryimage\"},\"thumbnailUrl\":\"https:\/\/deliciousraw.ro\/wp-content\/uploads\/2024\/08\/IN-LOVE-AGAIN.jpg\",\"datePublished\":\"2024-08-27T14:41:23+00:00\",\"dateModified\":\"2025-08-16T12:06:08+00:00\",\"breadcrumb\":{\"@id\":\"https:\/\/deliciousraw.ro\/product\/in-love-again-100-gr-buc\/#breadcrumb\"},\"inLanguage\":\"en-US\",\"potentialAction\":[{\"@type\":\"ReadAction\",\"target\":[\"https:\/\/deliciousraw.ro\/product\/in-love-again-100-gr-buc\/\"]}]},{\"@type\":\"ImageObject\",\"inLanguage\":\"en-US\",\"@id\":\"https:\/\/deliciousraw.ro\/product\/in-love-again-100-gr-buc\/#primaryimage\",\"url\":\"https:\/\/deliciousraw.ro\/wp-content\/uploads\/2024\/08\/IN-LOVE-AGAIN.jpg\",\"contentUrl\":\"https:\/\/deliciousraw.ro\/wp-content\/uploads\/2024\/08\/IN-LOVE-AGAIN.jpg\",\"width\":551,\"height\":800},{\"@type\":\"BreadcrumbList\",\"@id\":\"https:\/\/deliciousraw.ro\/product\/in-love-again-100-gr-buc\/#breadcrumb\",\"itemListElement\":[{\"@type\":\"ListItem\",\"position\":1,\"name\":\"Prima pagin\u0103\",\"item\":\"https:\/\/deliciousraw.ro\/\"},{\"@type\":\"ListItem\",\"position\":2,\"name\":\"Shop\",\"item\":\"https:\/\/deliciousraw.ro\/shop\/\"},{\"@type\":\"ListItem\",\"position\":3,\"name\":\"IN LOVE AGAIN 100 GR\/ BUC\"}]},{\"@type\":\"WebSite\",\"@id\":\"https:\/\/deliciousraw.ro\/#website\",\"url\":\"https:\/\/deliciousraw.ro\/\",\"name\":\"DeliciousRaw\",\"description\":\"Dulciuri bune raw de tot!\",\"potentialAction\":[{\"@type\":\"SearchAction\",\"target\":{\"@type\":\"EntryPoint\",\"urlTemplate\":\"https:\/\/deliciousraw.ro\/?s={search_term_string}\"},\"query-input\":\"required name=search_term_string\"}],\"inLanguage\":\"en-US\"}]}<\/script>\n<!-- \/ Yoast SEO plugin. -->","yoast_head_json":{"title":"IN LOVE AGAIN 100 GR\/ BUC - DeliciousRaw","robots":{"index":"index","follow":"follow","max-snippet":"max-snippet:-1","max-image-preview":"max-image-preview:large","max-video-preview":"max-video-preview:-1"},"canonical":"https:\/\/deliciousraw.ro\/en\/product\/in-love-again-100-gr-buc\/","og_locale":"en_US","og_type":"article","og_title":"IN LOVE AGAIN 100 GR\/ BUC - DeliciousRaw","og_description":"In Love Again este un desert raw vegan delicat \u0219i rafinat, cu arome intense de cocos, c\u0103p\u0219uni \u0219i ciocolat\u0103, perfect echilibrate pentru o experien\u021b\u0103 dulce \u0219i s\u0103n\u0103toas\u0103. Fiecare buc\u0103\u021bic\u0103 te va face s\u0103 te \u00eendr\u0103goste\u0219ti din nou de gusturile naturale \u0219i ingredientele de calitate.  TERMEN DE LIVRARE: 48 ore LUCRATOARE de la plasarea comenzii.","og_url":"https:\/\/deliciousraw.ro\/en\/product\/in-love-again-100-gr-buc\/","og_site_name":"DeliciousRaw","article_modified_time":"2025-08-16T12:06:08+00:00","og_image":[{"width":551,"height":800,"url":"https:\/\/deliciousraw.ro\/wp-content\/uploads\/2024\/08\/IN-LOVE-AGAIN.jpg","type":"image\/jpeg"}],"twitter_card":"summary_large_image","twitter_misc":{"Est. reading time":"1 minute"},"schema":{"@context":"https:\/\/schema.org","@graph":[{"@type":"WebPage","@id":"https:\/\/deliciousraw.ro\/product\/in-love-again-100-gr-buc\/","url":"https:\/\/deliciousraw.ro\/product\/in-love-again-100-gr-buc\/","name":"IN LOVE AGAIN 100 GR\/ BUC - DeliciousRaw","isPartOf":{"@id":"https:\/\/deliciousraw.ro\/#website"},"primaryImageOfPage":{"@id":"https:\/\/deliciousraw.ro\/product\/in-love-again-100-gr-buc\/#primaryimage"},"image":{"@id":"https:\/\/deliciousraw.ro\/product\/in-love-again-100-gr-buc\/#primaryimage"},"thumbnailUrl":"https:\/\/deliciousraw.ro\/wp-content\/uploads\/2024\/08\/IN-LOVE-AGAIN.jpg","datePublished":"2024-08-27T14:41:23+00:00","dateModified":"2025-08-16T12:06:08+00:00","breadcrumb":{"@id":"https:\/\/deliciousraw.ro\/product\/in-love-again-100-gr-buc\/#breadcrumb"},"inLanguage":"en-US","potentialAction":[{"@type":"ReadAction","target":["https:\/\/deliciousraw.ro\/product\/in-love-again-100-gr-buc\/"]}]},{"@type":"ImageObject","inLanguage":"en-US","@id":"https:\/\/deliciousraw.ro\/product\/in-love-again-100-gr-buc\/#primaryimage","url":"https:\/\/deliciousraw.ro\/wp-content\/uploads\/2024\/08\/IN-LOVE-AGAIN.jpg","contentUrl":"https:\/\/deliciousraw.ro\/wp-content\/uploads\/2024\/08\/IN-LOVE-AGAIN.jpg","width":551,"height":800},{"@type":"BreadcrumbList","@id":"https:\/\/deliciousraw.ro\/product\/in-love-again-100-gr-buc\/#breadcrumb","itemListElement":[{"@type":"ListItem","position":1,"name":"Prima pagin\u0103","item":"https:\/\/deliciousraw.ro\/"},{"@type":"ListItem","position":2,"name":"Shop","item":"https:\/\/deliciousraw.ro\/shop\/"},{"@type":"ListItem","position":3,"name":"IN LOVE AGAIN 100 GR\/ BUC"}]},{"@type":"WebSite","@id":"https:\/\/deliciousraw.ro\/#website","url":"https:\/\/deliciousraw.ro\/","name":"DeliciousRaw","description":"Dulciuri bune raw de tot!","potentialAction":[{"@type":"SearchAction","target":{"@type":"EntryPoint","urlTemplate":"https:\/\/deliciousraw.ro\/?s={search_term_string}"},"query-input":"required name=search_term_string"}],"inLanguage":"en-US"}]}},"_links":{"self":[{"href":"https:\/\/deliciousraw.ro\/en\/wp-json\/wp\/v2\/product\/1044"}],"collection":[{"href":"https:\/\/deliciousraw.ro\/en\/wp-json\/wp\/v2\/product"}],"about":[{"href":"https:\/\/deliciousraw.ro\/en\/wp-json\/wp\/v2\/types\/product"}],"replies":[{"embeddable":true,"href":"https:\/\/deliciousraw.ro\/en\/wp-json\/wp\/v2\/comments?post=1044"}],"wp:featuredmedia":[{"embeddable":true,"href":"https:\/\/deliciousraw.ro\/en\/wp-json\/wp\/v2\/media\/1045"}],"wp:attachment":[{"href":"https:\/\/deliciousraw.ro\/en\/wp-json\/wp\/v2\/media?parent=1044"}],"wp:term":[{"taxonomy":"product_cat","embeddable":true,"href":"https:\/\/deliciousraw.ro\/en\/wp-json\/wp\/v2\/product_cat?post=1044"},{"taxonomy":"product_tag","embeddable":true,"href":"https:\/\/deliciousraw.ro\/en\/wp-json\/wp\/v2\/product_tag?post=1044"},{"taxonomy":"woo-feed-brand","embeddable":true,"href":"https:\/\/deliciousraw.ro\/en\/wp-json\/wp\/v2\/woo-feed-brand?post=1044"}],"curies":[{"name":"wp","href":"https:\/\/api.w.org\/{rel}","templated":true}]}}