{"id":1037,"date":"2024-08-27T15:14:25","date_gmt":"2024-08-27T12:14:25","guid":{"rendered":"https:\/\/deliciousraw.ro\/?post_type=product&#038;p=1037"},"modified":"2025-08-16T15:08:23","modified_gmt":"2025-08-16T12:08:23","slug":"prajitura-cu-mar-140-gr","status":"publish","type":"product","link":"https:\/\/deliciousraw.ro\/en\/product\/prajitura-cu-mar-140-gr\/","title":{"rendered":"PRAJITURA CU MAR 140 GR"},"content":{"rendered":"<div><strong>INGREDIENTE:<\/strong> nuc\u0103 rom\u00e2neasc\u0103, meri\u0219oare, m\u0103r, \u0219tevie, psyllium, pudr\u0103 de ardei, scor\u021bi\u0219oar\u0103, caju, l\u0103m\u00e2ie, turmeric, ulei de cocos<\/div>\n<div><\/div>\n<div><em><strong>ALERGENI: CAJU, NUC\u0102<\/strong><\/em><\/div>","protected":false},"excerpt":{"rendered":"<p>Un desert raw vegan savuros, care \u00eembin\u0103 dulcea\u021ba natural\u0103 a merelor cu nuca rom\u00e2neasc\u0103 crocant\u0103 \u0219i aroma subtil\u0103 de scor\u021bi\u0219oar\u0103. Cu ingrediente s\u0103n\u0103toase \u0219i texturi fine, acest desert este perfect pentru o gustare delicioas\u0103 \u0219i hr\u0103nitoare.<\/p>\n<p>TERMEN DE LIVRARE: 48 ore LUCRATOARE de la plasarea comenzii.<\/p>","protected":false},"featured_media":1182,"comment_status":"open","ping_status":"closed","template":"","meta":[],"product_cat":[222],"product_tag":[],"woo-feed-brand":[],"yoast_head":"<!-- This site is optimized with the Yoast SEO plugin v22.5 - https:\/\/yoast.com\/wordpress\/plugins\/seo\/ -->\n<title>PRAJITURA CU MAR 140 GR - DeliciousRaw<\/title>\n<meta name=\"robots\" content=\"index, follow, max-snippet:-1, max-image-preview:large, max-video-preview:-1\" \/>\n<link rel=\"canonical\" href=\"https:\/\/deliciousraw.ro\/en\/product\/prajitura-cu-mar-140-gr\/\" \/>\n<meta property=\"og:locale\" content=\"en_US\" \/>\n<meta property=\"og:type\" content=\"article\" \/>\n<meta property=\"og:title\" content=\"PRAJITURA CU MAR 140 GR - DeliciousRaw\" \/>\n<meta property=\"og:description\" content=\"Un desert raw vegan savuros, care \u00eembin\u0103 dulcea\u021ba natural\u0103 a merelor cu nuca rom\u00e2neasc\u0103 crocant\u0103 \u0219i aroma subtil\u0103 de scor\u021bi\u0219oar\u0103. Cu ingrediente s\u0103n\u0103toase \u0219i texturi fine, acest desert este perfect pentru o gustare delicioas\u0103 \u0219i hr\u0103nitoare.  TERMEN DE LIVRARE: 48 ore LUCRATOARE de la plasarea comenzii.\" \/>\n<meta property=\"og:url\" content=\"https:\/\/deliciousraw.ro\/en\/product\/prajitura-cu-mar-140-gr\/\" \/>\n<meta property=\"og:site_name\" content=\"DeliciousRaw\" \/>\n<meta property=\"article:modified_time\" content=\"2025-08-16T12:08:23+00:00\" \/>\n<meta property=\"og:image\" content=\"https:\/\/deliciousraw.ro\/wp-content\/uploads\/2024\/08\/20241011_113712-scaled.jpg\" \/>\n\t<meta property=\"og:image:width\" content=\"1920\" \/>\n\t<meta property=\"og:image:height\" content=\"2560\" \/>\n\t<meta property=\"og:image:type\" content=\"image\/jpeg\" \/>\n<meta name=\"twitter:card\" content=\"summary_large_image\" \/>\n<meta name=\"twitter:label1\" content=\"Est. reading time\" \/>\n\t<meta name=\"twitter:data1\" content=\"1 minute\" \/>\n<script type=\"application\/ld+json\" class=\"yoast-schema-graph\">{\"@context\":\"https:\/\/schema.org\",\"@graph\":[{\"@type\":\"WebPage\",\"@id\":\"https:\/\/deliciousraw.ro\/product\/prajitura-cu-mar-140-gr\/\",\"url\":\"https:\/\/deliciousraw.ro\/product\/prajitura-cu-mar-140-gr\/\",\"name\":\"PRAJITURA CU MAR 140 GR - DeliciousRaw\",\"isPartOf\":{\"@id\":\"https:\/\/deliciousraw.ro\/#website\"},\"primaryImageOfPage\":{\"@id\":\"https:\/\/deliciousraw.ro\/product\/prajitura-cu-mar-140-gr\/#primaryimage\"},\"image\":{\"@id\":\"https:\/\/deliciousraw.ro\/product\/prajitura-cu-mar-140-gr\/#primaryimage\"},\"thumbnailUrl\":\"https:\/\/deliciousraw.ro\/wp-content\/uploads\/2024\/08\/20241011_113712-scaled.jpg\",\"datePublished\":\"2024-08-27T12:14:25+00:00\",\"dateModified\":\"2025-08-16T12:08:23+00:00\",\"breadcrumb\":{\"@id\":\"https:\/\/deliciousraw.ro\/product\/prajitura-cu-mar-140-gr\/#breadcrumb\"},\"inLanguage\":\"en-US\",\"potentialAction\":[{\"@type\":\"ReadAction\",\"target\":[\"https:\/\/deliciousraw.ro\/product\/prajitura-cu-mar-140-gr\/\"]}]},{\"@type\":\"ImageObject\",\"inLanguage\":\"en-US\",\"@id\":\"https:\/\/deliciousraw.ro\/product\/prajitura-cu-mar-140-gr\/#primaryimage\",\"url\":\"https:\/\/deliciousraw.ro\/wp-content\/uploads\/2024\/08\/20241011_113712-scaled.jpg\",\"contentUrl\":\"https:\/\/deliciousraw.ro\/wp-content\/uploads\/2024\/08\/20241011_113712-scaled.jpg\",\"width\":1920,\"height\":2560},{\"@type\":\"BreadcrumbList\",\"@id\":\"https:\/\/deliciousraw.ro\/product\/prajitura-cu-mar-140-gr\/#breadcrumb\",\"itemListElement\":[{\"@type\":\"ListItem\",\"position\":1,\"name\":\"Prima pagin\u0103\",\"item\":\"https:\/\/deliciousraw.ro\/\"},{\"@type\":\"ListItem\",\"position\":2,\"name\":\"Shop\",\"item\":\"https:\/\/deliciousraw.ro\/shop\/\"},{\"@type\":\"ListItem\",\"position\":3,\"name\":\"PRAJITURA CU MAR 140 GR\"}]},{\"@type\":\"WebSite\",\"@id\":\"https:\/\/deliciousraw.ro\/#website\",\"url\":\"https:\/\/deliciousraw.ro\/\",\"name\":\"DeliciousRaw\",\"description\":\"Dulciuri bune raw de tot!\",\"potentialAction\":[{\"@type\":\"SearchAction\",\"target\":{\"@type\":\"EntryPoint\",\"urlTemplate\":\"https:\/\/deliciousraw.ro\/?s={search_term_string}\"},\"query-input\":\"required name=search_term_string\"}],\"inLanguage\":\"en-US\"}]}<\/script>\n<!-- \/ Yoast SEO plugin. -->","yoast_head_json":{"title":"PRAJITURA CU MAR 140 GR - DeliciousRaw","robots":{"index":"index","follow":"follow","max-snippet":"max-snippet:-1","max-image-preview":"max-image-preview:large","max-video-preview":"max-video-preview:-1"},"canonical":"https:\/\/deliciousraw.ro\/en\/product\/prajitura-cu-mar-140-gr\/","og_locale":"en_US","og_type":"article","og_title":"PRAJITURA CU MAR 140 GR - DeliciousRaw","og_description":"Un desert raw vegan savuros, care \u00eembin\u0103 dulcea\u021ba natural\u0103 a merelor cu nuca rom\u00e2neasc\u0103 crocant\u0103 \u0219i aroma subtil\u0103 de scor\u021bi\u0219oar\u0103. Cu ingrediente s\u0103n\u0103toase \u0219i texturi fine, acest desert este perfect pentru o gustare delicioas\u0103 \u0219i hr\u0103nitoare.  TERMEN DE LIVRARE: 48 ore LUCRATOARE de la plasarea comenzii.","og_url":"https:\/\/deliciousraw.ro\/en\/product\/prajitura-cu-mar-140-gr\/","og_site_name":"DeliciousRaw","article_modified_time":"2025-08-16T12:08:23+00:00","og_image":[{"width":1920,"height":2560,"url":"https:\/\/deliciousraw.ro\/wp-content\/uploads\/2024\/08\/20241011_113712-scaled.jpg","type":"image\/jpeg"}],"twitter_card":"summary_large_image","twitter_misc":{"Est. reading time":"1 minute"},"schema":{"@context":"https:\/\/schema.org","@graph":[{"@type":"WebPage","@id":"https:\/\/deliciousraw.ro\/product\/prajitura-cu-mar-140-gr\/","url":"https:\/\/deliciousraw.ro\/product\/prajitura-cu-mar-140-gr\/","name":"PRAJITURA CU MAR 140 GR - DeliciousRaw","isPartOf":{"@id":"https:\/\/deliciousraw.ro\/#website"},"primaryImageOfPage":{"@id":"https:\/\/deliciousraw.ro\/product\/prajitura-cu-mar-140-gr\/#primaryimage"},"image":{"@id":"https:\/\/deliciousraw.ro\/product\/prajitura-cu-mar-140-gr\/#primaryimage"},"thumbnailUrl":"https:\/\/deliciousraw.ro\/wp-content\/uploads\/2024\/08\/20241011_113712-scaled.jpg","datePublished":"2024-08-27T12:14:25+00:00","dateModified":"2025-08-16T12:08:23+00:00","breadcrumb":{"@id":"https:\/\/deliciousraw.ro\/product\/prajitura-cu-mar-140-gr\/#breadcrumb"},"inLanguage":"en-US","potentialAction":[{"@type":"ReadAction","target":["https:\/\/deliciousraw.ro\/product\/prajitura-cu-mar-140-gr\/"]}]},{"@type":"ImageObject","inLanguage":"en-US","@id":"https:\/\/deliciousraw.ro\/product\/prajitura-cu-mar-140-gr\/#primaryimage","url":"https:\/\/deliciousraw.ro\/wp-content\/uploads\/2024\/08\/20241011_113712-scaled.jpg","contentUrl":"https:\/\/deliciousraw.ro\/wp-content\/uploads\/2024\/08\/20241011_113712-scaled.jpg","width":1920,"height":2560},{"@type":"BreadcrumbList","@id":"https:\/\/deliciousraw.ro\/product\/prajitura-cu-mar-140-gr\/#breadcrumb","itemListElement":[{"@type":"ListItem","position":1,"name":"Prima pagin\u0103","item":"https:\/\/deliciousraw.ro\/"},{"@type":"ListItem","position":2,"name":"Shop","item":"https:\/\/deliciousraw.ro\/shop\/"},{"@type":"ListItem","position":3,"name":"PRAJITURA CU MAR 140 GR"}]},{"@type":"WebSite","@id":"https:\/\/deliciousraw.ro\/#website","url":"https:\/\/deliciousraw.ro\/","name":"DeliciousRaw","description":"Dulciuri bune raw de tot!","potentialAction":[{"@type":"SearchAction","target":{"@type":"EntryPoint","urlTemplate":"https:\/\/deliciousraw.ro\/?s={search_term_string}"},"query-input":"required name=search_term_string"}],"inLanguage":"en-US"}]}},"_links":{"self":[{"href":"https:\/\/deliciousraw.ro\/en\/wp-json\/wp\/v2\/product\/1037"}],"collection":[{"href":"https:\/\/deliciousraw.ro\/en\/wp-json\/wp\/v2\/product"}],"about":[{"href":"https:\/\/deliciousraw.ro\/en\/wp-json\/wp\/v2\/types\/product"}],"replies":[{"embeddable":true,"href":"https:\/\/deliciousraw.ro\/en\/wp-json\/wp\/v2\/comments?post=1037"}],"wp:featuredmedia":[{"embeddable":true,"href":"https:\/\/deliciousraw.ro\/en\/wp-json\/wp\/v2\/media\/1182"}],"wp:attachment":[{"href":"https:\/\/deliciousraw.ro\/en\/wp-json\/wp\/v2\/media?parent=1037"}],"wp:term":[{"taxonomy":"product_cat","embeddable":true,"href":"https:\/\/deliciousraw.ro\/en\/wp-json\/wp\/v2\/product_cat?post=1037"},{"taxonomy":"product_tag","embeddable":true,"href":"https:\/\/deliciousraw.ro\/en\/wp-json\/wp\/v2\/product_tag?post=1037"},{"taxonomy":"woo-feed-brand","embeddable":true,"href":"https:\/\/deliciousraw.ro\/en\/wp-json\/wp\/v2\/woo-feed-brand?post=1037"}],"curies":[{"name":"wp","href":"https:\/\/api.w.org\/{rel}","templated":true}]}}