{"id":1004,"date":"2024-08-18T17:09:33","date_gmt":"2024-08-18T14:09:33","guid":{"rendered":"https:\/\/deliciousraw.ro\/?post_type=product&#038;p=1004"},"modified":"2025-08-16T15:09:48","modified_gmt":"2025-08-16T12:09:48","slug":"tableta-de-ciocolata-cu-fructe-liofilizate","status":"publish","type":"product","link":"https:\/\/deliciousraw.ro\/en\/product\/tableta-de-ciocolata-cu-fructe-liofilizate\/","title":{"rendered":"TABLETA DE CIOCOLATA CU FRUCTE LIOFILIZATE-100 gr"},"content":{"rendered":"<div><strong>INGREDIENTE:<\/strong> unt de cacao, mas\u0103 de cacao, cacao natural\u0103, agave, zmeur\u0103 liofilizat\u0103, c\u0103p\u0219uni liofilizate<\/div>\n<div><\/div>\n<div><em><strong>ALERGENI: NU CON\u021aINE<\/strong><\/em><\/div>\n<div><\/div>\n<div><strong>Valori per 100g:<\/strong><\/div>\n<div>Valoare energetic\u0103: 568.12 Kcal<\/div>\n<div>Gr\u0103simi: 49.19 g<\/div>\n<div>Acizi gra\u0219i satura\u021bi: 29.47 g<\/div>\n<div>Glucide: 34.28 g; Zaharuri: 8.89 g<\/div>\n<div>Proteine: 6.37 g<\/div>\n<div>Sare: 0.73 g<\/div>","protected":false},"excerpt":{"rendered":"<p>Tableta de ciocolat\u0103 cu fructe liofilizate este un desert raw vegan decadent, combin\u00e2nd bog\u0103\u021bia ciocolatei fine cu prospe\u021bimea fructelor liofilizate. Textura crocant\u0103 \u0219i aromele intense ofer\u0103 un contrast perfect \u00eentre dulce \u0219i acri\u0219or, ideal pentru cei care caut\u0103 o gustare s\u0103n\u0103toas\u0103 \u0219i sofisticat\u0103.<\/p>\n<p>TERMEN DE LIVRARE: 48 ore LUCRATOARE de la plasarea comenzii.<\/p>","protected":false},"featured_media":1184,"comment_status":"open","ping_status":"closed","template":"","meta":[],"product_cat":[223],"product_tag":[],"woo-feed-brand":[],"yoast_head":"<!-- This site is optimized with the Yoast SEO plugin v22.5 - https:\/\/yoast.com\/wordpress\/plugins\/seo\/ -->\n<title>TABLETA DE CIOCOLATA CU FRUCTE LIOFILIZATE-100 gr - DeliciousRaw<\/title>\n<meta name=\"robots\" content=\"index, follow, max-snippet:-1, max-image-preview:large, max-video-preview:-1\" \/>\n<link rel=\"canonical\" href=\"https:\/\/deliciousraw.ro\/en\/product\/tableta-de-ciocolata-cu-fructe-liofilizate\/\" \/>\n<meta property=\"og:locale\" content=\"en_US\" \/>\n<meta property=\"og:type\" content=\"article\" \/>\n<meta property=\"og:title\" content=\"TABLETA DE CIOCOLATA CU FRUCTE LIOFILIZATE-100 gr - DeliciousRaw\" \/>\n<meta property=\"og:description\" content=\"Tableta de ciocolat\u0103 cu fructe liofilizate este un desert raw vegan decadent, combin\u00e2nd bog\u0103\u021bia ciocolatei fine cu prospe\u021bimea fructelor liofilizate. Textura crocant\u0103 \u0219i aromele intense ofer\u0103 un contrast perfect \u00eentre dulce \u0219i acri\u0219or, ideal pentru cei care caut\u0103 o gustare s\u0103n\u0103toas\u0103 \u0219i sofisticat\u0103.  TERMEN DE LIVRARE: 48 ore LUCRATOARE de la plasarea comenzii.\" \/>\n<meta property=\"og:url\" content=\"https:\/\/deliciousraw.ro\/en\/product\/tableta-de-ciocolata-cu-fructe-liofilizate\/\" \/>\n<meta property=\"og:site_name\" content=\"DeliciousRaw\" \/>\n<meta property=\"article:modified_time\" content=\"2025-08-16T12:09:48+00:00\" \/>\n<meta property=\"og:image\" content=\"https:\/\/deliciousraw.ro\/wp-content\/uploads\/2024\/08\/20240930_100715-scaled.jpg\" \/>\n\t<meta property=\"og:image:width\" content=\"1920\" \/>\n\t<meta property=\"og:image:height\" content=\"2560\" \/>\n\t<meta property=\"og:image:type\" content=\"image\/jpeg\" \/>\n<meta name=\"twitter:card\" content=\"summary_large_image\" \/>\n<meta name=\"twitter:label1\" content=\"Est. reading time\" \/>\n\t<meta name=\"twitter:data1\" content=\"1 minute\" \/>\n<script type=\"application\/ld+json\" class=\"yoast-schema-graph\">{\"@context\":\"https:\/\/schema.org\",\"@graph\":[{\"@type\":\"WebPage\",\"@id\":\"https:\/\/deliciousraw.ro\/product\/tableta-de-ciocolata-cu-fructe-liofilizate\/\",\"url\":\"https:\/\/deliciousraw.ro\/product\/tableta-de-ciocolata-cu-fructe-liofilizate\/\",\"name\":\"TABLETA DE CIOCOLATA CU FRUCTE LIOFILIZATE-100 gr - DeliciousRaw\",\"isPartOf\":{\"@id\":\"https:\/\/deliciousraw.ro\/#website\"},\"primaryImageOfPage\":{\"@id\":\"https:\/\/deliciousraw.ro\/product\/tableta-de-ciocolata-cu-fructe-liofilizate\/#primaryimage\"},\"image\":{\"@id\":\"https:\/\/deliciousraw.ro\/product\/tableta-de-ciocolata-cu-fructe-liofilizate\/#primaryimage\"},\"thumbnailUrl\":\"https:\/\/deliciousraw.ro\/wp-content\/uploads\/2024\/08\/20240930_100715-scaled.jpg\",\"datePublished\":\"2024-08-18T14:09:33+00:00\",\"dateModified\":\"2025-08-16T12:09:48+00:00\",\"breadcrumb\":{\"@id\":\"https:\/\/deliciousraw.ro\/product\/tableta-de-ciocolata-cu-fructe-liofilizate\/#breadcrumb\"},\"inLanguage\":\"en-US\",\"potentialAction\":[{\"@type\":\"ReadAction\",\"target\":[\"https:\/\/deliciousraw.ro\/product\/tableta-de-ciocolata-cu-fructe-liofilizate\/\"]}]},{\"@type\":\"ImageObject\",\"inLanguage\":\"en-US\",\"@id\":\"https:\/\/deliciousraw.ro\/product\/tableta-de-ciocolata-cu-fructe-liofilizate\/#primaryimage\",\"url\":\"https:\/\/deliciousraw.ro\/wp-content\/uploads\/2024\/08\/20240930_100715-scaled.jpg\",\"contentUrl\":\"https:\/\/deliciousraw.ro\/wp-content\/uploads\/2024\/08\/20240930_100715-scaled.jpg\",\"width\":1920,\"height\":2560},{\"@type\":\"BreadcrumbList\",\"@id\":\"https:\/\/deliciousraw.ro\/product\/tableta-de-ciocolata-cu-fructe-liofilizate\/#breadcrumb\",\"itemListElement\":[{\"@type\":\"ListItem\",\"position\":1,\"name\":\"Prima pagin\u0103\",\"item\":\"https:\/\/deliciousraw.ro\/\"},{\"@type\":\"ListItem\",\"position\":2,\"name\":\"Shop\",\"item\":\"https:\/\/deliciousraw.ro\/shop\/\"},{\"@type\":\"ListItem\",\"position\":3,\"name\":\"TABLETA DE CIOCOLATA CU FRUCTE LIOFILIZATE-100 gr\"}]},{\"@type\":\"WebSite\",\"@id\":\"https:\/\/deliciousraw.ro\/#website\",\"url\":\"https:\/\/deliciousraw.ro\/\",\"name\":\"DeliciousRaw\",\"description\":\"Dulciuri bune raw de tot!\",\"potentialAction\":[{\"@type\":\"SearchAction\",\"target\":{\"@type\":\"EntryPoint\",\"urlTemplate\":\"https:\/\/deliciousraw.ro\/?s={search_term_string}\"},\"query-input\":\"required name=search_term_string\"}],\"inLanguage\":\"en-US\"}]}<\/script>\n<!-- \/ Yoast SEO plugin. -->","yoast_head_json":{"title":"TABLETA DE CIOCOLATA CU FRUCTE LIOFILIZATE-100 gr - DeliciousRaw","robots":{"index":"index","follow":"follow","max-snippet":"max-snippet:-1","max-image-preview":"max-image-preview:large","max-video-preview":"max-video-preview:-1"},"canonical":"https:\/\/deliciousraw.ro\/en\/product\/tableta-de-ciocolata-cu-fructe-liofilizate\/","og_locale":"en_US","og_type":"article","og_title":"TABLETA DE CIOCOLATA CU FRUCTE LIOFILIZATE-100 gr - DeliciousRaw","og_description":"Tableta de ciocolat\u0103 cu fructe liofilizate este un desert raw vegan decadent, combin\u00e2nd bog\u0103\u021bia ciocolatei fine cu prospe\u021bimea fructelor liofilizate. Textura crocant\u0103 \u0219i aromele intense ofer\u0103 un contrast perfect \u00eentre dulce \u0219i acri\u0219or, ideal pentru cei care caut\u0103 o gustare s\u0103n\u0103toas\u0103 \u0219i sofisticat\u0103.  TERMEN DE LIVRARE: 48 ore LUCRATOARE de la plasarea comenzii.","og_url":"https:\/\/deliciousraw.ro\/en\/product\/tableta-de-ciocolata-cu-fructe-liofilizate\/","og_site_name":"DeliciousRaw","article_modified_time":"2025-08-16T12:09:48+00:00","og_image":[{"width":1920,"height":2560,"url":"https:\/\/deliciousraw.ro\/wp-content\/uploads\/2024\/08\/20240930_100715-scaled.jpg","type":"image\/jpeg"}],"twitter_card":"summary_large_image","twitter_misc":{"Est. reading time":"1 minute"},"schema":{"@context":"https:\/\/schema.org","@graph":[{"@type":"WebPage","@id":"https:\/\/deliciousraw.ro\/product\/tableta-de-ciocolata-cu-fructe-liofilizate\/","url":"https:\/\/deliciousraw.ro\/product\/tableta-de-ciocolata-cu-fructe-liofilizate\/","name":"TABLETA DE CIOCOLATA CU FRUCTE LIOFILIZATE-100 gr - DeliciousRaw","isPartOf":{"@id":"https:\/\/deliciousraw.ro\/#website"},"primaryImageOfPage":{"@id":"https:\/\/deliciousraw.ro\/product\/tableta-de-ciocolata-cu-fructe-liofilizate\/#primaryimage"},"image":{"@id":"https:\/\/deliciousraw.ro\/product\/tableta-de-ciocolata-cu-fructe-liofilizate\/#primaryimage"},"thumbnailUrl":"https:\/\/deliciousraw.ro\/wp-content\/uploads\/2024\/08\/20240930_100715-scaled.jpg","datePublished":"2024-08-18T14:09:33+00:00","dateModified":"2025-08-16T12:09:48+00:00","breadcrumb":{"@id":"https:\/\/deliciousraw.ro\/product\/tableta-de-ciocolata-cu-fructe-liofilizate\/#breadcrumb"},"inLanguage":"en-US","potentialAction":[{"@type":"ReadAction","target":["https:\/\/deliciousraw.ro\/product\/tableta-de-ciocolata-cu-fructe-liofilizate\/"]}]},{"@type":"ImageObject","inLanguage":"en-US","@id":"https:\/\/deliciousraw.ro\/product\/tableta-de-ciocolata-cu-fructe-liofilizate\/#primaryimage","url":"https:\/\/deliciousraw.ro\/wp-content\/uploads\/2024\/08\/20240930_100715-scaled.jpg","contentUrl":"https:\/\/deliciousraw.ro\/wp-content\/uploads\/2024\/08\/20240930_100715-scaled.jpg","width":1920,"height":2560},{"@type":"BreadcrumbList","@id":"https:\/\/deliciousraw.ro\/product\/tableta-de-ciocolata-cu-fructe-liofilizate\/#breadcrumb","itemListElement":[{"@type":"ListItem","position":1,"name":"Prima pagin\u0103","item":"https:\/\/deliciousraw.ro\/"},{"@type":"ListItem","position":2,"name":"Shop","item":"https:\/\/deliciousraw.ro\/shop\/"},{"@type":"ListItem","position":3,"name":"TABLETA DE CIOCOLATA CU FRUCTE LIOFILIZATE-100 gr"}]},{"@type":"WebSite","@id":"https:\/\/deliciousraw.ro\/#website","url":"https:\/\/deliciousraw.ro\/","name":"DeliciousRaw","description":"Dulciuri bune raw de tot!","potentialAction":[{"@type":"SearchAction","target":{"@type":"EntryPoint","urlTemplate":"https:\/\/deliciousraw.ro\/?s={search_term_string}"},"query-input":"required name=search_term_string"}],"inLanguage":"en-US"}]}},"_links":{"self":[{"href":"https:\/\/deliciousraw.ro\/en\/wp-json\/wp\/v2\/product\/1004"}],"collection":[{"href":"https:\/\/deliciousraw.ro\/en\/wp-json\/wp\/v2\/product"}],"about":[{"href":"https:\/\/deliciousraw.ro\/en\/wp-json\/wp\/v2\/types\/product"}],"replies":[{"embeddable":true,"href":"https:\/\/deliciousraw.ro\/en\/wp-json\/wp\/v2\/comments?post=1004"}],"wp:featuredmedia":[{"embeddable":true,"href":"https:\/\/deliciousraw.ro\/en\/wp-json\/wp\/v2\/media\/1184"}],"wp:attachment":[{"href":"https:\/\/deliciousraw.ro\/en\/wp-json\/wp\/v2\/media?parent=1004"}],"wp:term":[{"taxonomy":"product_cat","embeddable":true,"href":"https:\/\/deliciousraw.ro\/en\/wp-json\/wp\/v2\/product_cat?post=1004"},{"taxonomy":"product_tag","embeddable":true,"href":"https:\/\/deliciousraw.ro\/en\/wp-json\/wp\/v2\/product_tag?post=1004"},{"taxonomy":"woo-feed-brand","embeddable":true,"href":"https:\/\/deliciousraw.ro\/en\/wp-json\/wp\/v2\/woo-feed-brand?post=1004"}],"curies":[{"name":"wp","href":"https:\/\/api.w.org\/{rel}","templated":true}]}}