{"id":1002,"date":"2024-08-18T15:03:33","date_gmt":"2024-08-18T12:03:33","guid":{"rendered":"https:\/\/deliciousraw.ro\/?post_type=product&#038;p=1002"},"modified":"2025-08-16T15:10:37","modified_gmt":"2025-08-16T12:10:37","slug":"browntie","status":"publish","type":"product","link":"https:\/\/deliciousraw.ro\/en\/product\/browntie\/","title":{"rendered":"BROWNTIE 100 gr"},"content":{"rendered":"<div><strong>INGREDIENTE:<\/strong> nuc\u0103 de cocos, lapte de cocos, ulei de cocos, agave, mas\u0103 de cacao, cacao natural\u0103, unt de cacao<\/div>\n<div><\/div>\n<div><em><strong>ALERGENI: NU CON\u021aINE<\/strong><\/em><\/div>\n<div><\/div>\n<div><strong>Valori nutri\u021bionale\/por\u021bie (100g):<\/strong><\/div>\n<div>Valoare energetic\u0103: 2269.55 Kj \/ 542.44 KCal<\/div>\n<div>Gr\u0103simi: 51.26 g<\/div>\n<div>Acizi gra\u0219i satura\u021bi: 38.83 g<\/div>\n<div>Glucide: 18.16 g; Zaharuri: 3.08 g<\/div>\n<div>Proteine: 5.26 g<\/div>\n<div>Sare: 0.39 g<\/div>","protected":false},"excerpt":{"rendered":"<p>Browntie este varianta raw vegan inspirat\u0103 din clasicul Bounty, combin\u00e2nd nuca de cocos cremoas\u0103 cu ciocolata fin\u0103. Acest desert decadent ofer\u0103 un echilibru perfect \u00eentre dulcea\u021ba natural\u0103 \u0219i textura bogat\u0103, ideal pentru iubitorii de gusturi tropicale \u0219i s\u0103n\u0103toase.<\/p>\n<p>TERMEN DE LIVRARE: 48 ore LUCRATOARE de la plasarea comenzii.<\/p>","protected":false},"featured_media":1418,"comment_status":"open","ping_status":"closed","template":"","meta":[],"product_cat":[223],"product_tag":[],"woo-feed-brand":[],"yoast_head":"<!-- This site is optimized with the Yoast SEO plugin v22.5 - https:\/\/yoast.com\/wordpress\/plugins\/seo\/ -->\n<title>BROWNTIE 100 gr - DeliciousRaw<\/title>\n<meta name=\"robots\" content=\"index, follow, max-snippet:-1, max-image-preview:large, max-video-preview:-1\" \/>\n<link rel=\"canonical\" href=\"https:\/\/deliciousraw.ro\/en\/product\/browntie\/\" \/>\n<meta property=\"og:locale\" content=\"en_US\" \/>\n<meta property=\"og:type\" content=\"article\" \/>\n<meta property=\"og:title\" content=\"BROWNTIE 100 gr - DeliciousRaw\" \/>\n<meta property=\"og:description\" content=\"Browntie este varianta raw vegan inspirat\u0103 din clasicul Bounty, combin\u00e2nd nuca de cocos cremoas\u0103 cu ciocolata fin\u0103. Acest desert decadent ofer\u0103 un echilibru perfect \u00eentre dulcea\u021ba natural\u0103 \u0219i textura bogat\u0103, ideal pentru iubitorii de gusturi tropicale \u0219i s\u0103n\u0103toase.  TERMEN DE LIVRARE: 48 ore LUCRATOARE de la plasarea comenzii.\" \/>\n<meta property=\"og:url\" content=\"https:\/\/deliciousraw.ro\/en\/product\/browntie\/\" \/>\n<meta property=\"og:site_name\" content=\"DeliciousRaw\" \/>\n<meta property=\"article:modified_time\" content=\"2025-08-16T12:10:37+00:00\" \/>\n<meta property=\"og:image\" content=\"https:\/\/deliciousraw.ro\/wp-content\/uploads\/2024\/08\/WhatsApp-Image-2025-01-23-at-09.24.19.jpeg\" \/>\n\t<meta property=\"og:image:width\" content=\"1500\" \/>\n\t<meta property=\"og:image:height\" content=\"2000\" \/>\n\t<meta property=\"og:image:type\" content=\"image\/jpeg\" \/>\n<meta name=\"twitter:card\" content=\"summary_large_image\" \/>\n<meta name=\"twitter:label1\" content=\"Est. reading time\" \/>\n\t<meta name=\"twitter:data1\" content=\"1 minute\" \/>\n<script type=\"application\/ld+json\" class=\"yoast-schema-graph\">{\"@context\":\"https:\/\/schema.org\",\"@graph\":[{\"@type\":\"WebPage\",\"@id\":\"https:\/\/deliciousraw.ro\/product\/browntie\/\",\"url\":\"https:\/\/deliciousraw.ro\/product\/browntie\/\",\"name\":\"BROWNTIE 100 gr - DeliciousRaw\",\"isPartOf\":{\"@id\":\"https:\/\/deliciousraw.ro\/#website\"},\"primaryImageOfPage\":{\"@id\":\"https:\/\/deliciousraw.ro\/product\/browntie\/#primaryimage\"},\"image\":{\"@id\":\"https:\/\/deliciousraw.ro\/product\/browntie\/#primaryimage\"},\"thumbnailUrl\":\"https:\/\/deliciousraw.ro\/wp-content\/uploads\/2024\/08\/WhatsApp-Image-2025-01-23-at-09.24.19.jpeg\",\"datePublished\":\"2024-08-18T12:03:33+00:00\",\"dateModified\":\"2025-08-16T12:10:37+00:00\",\"breadcrumb\":{\"@id\":\"https:\/\/deliciousraw.ro\/product\/browntie\/#breadcrumb\"},\"inLanguage\":\"en-US\",\"potentialAction\":[{\"@type\":\"ReadAction\",\"target\":[\"https:\/\/deliciousraw.ro\/product\/browntie\/\"]}]},{\"@type\":\"ImageObject\",\"inLanguage\":\"en-US\",\"@id\":\"https:\/\/deliciousraw.ro\/product\/browntie\/#primaryimage\",\"url\":\"https:\/\/deliciousraw.ro\/wp-content\/uploads\/2024\/08\/WhatsApp-Image-2025-01-23-at-09.24.19.jpeg\",\"contentUrl\":\"https:\/\/deliciousraw.ro\/wp-content\/uploads\/2024\/08\/WhatsApp-Image-2025-01-23-at-09.24.19.jpeg\",\"width\":1500,\"height\":2000},{\"@type\":\"BreadcrumbList\",\"@id\":\"https:\/\/deliciousraw.ro\/product\/browntie\/#breadcrumb\",\"itemListElement\":[{\"@type\":\"ListItem\",\"position\":1,\"name\":\"Prima pagin\u0103\",\"item\":\"https:\/\/deliciousraw.ro\/\"},{\"@type\":\"ListItem\",\"position\":2,\"name\":\"Shop\",\"item\":\"https:\/\/deliciousraw.ro\/shop\/\"},{\"@type\":\"ListItem\",\"position\":3,\"name\":\"BROWNTIE 100 gr\"}]},{\"@type\":\"WebSite\",\"@id\":\"https:\/\/deliciousraw.ro\/#website\",\"url\":\"https:\/\/deliciousraw.ro\/\",\"name\":\"DeliciousRaw\",\"description\":\"Dulciuri bune raw de tot!\",\"potentialAction\":[{\"@type\":\"SearchAction\",\"target\":{\"@type\":\"EntryPoint\",\"urlTemplate\":\"https:\/\/deliciousraw.ro\/?s={search_term_string}\"},\"query-input\":\"required name=search_term_string\"}],\"inLanguage\":\"en-US\"}]}<\/script>\n<!-- \/ Yoast SEO plugin. -->","yoast_head_json":{"title":"BROWNTIE 100 gr - DeliciousRaw","robots":{"index":"index","follow":"follow","max-snippet":"max-snippet:-1","max-image-preview":"max-image-preview:large","max-video-preview":"max-video-preview:-1"},"canonical":"https:\/\/deliciousraw.ro\/en\/product\/browntie\/","og_locale":"en_US","og_type":"article","og_title":"BROWNTIE 100 gr - DeliciousRaw","og_description":"Browntie este varianta raw vegan inspirat\u0103 din clasicul Bounty, combin\u00e2nd nuca de cocos cremoas\u0103 cu ciocolata fin\u0103. Acest desert decadent ofer\u0103 un echilibru perfect \u00eentre dulcea\u021ba natural\u0103 \u0219i textura bogat\u0103, ideal pentru iubitorii de gusturi tropicale \u0219i s\u0103n\u0103toase.  TERMEN DE LIVRARE: 48 ore LUCRATOARE de la plasarea comenzii.","og_url":"https:\/\/deliciousraw.ro\/en\/product\/browntie\/","og_site_name":"DeliciousRaw","article_modified_time":"2025-08-16T12:10:37+00:00","og_image":[{"width":1500,"height":2000,"url":"https:\/\/deliciousraw.ro\/wp-content\/uploads\/2024\/08\/WhatsApp-Image-2025-01-23-at-09.24.19.jpeg","type":"image\/jpeg"}],"twitter_card":"summary_large_image","twitter_misc":{"Est. reading time":"1 minute"},"schema":{"@context":"https:\/\/schema.org","@graph":[{"@type":"WebPage","@id":"https:\/\/deliciousraw.ro\/product\/browntie\/","url":"https:\/\/deliciousraw.ro\/product\/browntie\/","name":"BROWNTIE 100 gr - DeliciousRaw","isPartOf":{"@id":"https:\/\/deliciousraw.ro\/#website"},"primaryImageOfPage":{"@id":"https:\/\/deliciousraw.ro\/product\/browntie\/#primaryimage"},"image":{"@id":"https:\/\/deliciousraw.ro\/product\/browntie\/#primaryimage"},"thumbnailUrl":"https:\/\/deliciousraw.ro\/wp-content\/uploads\/2024\/08\/WhatsApp-Image-2025-01-23-at-09.24.19.jpeg","datePublished":"2024-08-18T12:03:33+00:00","dateModified":"2025-08-16T12:10:37+00:00","breadcrumb":{"@id":"https:\/\/deliciousraw.ro\/product\/browntie\/#breadcrumb"},"inLanguage":"en-US","potentialAction":[{"@type":"ReadAction","target":["https:\/\/deliciousraw.ro\/product\/browntie\/"]}]},{"@type":"ImageObject","inLanguage":"en-US","@id":"https:\/\/deliciousraw.ro\/product\/browntie\/#primaryimage","url":"https:\/\/deliciousraw.ro\/wp-content\/uploads\/2024\/08\/WhatsApp-Image-2025-01-23-at-09.24.19.jpeg","contentUrl":"https:\/\/deliciousraw.ro\/wp-content\/uploads\/2024\/08\/WhatsApp-Image-2025-01-23-at-09.24.19.jpeg","width":1500,"height":2000},{"@type":"BreadcrumbList","@id":"https:\/\/deliciousraw.ro\/product\/browntie\/#breadcrumb","itemListElement":[{"@type":"ListItem","position":1,"name":"Prima pagin\u0103","item":"https:\/\/deliciousraw.ro\/"},{"@type":"ListItem","position":2,"name":"Shop","item":"https:\/\/deliciousraw.ro\/shop\/"},{"@type":"ListItem","position":3,"name":"BROWNTIE 100 gr"}]},{"@type":"WebSite","@id":"https:\/\/deliciousraw.ro\/#website","url":"https:\/\/deliciousraw.ro\/","name":"DeliciousRaw","description":"Dulciuri bune raw de tot!","potentialAction":[{"@type":"SearchAction","target":{"@type":"EntryPoint","urlTemplate":"https:\/\/deliciousraw.ro\/?s={search_term_string}"},"query-input":"required name=search_term_string"}],"inLanguage":"en-US"}]}},"_links":{"self":[{"href":"https:\/\/deliciousraw.ro\/en\/wp-json\/wp\/v2\/product\/1002"}],"collection":[{"href":"https:\/\/deliciousraw.ro\/en\/wp-json\/wp\/v2\/product"}],"about":[{"href":"https:\/\/deliciousraw.ro\/en\/wp-json\/wp\/v2\/types\/product"}],"replies":[{"embeddable":true,"href":"https:\/\/deliciousraw.ro\/en\/wp-json\/wp\/v2\/comments?post=1002"}],"wp:featuredmedia":[{"embeddable":true,"href":"https:\/\/deliciousraw.ro\/en\/wp-json\/wp\/v2\/media\/1418"}],"wp:attachment":[{"href":"https:\/\/deliciousraw.ro\/en\/wp-json\/wp\/v2\/media?parent=1002"}],"wp:term":[{"taxonomy":"product_cat","embeddable":true,"href":"https:\/\/deliciousraw.ro\/en\/wp-json\/wp\/v2\/product_cat?post=1002"},{"taxonomy":"product_tag","embeddable":true,"href":"https:\/\/deliciousraw.ro\/en\/wp-json\/wp\/v2\/product_tag?post=1002"},{"taxonomy":"woo-feed-brand","embeddable":true,"href":"https:\/\/deliciousraw.ro\/en\/wp-json\/wp\/v2\/woo-feed-brand?post=1002"}],"curies":[{"name":"wp","href":"https:\/\/api.w.org\/{rel}","templated":true}]}}