{"id":94,"date":"2021-01-28T14:45:07","date_gmt":"2021-01-28T14:45:07","guid":{"rendered":"http:\/\/deliciousraw.ro\/?page_id=94"},"modified":"2024-11-25T11:32:21","modified_gmt":"2024-11-25T09:32:21","slug":"contact","status":"publish","type":"page","link":"https:\/\/deliciousraw.ro\/en\/contact\/","title":{"rendered":"Contact"},"content":{"rendered":"<div id=\"text-1288519280\" class=\"text\">\n\t\t\n\n<h1 class=\"uppercase\" style=\"text-align: center;\">contact<\/h1>\n\t\t\n<style>\n#text-1288519280 {\n  color: rgb(195, 199, 200);\n}\n#text-1288519280 > * {\n  color: rgb(195, 199, 200);\n}\n<\/style>\n\t<\/div>\n\t\n\t<div id=\"gap-110621555\" class=\"gap-element clearfix\" style=\"display:block; height:auto;\">\n\t\t\n<style>\n#gap-110621555 {\n  padding-top: 30px;\n}\n<\/style>\n\t<\/div>\n\t\n\n<div class=\"row\"  id=\"row-851924247\">\n\n\n\t<div id=\"col-713614839\" class=\"col medium-6 small-12 large-6\"  >\n\t\t\t\t<div class=\"col-inner\"  >\n\t\t\t\n\t\t\t\n\n\t<div id=\"text-1880864915\" class=\"text\">\n\t\t\n\n<h2><strong>Delicious Raw &#8211; Weiss<\/strong><\/h2>\n\t\t\n<style>\n#text-1880864915 {\n  color: rgb(0, 0, 0);\n}\n#text-1880864915 > * {\n  color: rgb(0, 0, 0);\n}\n<\/style>\n\t<\/div>\n\t\n\t<div id=\"text-1389964636\" class=\"text\">\n\t\t\n\n<h3><strong>Program:<\/strong><\/h3>\n<p>Luni &#8211; \u00cenchis<br \/>Mar\u021bi &#8211; Duminic\u0103 &#8211; 12:00 &#8211; 19:00<\/p>\n\t\t\n<style>\n#text-1389964636 {\n  font-size: 1.75rem;\n  color: rgb(0,0,0);\n}\n#text-1389964636 > * {\n  color: rgb(0,0,0);\n}\n<\/style>\n\t<\/div>\n\t\n\t<div id=\"text-3753407112\" class=\"text\">\n\t\t\n\n<h3>Locatie:<\/h3>\n<p>Strada Michael Weiss Nr. 12<\/p>\n\t\t\n<style>\n#text-3753407112 {\n  font-size: 1.75rem;\n  color: rgb(0,0,0);\n}\n#text-3753407112 > * {\n  color: rgb(0,0,0);\n}\n<\/style>\n\t<\/div>\n\t\n\n\t\t<\/div>\n\t\t\t\t\t<\/div>\n\n\t\n\n\t<div id=\"col-452275848\" class=\"col medium-6 small-12 large-6\"  >\n\t\t\t\t<div class=\"col-inner\"  >\n\t\t\t\n\t\t\t\n\n\t<div id=\"text-2344879715\" class=\"text\">\n\t\t\n\n<h2><strong>Delicious Raw Lab &#8211; Balcescu<\/strong><\/h2>\n\t\t\n<style>\n#text-2344879715 {\n  color: rgb(0, 0, 0);\n}\n#text-2344879715 > * {\n  color: rgb(0, 0, 0);\n}\n<\/style>\n\t<\/div>\n\t\n\t<div id=\"text-2124320347\" class=\"text\">\n\t\t\n\n<h3>Program<\/h3>\n<p>Luni &#8211; Vineri:\u00a08:00 &#8211; 16:00<br \/>S\u00e2mb\u0103t\u0103 &#8211; Duminic\u0103: \u00cenchis<br \/><br \/><\/p>\n\t\t\n<style>\n#text-2124320347 {\n  font-size: 1.75rem;\n  color: rgb(0,0,0);\n}\n#text-2124320347 > * {\n  color: rgb(0,0,0);\n}\n<\/style>\n\t<\/div>\n\t\n\t<div id=\"text-156913104\" class=\"text\">\n\t\t\n\n<h3>Locatie:<\/h3>\n<p>Strada Nicolae Balcescu Nr. 49<\/p>\n\t\t\n<style>\n#text-156913104 {\n  font-size: 1.75rem;\n  color: rgb(0,0,0);\n}\n#text-156913104 > * {\n  color: rgb(0,0,0);\n}\n<\/style>\n\t<\/div>\n\t\n\n\t\t<\/div>\n\t\t\t\t\t<\/div>\n\n\t\n\n<\/div>\n<div class=\"row\"  id=\"row-87327680\">\n\n\n\t<div id=\"col-1735731785\" class=\"col medium-6 small-12 large-6\"  >\n\t\t\t\t<div class=\"col-inner\"  >\n\t\t\t\n\t\t\t\n\n<p style=\"text-align: left;\">Telefon: 0741 580198<\/p>\n<p style=\"text-align: left;\">Email: contact@deliciousraw.ro<\/p>\n\n\t\t<\/div>\n\t\t\t\t\t<\/div>\n\n\t\n\n\t<div id=\"col-1547597545\" class=\"col medium-6 small-12 large-6\"  >\n\t\t\t\t<div class=\"col-inner\"  >\n\t\t\t\n\t\t\t\n\n<p style=\"text-align: left;\">Telefon: 0741 580198<\/p>\n<p style=\"text-align: left;\">Email: contact@deliciousraw.ro<\/p>\n\n\t\t<\/div>\n\t\t\t\t\t<\/div>\n\n\t\n\n<\/div>\n<div class=\"social-icons follow-icons full-width text-center\" style=\"font-size:121%\"><a href=\"https:\/\/www.facebook.com\/deliciousraw.bv\" target=\"_blank\" data-label=\"Facebook\" class=\"icon button circle is-outline facebook tooltip\" title=\"Follow on Facebook\" aria-label=\"Follow on Facebook\" rel=\"noopener nofollow\" ><i class=\"icon-facebook\" ><\/i><\/a><a href=\"https:\/\/www.instagram.com\/deliciousrawbv\/\" target=\"_blank\" data-label=\"Instagram\" class=\"icon button circle is-outline instagram tooltip\" title=\"Follow on Instagram\" aria-label=\"Follow on Instagram\" rel=\"noopener nofollow\" ><i class=\"icon-instagram\" ><\/i><\/a><a href=\"mailto:contact@deliciousraw.ro\" data-label=\"E-mail\" target=\"_blank\" class=\"icon button circle is-outline email tooltip\" title=\"Send us an email\" aria-label=\"Send us an email\" rel=\"nofollow noopener\" ><i class=\"icon-envelop\" ><\/i><\/a><\/div>\n\n<div class=\"row\"  id=\"row-633193126\">\n\n\n\t<div id=\"col-209803733\" class=\"col medium-6 small-12 large-6\"  >\n\t\t\t\t<div class=\"col-inner\"  >\n\t\t\t\n\t\t\t\n\n<h2>Locatii<\/h2>\n<p><iframe loading=\"lazy\" style=\"border: 0;\" tabindex=\"0\" src=\"https:\/\/www.google.com\/maps\/embed?pb=!1m14!1m8!1m3!1d11157.445971858542!2d25.5906995!3d45.6435618!3m2!1i1024!2i768!4f13.1!3m3!1m2!1s0x0%3A0x47aad0b5de146ac5!2sDelicious%20Raw!5e0!3m2!1sro!2sro!4v1613215892233!5m2!1sro!2sro\" width=\"400\" height=\"350\" frameborder=\"0\" allowfullscreen=\"allowfullscreen\" aria-hidden=\"false\"><\/iframe><\/p>\n<h3>Delicious Raw<\/h3>\n<p>Str. Strada Michael Weiss 12, Bra\u0219ov<\/p>\n\n\t\t<\/div>\n\t\t\t\t\t<\/div>\n\n\t\n\n\t<div id=\"col-1443940110\" class=\"col medium-5 small-12 large-5\"  >\n\t\t\t\t<div class=\"col-inner\"  >\n\t\t\t\n\t\t\t\n\n\t<div id=\"gap-1152897973\" class=\"gap-element clearfix\" style=\"display:block; height:auto;\">\n\t\t\n<style>\n#gap-1152897973 {\n  padding-top: 46px;\n}\n<\/style>\n\t<\/div>\n\t\n\n<p><iframe loading=\"lazy\" style=\"border: 0;\" tabindex=\"0\" src=\"https:\/\/www.google.com\/maps\/embed?pb=!1m18!1m12!1m3!1d2789.402540317373!2d25.593001615563438!3d45.642737379103444!2m3!1f0!2f0!3f0!3m2!1i1024!2i768!4f13.1!3m3!1m2!1s0x40b35b7c73da3813%3A0x8d217a5b6a2462fc!2sStrada%20Nicolae%20B%C4%83lcescu%2049%2C%20Bra%C8%99ov%20500019!5e0!3m2!1sro!2sro!4v1613647301213!5m2!1sro!2sro\" width=\"400\" height=\"350\" frameborder=\"0\" allowfullscreen=\"allowfullscreen\" aria-hidden=\"false\"><\/iframe><\/p>\n<h3>Delicious Raw Lab<\/h3>\n<p>Str. Strada Nicolae B\u0103lcescu 49, Bra\u0219ov<\/p>\n\n\t\t<\/div>\n\t\t\t\t\t<\/div>\n\n\t\n\n<\/div>","protected":false},"excerpt":{"rendered":"","protected":false},"author":4,"featured_media":0,"parent":0,"menu_order":0,"comment_status":"closed","ping_status":"closed","template":"page-blank.php","meta":{"footnotes":""},"yoast_head":"<!-- This site is optimized with the Yoast SEO plugin v22.5 - https:\/\/yoast.com\/wordpress\/plugins\/seo\/ -->\n<title>Contact - DeliciousRaw<\/title>\n<meta name=\"robots\" content=\"index, follow, max-snippet:-1, max-image-preview:large, max-video-preview:-1\" \/>\n<link rel=\"canonical\" href=\"https:\/\/deliciousraw.ro\/en\/contact\/\" \/>\n<meta property=\"og:locale\" content=\"en_US\" \/>\n<meta property=\"og:type\" content=\"article\" \/>\n<meta property=\"og:title\" content=\"Contact - DeliciousRaw\" \/>\n<meta property=\"og:url\" content=\"https:\/\/deliciousraw.ro\/en\/contact\/\" \/>\n<meta property=\"og:site_name\" content=\"DeliciousRaw\" \/>\n<meta property=\"article:modified_time\" content=\"2024-11-25T09:32:21+00:00\" \/>\n<meta name=\"twitter:card\" content=\"summary_large_image\" \/>\n<meta name=\"twitter:label1\" content=\"Est. reading time\" \/>\n\t<meta name=\"twitter:data1\" content=\"1 minute\" \/>\n<script type=\"application\/ld+json\" class=\"yoast-schema-graph\">{\"@context\":\"https:\/\/schema.org\",\"@graph\":[{\"@type\":\"WebPage\",\"@id\":\"https:\/\/deliciousraw.ro\/contact\/\",\"url\":\"https:\/\/deliciousraw.ro\/contact\/\",\"name\":\"Contact - DeliciousRaw\",\"isPartOf\":{\"@id\":\"https:\/\/deliciousraw.ro\/#website\"},\"datePublished\":\"2021-01-28T14:45:07+00:00\",\"dateModified\":\"2024-11-25T09:32:21+00:00\",\"breadcrumb\":{\"@id\":\"https:\/\/deliciousraw.ro\/contact\/#breadcrumb\"},\"inLanguage\":\"en-US\",\"potentialAction\":[{\"@type\":\"ReadAction\",\"target\":[\"https:\/\/deliciousraw.ro\/contact\/\"]}]},{\"@type\":\"BreadcrumbList\",\"@id\":\"https:\/\/deliciousraw.ro\/contact\/#breadcrumb\",\"itemListElement\":[{\"@type\":\"ListItem\",\"position\":1,\"name\":\"Prima pagin\u0103\",\"item\":\"https:\/\/deliciousraw.ro\/\"},{\"@type\":\"ListItem\",\"position\":2,\"name\":\"Contact\"}]},{\"@type\":\"WebSite\",\"@id\":\"https:\/\/deliciousraw.ro\/#website\",\"url\":\"https:\/\/deliciousraw.ro\/\",\"name\":\"DeliciousRaw\",\"description\":\"Dulciuri bune raw de tot!\",\"potentialAction\":[{\"@type\":\"SearchAction\",\"target\":{\"@type\":\"EntryPoint\",\"urlTemplate\":\"https:\/\/deliciousraw.ro\/?s={search_term_string}\"},\"query-input\":\"required name=search_term_string\"}],\"inLanguage\":\"en-US\"}]}<\/script>\n<!-- \/ Yoast SEO plugin. -->","yoast_head_json":{"title":"Contact - DeliciousRaw","robots":{"index":"index","follow":"follow","max-snippet":"max-snippet:-1","max-image-preview":"max-image-preview:large","max-video-preview":"max-video-preview:-1"},"canonical":"https:\/\/deliciousraw.ro\/en\/contact\/","og_locale":"en_US","og_type":"article","og_title":"Contact - DeliciousRaw","og_url":"https:\/\/deliciousraw.ro\/en\/contact\/","og_site_name":"DeliciousRaw","article_modified_time":"2024-11-25T09:32:21+00:00","twitter_card":"summary_large_image","twitter_misc":{"Est. reading time":"1 minute"},"schema":{"@context":"https:\/\/schema.org","@graph":[{"@type":"WebPage","@id":"https:\/\/deliciousraw.ro\/contact\/","url":"https:\/\/deliciousraw.ro\/contact\/","name":"Contact - DeliciousRaw","isPartOf":{"@id":"https:\/\/deliciousraw.ro\/#website"},"datePublished":"2021-01-28T14:45:07+00:00","dateModified":"2024-11-25T09:32:21+00:00","breadcrumb":{"@id":"https:\/\/deliciousraw.ro\/contact\/#breadcrumb"},"inLanguage":"en-US","potentialAction":[{"@type":"ReadAction","target":["https:\/\/deliciousraw.ro\/contact\/"]}]},{"@type":"BreadcrumbList","@id":"https:\/\/deliciousraw.ro\/contact\/#breadcrumb","itemListElement":[{"@type":"ListItem","position":1,"name":"Prima pagin\u0103","item":"https:\/\/deliciousraw.ro\/"},{"@type":"ListItem","position":2,"name":"Contact"}]},{"@type":"WebSite","@id":"https:\/\/deliciousraw.ro\/#website","url":"https:\/\/deliciousraw.ro\/","name":"DeliciousRaw","description":"Dulciuri bune raw de tot!","potentialAction":[{"@type":"SearchAction","target":{"@type":"EntryPoint","urlTemplate":"https:\/\/deliciousraw.ro\/?s={search_term_string}"},"query-input":"required name=search_term_string"}],"inLanguage":"en-US"}]}},"_links":{"self":[{"href":"https:\/\/deliciousraw.ro\/en\/wp-json\/wp\/v2\/pages\/94"}],"collection":[{"href":"https:\/\/deliciousraw.ro\/en\/wp-json\/wp\/v2\/pages"}],"about":[{"href":"https:\/\/deliciousraw.ro\/en\/wp-json\/wp\/v2\/types\/page"}],"author":[{"embeddable":true,"href":"https:\/\/deliciousraw.ro\/en\/wp-json\/wp\/v2\/users\/4"}],"replies":[{"embeddable":true,"href":"https:\/\/deliciousraw.ro\/en\/wp-json\/wp\/v2\/comments?post=94"}],"version-history":[{"count":18,"href":"https:\/\/deliciousraw.ro\/en\/wp-json\/wp\/v2\/pages\/94\/revisions"}],"predecessor-version":[{"id":1216,"href":"https:\/\/deliciousraw.ro\/en\/wp-json\/wp\/v2\/pages\/94\/revisions\/1216"}],"wp:attachment":[{"href":"https:\/\/deliciousraw.ro\/en\/wp-json\/wp\/v2\/media?parent=94"}],"curies":[{"name":"wp","href":"https:\/\/api.w.org\/{rel}","templated":true}]}}