{"id":104,"date":"2021-01-28T20:47:35","date_gmt":"2021-01-28T20:47:35","guid":{"rendered":"http:\/\/deliciousraw.ro\/?page_id=104"},"modified":"2024-11-25T12:09:18","modified_gmt":"2024-11-25T10:09:18","slug":"despre-noi-2","status":"publish","type":"page","link":"https:\/\/deliciousraw.ro\/en\/despre-noi-2\/","title":{"rendered":"Despre noi"},"content":{"rendered":"<div class=\"row row-full-width\"  id=\"row-1946106481\">\n\n\n\t<div id=\"col-391450835\" class=\"col small-12 large-12\"  >\n\t\t\t\t<div class=\"col-inner\"  >\n\t\t\t\n\t\t\t\n\n\n  <div class=\"banner has-hover\" id=\"banner-2040228750\">\n          <div class=\"banner-inner fill\">\n        <div class=\"banner-bg fill\" >\n            <div class=\"bg fill bg-fill bg-loaded\"><\/div>\n                        <div class=\"overlay\"><\/div>            \n                    <\/div>\n\t\t\n        <div class=\"banner-layers container\">\n            <div class=\"fill banner-link\"><\/div>            \n\n   <div id=\"text-box-51417203\" class=\"text-box banner-layer x50 md-x50 lg-x50 y50 md-y50 lg-y50 res-text\">\n                                <div class=\"text-box-content text dark\">\n              \n              <div class=\"text-inner text-center\">\n                  \n\n\t<div id=\"text-3638496983\" class=\"text\">\n\t\t\n\n<h3 class=\"uppercase\">DESPRE NOI<\/h3>\n<p>Produsele <strong>DELICIOUS RAW<\/strong> reprezint\u0103 o alternativ\u0103 s\u0103n\u0103toas\u0103 la dulciurile tradi\u021bionale. Realizate 100% din ingrediente naturale, f\u0103r\u0103 zah\u0103r, aditivi, E-uri sau gluten, acestea sunt ideale pentru to\u021bi cei care \u00ee\u0219i doresc un stil de via\u021b\u0103 echilibrat \u0219i s\u0103n\u0103tos.<\/p>\n<p>Fie c\u0103 vorbim despre bebelu\u0219i, bunici, persoane active care practic\u0103 sport sau cei care sunt aten\u021bi la siluet\u0103, produsele DELICIOUS RAW sunt o alegere perfect\u0103. \u00cen plus, sunt ideale pentru cei cu intoleran\u021be alimentare, afla\u021bi \u00een post sau care caut\u0103 un r\u0103sf\u0103\u021b f\u0103r\u0103 compromisuri.<\/p>\n<p>S\u0103n\u0103tate, gust \u0219i echilibru \u2013 toate \u00eentr-un singur loc!<\/p>\n\t\t\n<style>\n#text-3638496983 {\n  font-size: 1.25rem;\n}\n<\/style>\n\t<\/div>\n\t\n\n              <\/div>\n           <\/div>\n                            \n<style>\n#text-box-51417203 {\n  width: 90%;\n}\n#text-box-51417203 .text-box-content {\n  font-size: 100%;\n}\n<\/style>\n    <\/div>\n \n\n        <\/div>\n      <\/div>\n\n            \n<style>\n#banner-2040228750 {\n  padding-top: 500px;\n  background-color: rgb(86, 127, 52);\n}\n#banner-2040228750 .bg.bg-loaded {\n  background-image: url(https:\/\/deliciousraw.ro\/wp-content\/uploads\/2024\/09\/462619687_957868223032824_5968231666846591703_n-800x800.jpg);\n}\n#banner-2040228750 .overlay {\n  background-color: rgba(55, 86, 29, 0.744);\n}\n<\/style>\n  <\/div>\n\n\n\n\t\t<\/div>\n\t\t\t\t\t<\/div>\n\n\t\n\n\n<style>\n#row-1946106481 > .col > .col-inner {\n  background-color: rgb(86, 127, 52);\n}\n<\/style>\n<\/div>\n<div class=\"row\"  id=\"row-26278841\">\n\n\n\t<div id=\"col-1545841302\" class=\"col small-12 large-12\"  >\n\t\t\t\t<div class=\"col-inner\"  >\n\t\t\t\n\t\t\t\n\n\n  <div class=\"banner has-hover\" id=\"banner-840117393\">\n          <div class=\"banner-inner fill\">\n        <div class=\"banner-bg fill\" >\n            <div class=\"bg fill bg-fill bg-loaded\"><\/div>\n                                    \n                    <\/div>\n\t\t\n        <div class=\"banner-layers container\">\n            <div class=\"fill banner-link\"><\/div>            \n\n   <div id=\"text-box-356526622\" class=\"text-box banner-layer x50 md-x50 lg-x50 y50 md-y50 lg-y50 res-text\">\n                                <div class=\"text-box-content text dark\">\n              \n              <div class=\"text-inner text-center\">\n                  \n\n\t<div id=\"text-1037931461\" class=\"text\">\n\t\t\n\n<p>Hrana raw vegan\u0103 ofer\u0103 nu doar vitamine, proteine \u0219i gr\u0103simi s\u0103n\u0103toase, ci \u0219i posibilitatea de a reface constant stocul de enzime, esen\u021biale pentru organism.<\/p>\n<p>Enzimele sunt \u201emuncitorii\u201d care sus\u021bin func\u021bionarea optim\u0103 a sistemelor \u0219i organelor. Ne na\u0219tem cu un depozit natural de enzime, \u00eens\u0103 acesta se diminueaz\u0103 zilnic din cauza mai multor factori, afect\u00e2nd astfel s\u0103n\u0103tatea corpului.<\/p>\n\t\t\n<style>\n#text-1037931461 {\n  font-size: 1.25rem;\n  text-align: center;\n  color: rgb(0,0,0);\n}\n#text-1037931461 > * {\n  color: rgb(0,0,0);\n}\n<\/style>\n\t<\/div>\n\t\n\n              <\/div>\n           <\/div>\n                            \n<style>\n#text-box-356526622 {\n  width: 90%;\n}\n#text-box-356526622 .text-box-content {\n  font-size: 100%;\n}\n<\/style>\n    <\/div>\n \n\n        <\/div>\n      <\/div>\n\n            \n<style>\n#banner-840117393 {\n  padding-top: 500px;\n  background-color: rgb(255,255,255);\n}\n<\/style>\n  <\/div>\n\n\n\n\t\t<\/div>\n\t\t\t\t\t<\/div>\n\n\t\n\n<\/div>\n<div class=\"row\"  id=\"row-1486538296\">\n\n\n\t<div id=\"col-1444346968\" class=\"col medium-6 small-12 large-6\"  >\n\t\t\t\t<div class=\"col-inner\"  >\n\t\t\t\n\t\t\t\n\n\t<div id=\"text-2005468464\" class=\"text\">\n\t\t\n\n<h3 class=\"despre\">Despre Raw Chef Gabriela Oltean \u0219i pr\u0103v\u0103lia \u201eDelicious Raw\u201d<\/h3>\n<p>\u00cen 2011, o \u00eemprejurare dificil\u0103 a adus-o pe Gabriela mai aproape de hrana vie, descoperire care i-a schimbat complet stilul de via\u021b\u0103 \u0219i alimenta\u021bie.<\/p>\n<p>Totul a \u00eenceput cu re\u021bete preg\u0103tite cu drag pentru familie \u0219i prieteni, iar \u00eencuraj\u0103rile lor i-au dat curaj s\u0103 duc\u0103 pasiunea mai departe. A\u0219a a luat na\u0219tere pagina de Facebook \u201eDELICIOUS RAW \u2013 dulciuri bune raw de tot!\u201d, un spa\u021biu unde creativitatea, s\u0103n\u0103tatea \u0219i gustul se \u00eent\u00e2lnesc \u00een cele mai savuroase forme.<\/p>\n<p>Ast\u0103zi, Gabriela continu\u0103 s\u0103 inspire prin preparatele sale, transform\u00e2nd fiecare desert \u00eentr-o poveste s\u0103n\u0103toas\u0103 \u0219i delicioas\u0103.<\/p>\n\t\t\n<style>\n#text-2005468464 {\n  font-size: 1.25rem;\n}\n<\/style>\n\t<\/div>\n\t\n\n\t\t<\/div>\n\t\t\t\t\t<\/div>\n\n\t\n\n\t<div id=\"col-2035199570\" class=\"col medium-6 small-12 large-6\"  >\n\t\t\t\t<div class=\"col-inner\"  >\n\t\t\t\n\t\t\t\n\n\t<div class=\"img has-hover x md-x lg-x y md-y lg-y\" id=\"image_929295178\">\n\t\t\t\t\t\t\t\t<div class=\"img-inner dark\" >\n\t\t\t<img loading=\"lazy\" decoding=\"async\" width=\"1511\" height=\"2048\" src=\"https:\/\/deliciousraw.ro\/wp-content\/uploads\/2024\/11\/468075923_27380261928287866_6457595141883515081_n.jpg\" class=\"attachment-original size-original\" alt=\"\" srcset=\"https:\/\/deliciousraw.ro\/wp-content\/uploads\/2024\/11\/468075923_27380261928287866_6457595141883515081_n.jpg 1511w, https:\/\/deliciousraw.ro\/wp-content\/uploads\/2024\/11\/468075923_27380261928287866_6457595141883515081_n-295x400.jpg 295w, https:\/\/deliciousraw.ro\/wp-content\/uploads\/2024\/11\/468075923_27380261928287866_6457595141883515081_n-590x800.jpg 590w, https:\/\/deliciousraw.ro\/wp-content\/uploads\/2024\/11\/468075923_27380261928287866_6457595141883515081_n-768x1041.jpg 768w, https:\/\/deliciousraw.ro\/wp-content\/uploads\/2024\/11\/468075923_27380261928287866_6457595141883515081_n-1133x1536.jpg 1133w, https:\/\/deliciousraw.ro\/wp-content\/uploads\/2024\/11\/468075923_27380261928287866_6457595141883515081_n-9x12.jpg 9w, https:\/\/deliciousraw.ro\/wp-content\/uploads\/2024\/11\/468075923_27380261928287866_6457595141883515081_n-510x691.jpg 510w\" sizes=\"(max-width: 1511px) 100vw, 1511px\" \/>\t\t\t\t\t\t\n\t\t\t\t\t<\/div>\n\t\t\t\t\t\t\t\t\n<style>\n#image_929295178 {\n  width: 100%;\n}\n<\/style>\n\t<\/div>\n\t\n\n\n\t\t<\/div>\n\t\t\t\t\t<\/div>\n\n\t\n\n<\/div>\n<div class=\"row\"  id=\"row-724592841\">\n\n\n\t<div id=\"col-1575883281\" class=\"col medium-6 small-12 large-6\"  >\n\t\t\t\t<div class=\"col-inner\"  >\n\t\t\t\n\t\t\t\n\n\t<div class=\"img has-hover x md-x lg-x y md-y lg-y\" id=\"image_716104639\">\n\t\t\t\t\t\t\t\t<div class=\"img-inner dark\" >\n\t\t\t<img loading=\"lazy\" decoding=\"async\" width=\"768\" height=\"1024\" src=\"https:\/\/deliciousraw.ro\/wp-content\/uploads\/2024\/11\/20240904_105439-768x1024.jpg\" class=\"attachment-medium_large size-medium_large\" alt=\"\" srcset=\"https:\/\/deliciousraw.ro\/wp-content\/uploads\/2024\/11\/20240904_105439-768x1024.jpg 768w, https:\/\/deliciousraw.ro\/wp-content\/uploads\/2024\/11\/20240904_105439-300x400.jpg 300w, https:\/\/deliciousraw.ro\/wp-content\/uploads\/2024\/11\/20240904_105439-600x800.jpg 600w, https:\/\/deliciousraw.ro\/wp-content\/uploads\/2024\/11\/20240904_105439-1152x1536.jpg 1152w, https:\/\/deliciousraw.ro\/wp-content\/uploads\/2024\/11\/20240904_105439-1536x2048.jpg 1536w, https:\/\/deliciousraw.ro\/wp-content\/uploads\/2024\/11\/20240904_105439-9x12.jpg 9w, https:\/\/deliciousraw.ro\/wp-content\/uploads\/2024\/11\/20240904_105439-510x680.jpg 510w, https:\/\/deliciousraw.ro\/wp-content\/uploads\/2024\/11\/20240904_105439-scaled.jpg 1920w\" sizes=\"(max-width: 768px) 100vw, 768px\" \/>\t\t\t\t\t\t\n\t\t\t\t\t<\/div>\n\t\t\t\t\t\t\t\t\n<style>\n#image_716104639 {\n  width: 100%;\n}\n<\/style>\n\t<\/div>\n\t\n\n\n\t\t<\/div>\n\t\t\t\t\t<\/div>\n\n\t\n\n\t<div id=\"col-1393534876\" class=\"col medium-6 small-12 large-6\"  >\n\t\t\t\t<div class=\"col-inner\"  >\n\t\t\t\n\t\t\t\n\n\t<div id=\"text-4288840918\" class=\"text\">\n\t\t\n\n<p>Profilul \u201eDelicious Raw\u201d a fost un real succes \u00eenc\u0103 de la primele post\u0103ri, atr\u0103g\u00e2nd rapid aten\u021bia iubitorilor de hran\u0103 s\u0103n\u0103toas\u0103. \u00cen scurt timp, Gabriela a fost remarcat\u0103 de Ligia Pop, renumita raw chef \u0219i promotoare a stilului de via\u021b\u0103 raw vegan \u00een Rom\u00e2nia.<\/p>\n<p>Impresionat\u0103 de pasiunea \u0219i talentul Gabrielei, Ligia a invitat-o s\u0103 participe la prestigioasa expozi\u021bie anual\u0103 \u201eRAW GENERATION EXPO\u201d din Bucure\u0219ti, un eveniment de referin\u021b\u0103 pentru acest stil de alimenta\u021bie. Aceast\u0103 recunoa\u0219tere a marcat un moment important \u00een povestea Delicious Raw, pun\u00e2nd bazele unei misiuni de a aduce s\u0103n\u0103tatea \u0219i gustul \u00een vie\u021bile c\u00e2t mai multor oameni.<\/p>\n\t\t\n<style>\n#text-4288840918 {\n  font-size: 1.85rem;\n  line-height: 1.95;\n  text-align: left;\n}\n<\/style>\n\t<\/div>\n\t\n\n\t\t<\/div>\n\t\t\t\t\t<\/div>\n\n\t\n\n<\/div>\n<div class=\"row\"  id=\"row-600911970\">\n\n\n\t<div id=\"col-1653480389\" class=\"col small-12 large-12\"  >\n\t\t\t\t<div class=\"col-inner\"  >\n\t\t\t\n\t\t\t\n\n\n  <div class=\"banner has-hover\" id=\"banner-1172169277\">\n          <div class=\"banner-inner fill\">\n        <div class=\"banner-bg fill\" >\n            <div class=\"bg fill bg-fill bg-loaded\"><\/div>\n                                    \n                    <\/div>\n\t\t\n        <div class=\"banner-layers container\">\n            <div class=\"fill banner-link\"><\/div>            \n\n   <div id=\"text-box-208092222\" class=\"text-box banner-layer x50 md-x50 lg-x50 y50 md-y50 lg-y50 res-text\">\n                                <div class=\"text-box-content text\">\n              \n              <div class=\"text-inner text-center\">\n                  \n\n\t<div id=\"text-3883094257\" class=\"text\">\n\t\t\n\n<div class=\"flex-shrink-0 flex flex-col relative items-end\">\n<div>\n<div class=\"pt-0\">\n<div class=\"gizmo-bot-avatar flex h-8 w-8 items-center justify-center overflow-hidden rounded-full\">\n<div class=\"relative p-1 rounded-sm flex items-center justify-center bg-token-main-surface-primary text-token-text-primary h-8 w-8\"><span style=\"color: #555555;\">Din acel moment, Gabriela, de profesie inginer, a sim\u021bit dorin\u021ba de a aprofunda c\u00e2t mai mult cuno\u0219tin\u021bele despre alimenta\u021bia raw vegan\u0103. Determinat\u0103 s\u0103 \u00ee\u0219i urmeze pasiunea, a luat decizia de a studia peste ocean, la prestigioasa Graff Academy din Roosevelt, Atlanta.<\/span><\/div>\n<\/div>\n<\/div>\n<\/div>\n<\/div>\n<div class=\"group\/conversation-turn relative flex w-full min-w-0 flex-col agent-turn\">\n<div class=\"flex-col gap-1 md:gap-3\">\n<div class=\"flex max-w-full flex-col flex-grow\">\n<div class=\"min-h-8 text-message flex w-full flex-col items-end gap-2 whitespace-normal break-words &#091;.text-message+&amp;&#093;:mt-5\" dir=\"auto\" data-message-author-role=\"assistant\" data-message-id=\"05a11660-1430-4cd6-b999-3a00adf4ac48\" data-message-model-slug=\"gpt-4o\">\n<div class=\"flex w-full flex-col gap-1 empty:hidden first:pt-&#091;3px&#093;\">\n<div class=\"markdown prose w-full break-words dark:prose-invert light\">\n<p>Aceast\u0103 experien\u021b\u0103 a reprezentat un pas important \u00een transformarea ei profesional\u0103, oferindu-i oportunitatea de a combina rigurozitatea \u0219tiin\u021bific\u0103 cu creativitatea culinar\u0103 pentru a crea preparate care inspir\u0103 \u0219i hr\u0103nesc \u00een mod autentic.<\/p>\n<\/div>\n<\/div>\n<\/div>\n<\/div>\n<\/div>\n<\/div>\n\t\t\n<style>\n#text-3883094257 {\n  font-size: 1.25rem;\n  text-align: center;\n  color: rgb(0, 0, 0);\n}\n#text-3883094257 > * {\n  color: rgb(0, 0, 0);\n}\n<\/style>\n\t<\/div>\n\t\n\n              <\/div>\n           <\/div>\n                            \n<style>\n#text-box-208092222 {\n  width: 90%;\n}\n#text-box-208092222 .text-box-content {\n  font-size: 100%;\n}\n<\/style>\n    <\/div>\n \n\n        <\/div>\n      <\/div>\n\n            \n<style>\n#banner-1172169277 {\n  padding-top: 300px;\n  background-color: rgb(255, 255, 255);\n}\n<\/style>\n  <\/div>\n\n\n\n\t\t<\/div>\n\t\t\t\t\t<\/div>\n\n\t\n\n<\/div>\n<div class=\"row\"  id=\"row-410689282\">\n\n\n\t<div id=\"col-1351992225\" class=\"col small-12 large-12\"  >\n\t\t\t\t<div class=\"col-inner\"  >\n\t\t\t\n\t\t\t\n\n\n  <div class=\"banner has-hover\" id=\"banner-1289178563\">\n          <div class=\"banner-inner fill\">\n        <div class=\"banner-bg fill\" >\n            <div class=\"bg fill bg-fill bg-loaded\"><\/div>\n                        <div class=\"overlay\"><\/div>            \n                    <\/div>\n\t\t\n        <div class=\"banner-layers container\">\n            <div class=\"fill banner-link\"><\/div>            \n\n   <div id=\"text-box-1652078095\" class=\"text-box banner-layer x50 md-x50 lg-x50 y50 md-y50 lg-y50 res-text\">\n                                <div class=\"text-box-content text dark\">\n              \n              <div class=\"text-inner text-center\">\n                  \n\n\t<div id=\"text-632913794\" class=\"text\">\n\t\t\n\n<p>A absolvit cursurile \u0219i s-a \u00eentors acas\u0103 cu \u201e\u0219or\u021bul\u201d de raw chef \u0219i titlul de Ini\u021biator \u00een \u0218tiin\u021ba Nutri\u021biei prin Hrana Vie, preg\u0103tit\u0103 s\u0103 inspire prin pasiunea \u0219i cuno\u0219tin\u021bele acumulate.<\/p>\n\t\t\n<style>\n#text-632913794 {\n  font-size: 1.25rem;\n  text-align: center;\n  color: rgb(255, 255, 255);\n}\n#text-632913794 > * {\n  color: rgb(255, 255, 255);\n}\n<\/style>\n\t<\/div>\n\t\n\n              <\/div>\n           <\/div>\n                            \n<style>\n#text-box-1652078095 {\n  width: 90%;\n}\n#text-box-1652078095 .text-box-content {\n  font-size: 100%;\n}\n<\/style>\n    <\/div>\n \n\n        <\/div>\n      <\/div>\n\n            \n<style>\n#banner-1289178563 {\n  padding-top: 323px;\n}\n#banner-1289178563 .bg.bg-loaded {\n  background-image: url(https:\/\/deliciousraw.ro\/wp-content\/uploads\/2024\/11\/20240904_100315-scaled.jpg);\n}\n#banner-1289178563 .overlay {\n  background-color: rgba(45, 75, 20, 0.849);\n}\n<\/style>\n  <\/div>\n\n\n\n\t\t<\/div>\n\t\t\t\t\t<\/div>\n\n\t\n\n<\/div>\n<div class=\"row\"  id=\"row-62690277\">\n\n\n\t<div id=\"col-1213367682\" class=\"col medium-6 small-12 large-6\"  >\n\t\t\t\t<div class=\"col-inner\"  >\n\t\t\t\n\t\t\t\n\n\t<div id=\"text-3683086702\" class=\"text\">\n\t\t\n\n<div>\u00cen toamna anului 2013, visul Delicious Raw prindea via\u021b\u0103, iar \u00een centrul vechi al Bra\u0219ovului se deschidea o mic\u0103 pr\u0103v\u0103lie plin\u0103 de dulciuri, sucuri \u0219i m\u00e2ncare raw vegan\u0103, delicioase \u0219i savuroase!\u00a0\u00a0<\/div>\n<div>\u00a0<\/div>\n<div>\u00cen acela\u0219i timp, raw chef Gabriela a \u00eenceput s\u0103 organizeze ateliere de buc\u0103t\u0103rie raw \u00een Bra\u0219ov, Bucure\u0219ti, Constan\u021ba \u0219i Piatra Neam\u021b, dedicate at\u00e2t \u00eencep\u0103torilor, c\u00e2t \u0219i avansa\u021bilor. Totodat\u0103, a diversificat gama de produse din pr\u0103v\u0103lie, aduc\u00e2nd mereu nout\u0103\u021bi s\u0103n\u0103toase \u0219i creative.<\/div>\n\t\t\n<style>\n#text-3683086702 {\n  font-size: 1.25rem;\n}\n<\/style>\n\t<\/div>\n\t\n\n\t\t<\/div>\n\t\t\t\t\t<\/div>\n\n\t\n\n\t<div id=\"col-924550563\" class=\"col medium-6 small-12 large-6\"  >\n\t\t\t\t<div class=\"col-inner\"  >\n\t\t\t\n\t\t\t\n\n\t<div class=\"img has-hover x md-x lg-x y md-y lg-y\" id=\"image_202904831\">\n\t\t\t\t\t\t\t\t<div class=\"img-inner dark\" >\n\t\t\t<img loading=\"lazy\" decoding=\"async\" width=\"534\" height=\"400\" src=\"https:\/\/deliciousraw.ro\/wp-content\/uploads\/2022\/07\/Untitled-design-14.png\" class=\"attachment-original size-original\" alt=\"\" srcset=\"https:\/\/deliciousraw.ro\/wp-content\/uploads\/2022\/07\/Untitled-design-14.png 534w, https:\/\/deliciousraw.ro\/wp-content\/uploads\/2022\/07\/Untitled-design-14-16x12.png 16w, https:\/\/deliciousraw.ro\/wp-content\/uploads\/2022\/07\/Untitled-design-14-510x382.png 510w\" sizes=\"(max-width: 534px) 100vw, 534px\" \/>\t\t\t\t\t\t\n\t\t\t\t\t<\/div>\n\t\t\t\t\t\t\t\t\n<style>\n#image_202904831 {\n  width: 100%;\n}\n<\/style>\n\t<\/div>\n\t\n\n\n\t\t<\/div>\n\t\t\t\t\t<\/div>\n\n\t\n\n<\/div>\n<div class=\"row\"  id=\"row-1582145206\">\n\n\n\t<div id=\"col-877999797\" class=\"col medium-6 small-12 large-6\"  >\n\t\t\t\t<div class=\"col-inner\"  >\n\t\t\t\n\t\t\t\n\n\t<div class=\"img has-hover x md-x lg-x y md-y lg-y\" id=\"image_2043212963\">\n\t\t\t\t\t\t\t\t<div class=\"img-inner dark\" >\n\t\t\t<img loading=\"lazy\" decoding=\"async\" width=\"280\" height=\"280\" src=\"https:\/\/deliciousraw.ro\/wp-content\/uploads\/2022\/07\/ceese-cake-sigla-280x280.jpeg\" class=\"attachment-thumbnail size-thumbnail\" alt=\"\" srcset=\"https:\/\/deliciousraw.ro\/wp-content\/uploads\/2022\/07\/ceese-cake-sigla-280x280.jpeg 280w, https:\/\/deliciousraw.ro\/wp-content\/uploads\/2022\/07\/ceese-cake-sigla-400x400.jpeg 400w, https:\/\/deliciousraw.ro\/wp-content\/uploads\/2022\/07\/ceese-cake-sigla-800x800.jpeg 800w, https:\/\/deliciousraw.ro\/wp-content\/uploads\/2022\/07\/ceese-cake-sigla-768x768.jpeg 768w, https:\/\/deliciousraw.ro\/wp-content\/uploads\/2022\/07\/ceese-cake-sigla-1536x1536.jpeg 1536w, https:\/\/deliciousraw.ro\/wp-content\/uploads\/2022\/07\/ceese-cake-sigla-12x12.jpeg 12w, https:\/\/deliciousraw.ro\/wp-content\/uploads\/2022\/07\/ceese-cake-sigla-510x510.jpeg 510w, https:\/\/deliciousraw.ro\/wp-content\/uploads\/2022\/07\/ceese-cake-sigla-100x100.jpeg 100w, https:\/\/deliciousraw.ro\/wp-content\/uploads\/2022\/07\/ceese-cake-sigla.jpeg 1600w\" sizes=\"(max-width: 280px) 100vw, 280px\" \/>\t\t\t\t\t\t\n\t\t\t\t\t<\/div>\n\t\t\t\t\t\t\t\t\n<style>\n#image_2043212963 {\n  width: 100%;\n}\n<\/style>\n\t<\/div>\n\t\n\n\n\t\t<\/div>\n\t\t\t\t\t<\/div>\n\n\t\n\n\t<div id=\"col-821642069\" class=\"col medium-6 small-12 large-6\"  >\n\t\t\t\t<div class=\"col-inner\"  >\n\t\t\t\n\t\t\t\n\n\t<div id=\"text-3144594092\" class=\"text\">\n\t\t\n\n<div>De la torturi spectaculoase cu blat din migdale sau nuci \u0219i creme fine din caju \u0219i nuci de macadamia, la praline delicioase, ciocolat\u0103 raw \u0219i deserturi variate f\u0103r\u0103 zah\u0103r, gluten sau lactate, fiecare crea\u021bie de la Delicious Raw este un r\u0103sf\u0103\u021b s\u0103n\u0103tos \u0219i plin de savoare.\u00a0\u00a0<\/div>\n<div>\u00a0<\/div>\n<div>Descoperi\u021bi \u00eempreun\u0103 cu raw chef Gabriela Oltean arta dulciurilor raw \u00een cadrul atelierelor sale sau \u00een micu\u021ba pr\u0103v\u0103lie Delicious Raw, unde fiecare desert spune o poveste de gust \u0219i echilibru.\u00a0\u00a0<\/div>\n<div>\u00a0<\/div>\n<h3>V\u0103 a\u0219tept\u0103m cu drag s\u0103 v\u0103 bucura\u021bi de un dulce altfel!<\/h3>\n\t\t\n<style>\n#text-3144594092 {\n  font-size: 1.25rem;\n}\n<\/style>\n\t<\/div>\n\t\n\n\t\t<\/div>\n\t\t\t\t\t<\/div>\n\n\t\n\n<\/div>","protected":false},"excerpt":{"rendered":"","protected":false},"author":4,"featured_media":0,"parent":0,"menu_order":0,"comment_status":"closed","ping_status":"closed","template":"page-blank.php","meta":{"footnotes":""},"yoast_head":"<!-- This site is optimized with the Yoast SEO plugin v22.5 - https:\/\/yoast.com\/wordpress\/plugins\/seo\/ -->\n<title>Despre noi - DeliciousRaw<\/title>\n<meta name=\"robots\" content=\"index, follow, max-snippet:-1, max-image-preview:large, max-video-preview:-1\" \/>\n<link rel=\"canonical\" href=\"https:\/\/deliciousraw.ro\/en\/despre-noi-2\/\" \/>\n<meta property=\"og:locale\" content=\"en_US\" \/>\n<meta property=\"og:type\" content=\"article\" \/>\n<meta property=\"og:title\" content=\"Despre noi - DeliciousRaw\" \/>\n<meta property=\"og:url\" content=\"https:\/\/deliciousraw.ro\/en\/despre-noi-2\/\" \/>\n<meta property=\"og:site_name\" content=\"DeliciousRaw\" \/>\n<meta property=\"article:modified_time\" content=\"2024-11-25T10:09:18+00:00\" \/>\n<meta name=\"twitter:card\" content=\"summary_large_image\" \/>\n<meta name=\"twitter:label1\" content=\"Est. reading time\" \/>\n\t<meta name=\"twitter:data1\" content=\"4 minutes\" \/>\n<script type=\"application\/ld+json\" class=\"yoast-schema-graph\">{\"@context\":\"https:\/\/schema.org\",\"@graph\":[{\"@type\":\"WebPage\",\"@id\":\"https:\/\/deliciousraw.ro\/despre-noi-2\/\",\"url\":\"https:\/\/deliciousraw.ro\/despre-noi-2\/\",\"name\":\"Despre noi - DeliciousRaw\",\"isPartOf\":{\"@id\":\"https:\/\/deliciousraw.ro\/#website\"},\"datePublished\":\"2021-01-28T20:47:35+00:00\",\"dateModified\":\"2024-11-25T10:09:18+00:00\",\"breadcrumb\":{\"@id\":\"https:\/\/deliciousraw.ro\/despre-noi-2\/#breadcrumb\"},\"inLanguage\":\"en-US\",\"potentialAction\":[{\"@type\":\"ReadAction\",\"target\":[\"https:\/\/deliciousraw.ro\/despre-noi-2\/\"]}]},{\"@type\":\"BreadcrumbList\",\"@id\":\"https:\/\/deliciousraw.ro\/despre-noi-2\/#breadcrumb\",\"itemListElement\":[{\"@type\":\"ListItem\",\"position\":1,\"name\":\"Prima pagin\u0103\",\"item\":\"https:\/\/deliciousraw.ro\/\"},{\"@type\":\"ListItem\",\"position\":2,\"name\":\"Despre noi\"}]},{\"@type\":\"WebSite\",\"@id\":\"https:\/\/deliciousraw.ro\/#website\",\"url\":\"https:\/\/deliciousraw.ro\/\",\"name\":\"DeliciousRaw\",\"description\":\"Dulciuri bune raw de tot!\",\"potentialAction\":[{\"@type\":\"SearchAction\",\"target\":{\"@type\":\"EntryPoint\",\"urlTemplate\":\"https:\/\/deliciousraw.ro\/?s={search_term_string}\"},\"query-input\":\"required name=search_term_string\"}],\"inLanguage\":\"en-US\"}]}<\/script>\n<!-- \/ Yoast SEO plugin. -->","yoast_head_json":{"title":"Despre noi - DeliciousRaw","robots":{"index":"index","follow":"follow","max-snippet":"max-snippet:-1","max-image-preview":"max-image-preview:large","max-video-preview":"max-video-preview:-1"},"canonical":"https:\/\/deliciousraw.ro\/en\/despre-noi-2\/","og_locale":"en_US","og_type":"article","og_title":"Despre noi - DeliciousRaw","og_url":"https:\/\/deliciousraw.ro\/en\/despre-noi-2\/","og_site_name":"DeliciousRaw","article_modified_time":"2024-11-25T10:09:18+00:00","twitter_card":"summary_large_image","twitter_misc":{"Est. reading time":"4 minutes"},"schema":{"@context":"https:\/\/schema.org","@graph":[{"@type":"WebPage","@id":"https:\/\/deliciousraw.ro\/despre-noi-2\/","url":"https:\/\/deliciousraw.ro\/despre-noi-2\/","name":"Despre noi - DeliciousRaw","isPartOf":{"@id":"https:\/\/deliciousraw.ro\/#website"},"datePublished":"2021-01-28T20:47:35+00:00","dateModified":"2024-11-25T10:09:18+00:00","breadcrumb":{"@id":"https:\/\/deliciousraw.ro\/despre-noi-2\/#breadcrumb"},"inLanguage":"en-US","potentialAction":[{"@type":"ReadAction","target":["https:\/\/deliciousraw.ro\/despre-noi-2\/"]}]},{"@type":"BreadcrumbList","@id":"https:\/\/deliciousraw.ro\/despre-noi-2\/#breadcrumb","itemListElement":[{"@type":"ListItem","position":1,"name":"Prima pagin\u0103","item":"https:\/\/deliciousraw.ro\/"},{"@type":"ListItem","position":2,"name":"Despre noi"}]},{"@type":"WebSite","@id":"https:\/\/deliciousraw.ro\/#website","url":"https:\/\/deliciousraw.ro\/","name":"DeliciousRaw","description":"Dulciuri bune raw de tot!","potentialAction":[{"@type":"SearchAction","target":{"@type":"EntryPoint","urlTemplate":"https:\/\/deliciousraw.ro\/?s={search_term_string}"},"query-input":"required name=search_term_string"}],"inLanguage":"en-US"}]}},"_links":{"self":[{"href":"https:\/\/deliciousraw.ro\/en\/wp-json\/wp\/v2\/pages\/104"}],"collection":[{"href":"https:\/\/deliciousraw.ro\/en\/wp-json\/wp\/v2\/pages"}],"about":[{"href":"https:\/\/deliciousraw.ro\/en\/wp-json\/wp\/v2\/types\/page"}],"author":[{"embeddable":true,"href":"https:\/\/deliciousraw.ro\/en\/wp-json\/wp\/v2\/users\/4"}],"replies":[{"embeddable":true,"href":"https:\/\/deliciousraw.ro\/en\/wp-json\/wp\/v2\/comments?post=104"}],"version-history":[{"count":26,"href":"https:\/\/deliciousraw.ro\/en\/wp-json\/wp\/v2\/pages\/104\/revisions"}],"predecessor-version":[{"id":1240,"href":"https:\/\/deliciousraw.ro\/en\/wp-json\/wp\/v2\/pages\/104\/revisions\/1240"}],"wp:attachment":[{"href":"https:\/\/deliciousraw.ro\/en\/wp-json\/wp\/v2\/media?parent=104"}],"curies":[{"name":"wp","href":"https:\/\/api.w.org\/{rel}","templated":true}]}}